{"id":414,"date":"2022-09-02T13:00:05","date_gmt":"2022-09-02T11:00:05","guid":{"rendered":"http:\/\/agora.xtec.cat\/iemiquelmartipol\/\/?page_id=414"},"modified":"2026-02-04T16:20:04","modified_gmt":"2026-02-04T15:20:04","slug":"membres-del-claustre-2019-20","status":"publish","type":"page","link":"https:\/\/agora.xtec.cat\/iemiquelmartipol\/lescola\/membres-del-claustre-2019-20\/","title":{"rendered":"Membres del claustre 2025-2026"},"content":{"rendered":"<p><strong>EQUIP DIRECTIU<\/strong><\/p>\n<table style=\"height: 100px; width: 506px;\" width=\"412\">\n<tbody>\n<tr style=\"height: 34px;\">\n<td style=\"width: 261px; height: 34px;\"><strong>Segundo Jim\u00e9nez<\/strong><\/td>\n<td style=\"width: 237px; height: 34px;\">Director<\/td>\n<\/tr>\n<tr style=\"height: 32px;\">\n<td style=\"width: 261px; height: 32px;\"><strong>Montse Perich<\/strong><\/td>\n<td style=\"width: 237px; height: 32px;\">Cap d&#8217;estudis Infantil i Prim\u00e0ria<\/td>\n<\/tr>\n<tr style=\"height: 34px;\">\n<td style=\"width: 261px; height: 34px;\"><strong>Jordi Ciurans<\/strong><\/td>\n<td style=\"width: 237px; height: 34px;\">Secretari<\/td>\n<\/tr>\n<tr>\n<td style=\"width: 261px;\"><strong>Robert Garcia<\/strong><\/td>\n<td style=\"width: 237px;\">Coordinador pedag\u00f2gic<\/td>\n<\/tr>\n<tr>\n<td style=\"width: 261px;\"><strong>Carme Trobal\u00f3n<\/strong><\/td>\n<td style=\"width: 237px;\">Cap d&#8217;estudis Secund\u00e0ria<\/td>\n<\/tr>\n<\/tbody>\n<\/table>\n<p><strong>EDUCACI\u00d3<\/strong> <strong>INFANTIL<\/strong><\/p>\n<table style=\"height: 266px; width: 67.7312%;\" width=\"501\">\n<tbody>\n<tr style=\"height: 33px;\">\n<td style=\"width: 50.8982%; height: 33px;\"><strong>Rosa Marqu\u00e9s<\/strong><\/td>\n<td style=\"width: 47.505%; height: 33px;\">Tutora I3A<\/td>\n<\/tr>\n<tr style=\"height: 33px;\">\n<td style=\"width: 50.8982%; height: 33px;\"><strong>Carolina Sim\u00f3n<\/strong><\/td>\n<td style=\"width: 47.505%; height: 33px;\">Tutora\u00a0 I3B<\/td>\n<\/tr>\n<tr style=\"height: 33px;\">\n<td style=\"width: 50.8982%; height: 33px;\"><strong>Anna Castells<\/strong><\/td>\n<td style=\"width: 47.505%; height: 33px;\">Tutora\u00a0 I4A\/Coordinadora d&#8217;etapa<\/td>\n<\/tr>\n<tr style=\"height: 33px;\">\n<td style=\"width: 50.8982%; height: 33px;\"><strong>Teresa Vazquez<\/strong><\/td>\n<td style=\"width: 47.505%; height: 33px;\">Tutora\u00a0 I4B<\/td>\n<\/tr>\n<tr style=\"height: 33px;\">\n<td style=\"width: 50.8982%; height: 33px;\"><strong>Evelyn Jim\u00e9nez<\/strong><\/td>\n<td style=\"width: 47.505%; height: 33px;\">Tutora\u00a0 I5A<\/td>\n<\/tr>\n<tr style=\"height: 33px;\">\n<td style=\"width: 50.8982%; height: 33px;\"><strong>Maria Jos\u00e9 Cano<\/strong><\/td>\n<td style=\"width: 47.505%; height: 33px;\">Tutora I5B<\/td>\n<\/tr>\n<tr style=\"height: 33px;\">\n<td style=\"width: 50.8982%; height: 33px;\"><strong>M\u00f2nica Molina<\/strong><\/td>\n<td style=\"width: 47.505%; height: 33px;\">TEI<\/td>\n<\/tr>\n<tr style=\"height: 35px;\">\n<td style=\"width: 50.8982%; height: 35px;\"><strong>Montse Perich<\/strong><\/td>\n<td style=\"width: 47.505%; height: 35px;\">Refor\u00e7<\/td>\n<\/tr>\n<tr>\n<td style=\"width: 50.8982%;\"><strong>Eva Nieto<\/strong><\/td>\n<td style=\"width: 47.505%;\">Refor\u00e7<\/td>\n<\/tr>\n<\/tbody>\n<\/table>\n<p><strong>PRIMERA ETAPA EDUCACI\u00d3 PRIM\u00c0RIA<\/strong><\/p>\n<table style=\"height: 157px; width: 66.6309%;\" width=\"511\">\n<tbody>\n<tr style=\"height: 33px;\">\n<td style=\"width: 50.3521%; height: 33px;\"><strong>Pilar Rodr\u00edguez<\/strong><\/td>\n<td style=\"width: 48.2394%; height: 33px;\">Tutora 1r A<\/td>\n<\/tr>\n<tr>\n<td style=\"width: 50.3521%;\"><strong>Jessica Barbancho<\/strong><\/td>\n<td style=\"width: 48.2394%;\">Tutora 1r B<\/td>\n<\/tr>\n<tr style=\"height: 33px;\">\n<td style=\"width: 50.3521%; height: 33px;\"><strong>Laura P\u00e9rez\/ Sergio Recio<\/strong><\/td>\n<td style=\"width: 48.2394%; height: 33px;\">Tutora 2n<\/td>\n<\/tr>\n<tr style=\"height: 33px;\">\n<td style=\"width: 50.3521%; height: 33px;\"><strong>Rosa Maria Hern\u00e1ndez<\/strong><\/td>\n<td style=\"width: 48.2394%; height: 33px;\">Tutora 3r A<\/td>\n<\/tr>\n<tr>\n<td style=\"width: 50.3521%;\"><strong>Isabel L\u00f3pez<\/strong><\/td>\n<td style=\"width: 48.2394%;\">Tutora 3r B\/Coordinadora d&#8217;etapa<\/td>\n<\/tr>\n<\/tbody>\n<\/table>\n<p><strong>SEGONA ETAPA EDUCACI\u00d3 PRIM\u00c0RIA<\/strong><\/p>\n<table style=\"height: 124px; width: 67.1813%;\" width=\"518\">\n<tbody>\n<tr style=\"height: 32px;\">\n<td style=\"width: 49.2754%; height: 32px;\"><strong>Laura Ferr\u00e9<\/strong><\/td>\n<td style=\"width: 49.2754%; height: 32px;\">Tutora 4t A<\/td>\n<\/tr>\n<tr style=\"height: 33px;\">\n<td style=\"width: 49.2754%; height: 33px;\"><strong>Adri\u00e0 Alcaraz<\/strong><\/td>\n<td style=\"width: 49.2754%; height: 33px;\">Tutor 4t B<\/td>\n<\/tr>\n<tr style=\"height: 32px;\">\n<td style=\"width: 49.2754%; height: 32px;\"><strong>Mari Carme Gonz\u00e1lez<\/strong><\/td>\n<td style=\"width: 49.2754%; height: 32px;\">Tutora 5\u00e8<\/td>\n<\/tr>\n<tr style=\"height: 27px;\">\n<td style=\"width: 49.2754%; height: 27px;\"><strong>Priscila Mart\u00ednez<\/strong><\/td>\n<td style=\"width: 49.2754%; height: 27px;\">Tutores 6\u00e8<\/td>\n<\/tr>\n<\/tbody>\n<\/table>\n<table style=\"height: 298px; width: 67.2955%;\">\n<tbody>\n<tr style=\"height: 36px;\">\n<td style=\"height: 36px; width: 98.1928%; text-align: justify;\" colspan=\"3\"><b>ESPECIALITATS PRIM\u00c0RIA<\/b><\/td>\n<\/tr>\n<tr style=\"height: 15px;\">\n<td style=\"height: 15px; width: 44.1767%; text-align: justify;\"><strong>Lara Fern\u00e1ndez<\/strong><\/td>\n<td style=\"height: 15px; width: 26.506%; text-align: justify;\"><span style=\"font-weight: 400;\">M\u00fasica<\/span><\/td>\n<td style=\"height: 15px; width: 27.5101%; text-align: justify;\"><span style=\"font-weight: 400;\">Coordinadora\u00a0<\/span><span style=\"font-weight: 400;\">2\u00ba etapa Prim\u00e0ria<\/span><\/td>\n<\/tr>\n<tr style=\"height: 33px;\">\n<td style=\"width: 44.1767%; text-align: justify; height: 33px;\"><strong>Marc Esteve<\/strong><\/td>\n<td style=\"width: 26.506%; text-align: justify; height: 33px;\"><span style=\"font-weight: 400;\">M\u00fasica<\/span><\/td>\n<td style=\"width: 27.5101%; text-align: justify; height: 33px;\"><span style=\"font-weight: 400;\">\u00a0<\/span><\/td>\n<\/tr>\n<tr style=\"height: 96px;\">\n<td style=\"height: 10px; width: 44.1767%; text-align: justify;\"><strong>David Chaler<\/strong><\/td>\n<td style=\"height: 10px; width: 26.506%; text-align: justify;\"><span style=\"font-weight: 400;\">Psicomotricitat\/<\/span><span style=\"font-weight: 400;\">Ed. F\u00edsica<\/span><\/td>\n<td style=\"height: 10px; width: 27.5101%; text-align: justify;\"><span style=\"font-weight: 400;\">Coordinador de Riscos<\/span><\/td>\n<\/tr>\n<tr style=\"height: 56px;\">\n<td style=\"height: 32px; width: 44.1767%; text-align: justify;\"><strong>Xavier Mart\u00ednez<\/strong><\/td>\n<td style=\"height: 32px; width: 26.506%; text-align: justify;\"><span style=\"font-weight: 400;\">Angl\u00e8s<\/span><\/td>\n<td style=\"height: 32px; width: 27.5101%; text-align: justify;\"><\/td>\n<\/tr>\n<tr style=\"height: 10px;\">\n<td style=\"height: 10px; width: 44.1767%; text-align: justify;\"><strong>M\u00f3nica Alonso<\/strong><\/td>\n<td style=\"height: 10px; width: 26.506%; text-align: justify;\"><span style=\"font-weight: 400;\">Refor\u00e7<\/span><\/td>\n<td style=\"height: 10px; width: 27.5101%; text-align: justify;\"><\/td>\n<\/tr>\n<tr style=\"height: 13px;\">\n<td style=\"height: 13px; width: 44.1767%; text-align: justify;\"><strong>L\u00eddia Mart\u00ednez<\/strong><\/td>\n<td style=\"height: 13px; width: 26.506%; text-align: justify;\"><span style=\"font-weight: 400;\">Refor\u00e7<\/span><\/td>\n<td style=\"height: 13px; width: 27.5101%; text-align: justify;\"><span style=\"font-weight: 400;\">Coordinadora LIC<\/span><\/td>\n<\/tr>\n<tr style=\"height: 56px;\">\n<td style=\"height: 38px; width: 44.1767%; text-align: justify;\"><strong>Ant\u00f2nia Ventura<\/strong><\/td>\n<td style=\"height: 38px; width: 26.506%; text-align: justify;\"><span style=\"font-weight: 400;\">Religi\u00f3<\/span><\/td>\n<td style=\"height: 38px; width: 27.5101%; text-align: justify;\"><\/td>\n<\/tr>\n<tr style=\"height: 56px;\">\n<td style=\"height: 37px; width: 44.1767%; text-align: justify;\"><strong>Elisabeth Motes<\/strong><\/td>\n<td style=\"height: 37px; width: 26.506%; text-align: justify;\"><span style=\"font-weight: 400;\">Pedagogia Terap\u00e8utica<\/span><\/td>\n<td style=\"height: 37px; width: 27.5101%; text-align: justify;\"><span style=\"font-weight: 400;\">COCOBE<\/span><\/td>\n<\/tr>\n<tr style=\"height: 56px;\">\n<td style=\"height: 41px; width: 44.1767%; text-align: justify;\"><strong>Marta Ramiro<\/strong><\/td>\n<td style=\"height: 41px; width: 26.506%; text-align: justify;\"><span style=\"font-weight: 400;\">Pedagogia Terap\u00e8utica<\/span><\/td>\n<td style=\"height: 41px; width: 27.5101%; text-align: justify;\"><\/td>\n<\/tr>\n<tr style=\"height: 33px;\">\n<td style=\"width: 44.1767%; text-align: justify; height: 33px;\"><strong>Segundo Jim\u00e9nez \/ Jordi Ciurans<\/strong><\/td>\n<td style=\"width: 26.506%; text-align: justify; height: 33px;\"><span style=\"font-weight: 400;\">Refor\u00e7<\/span><\/td>\n<td style=\"width: 27.5101%; text-align: justify; height: 33px;\"><\/td>\n<\/tr>\n<\/tbody>\n<\/table>\n<p><strong>SECUND\u00c0RIA<\/strong><\/p>\n<table style=\"border-collapse: collapse; width: 66.7879%; height: 412px;\">\n<tbody>\n<tr style=\"height: 28px;\">\n<td style=\"width: 24.4939%; height: 28px;\"><strong>Carme Trobal\u00f3n<\/strong><\/td>\n<td style=\"width: 45.9514%; height: 28px;\"><span style=\"font-weight: 400;\">M\u00fasica<\/span><\/td>\n<td style=\"width: 29.3522%; height: 28px;\">Cap d&#8217;Estudis<\/td>\n<\/tr>\n<tr style=\"height: 32px;\">\n<td style=\"width: 24.4939%; height: 32px;\"><strong>Robert Garcia<\/strong><\/td>\n<td style=\"width: 45.9514%; height: 32px;\"><span style=\"font-weight: 400;\">Geografia i Hist\u00f2ria<\/span><\/td>\n<td style=\"width: 29.3522%; height: 32px;\">Coordinador Pedag\u00f2gic<\/td>\n<\/tr>\n<tr style=\"height: 32px;\">\n<td style=\"width: 24.4939%; height: 32px;\"><strong>Maite Rodellas<\/strong><\/td>\n<td style=\"width: 45.9514%; height: 32px;\"><span style=\"font-weight: 400;\">Religi\u00f3 \/ Educaci\u00f3 en Valors C\u00edvics i \u00c8tics<\/span><\/td>\n<td style=\"width: 29.3522%; height: 32px;\"><span style=\"font-weight: 400;\">Cap d&#8217;\u00e0mbit social<\/span><\/td>\n<\/tr>\n<tr style=\"height: 32px;\">\n<td style=\"width: 24.4939%; height: 32px;\"><strong>Marta de Bru de Sala<\/strong><\/td>\n<td style=\"width: 45.9514%; height: 32px;\"><span style=\"font-weight: 400;\">Llengua Anglesa i Alemanya<\/span><\/td>\n<td style=\"width: 29.3522%; height: 32px;\"><span style=\"font-weight: 400;\">Cap d&#8217;\u00e0mbit ling\u00fc\u00edstic<\/span><\/td>\n<\/tr>\n<tr style=\"height: 32px;\">\n<td style=\"width: 24.4939%; height: 32px;\"><strong>Olga Garcia<\/strong><\/td>\n<td style=\"width: 45.9514%; height: 32px;\"><span style=\"font-weight: 400;\">Matem\u00e0tiques<\/span><\/td>\n<td style=\"width: 29.3522%; height: 32px;\"><span style=\"font-weight: 400;\">Cap d&#8217;\u00c0mbit Cient\u00edfic<\/span><\/td>\n<\/tr>\n<tr style=\"height: 32px;\">\n<td style=\"width: 24.4939%; height: 32px;\"><strong>Oriana Alemany<\/strong><\/td>\n<td style=\"width: 45.9514%; height: 32px;\"><span style=\"font-weight: 400;\">Llengua Catalana<\/span><\/td>\n<td style=\"width: 29.3522%; height: 32px;\"><span style=\"font-weight: 400;\">Tutora 4t ESO<\/span><\/td>\n<\/tr>\n<tr style=\"height: 32px;\">\n<td style=\"width: 24.4939%; height: 32px;\"><strong>Marta Garcia<\/strong><\/td>\n<td style=\"width: 45.9514%; height: 32px;\"><span style=\"font-weight: 400;\">F\u00edsica i Qu\u00edmica<\/span><\/td>\n<td style=\"width: 29.3522%; height: 32px;\"><span style=\"font-weight: 400;\">Tutora 3r ESO<\/span><\/td>\n<\/tr>\n<tr style=\"height: 32px;\">\n<td style=\"width: 24.4939%; height: 32px;\"><strong>Marina Gubau<\/strong><\/td>\n<td style=\"width: 45.9514%; height: 32px;\"><span style=\"font-weight: 400;\">Biologia i Geologia<\/span><\/td>\n<td style=\"width: 29.3522%; height: 32px;\"><span style=\"font-weight: 400;\">Tutora 2n ESO<\/span><\/td>\n<\/tr>\n<tr style=\"height: 32px;\">\n<td style=\"width: 24.4939%; height: 32px;\"><strong>Josep Maria Arnau<\/strong><\/td>\n<td style=\"width: 45.9514%; height: 32px;\"><span style=\"font-weight: 400;\">Llengua Castellana i literatura<\/span><\/td>\n<td style=\"width: 29.3522%; height: 32px;\"><span style=\"font-weight: 400;\">Coordinador digital<\/span><\/td>\n<\/tr>\n<tr style=\"height: 32px;\">\n<td style=\"width: 24.4939%; height: 32px;\"><strong>Anna Fortuny<\/strong><\/td>\n<td style=\"width: 45.9514%; height: 32px;\"><span style=\"font-weight: 400;\">Educaci\u00f3 Visual i Pl\u00e0stica<\/span><\/td>\n<td style=\"width: 29.3522%; height: 32px;\"><span style=\"font-weight: 400;\">Cap d\u2019\u00e0mbit d\u2019expressi\u00f3<\/span><\/td>\n<\/tr>\n<tr style=\"height: 32px;\">\n<td style=\"width: 24.4939%; height: 32px;\"><strong>Cynthia Gonz\u00e1lez<\/strong><\/td>\n<td style=\"width: 45.9514%; height: 32px;\"><span style=\"font-weight: 400;\">Educaci\u00f3 F\u00edsica\u00a0<\/span><\/td>\n<td style=\"width: 29.3522%; height: 32px;\"><\/td>\n<\/tr>\n<tr style=\"height: 32px;\">\n<td style=\"width: 24.4939%; height: 32px;\"><strong>Joan P\u00e9rez<\/strong><\/td>\n<td style=\"width: 45.9514%; height: 32px;\"><span style=\"font-weight: 400;\">Tecnologia, rob\u00f2tica i programaci\u00f3\u00a0<\/span><\/td>\n<td style=\"width: 29.3522%; height: 32px;\"><\/td>\n<\/tr>\n<tr style=\"height: 32px;\">\n<td style=\"width: 24.4939%; height: 32px;\"><strong>Judit Gordillo<\/strong><\/td>\n<td style=\"width: 45.9514%; height: 32px;\"><span style=\"font-weight: 400;\">Orientaci\u00f3 educativa<\/span><\/td>\n<td style=\"width: 29.3522%; height: 32px;\">Tutora 1r ESO<\/td>\n<\/tr>\n<\/tbody>\n<\/table>\n<p>&nbsp;<\/p>\n","protected":false},"excerpt":{"rendered":"<p>EQUIP DIRECTIU<\/p>\n<p>Segundo Jim\u00e9nez<br \/>\nDirector<\/p>\n<p>Montse Perich<br \/>\nCap d&#8217;estudis Infantil i Prim\u00e0ria<\/p>\n<p>Jordi Ciurans<br \/>\nSecretari<\/p>\n<p>Robert Garcia<br \/>\nCoordinador pedag\u00f2gic<\/p>\n<p>Carme Trobal\u00f3n<br \/>\nCap d&#8217;estudis Secund\u00e0ria<\/p>\n<p>EDUCACI\u00d3 INFANTIL<\/p>\n<p>Rosa Marqu\u00e9s<br \/>\nTutora I3A<\/p>\n<p>Carolina Sim\u00f3n<br \/>\nTutora\u00a0 I3B<\/p>\n<p>Anna Castells<br \/>\nTutora\u00a0 I4A\/Coordinadora d&#8217;etapa<\/p>\n<p>Teresa Vazquez<br \/>\nTutora\u00a0 I4B<\/p>\n<p>Evelyn Jim\u00e9nez<br \/>\nTutora\u00a0 I5A<\/p>\n<p>Maria Jos\u00e9 Cano<br \/>\nTutora I5B<\/p>\n<p>M\u00f2nica Molina<br \/>\nTEI<\/p>\n<p>Montse Perich<br \/>\nRefor\u00e7<\/p>\n<p>Eva Nieto<br \/>\nRefor\u00e7<\/p>\n<p>PRIMERA ETAPA EDUCACI\u00d3 PRIM\u00c0RIA<\/p>\n<p>Pilar Rodr\u00edguez<br \/>\nTutora 1r A<\/p>\n<p>Jessica Barbancho<br \/>\nTutora 1r B<\/p>\n<p>Laura P\u00e9rez\/ Sergio Recio<br \/>\nTutora 2n<\/p>\n<p>Rosa&hellip;  <a href=\"https:\/\/agora.xtec.cat\/iemiquelmartipol\/lescola\/membres-del-claustre-2019-20\/\" title=\"Read Membres del claustre 2025-2026\">Llegeix m\u00e9s\u00bb<\/a><\/p>\n","protected":false},"author":1,"featured_media":0,"parent":22,"menu_order":4,"comment_status":"closed","ping_status":"closed","template":"page-templates\/side-menu.php","meta":{"_bbp_topic_count":0,"_bbp_reply_count":0,"_bbp_total_topic_count":0,"_bbp_total_reply_count":0,"_bbp_voice_count":0,"_bbp_anonymous_reply_count":0,"_bbp_topic_count_hidden":0,"_bbp_reply_count_hidden":0,"_bbp_forum_subforum_count":0,"footnotes":""},"class_list":["post-414","page","type-page","status-publish","hentry"],"post_mailing_queue_ids":[],"_links":{"self":[{"href":"https:\/\/agora.xtec.cat\/iemiquelmartipol\/wp-json\/wp\/v2\/pages\/414","targetHints":{"allow":["GET"]}}],"collection":[{"href":"https:\/\/agora.xtec.cat\/iemiquelmartipol\/wp-json\/wp\/v2\/pages"}],"about":[{"href":"https:\/\/agora.xtec.cat\/iemiquelmartipol\/wp-json\/wp\/v2\/types\/page"}],"author":[{"embeddable":true,"href":"https:\/\/agora.xtec.cat\/iemiquelmartipol\/wp-json\/wp\/v2\/users\/1"}],"replies":[{"embeddable":true,"href":"https:\/\/agora.xtec.cat\/iemiquelmartipol\/wp-json\/wp\/v2\/comments?post=414"}],"version-history":[{"count":6,"href":"https:\/\/agora.xtec.cat\/iemiquelmartipol\/wp-json\/wp\/v2\/pages\/414\/revisions"}],"predecessor-version":[{"id":4065,"href":"https:\/\/agora.xtec.cat\/iemiquelmartipol\/wp-json\/wp\/v2\/pages\/414\/revisions\/4065"}],"up":[{"embeddable":true,"href":"https:\/\/agora.xtec.cat\/iemiquelmartipol\/wp-json\/wp\/v2\/pages\/22"}],"wp:attachment":[{"href":"https:\/\/agora.xtec.cat\/iemiquelmartipol\/wp-json\/wp\/v2\/media?parent=414"}],"curies":[{"name":"wp","href":"https:\/\/api.w.org\/{rel}","templated":true}]}}