{"id":34,"date":"2014-09-18T12:32:18","date_gmt":"2014-09-18T11:32:18","guid":{"rendered":"http:\/\/agora.xtec.cat\/iemiquelmartipol\/\/?page_id=34"},"modified":"2025-09-17T16:45:24","modified_gmt":"2025-09-17T14:45:24","slug":"oferta-educativa","status":"publish","type":"page","link":"https:\/\/agora.xtec.cat\/iemiquelmartipol\/lescola\/oferta-educativa\/","title":{"rendered":"Oferta educativa 3-16 anys"},"content":{"rendered":"<p>A l&#8217; Institut Escola Miquel Mart\u00ed i Pol\u00a0 oferim una formaci\u00f3 integral i continuada que acompanya l&#8217;alumnat des de l&#8217;inici de l&#8217;escolaritat obligat\u00f2ria fins a l&#8217;adolesc\u00e8ncia, garantint la coher\u00e8ncia pedag\u00f2gica i l&#8217;atenci\u00f3 personalitzada al llarg de les tres etapes educatives:<\/p>\n<p>Educaci\u00f3 infantil (3-6 anys)<\/p>\n<p>Educaci\u00f3 prim\u00e0ria (6-12 anys)<\/p>\n<p>Educaci\u00f3 secund\u00e0ria (12-16 anys)<\/p>\n<p>&nbsp;<\/p>\n","protected":false},"excerpt":{"rendered":"<p>A l&#8217; Institut Escola Miquel Mart\u00ed i Pol\u00a0 oferim una formaci\u00f3 integral i continuada que acompanya l&#8217;alumnat des de l&#8217;inici de l&#8217;escolaritat obligat\u00f2ria fins a l&#8217;adolesc\u00e8ncia, garantint la coher\u00e8ncia pedag\u00f2gica i l&#8217;atenci\u00f3 personalitzada al llarg de les tres etapes educatives:<br \/>\nEducaci\u00f3 infantil (3-6 anys)<br \/>\nEducaci\u00f3 prim\u00e0ria (6-12&hellip;  <a href=\"https:\/\/agora.xtec.cat\/iemiquelmartipol\/lescola\/oferta-educativa\/\" title=\"Read Oferta educativa 3-16 anys\">Llegeix m\u00e9s\u00bb<\/a><\/p>\n","protected":false},"author":1,"featured_media":0,"parent":22,"menu_order":60,"comment_status":"closed","ping_status":"closed","template":"page-templates\/side-menu.php","meta":{"_bbp_topic_count":0,"_bbp_reply_count":0,"_bbp_total_topic_count":0,"_bbp_total_reply_count":0,"_bbp_voice_count":0,"_bbp_anonymous_reply_count":0,"_bbp_topic_count_hidden":0,"_bbp_reply_count_hidden":0,"_bbp_forum_subforum_count":0,"footnotes":""},"class_list":["post-34","page","type-page","status-publish","hentry"],"post_mailing_queue_ids":[],"_links":{"self":[{"href":"https:\/\/agora.xtec.cat\/iemiquelmartipol\/wp-json\/wp\/v2\/pages\/34","targetHints":{"allow":["GET"]}}],"collection":[{"href":"https:\/\/agora.xtec.cat\/iemiquelmartipol\/wp-json\/wp\/v2\/pages"}],"about":[{"href":"https:\/\/agora.xtec.cat\/iemiquelmartipol\/wp-json\/wp\/v2\/types\/page"}],"author":[{"embeddable":true,"href":"https:\/\/agora.xtec.cat\/iemiquelmartipol\/wp-json\/wp\/v2\/users\/1"}],"replies":[{"embeddable":true,"href":"https:\/\/agora.xtec.cat\/iemiquelmartipol\/wp-json\/wp\/v2\/comments?post=34"}],"version-history":[{"count":6,"href":"https:\/\/agora.xtec.cat\/iemiquelmartipol\/wp-json\/wp\/v2\/pages\/34\/revisions"}],"predecessor-version":[{"id":3746,"href":"https:\/\/agora.xtec.cat\/iemiquelmartipol\/wp-json\/wp\/v2\/pages\/34\/revisions\/3746"}],"up":[{"embeddable":true,"href":"https:\/\/agora.xtec.cat\/iemiquelmartipol\/wp-json\/wp\/v2\/pages\/22"}],"wp:attachment":[{"href":"https:\/\/agora.xtec.cat\/iemiquelmartipol\/wp-json\/wp\/v2\/media?parent=34"}],"curies":[{"name":"wp","href":"https:\/\/api.w.org\/{rel}","templated":true}]}}