{"id":2411,"date":"2022-12-18T21:29:22","date_gmt":"2022-12-18T20:29:22","guid":{"rendered":"https:\/\/agora.xtec.cat\/iemiquelmartipol\/?page_id=2411"},"modified":"2022-12-18T21:46:42","modified_gmt":"2022-12-18T20:46:42","slug":"mobilitats-curs-2022-2023","status":"publish","type":"page","link":"https:\/\/agora.xtec.cat\/iemiquelmartipol\/mobilitats-curs-2022-2023\/","title":{"rendered":"MOBILITATS CURS 2022-2023"},"content":{"rendered":"<p>A finals de Juny el projecte M.O.T.I.O.N de l\u2019Institut Escola Miquel Mart\u00ed i Pol va ser preseleccionat com a APTE i a l\u2019agost, finalment, va sortir la resoluci\u00f3 oficial on consta l\u2019aprovaci\u00f3 del nostre projecte Erasmus+ pel curs 2022-23.<\/p>\n<p><img loading=\"lazy\" decoding=\"async\" class=\"size-medium wp-image-2029 alignleft\" src=\"https:\/\/agora.xtec.cat\/iemiquelmartipol\/wp-content\/uploads\/usu711\/2022\/09\/WhatsApp-Image-2022-09-12-at-20.47.58-300x300.jpeg\" alt=\"\" width=\"300\" height=\"300\" srcset=\"https:\/\/agora.xtec.cat\/iemiquelmartipol\/wp-content\/uploads\/usu711\/2022\/09\/WhatsApp-Image-2022-09-12-at-20.47.58-300x300.jpeg 300w, https:\/\/agora.xtec.cat\/iemiquelmartipol\/wp-content\/uploads\/usu711\/2022\/09\/WhatsApp-Image-2022-09-12-at-20.47.58-150x150.jpeg 150w, https:\/\/agora.xtec.cat\/iemiquelmartipol\/wp-content\/uploads\/usu711\/2022\/09\/WhatsApp-Image-2022-09-12-at-20.47.58.jpeg 500w\" sizes=\"auto, (max-width: 300px) 100vw, 300px\" \/>Aix\u00f2 suposa una beca que finan\u00e7a la Uni\u00f3 Europea per tal de portar a terme un projecte de mobilitat a altres pa\u00efsos europeus per afavorir la formaci\u00f3 de mestres i alumnes.<\/p>\n<p>Aquest projecte est\u00e0 coordinat pel nostre especialista d\u2019angl\u00e8s a Prim\u00e0ria, Adri\u00e0 Alcaraz, conjuntament amb un grup impulsor Erasmus format per diversos docents del centre.<\/p>\n<p>En les dues primeres fases del projecte, el professorat del centre tindr\u00e0 l\u2019oportunitat de fer un curs de formaci\u00f3 STEAM a Finl\u00e0ndia, i de visitar una escola a Rep\u00fablica Txeca per tal d\u2019aprendre com treballen (Job-shadowing).<\/p>\n<p>La tercera part del projecte de mobilitat, donar\u00e0 l\u2019oportunitat a alumnes de 6\u00e8 de prim\u00e0ria a realitzar un intercanvi amb alumnes de Gr\u00e8cia, tot treballant la metodologia STEAM que est\u00e0 desenvolupant el nostre centre.<\/p>\n<p>Durant el primer trimestre, es convocaran a les fam\u00edlies de 6\u00e8 per informar-les m\u00e9s extensament sobre tot aquest projecte.<\/p>\n<p>COMEN\u00c7EM LA INTERNACIONALITZACI\u00d3 DEL CENTRE!<\/p>\n<p>\u201cL\u2019actual projecte MOTION ha estat finan\u00e7at amb el recolzament de la Comissi\u00f3 Europea. Aquesta publicaci\u00f3 \u00e9s responsabilitat exclusiva del seu autor. La Comissi\u00f3 no \u00e9s responsable de l\u2019\u00fas que es pot fer de la informaci\u00f3 difosa\u201d.<\/p>\n<p><img loading=\"lazy\" decoding=\"async\" class=\"size-medium wp-image-2028 aligncenter\" src=\"https:\/\/agora.xtec.cat\/iemiquelmartipol\/wp-content\/uploads\/usu711\/2022\/09\/WhatsApp-Image-2022-09-12-at-20.47.22-300x63.jpeg\" alt=\"\" width=\"300\" height=\"63\" srcset=\"https:\/\/agora.xtec.cat\/iemiquelmartipol\/wp-content\/uploads\/usu711\/2022\/09\/WhatsApp-Image-2022-09-12-at-20.47.22-300x63.jpeg 300w, https:\/\/agora.xtec.cat\/iemiquelmartipol\/wp-content\/uploads\/usu711\/2022\/09\/WhatsApp-Image-2022-09-12-at-20.47.22-1024x215.jpeg 1024w, https:\/\/agora.xtec.cat\/iemiquelmartipol\/wp-content\/uploads\/usu711\/2022\/09\/WhatsApp-Image-2022-09-12-at-20.47.22-768x161.jpeg 768w, https:\/\/agora.xtec.cat\/iemiquelmartipol\/wp-content\/uploads\/usu711\/2022\/09\/WhatsApp-Image-2022-09-12-at-20.47.22-1536x322.jpeg 1536w, https:\/\/agora.xtec.cat\/iemiquelmartipol\/wp-content\/uploads\/usu711\/2022\/09\/WhatsApp-Image-2022-09-12-at-20.47.22.jpeg 2048w\" sizes=\"auto, (max-width: 300px) 100vw, 300px\" \/><\/p>\n","protected":false},"excerpt":{"rendered":"<p>A finals de Juny el projecte M.O.T.I.O.N de l\u2019Institut Escola Miquel Mart\u00ed i Pol va ser preseleccionat com a APTE i a l\u2019agost, finalment, va sortir la resoluci\u00f3 oficial on consta l\u2019aprovaci\u00f3 del nostre projecte Erasmus+ pel curs 2022-23.<br \/>\nAix\u00f2 suposa una beca que finan\u00e7a la&hellip;  <a href=\"https:\/\/agora.xtec.cat\/iemiquelmartipol\/mobilitats-curs-2022-2023\/\" title=\"Read MOBILITATS CURS 2022-2023\">Llegeix m\u00e9s\u00bb<\/a><\/p>\n","protected":false},"author":1,"featured_media":0,"parent":0,"menu_order":0,"comment_status":"closed","ping_status":"closed","template":"","meta":{"_bbp_topic_count":0,"_bbp_reply_count":0,"_bbp_total_topic_count":0,"_bbp_total_reply_count":0,"_bbp_voice_count":0,"_bbp_anonymous_reply_count":0,"_bbp_topic_count_hidden":0,"_bbp_reply_count_hidden":0,"_bbp_forum_subforum_count":0,"footnotes":""},"class_list":["post-2411","page","type-page","status-publish","hentry"],"post_mailing_queue_ids":[],"_links":{"self":[{"href":"https:\/\/agora.xtec.cat\/iemiquelmartipol\/wp-json\/wp\/v2\/pages\/2411","targetHints":{"allow":["GET"]}}],"collection":[{"href":"https:\/\/agora.xtec.cat\/iemiquelmartipol\/wp-json\/wp\/v2\/pages"}],"about":[{"href":"https:\/\/agora.xtec.cat\/iemiquelmartipol\/wp-json\/wp\/v2\/types\/page"}],"author":[{"embeddable":true,"href":"https:\/\/agora.xtec.cat\/iemiquelmartipol\/wp-json\/wp\/v2\/users\/1"}],"replies":[{"embeddable":true,"href":"https:\/\/agora.xtec.cat\/iemiquelmartipol\/wp-json\/wp\/v2\/comments?post=2411"}],"version-history":[{"count":3,"href":"https:\/\/agora.xtec.cat\/iemiquelmartipol\/wp-json\/wp\/v2\/pages\/2411\/revisions"}],"predecessor-version":[{"id":2414,"href":"https:\/\/agora.xtec.cat\/iemiquelmartipol\/wp-json\/wp\/v2\/pages\/2411\/revisions\/2414"}],"wp:attachment":[{"href":"https:\/\/agora.xtec.cat\/iemiquelmartipol\/wp-json\/wp\/v2\/media?parent=2411"}],"curies":[{"name":"wp","href":"https:\/\/api.w.org\/{rel}","templated":true}]}}