{"id":2191,"date":"2022-11-15T21:17:46","date_gmt":"2022-11-15T20:17:46","guid":{"rendered":"https:\/\/agora.xtec.cat\/iemiquelmartipol\/?page_id=2191"},"modified":"2023-06-05T18:48:07","modified_gmt":"2023-06-05T16:48:07","slug":"objectius","status":"publish","type":"page","link":"https:\/\/agora.xtec.cat\/iemiquelmartipol\/estrategia-digital-de-centre\/estrategia\/objectius\/","title":{"rendered":"OBJECTIUS"},"content":{"rendered":"<p>Una vegada feta la diagnosi es creu convenient establir uns objectius (l\u00ednia de treball) que ens permetran millorar i avan\u00e7ar cap a una millora de la compet\u00e8ncia digital tant de d\u2019alumnat com dels docents.<\/p>\n<p>Els objectius s\u2019han redactat a partir dels punts febles detectats en la diagnosi, i s\u2019han tingut en compte els documents de centre (Projecte educatiu, projecte direcci\u00f3\u2026). Aquests objectius defineixen l\u2019Estrat\u00e8gia Digital del Centre.<\/p>\n<p><img loading=\"lazy\" decoding=\"async\" class=\"wp-image-2214 aligncenter\" src=\"https:\/\/agora.xtec.cat\/iemiquelmartipol\/wp-content\/uploads\/usu711\/2022\/11\/OBJECTIUS-300x135.png\" alt=\"\" width=\"500\" height=\"226\" srcset=\"https:\/\/agora.xtec.cat\/iemiquelmartipol\/wp-content\/uploads\/usu711\/2022\/11\/OBJECTIUS-300x135.png 300w, https:\/\/agora.xtec.cat\/iemiquelmartipol\/wp-content\/uploads\/usu711\/2022\/11\/OBJECTIUS-768x346.png 768w, https:\/\/agora.xtec.cat\/iemiquelmartipol\/wp-content\/uploads\/usu711\/2022\/11\/OBJECTIUS.png 858w\" sizes=\"auto, (max-width: 500px) 100vw, 500px\" \/><\/p>\n<p>Els objectius establerts s\u00f3n:<\/p>\n\n\t\t<style type=\"text\/css\">\n\t\t\t#gallery-1 {\n\t\t\t\tmargin: auto;\n\t\t\t}\n\t\t\t#gallery-1 .gallery-item {\n\t\t\t\tfloat: left;\n\t\t\t\tmargin-top: 10px;\n\t\t\t\ttext-align: center;\n\t\t\t\twidth: 100%;\n\t\t\t}\n\t\t\t#gallery-1 img {\n\t\t\t\tborder: 2px solid #cfcfcf;\n\t\t\t}\n\t\t\t#gallery-1 .gallery-caption {\n\t\t\t\tmargin-left: 0;\n\t\t\t}\n\t\t\t\/* see gallery_shortcode() in wp-includes\/media.php *\/\n\t\t<\/style>\n\t\t<div id='gallery-1' class='gallery galleryid-2191 gallery-columns-1 gallery-size-large'><dl class='gallery-item'>\n\t\t\t<dt class='gallery-icon landscape'>\n\t\t\t\t<a href='https:\/\/agora.xtec.cat\/iemiquelmartipol\/estrategia-digital-de-centre\/estrategia\/objectius\/attachment\/1-1\/'><img loading=\"lazy\" decoding=\"async\" width=\"1024\" height=\"1024\" src=\"https:\/\/agora.xtec.cat\/iemiquelmartipol\/wp-content\/uploads\/usu711\/2023\/06\/1-1-1024x1024.png\" class=\"attachment-large size-large\" alt=\"\" srcset=\"https:\/\/agora.xtec.cat\/iemiquelmartipol\/wp-content\/uploads\/usu711\/2023\/06\/1-1-1024x1024.png 1024w, https:\/\/agora.xtec.cat\/iemiquelmartipol\/wp-content\/uploads\/usu711\/2023\/06\/1-1-300x300.png 300w, https:\/\/agora.xtec.cat\/iemiquelmartipol\/wp-content\/uploads\/usu711\/2023\/06\/1-1-150x150.png 150w, https:\/\/agora.xtec.cat\/iemiquelmartipol\/wp-content\/uploads\/usu711\/2023\/06\/1-1-768x768.png 768w, https:\/\/agora.xtec.cat\/iemiquelmartipol\/wp-content\/uploads\/usu711\/2023\/06\/1-1.png 1080w\" sizes=\"auto, (max-width: 1024px) 100vw, 1024px\" \/><\/a>\n\t\t\t<\/dt><\/dl><br style=\"clear: both\" \/>\n\t\t<\/div>\n\n","protected":false},"excerpt":{"rendered":"<p>Una vegada feta la diagnosi es creu convenient establir uns objectius (l\u00ednia de treball) que ens permetran millorar i avan\u00e7ar cap a una millora de la compet\u00e8ncia digital tant de d\u2019alumnat com dels docents.<br \/>\nEls objectius s\u2019han redactat a partir dels punts febles detectats en la&hellip;  <a href=\"https:\/\/agora.xtec.cat\/iemiquelmartipol\/estrategia-digital-de-centre\/estrategia\/objectius\/\" title=\"Read OBJECTIUS\">Llegeix m\u00e9s\u00bb<\/a><\/p>\n","protected":false},"author":1,"featured_media":0,"parent":2185,"menu_order":0,"comment_status":"closed","ping_status":"closed","template":"","meta":{"_bbp_topic_count":0,"_bbp_reply_count":0,"_bbp_total_topic_count":0,"_bbp_total_reply_count":0,"_bbp_voice_count":0,"_bbp_anonymous_reply_count":0,"_bbp_topic_count_hidden":0,"_bbp_reply_count_hidden":0,"_bbp_forum_subforum_count":0,"footnotes":""},"class_list":["post-2191","page","type-page","status-publish","hentry"],"post_mailing_queue_ids":[],"_links":{"self":[{"href":"https:\/\/agora.xtec.cat\/iemiquelmartipol\/wp-json\/wp\/v2\/pages\/2191","targetHints":{"allow":["GET"]}}],"collection":[{"href":"https:\/\/agora.xtec.cat\/iemiquelmartipol\/wp-json\/wp\/v2\/pages"}],"about":[{"href":"https:\/\/agora.xtec.cat\/iemiquelmartipol\/wp-json\/wp\/v2\/types\/page"}],"author":[{"embeddable":true,"href":"https:\/\/agora.xtec.cat\/iemiquelmartipol\/wp-json\/wp\/v2\/users\/1"}],"replies":[{"embeddable":true,"href":"https:\/\/agora.xtec.cat\/iemiquelmartipol\/wp-json\/wp\/v2\/comments?post=2191"}],"version-history":[{"count":3,"href":"https:\/\/agora.xtec.cat\/iemiquelmartipol\/wp-json\/wp\/v2\/pages\/2191\/revisions"}],"predecessor-version":[{"id":2797,"href":"https:\/\/agora.xtec.cat\/iemiquelmartipol\/wp-json\/wp\/v2\/pages\/2191\/revisions\/2797"}],"up":[{"embeddable":true,"href":"https:\/\/agora.xtec.cat\/iemiquelmartipol\/wp-json\/wp\/v2\/pages\/2185"}],"wp:attachment":[{"href":"https:\/\/agora.xtec.cat\/iemiquelmartipol\/wp-json\/wp\/v2\/media?parent=2191"}],"curies":[{"name":"wp","href":"https:\/\/api.w.org\/{rel}","templated":true}]}}