{"id":2172,"date":"2022-11-15T20:24:53","date_gmt":"2022-11-15T19:24:53","guid":{"rendered":"https:\/\/agora.xtec.cat\/iemiquelmartipol\/?page_id=2172"},"modified":"2023-06-05T18:46:17","modified_gmt":"2023-06-05T16:46:17","slug":"estrategia-digital-de-centre","status":"publish","type":"page","link":"https:\/\/agora.xtec.cat\/iemiquelmartipol\/estrategia-digital-de-centre\/","title":{"rendered":"Estrat\u00e8gia Digital de Centre"},"content":{"rendered":"<p style=\"text-align: justify;\">L\u2019estrat\u00e8gia digital de centre (EDC) defineix i concreta les l\u00ednies d\u2019actuaci\u00f3<span style=\"font-family: inherit; font-size: 1em;\"> que fan possible que docents, alumnat i centre assoleixin la compet\u00e8ncia digital acord a les novetats referent a aquest \u00e0mbit d&#8217;educaci\u00f3.<\/span><\/p>\n<p style=\"text-align: justify;\">Des de l&#8217;Institut Escola els darrers anys s\u2019ha estat treballant per la digitalitzaci\u00f3 dels processos d\u2019ensenyament aprenentatge, a fi de millorar la compet\u00e8ncia digital de l\u2019alumnat. Amb aquesta finalitat, la Programaci\u00f3 General Anual (PGA) cada any recull objectius relacionats amb la millora de la compet\u00e8ncia digital de l\u2019alumnat i els docents. En aquesta l\u00ednia, el centre est\u00e0 intervenint en millorar l\u2019equipament digital del centre, ampliar-lo, actualitzar-lo i reempla\u00e7ar el material obsolet juntament amb les dotacions que ens arriben del fons europeu Next Generation.<\/p>\n<p style=\"text-align: justify;\">Per tal de con\u00e8ixer l\u2019estrat\u00e8gia digital del centre podeu consultar els\u00a0 dos apartats de la qual es sostenta: Part estrat\u00e8gica i Cultura Digital.<\/p>\n<p>&nbsp;<\/p>\n\n\t\t<style type=\"text\/css\">\n\t\t\t#gallery-1 {\n\t\t\t\tmargin: auto;\n\t\t\t}\n\t\t\t#gallery-1 .gallery-item {\n\t\t\t\tfloat: left;\n\t\t\t\tmargin-top: 10px;\n\t\t\t\ttext-align: center;\n\t\t\t\twidth: 50%;\n\t\t\t}\n\t\t\t#gallery-1 img {\n\t\t\t\tborder: 2px solid #cfcfcf;\n\t\t\t}\n\t\t\t#gallery-1 .gallery-caption {\n\t\t\t\tmargin-left: 0;\n\t\t\t}\n\t\t\t\/* see gallery_shortcode() in wp-includes\/media.php *\/\n\t\t<\/style>\n\t\t<div id='gallery-1' class='gallery galleryid-2172 gallery-columns-2 gallery-size-large'><dl class='gallery-item'>\n\t\t\t<dt class='gallery-icon landscape'>\n\t\t\t\t<img loading=\"lazy\" decoding=\"async\" width=\"1024\" height=\"512\" src=\"https:\/\/agora.xtec.cat\/iemiquelmartipol\/wp-content\/uploads\/usu711\/2023\/06\/1-1024x512.png\" class=\"attachment-large size-large\" alt=\"\" srcset=\"https:\/\/agora.xtec.cat\/iemiquelmartipol\/wp-content\/uploads\/usu711\/2023\/06\/1-1024x512.png 1024w, https:\/\/agora.xtec.cat\/iemiquelmartipol\/wp-content\/uploads\/usu711\/2023\/06\/1-300x150.png 300w, https:\/\/agora.xtec.cat\/iemiquelmartipol\/wp-content\/uploads\/usu711\/2023\/06\/1-768x384.png 768w, https:\/\/agora.xtec.cat\/iemiquelmartipol\/wp-content\/uploads\/usu711\/2023\/06\/1.png 1182w\" sizes=\"auto, (max-width: 1024px) 100vw, 1024px\" \/>\n\t\t\t<\/dt><\/dl><dl class='gallery-item'>\n\t\t\t<dt class='gallery-icon landscape'>\n\t\t\t\t<img loading=\"lazy\" decoding=\"async\" width=\"1024\" height=\"512\" src=\"https:\/\/agora.xtec.cat\/iemiquelmartipol\/wp-content\/uploads\/usu711\/2023\/06\/2-1024x512.png\" class=\"attachment-large size-large\" alt=\"\" srcset=\"https:\/\/agora.xtec.cat\/iemiquelmartipol\/wp-content\/uploads\/usu711\/2023\/06\/2-1024x512.png 1024w, https:\/\/agora.xtec.cat\/iemiquelmartipol\/wp-content\/uploads\/usu711\/2023\/06\/2-300x150.png 300w, https:\/\/agora.xtec.cat\/iemiquelmartipol\/wp-content\/uploads\/usu711\/2023\/06\/2-768x384.png 768w, https:\/\/agora.xtec.cat\/iemiquelmartipol\/wp-content\/uploads\/usu711\/2023\/06\/2.png 1182w\" sizes=\"auto, (max-width: 1024px) 100vw, 1024px\" \/>\n\t\t\t<\/dt><\/dl><br style=\"clear: both\" \/>\n\t\t<\/div>\n\n","protected":false},"excerpt":{"rendered":"<p>L\u2019estrat\u00e8gia digital de centre (EDC) defineix i concreta les l\u00ednies d\u2019actuaci\u00f3 que fan possible que docents, alumnat i centre assoleixin la compet\u00e8ncia digital acord a les novetats referent a aquest \u00e0mbit d&#8217;educaci\u00f3.<br \/>\nDes de l&#8217;Institut Escola els darrers anys s\u2019ha estat treballant per la digitalitzaci\u00f3 dels&hellip;  <a href=\"https:\/\/agora.xtec.cat\/iemiquelmartipol\/estrategia-digital-de-centre\/\" title=\"Read Estrat\u00e8gia Digital de Centre\">Llegeix m\u00e9s\u00bb<\/a><\/p>\n","protected":false},"author":1,"featured_media":0,"parent":0,"menu_order":0,"comment_status":"closed","ping_status":"closed","template":"page-templates\/side-menu.php","meta":{"_bbp_topic_count":0,"_bbp_reply_count":0,"_bbp_total_topic_count":0,"_bbp_total_reply_count":0,"_bbp_voice_count":0,"_bbp_anonymous_reply_count":0,"_bbp_topic_count_hidden":0,"_bbp_reply_count_hidden":0,"_bbp_forum_subforum_count":0,"footnotes":""},"class_list":["post-2172","page","type-page","status-publish","hentry"],"post_mailing_queue_ids":[],"_links":{"self":[{"href":"https:\/\/agora.xtec.cat\/iemiquelmartipol\/wp-json\/wp\/v2\/pages\/2172","targetHints":{"allow":["GET"]}}],"collection":[{"href":"https:\/\/agora.xtec.cat\/iemiquelmartipol\/wp-json\/wp\/v2\/pages"}],"about":[{"href":"https:\/\/agora.xtec.cat\/iemiquelmartipol\/wp-json\/wp\/v2\/types\/page"}],"author":[{"embeddable":true,"href":"https:\/\/agora.xtec.cat\/iemiquelmartipol\/wp-json\/wp\/v2\/users\/1"}],"replies":[{"embeddable":true,"href":"https:\/\/agora.xtec.cat\/iemiquelmartipol\/wp-json\/wp\/v2\/comments?post=2172"}],"version-history":[{"count":4,"href":"https:\/\/agora.xtec.cat\/iemiquelmartipol\/wp-json\/wp\/v2\/pages\/2172\/revisions"}],"predecessor-version":[{"id":2804,"href":"https:\/\/agora.xtec.cat\/iemiquelmartipol\/wp-json\/wp\/v2\/pages\/2172\/revisions\/2804"}],"wp:attachment":[{"href":"https:\/\/agora.xtec.cat\/iemiquelmartipol\/wp-json\/wp\/v2\/media?parent=2172"}],"curies":[{"name":"wp","href":"https:\/\/api.w.org\/{rel}","templated":true}]}}