{"id":1114,"date":"2021-10-24T19:57:44","date_gmt":"2021-10-24T17:57:44","guid":{"rendered":"https:\/\/agora.xtec.cat\/iemiquelmartipol\/\/?page_id=1114"},"modified":"2026-03-11T10:16:33","modified_gmt":"2026-03-11T09:16:33","slug":"preinscripcions-i-matricula","status":"publish","type":"page","link":"https:\/\/agora.xtec.cat\/iemiquelmartipol\/lescola\/preinscripcions-i-matricula\/","title":{"rendered":"PREINSCRIPCI\u00d3 I MATR\u00cdCULA 2026-2027"},"content":{"rendered":"<h4><strong>JORNADA DE PORTES OBERTES:<\/strong><\/h4>\n<p>La jornada de portes obertes ser\u00e0 <strong>el dissabte 21 de febrer de 2026<\/strong>.<\/p>\n<h4><strong>PREINSCRIPCI\u00d3:<\/strong><\/h4>\n<p>En aquest apartat trobareu tota la informaci\u00f3 referent al proc\u00e9s de preinscripci\u00f3 i matr\u00edcula.\u00a0 Per m\u00e9s informaci\u00f3: <a href=\"https:\/\/preinscripcio.gencat.cat\/ca\/inici\">https:\/\/preinscripcio.gencat.cat\/ca\/inici<\/a><\/p>\n<p><iframe loading=\"lazy\" src=\"\/\/www.youtube.com\/embed\/MQydjW_Ok7g\" width=\"560\" height=\"314\" allowfullscreen=\"allowfullscreen\"><\/iframe><\/p>\n<p>&nbsp;<\/p>\n<p>Presentaci\u00f3 de sol\u00b7licituds via telem\u00e0tica a trav\u00e9s del portal del Departament d&#8217;Educaci\u00f3 clicant els enlla\u00e7os:<\/p>\n<ul>\n<li><a href=\"https:\/\/preinscripcio.gencat.cat\/ca\/estudis\/infantil-3-6\/preinscriute\/sollicitud\/\">Educaci\u00f3 infantil: <strong>4 al 18 de mar\u00e7 2026<\/strong>.\u00a0\u00a0<\/a><\/li>\n<li><a href=\"https:\/\/preinscripcio.gencat.cat\/ca\/estudis\/primaria\/preinscriute\/sollicitud\/\">Educaci\u00f3 prim\u00e0ria: <strong>4 al 18 de mar\u00e7 2026<\/strong><\/a><\/li>\n<li><a href=\"https:\/\/preinscripcio.gencat.cat\/ca\/estudis\/eso\/preinscriute\/sollicitud\/\">Educaci\u00f3 secund\u00e0ria: <strong>6 al 18 de mar\u00e7 2026<\/strong>.<\/a><\/li>\n<\/ul>\n<div style=\"position: relative; width: 100%; height: 0; padding-top: 56.2500%; padding-bottom: 0; box-shadow: 0 2px 8px 0 rgba(63,69,81,0.16); margin-top: 1.6em; margin-bottom: 0.9em; overflow: hidden; border-radius: 8px; will-change: transform;\"><iframe style=\"position: absolute; width: 100%; height: 100%; top: 0; left: 0; border: none; padding: 0; margin: 0;\" src=\"https:\/\/www.canva.com\/design\/DAHCIqd-rgA\/AFtzgXnT-UfEgMSKOLhY-Q\/view?embed\" allowfullscreen=\"allowfullscreen\" data-mce-fragment=\"1\"><br \/>\n<\/iframe><\/div>\n<p><a href=\"https:\/\/www.canva.com\/design\/DAHCIqd-rgA\/AFtzgXnT-UfEgMSKOLhY-Q\/view?utm_content=DAHCIqd-rgA&amp;utm_campaign=designshare&amp;utm_medium=embeds&amp;utm_source=link\" target=\"_blank\" rel=\"noopener\">PORTES OBERTES 25-26<\/a><\/p>\n<div style=\"width: 480px;\" class=\"wp-video\"><!--[if lt IE 9]><script>document.createElement('video');<\/script><![endif]-->\n<video class=\"wp-video-shortcode\" id=\"video-1114-1\" width=\"480\" height=\"848\" preload=\"metadata\" controls=\"controls\"><source type=\"video\/mp4\" src=\"https:\/\/agora.xtec.cat\/iemiquelmartipol\/wp-content\/uploads\/usu711\/2026\/02\/Moments-IEMMP.mp4?_=1\" \/><a href=\"https:\/\/agora.xtec.cat\/iemiquelmartipol\/wp-content\/uploads\/usu711\/2026\/02\/Moments-IEMMP.mp4\">https:\/\/agora.xtec.cat\/iemiquelmartipol\/wp-content\/uploads\/usu711\/2026\/02\/Moments-IEMMP.mp4<\/a><\/video><\/div>\n<p><img loading=\"lazy\" decoding=\"async\" class=\"aligncenter size-full wp-image-4067\" src=\"https:\/\/agora.xtec.cat\/iemiquelmartipol\/wp-content\/uploads\/usu711\/2026\/02\/10.jpg\" alt=\"\" width=\"2000\" height=\"1414\" srcset=\"https:\/\/agora.xtec.cat\/iemiquelmartipol\/wp-content\/uploads\/usu711\/2026\/02\/10.jpg 2000w, https:\/\/agora.xtec.cat\/iemiquelmartipol\/wp-content\/uploads\/usu711\/2026\/02\/10-300x212.jpg 300w, https:\/\/agora.xtec.cat\/iemiquelmartipol\/wp-content\/uploads\/usu711\/2026\/02\/10-1024x724.jpg 1024w, https:\/\/agora.xtec.cat\/iemiquelmartipol\/wp-content\/uploads\/usu711\/2026\/02\/10-768x543.jpg 768w, https:\/\/agora.xtec.cat\/iemiquelmartipol\/wp-content\/uploads\/usu711\/2026\/02\/10-1536x1086.jpg 1536w\" sizes=\"auto, (max-width: 2000px) 100vw, 2000px\" \/> <img loading=\"lazy\" decoding=\"async\" class=\"aligncenter size-full wp-image-4068\" src=\"https:\/\/agora.xtec.cat\/iemiquelmartipol\/wp-content\/uploads\/usu711\/2026\/02\/11.jpg\" alt=\"\" width=\"2000\" height=\"1414\" srcset=\"https:\/\/agora.xtec.cat\/iemiquelmartipol\/wp-content\/uploads\/usu711\/2026\/02\/11.jpg 2000w, https:\/\/agora.xtec.cat\/iemiquelmartipol\/wp-content\/uploads\/usu711\/2026\/02\/11-300x212.jpg 300w, https:\/\/agora.xtec.cat\/iemiquelmartipol\/wp-content\/uploads\/usu711\/2026\/02\/11-1024x724.jpg 1024w, https:\/\/agora.xtec.cat\/iemiquelmartipol\/wp-content\/uploads\/usu711\/2026\/02\/11-768x543.jpg 768w, https:\/\/agora.xtec.cat\/iemiquelmartipol\/wp-content\/uploads\/usu711\/2026\/02\/11-1536x1086.jpg 1536w\" sizes=\"auto, (max-width: 2000px) 100vw, 2000px\" \/><\/p>\n<p>&nbsp;<\/p>\n<div style=\"width: 100%;\">\n<div style=\"position: relative; padding-bottom: 56.25%; padding-top: 0; height: 0;\"><\/div>\n<\/div>\n","protected":false},"excerpt":{"rendered":"<p>JORNADA DE PORTES OBERTES:<br \/>\nLa jornada de portes obertes ser\u00e0 el dissabte 21 de febrer de 2026.<br \/>\nPREINSCRIPCI\u00d3:<br \/>\nEn aquest apartat trobareu tota la informaci\u00f3 referent al proc\u00e9s de preinscripci\u00f3 i matr\u00edcula.\u00a0 Per m\u00e9s informaci\u00f3: <a href=\"https:\/\/preinscripcio.gencat.cat\/ca\/inici\">https:\/\/preinscripcio.gencat.cat\/ca\/inici<\/a><\/p>\n<p>&nbsp;<br \/>\nPresentaci\u00f3 de sol\u00b7licituds via telem\u00e0tica a trav\u00e9s del portal del Departament d&#8217;Educaci\u00f3&hellip;  <a href=\"https:\/\/agora.xtec.cat\/iemiquelmartipol\/lescola\/preinscripcions-i-matricula\/\" title=\"Read PREINSCRIPCI\u00d3 I MATR\u00cdCULA 2026-2027\">Llegeix m\u00e9s\u00bb<\/a><\/p>\n","protected":false},"author":1,"featured_media":0,"parent":22,"menu_order":0,"comment_status":"closed","ping_status":"closed","template":"page-templates\/side-menu.php","meta":{"_bbp_topic_count":0,"_bbp_reply_count":0,"_bbp_total_topic_count":0,"_bbp_total_reply_count":0,"_bbp_voice_count":0,"_bbp_anonymous_reply_count":0,"_bbp_topic_count_hidden":0,"_bbp_reply_count_hidden":0,"_bbp_forum_subforum_count":0,"footnotes":""},"class_list":["post-1114","page","type-page","status-publish","hentry"],"post_mailing_queue_ids":[],"_links":{"self":[{"href":"https:\/\/agora.xtec.cat\/iemiquelmartipol\/wp-json\/wp\/v2\/pages\/1114","targetHints":{"allow":["GET"]}}],"collection":[{"href":"https:\/\/agora.xtec.cat\/iemiquelmartipol\/wp-json\/wp\/v2\/pages"}],"about":[{"href":"https:\/\/agora.xtec.cat\/iemiquelmartipol\/wp-json\/wp\/v2\/types\/page"}],"author":[{"embeddable":true,"href":"https:\/\/agora.xtec.cat\/iemiquelmartipol\/wp-json\/wp\/v2\/users\/1"}],"replies":[{"embeddable":true,"href":"https:\/\/agora.xtec.cat\/iemiquelmartipol\/wp-json\/wp\/v2\/comments?post=1114"}],"version-history":[{"count":6,"href":"https:\/\/agora.xtec.cat\/iemiquelmartipol\/wp-json\/wp\/v2\/pages\/1114\/revisions"}],"predecessor-version":[{"id":4086,"href":"https:\/\/agora.xtec.cat\/iemiquelmartipol\/wp-json\/wp\/v2\/pages\/1114\/revisions\/4086"}],"up":[{"embeddable":true,"href":"https:\/\/agora.xtec.cat\/iemiquelmartipol\/wp-json\/wp\/v2\/pages\/22"}],"wp:attachment":[{"href":"https:\/\/agora.xtec.cat\/iemiquelmartipol\/wp-json\/wp\/v2\/media?parent=1114"}],"curies":[{"name":"wp","href":"https:\/\/api.w.org\/{rel}","templated":true}]}}