{"id":9,"date":"2018-06-03T15:08:18","date_gmt":"2018-06-03T13:08:18","guid":{"rendered":"http:\/\/agora.xtec.cat\/iemediterranicampclar\/?page_id=9"},"modified":"2023-05-22T13:25:06","modified_gmt":"2023-05-22T11:25:06","slug":"pagina-dinici-buida","status":"publish","type":"page","link":"https:\/\/agora.xtec.cat\/iemediterranicampclar\/","title":{"rendered":"INSTITUT ESCOLA MEDITERRANI"},"content":{"rendered":"<h1 style=\"text-align: center;\"><strong>BENVINGUTS A L&#8217;INSTITUT ESCOLA MEDITERRANI!\u00a0<\/strong><\/h1>\n<p>&nbsp;<\/p>\n<p style=\"text-align: center;\"><iframe loading=\"lazy\" title=\"YouTube video player\" src=\"https:\/\/www.youtube.com\/embed\/qVaqpVRf1fQ\" width=\"560\" height=\"315\" frameborder=\"0\" allowfullscreen=\"allowfullscreen\"><\/iframe><\/p>\n<p style=\"text-align: center;\"><iframe loading=\"lazy\" title=\"YouTube video player\" src=\"https:\/\/www.youtube.com\/embed\/R0xr92IjgDs\" width=\"560\" height=\"315\" frameborder=\"0\" allowfullscreen=\"allowfullscreen\"><\/iframe><\/p>\n<p style=\"text-align: left;\">Des del <a href=\"https:\/\/agora.xtec.cat\/iemediterranicampclar\/comunitats-daprenentatge\/model-dialogic-de-prevencio-i-solucio-de-conflictes\/\">Model dial\u00f2gic de resoluci\u00f3 de conflictes<\/a> destaquem la necessitat de que el nostre centre sigui un entorn segur i lliure de viol\u00e8ncia per poder aprende! Aix\u00f2 ens implica que des de les tutories i amb les<a href=\"https:\/\/agora.xtec.cat\/iemediterranicampclar\/comunitats-daprenentatge\/tertulies-literaries-dialogiques\/\"> Tert\u00falies liter\u00e0ries dial\u00f2giques<\/a>, treballem i reforcem sempre el concepte de les Amistats Transformadores i la socialitzaci\u00f3 preventiva de la viol\u00e8ncia de g\u00e8nere, com ens ensenyen al v\u00eddeo els nostres alumnes de 4t de Prim\u00e0ria i d&#8217;ESO.<\/p>\n<p style=\"text-align: left;\">Empoderem als nostres alumnes a tenir unes relacions lliures de viol\u00e8ncia i potenciant l&#8217;amistat com a factor de protecci\u00f3 i transformaci\u00f3. \u270f\ud83d\udcd5<\/p>\n","protected":false},"excerpt":{"rendered":"<p>BENVINGUTS A L&#8217;INSTITUT ESCOLA MEDITERRANI!\u00a0<br \/>\n&nbsp;<\/p>\n<p>Des del <a href=\"https:\/\/agora.xtec.cat\/iemediterranicampclar\/comunitats-daprenentatge\/model-dialogic-de-prevencio-i-solucio-de-conflictes\/\">Model dial\u00f2gic de resoluci\u00f3 de conflictes<\/a> destaquem la necessitat de que el nostre centre sigui un entorn segur i lliure de viol\u00e8ncia per poder aprende! Aix\u00f2 ens implica que des de les tutories i amb les<a href=\"https:\/\/agora.xtec.cat\/iemediterranicampclar\/comunitats-daprenentatge\/tertulies-literaries-dialogiques\/\"> Tert\u00falies&hellip;  <a href=\"https:\/\/agora.xtec.cat\/iemediterranicampclar\/\" title=\"Read INSTITUT ESCOLA MEDITERRANI\">Llegeix m\u00e9s\u00bb<\/a><\/p>\n","protected":false},"author":1,"featured_media":0,"parent":7,"menu_order":0,"comment_status":"closed","ping_status":"closed","template":"page-templates\/front-page.php","meta":{"_bbp_topic_count":0,"_bbp_reply_count":0,"_bbp_total_topic_count":0,"_bbp_total_reply_count":0,"_bbp_voice_count":0,"_bbp_anonymous_reply_count":0,"_bbp_topic_count_hidden":0,"_bbp_reply_count_hidden":0,"_bbp_forum_subforum_count":0,"footnotes":""},"class_list":["post-9","page","type-page","status-publish","hentry"],"post_mailing_queue_ids":[],"_links":{"self":[{"href":"https:\/\/agora.xtec.cat\/iemediterranicampclar\/wp-json\/wp\/v2\/pages\/9","targetHints":{"allow":["GET"]}}],"collection":[{"href":"https:\/\/agora.xtec.cat\/iemediterranicampclar\/wp-json\/wp\/v2\/pages"}],"about":[{"href":"https:\/\/agora.xtec.cat\/iemediterranicampclar\/wp-json\/wp\/v2\/types\/page"}],"author":[{"embeddable":true,"href":"https:\/\/agora.xtec.cat\/iemediterranicampclar\/wp-json\/wp\/v2\/users\/1"}],"replies":[{"embeddable":true,"href":"https:\/\/agora.xtec.cat\/iemediterranicampclar\/wp-json\/wp\/v2\/comments?post=9"}],"version-history":[{"count":7,"href":"https:\/\/agora.xtec.cat\/iemediterranicampclar\/wp-json\/wp\/v2\/pages\/9\/revisions"}],"predecessor-version":[{"id":8287,"href":"https:\/\/agora.xtec.cat\/iemediterranicampclar\/wp-json\/wp\/v2\/pages\/9\/revisions\/8287"}],"up":[{"embeddable":true,"href":"https:\/\/agora.xtec.cat\/iemediterranicampclar\/wp-json\/wp\/v2\/pages\/7"}],"wp:attachment":[{"href":"https:\/\/agora.xtec.cat\/iemediterranicampclar\/wp-json\/wp\/v2\/media?parent=9"}],"curies":[{"name":"wp","href":"https:\/\/api.w.org\/{rel}","templated":true}]}}