{"id":84,"date":"2018-05-05T14:11:31","date_gmt":"2018-05-05T12:11:31","guid":{"rendered":"http:\/\/agora.xtec.cat\/iemediterranicampclar\/?page_id=84"},"modified":"2018-07-09T11:32:46","modified_gmt":"2018-07-09T09:32:46","slug":"activitats-extraescolars","status":"publish","type":"page","link":"https:\/\/agora.xtec.cat\/iemediterranicampclar\/serveis\/activitats-extraescolars\/","title":{"rendered":"Activitats extraescolars"},"content":{"rendered":"<p>Durant aquest curs 2017\/18 es van planificar les seg\u00fcents activitats extraescolars s\u00f3n gratu\u00eftes exceptuant l&#8217;activitat d&#8217;Angl\u00e8s i la de piscina, que s&#8217;ha de pagar una quota molt assequible.<\/p>\n<ul style=\"list-style-type: square;\">\n<li>\n<h6>Angl\u00e8s acad\u00e8mic &#8211; dilluns &#8211;<\/h6>\n<\/li>\n<\/ul>\n<p style=\"text-align: center;\"><a href=\"http:\/\/agora.xtec.cat\/iemediterranicampclar\/wp-content\/uploads\/usu1772\/2017\/09\/FOTOS-ANGL\u00c8S-OBRA-SOCIAL.gif\"><img loading=\"lazy\" decoding=\"async\" class=\"aligncenter size-full wp-image-880\" src=\"http:\/\/agora.xtec.cat\/iemediterranicampclar\/wp-content\/uploads\/usu1772\/2017\/09\/FOTOS-ANGL\u00c8S-OBRA-SOCIAL.gif\" alt=\"\" width=\"960\" height=\"720\" \/><\/a><\/p>\n<ul style=\"list-style-type: square;\">\n<li style=\"list-style-type: none;\">\n<ul style=\"list-style-type: square;\">\n<li>\n<h6>\u00c0rab &#8211; dimecres-<\/h6>\n<\/li>\n<li>\n<h6 style=\"text-align: left;\">Biblioteca tutoritzada &#8211; dilluns, dimarts, dijous &#8211;<\/h6>\n<h6><\/h6>\n<\/li>\n<\/ul>\n<\/li>\n<\/ul>\n<p style=\"text-align: center;\"><iframe loading=\"lazy\" src=\"https:\/\/www.youtube.com\/embed\/poFpCCmpe7Y\" width=\"560\" height=\"315\" frameborder=\"0\" allowfullscreen=\"allowfullscreen\"><\/iframe><\/p>\n<ul style=\"list-style-type: square;\">\n<li>\n<h6>Bollywood &#8211; divendres &#8211;<\/h6>\n<\/li>\n<\/ul>\n<p><strong>Gr\u00e0cies: EMI BOLLYWOOD<\/strong><\/p>\n<p style=\"text-align: center;\"><iframe loading=\"lazy\" src=\"https:\/\/www.youtube.com\/embed\/EoysqsvNbHA\" width=\"560\" height=\"315\" frameborder=\"0\" allowfullscreen=\"allowfullscreen\"><\/p>\n<p style=\"text-align: center;\">\n<p>&nbsp;<\/p>\n<p>&nbsp;<\/p>\n<p>&nbsp;<\/p>\n<p><\/iframe><\/p>\n<p style=\"text-align: center;\"><iframe loading=\"lazy\" src=\"https:\/\/www.youtube.com\/embed\/zgDo2j123ng\" width=\"560\" height=\"315\" frameborder=\"0\" allowfullscreen=\"allowfullscreen\"><\/iframe><\/p>\n<p style=\"text-align: center;\"><iframe loading=\"lazy\" src=\"https:\/\/www.youtube.com\/embed\/zLdAjsO3uAE\" width=\"560\" height=\"315\" frameborder=\"0\" allowfullscreen=\"allowfullscreen\"><\/iframe><\/p>\n<p>&nbsp;<\/p>\n<h6>Piscina &#8211; dijous-<\/h6>\n<p style=\"text-align: center;\"><a href=\"http:\/\/agora.xtec.cat\/iemediterranicampclar\/wp-content\/uploads\/usu1772\/2018\/05\/y41dVGKZWCjcDF5w-croppedKAzMX-gif.gif\"><img loading=\"lazy\" decoding=\"async\" class=\"aligncenter wp-image-986\" src=\"http:\/\/agora.xtec.cat\/iemediterranicampclar\/wp-content\/uploads\/usu1772\/2018\/05\/y41dVGKZWCjcDF5w-croppedKAzMX-gif.gif\" alt=\"\" width=\"415\" height=\"553\" \/><\/a><\/p>\n","protected":false},"excerpt":{"rendered":"<p>Durant aquest curs 2017\/18 es van planificar les seg\u00fcents activitats extraescolars s\u00f3n gratu\u00eftes exceptuant l&#8217;activitat d&#8217;Angl\u00e8s i la de piscina, que s&#8217;ha de pagar una quota molt assequible.<\/p>\n<ul style=\"list-style-type: square;\">\n<li>\nAngl\u00e8s acad\u00e8mic &#8211; dilluns &#8211;\n<\/li>\n<\/ul>\n<p><a href=\"http:\/\/agora.xtec.cat\/iemediterranicampclar\/wp-content\/uploads\/usu1772\/2017\/09\/FOTOS-ANGL\u00c8S-OBRA-SOCIAL.gif\"><\/a><\/p>\n<ul style=\"list-style-type: square;\">\n<li style=\"list-style-type: none;\">\n<ul style=\"list-style-type: square;\">\n<li>\n\u00c0rab &#8211; dimecres-\n<\/li>\n<li>\nBiblioteca tutoritzada &#8211;&hellip;  <a href=\"https:\/\/agora.xtec.cat\/iemediterranicampclar\/serveis\/activitats-extraescolars\/\" title=\"Read Activitats extraescolars\">Llegeix m\u00e9s\u00bb<\/a><\/p>\n","protected":false},"author":1,"featured_media":0,"parent":66,"menu_order":60,"comment_status":"closed","ping_status":"closed","template":"page-templates\/side-menu.php","meta":{"_bbp_topic_count":0,"_bbp_reply_count":0,"_bbp_total_topic_count":0,"_bbp_total_reply_count":0,"_bbp_voice_count":0,"_bbp_anonymous_reply_count":0,"_bbp_topic_count_hidden":0,"_bbp_reply_count_hidden":0,"_bbp_forum_subforum_count":0,"footnotes":""},"class_list":["post-84","page","type-page","status-publish","hentry"],"post_mailing_queue_ids":[],"_links":{"self":[{"href":"https:\/\/agora.xtec.cat\/iemediterranicampclar\/wp-json\/wp\/v2\/pages\/84","targetHints":{"allow":["GET"]}}],"collection":[{"href":"https:\/\/agora.xtec.cat\/iemediterranicampclar\/wp-json\/wp\/v2\/pages"}],"about":[{"href":"https:\/\/agora.xtec.cat\/iemediterranicampclar\/wp-json\/wp\/v2\/types\/page"}],"author":[{"embeddable":true,"href":"https:\/\/agora.xtec.cat\/iemediterranicampclar\/wp-json\/wp\/v2\/users\/1"}],"replies":[{"embeddable":true,"href":"https:\/\/agora.xtec.cat\/iemediterranicampclar\/wp-json\/wp\/v2\/comments?post=84"}],"version-history":[{"count":2,"href":"https:\/\/agora.xtec.cat\/iemediterranicampclar\/wp-json\/wp\/v2\/pages\/84\/revisions"}],"predecessor-version":[{"id":990,"href":"https:\/\/agora.xtec.cat\/iemediterranicampclar\/wp-json\/wp\/v2\/pages\/84\/revisions\/990"}],"up":[{"embeddable":true,"href":"https:\/\/agora.xtec.cat\/iemediterranicampclar\/wp-json\/wp\/v2\/pages\/66"}],"wp:attachment":[{"href":"https:\/\/agora.xtec.cat\/iemediterranicampclar\/wp-json\/wp\/v2\/media?parent=84"}],"curies":[{"name":"wp","href":"https:\/\/api.w.org\/{rel}","templated":true}]}}