{"id":8366,"date":"2023-06-28T12:44:18","date_gmt":"2023-06-28T10:44:18","guid":{"rendered":"https:\/\/agora.xtec.cat\/iemediterranicampclar\/?page_id=8366"},"modified":"2023-06-28T12:49:01","modified_gmt":"2023-06-28T10:49:01","slug":"programa-de-tecnics-dintegracio-social-i-educadors-socials","status":"publish","type":"page","link":"https:\/\/agora.xtec.cat\/iemediterranicampclar\/programa-de-tecnics-dintegracio-social-i-educadors-socials\/","title":{"rendered":"Programa de t\u00e8cnics d&#8217;integraci\u00f3 social i educadors socials"},"content":{"rendered":"<p>En el marc del Pacte contra la segregaci\u00f3 escolar de Catalunya,\u00a0 el curs 2020-2021\u00a0el\u00a0<a href=\"http:\/\/educacio.gencat.cat\/ca\/departament\/linies-estrategiques\/pla-millora-oportunitats-educatives\/\" target=\"_blank\" rel=\"noopener\" data-saferedirecturl=\"https:\/\/www.google.com\/url?q=http:\/\/educacio.gencat.cat\/ca\/departament\/linies-estrategiques\/pla-millora-oportunitats-educatives\/&amp;source=gmail&amp;ust=1688034712500000&amp;usg=AOvVaw1KJDG-gooYi6fn2D-IlNu9\">Pla de Millora de les oportunitats educatives<\/a>\u00a0incorpora t\u00e8cnics d&#8217;integraci\u00f3 social i\u00a0 educadors socials als centres de m\u00e9s complexitat el 2 d&#8217;agost de 2022 s&#8217;aprova el Programa temporal cofinan\u00e7at per la Uni\u00f3 Europea que t\u00e9 per<strong>\u00a0<\/strong>objecte suplementar amb professionals d&#8217;atenci\u00f3 educativa l&#8217;activitat que es presta en els centres docents que conformen un entorn de complexitat, amb la finalitat de garantir l&#8217;equitat en l&#8217;acc\u00e9s a l&#8217;educaci\u00f3.<\/p>\n<p>La\u00a0<strong>contractaci\u00f3 d&#8217;aquests professionals est\u00e0 cofinan\u00e7at en un 40% per la Uni\u00f3 Europea\u00a0<\/strong>i la resta pel Departament d&#8217;Educaci\u00f3 aix\u00f2 comporta el compliment d&#8217;unes mesures de publicitat i comunicaci\u00f3.<\/p>\n<p>La incorporaci\u00f3 de t\u00e8cnics d&#8217;integraci\u00f3 social i educador socials<strong>\u00a0t\u00e9 com a objecte<\/strong>\u00a0suplementar amb professionals d&#8217;atenci\u00f3 educativa l&#8217;activitat que es presta en els centres docents, amb la finalitat de garantir l&#8217;equitat en l&#8217;acc\u00e9s a l&#8217;educaci\u00f3.<\/p>\n<p>Els objectius del\u00a0<strong>Programa de t\u00e8cnics d&#8217;integraci\u00f3 social i els educadors socials<\/strong>\u00a0<strong>cofinan\u00e7at per la Uni\u00f3 Europea<\/strong>\u00a0s\u00f3n:<\/p>\n<p>&nbsp;<\/p>\n<ul>\n<li>Prevenir l&#8217;abandonament prematur i el frac\u00e0s escolar<\/li>\n<li>Procurar el benestar emocional dels alumnes<\/li>\n<li>Facilitar una bona conviv\u00e8ncia en els centres educatius.<\/li>\n<li>Contribuir a l&#8217;orientaci\u00f3 dels alumnes<\/li>\n<li>Fomentar la implicaci\u00f3 de les fam\u00edlies<\/li>\n<li>Fomentar el vincle entre l&#8217;escola i el seu entorn.<\/li>\n<li>Contribuir al desenvolupament de plans d&#8217;\u00e0mbit comunitari.<\/li>\n<li>Reduir l&#8217;absentisme escolar.<\/li>\n<\/ul>\n","protected":false},"excerpt":{"rendered":"<p>En el marc del Pacte contra la segregaci\u00f3 escolar de Catalunya,\u00a0 el curs 2020-2021\u00a0el\u00a0<a href=\"http:\/\/educacio.gencat.cat\/ca\/departament\/linies-estrategiques\/pla-millora-oportunitats-educatives\/\" target=\"_blank\" rel=\"noopener\" data-saferedirecturl=\"https:\/\/www.google.com\/url?q=http:\/\/educacio.gencat.cat\/ca\/departament\/linies-estrategiques\/pla-millora-oportunitats-educatives\/&amp;source=gmail&amp;ust=1688034712500000&amp;usg=AOvVaw1KJDG-gooYi6fn2D-IlNu9\">Pla de Millora de les oportunitats educatives<\/a>\u00a0incorpora t\u00e8cnics d&#8217;integraci\u00f3 social i\u00a0 educadors socials als centres de m\u00e9s complexitat el 2 d&#8217;agost de 2022 s&#8217;aprova el Programa temporal cofinan\u00e7at&hellip;  <a href=\"https:\/\/agora.xtec.cat\/iemediterranicampclar\/programa-de-tecnics-dintegracio-social-i-educadors-socials\/\" title=\"Read Programa de t\u00e8cnics d&#8217;integraci\u00f3 social i educadors socials\">Llegeix m\u00e9s\u00bb<\/a><\/p>\n","protected":false},"author":29,"featured_media":0,"parent":0,"menu_order":0,"comment_status":"closed","ping_status":"closed","template":"","meta":{"_bbp_topic_count":0,"_bbp_reply_count":0,"_bbp_total_topic_count":0,"_bbp_total_reply_count":0,"_bbp_voice_count":0,"_bbp_anonymous_reply_count":0,"_bbp_topic_count_hidden":0,"_bbp_reply_count_hidden":0,"_bbp_forum_subforum_count":0,"footnotes":""},"class_list":["post-8366","page","type-page","status-publish","hentry"],"post_mailing_queue_ids":[],"_links":{"self":[{"href":"https:\/\/agora.xtec.cat\/iemediterranicampclar\/wp-json\/wp\/v2\/pages\/8366","targetHints":{"allow":["GET"]}}],"collection":[{"href":"https:\/\/agora.xtec.cat\/iemediterranicampclar\/wp-json\/wp\/v2\/pages"}],"about":[{"href":"https:\/\/agora.xtec.cat\/iemediterranicampclar\/wp-json\/wp\/v2\/types\/page"}],"author":[{"embeddable":true,"href":"https:\/\/agora.xtec.cat\/iemediterranicampclar\/wp-json\/wp\/v2\/users\/29"}],"replies":[{"embeddable":true,"href":"https:\/\/agora.xtec.cat\/iemediterranicampclar\/wp-json\/wp\/v2\/comments?post=8366"}],"version-history":[{"count":1,"href":"https:\/\/agora.xtec.cat\/iemediterranicampclar\/wp-json\/wp\/v2\/pages\/8366\/revisions"}],"predecessor-version":[{"id":8367,"href":"https:\/\/agora.xtec.cat\/iemediterranicampclar\/wp-json\/wp\/v2\/pages\/8366\/revisions\/8367"}],"wp:attachment":[{"href":"https:\/\/agora.xtec.cat\/iemediterranicampclar\/wp-json\/wp\/v2\/media?parent=8366"}],"curies":[{"name":"wp","href":"https:\/\/api.w.org\/{rel}","templated":true}]}}