{"id":7445,"date":"2022-06-27T14:01:12","date_gmt":"2022-06-27T12:01:12","guid":{"rendered":"https:\/\/agora.xtec.cat\/iemediterranicampclar\/?page_id=7445"},"modified":"2024-08-03T11:35:36","modified_gmt":"2024-08-03T09:35:36","slug":"cd-pagines-web","status":"publish","type":"page","link":"https:\/\/agora.xtec.cat\/iemediterranicampclar\/documents-de-centre\/cultura-digital\/cd-pagines-web\/","title":{"rendered":"CD &#8211; P\u00e0gines web"},"content":{"rendered":"<p>En aquest apartat trobareu una selecci\u00f3 de webs \u00fatils. En construcci\u00f3.<\/p>\n","protected":false},"excerpt":{"rendered":"<p>En aquest apartat trobareu una selecci\u00f3 de webs \u00fatils. En construcci\u00f3.<\/p>\n","protected":false},"author":29,"featured_media":0,"parent":7368,"menu_order":0,"comment_status":"closed","ping_status":"closed","template":"page-templates\/side-menu.php","meta":{"_bbp_topic_count":0,"_bbp_reply_count":0,"_bbp_total_topic_count":0,"_bbp_total_reply_count":0,"_bbp_voice_count":0,"_bbp_anonymous_reply_count":0,"_bbp_topic_count_hidden":0,"_bbp_reply_count_hidden":0,"_bbp_forum_subforum_count":0,"footnotes":""},"class_list":["post-7445","page","type-page","status-publish","hentry"],"post_mailing_queue_ids":[],"_links":{"self":[{"href":"https:\/\/agora.xtec.cat\/iemediterranicampclar\/wp-json\/wp\/v2\/pages\/7445","targetHints":{"allow":["GET"]}}],"collection":[{"href":"https:\/\/agora.xtec.cat\/iemediterranicampclar\/wp-json\/wp\/v2\/pages"}],"about":[{"href":"https:\/\/agora.xtec.cat\/iemediterranicampclar\/wp-json\/wp\/v2\/types\/page"}],"author":[{"embeddable":true,"href":"https:\/\/agora.xtec.cat\/iemediterranicampclar\/wp-json\/wp\/v2\/users\/29"}],"replies":[{"embeddable":true,"href":"https:\/\/agora.xtec.cat\/iemediterranicampclar\/wp-json\/wp\/v2\/comments?post=7445"}],"version-history":[{"count":2,"href":"https:\/\/agora.xtec.cat\/iemediterranicampclar\/wp-json\/wp\/v2\/pages\/7445\/revisions"}],"predecessor-version":[{"id":7478,"href":"https:\/\/agora.xtec.cat\/iemediterranicampclar\/wp-json\/wp\/v2\/pages\/7445\/revisions\/7478"}],"up":[{"embeddable":true,"href":"https:\/\/agora.xtec.cat\/iemediterranicampclar\/wp-json\/wp\/v2\/pages\/7368"}],"wp:attachment":[{"href":"https:\/\/agora.xtec.cat\/iemediterranicampclar\/wp-json\/wp\/v2\/media?parent=7445"}],"curies":[{"name":"wp","href":"https:\/\/api.w.org\/{rel}","templated":true}]}}