{"id":7369,"date":"2022-06-27T12:51:23","date_gmt":"2022-06-27T10:51:23","guid":{"rendered":"https:\/\/agora.xtec.cat\/iemediterranicampclar\/?page_id=7369"},"modified":"2023-11-07T08:30:19","modified_gmt":"2023-11-07T07:30:19","slug":"cd-families","status":"publish","type":"page","link":"https:\/\/agora.xtec.cat\/iemediterranicampclar\/cd-families\/","title":{"rendered":"CD &#8211; Fam\u00edlies"},"content":{"rendered":"<h1 style=\"text-align: center;\">ACOLLIDA DIGITAL: QU\u00c8 HEU DE SABER?<\/h1>\n<p style=\"text-align: center;\"><iframe loading=\"lazy\" src=\"https:\/\/drive.google.com\/file\/d\/1Vu-4h6WbB3RF9cF6p_sSgFpMtDr5hTHf\/preview\" width=\"640\" height=\"480\"><\/iframe><\/p>\n<h1 style=\"text-align: center;\">ACOLLIDA DIGITAL: ALTRES INFORMACIONS D&#8217;INTER\u00c8S<\/h1>\n<p style=\"text-align: center;\">COM PODEU ACOMPANYAR ELS VOSTRES FILLS I FILLES EN L&#8217;APRENENTATGE EN L\u00cdNIA?<br \/>\n<iframe loading=\"lazy\" title=\"YouTube video player\" src=\"https:\/\/www.youtube.com\/embed\/Cz3pG5RNQ_c\" width=\"560\" height=\"315\" frameborder=\"0\" allowfullscreen=\"allowfullscreen\"><\/iframe><\/p>\n<p style=\"text-align: center;\">QU\u00c8 PODEU TROBAR AL WEB DE L&#8217;ESCOLA?<br \/>\n<iframe loading=\"lazy\" title=\"YouTube video player\" src=\"https:\/\/www.youtube.com\/embed\/XLb1tL38AVM\" width=\"560\" height=\"315\" frameborder=\"0\" allowfullscreen=\"allowfullscreen\"><\/iframe><\/p>\n<p style=\"text-align: center;\">FAMILIAS DIGITALES: QU\u00c9 PUEDES ENCONTRAR EN EL WEB DEL CENTRO?<br \/>\n<iframe loading=\"lazy\" title=\"YouTube video player\" src=\"https:\/\/www.youtube.com\/embed\/RLGkVUXZgOw\" width=\"560\" height=\"315\" frameborder=\"0\" allowfullscreen=\"allowfullscreen\"><\/iframe><\/p>\n<p style=\"text-align: center;\">C\u00d3MO PUEDES ACOMPA\u00d1AR A TUS HIJOS E HIJAS EN EL APRENDIZAJE EN L\u00cdNEA?<\/p>\n<p style=\"text-align: center;\"><iframe loading=\"lazy\" title=\"YouTube video player\" src=\"https:\/\/www.youtube.com\/embed\/kTgz5rKW0m8\" width=\"560\" height=\"315\" frameborder=\"0\" allowfullscreen=\"allowfullscreen\"><\/iframe><\/p>\n<p id=\"title\" class=\"style-scope ytd-watch-metadata\" style=\"text-align: center;\">Fam\u00edlies digitals: \u0645\u0648\u0642\u0639 \u0627\u0644\u0645\u0631\u0643\u0632 \u0627\u0644\u062a\u0631\u0628\u0648\u064a<\/p>\n<p style=\"text-align: center;\"><iframe loading=\"lazy\" title=\"YouTube video player\" src=\"https:\/\/www.youtube.com\/embed\/5XHfP54wci0\" width=\"560\" height=\"315\" frameborder=\"0\" allowfullscreen=\"allowfullscreen\"><\/iframe><\/p>\n<p style=\"text-align: center;\">Fam\u00edlies digitals: \u0627\u0644\u062f\u0639\u0645 \u0627\u0644\u0631\u0642\u0645\u064a<\/p>\n<p style=\"text-align: center;\"><iframe loading=\"lazy\" title=\"YouTube video player\" src=\"https:\/\/www.youtube.com\/embed\/uT46O7Xg1LU\" width=\"560\" height=\"315\" frameborder=\"0\" allowfullscreen=\"allowfullscreen\"><\/iframe><\/p>\n","protected":false},"excerpt":{"rendered":"<p>ACOLLIDA DIGITAL: QU\u00c8 HEU DE SABER?<\/p>\n<p>ACOLLIDA DIGITAL: ALTRES INFORMACIONS D&#8217;INTER\u00c8S<br \/>\nCOM PODEU ACOMPANYAR ELS VOSTRES FILLS I FILLES EN L&#8217;APRENENTATGE EN L\u00cdNIA?<\/p>\n<p>QU\u00c8 PODEU TROBAR AL WEB DE L&#8217;ESCOLA?<\/p>\n<p>FAMILIAS DIGITALES: QU\u00c9 PUEDES ENCONTRAR EN EL WEB DEL CENTRO?<\/p>\n<p>C\u00d3MO PUEDES ACOMPA\u00d1AR A TUS HIJOS E HIJAS EN EL&hellip;  <a href=\"https:\/\/agora.xtec.cat\/iemediterranicampclar\/cd-families\/\" title=\"Read CD &#8211; Fam\u00edlies\">Llegeix m\u00e9s\u00bb<\/a><\/p>\n","protected":false},"author":29,"featured_media":0,"parent":0,"menu_order":0,"comment_status":"closed","ping_status":"closed","template":"","meta":{"_bbp_topic_count":0,"_bbp_reply_count":0,"_bbp_total_topic_count":0,"_bbp_total_reply_count":0,"_bbp_voice_count":0,"_bbp_anonymous_reply_count":0,"_bbp_topic_count_hidden":0,"_bbp_reply_count_hidden":0,"_bbp_forum_subforum_count":0,"footnotes":""},"class_list":["post-7369","page","type-page","status-publish","hentry"],"post_mailing_queue_ids":[],"_links":{"self":[{"href":"https:\/\/agora.xtec.cat\/iemediterranicampclar\/wp-json\/wp\/v2\/pages\/7369","targetHints":{"allow":["GET"]}}],"collection":[{"href":"https:\/\/agora.xtec.cat\/iemediterranicampclar\/wp-json\/wp\/v2\/pages"}],"about":[{"href":"https:\/\/agora.xtec.cat\/iemediterranicampclar\/wp-json\/wp\/v2\/types\/page"}],"author":[{"embeddable":true,"href":"https:\/\/agora.xtec.cat\/iemediterranicampclar\/wp-json\/wp\/v2\/users\/29"}],"replies":[{"embeddable":true,"href":"https:\/\/agora.xtec.cat\/iemediterranicampclar\/wp-json\/wp\/v2\/comments?post=7369"}],"version-history":[{"count":3,"href":"https:\/\/agora.xtec.cat\/iemediterranicampclar\/wp-json\/wp\/v2\/pages\/7369\/revisions"}],"predecessor-version":[{"id":17574,"href":"https:\/\/agora.xtec.cat\/iemediterranicampclar\/wp-json\/wp\/v2\/pages\/7369\/revisions\/17574"}],"wp:attachment":[{"href":"https:\/\/agora.xtec.cat\/iemediterranicampclar\/wp-json\/wp\/v2\/media?parent=7369"}],"curies":[{"name":"wp","href":"https:\/\/api.w.org\/{rel}","templated":true}]}}