{"id":7368,"date":"2022-06-27T12:51:22","date_gmt":"2022-06-27T10:51:22","guid":{"rendered":"https:\/\/agora.xtec.cat\/iemediterranicampclar\/?page_id=7368"},"modified":"2024-08-03T11:33:35","modified_gmt":"2024-08-03T09:33:35","slug":"cultura-digital","status":"publish","type":"page","link":"https:\/\/agora.xtec.cat\/iemediterranicampclar\/documents-de-centre\/cultura-digital\/","title":{"rendered":"CULTURA DIGITAL"},"content":{"rendered":"<p>El nostre centre disposa d&#8217;equipament per als alumnes (ordinadors, port\u00e0tils i tablets) a m\u00e9s de panells interactius. Fem un \u00fas racional i planificat d&#8217;aquestes eines per garantir que l&#8217;alumnat assoleix les compet\u00e8ncies necessaries per fer servir els programes que necessitar\u00e0 en la seva trajectoria acad\u00e8mica, i tamb\u00e9 aquelles que li permetin navegar i relacionar-se amb seguretat.<\/p>\n<p>En aquest apartat trobareu la informaci\u00f3 relativa a la cultura digital del centre:<\/p>\n<ul>\n<li><a href=\"https:\/\/agora.xtec.cat\/iemediterranicampclar\/cd-pagines-web\/\">Portals i xarxes<\/a> d&#8217;utilitat<\/li>\n<li><a href=\"https:\/\/agora.xtec.cat\/iemediterranicampclar\/cd-normativa-i-acords\/\">Normativa, procediments i acords<\/a> respecte a l&#8217;\u00fas de la tecnolog\u00eda<\/li>\n<li>Espai per l&#8217;<a href=\"https:\/\/agora.xtec.cat\/iemediterranicampclar\/cd-alumnes\/\">alumnat<\/a><\/li>\n<li>Espai per les <a href=\"https:\/\/agora.xtec.cat\/iemediterranicampclar\/cd-families\/\">fam\u00edlies<\/a><\/li>\n<li>Espai pels <a href=\"https:\/\/agora.xtec.cat\/iemediterranicampclar\/cd-professorat\/\">docents<\/a><\/li>\n<\/ul>\n<p>&nbsp;<\/p>\n","protected":false},"excerpt":{"rendered":"<p>El nostre centre disposa d&#8217;equipament per als alumnes (ordinadors, port\u00e0tils i tablets) a m\u00e9s de panells interactius. Fem un \u00fas racional i planificat d&#8217;aquestes eines per garantir que l&#8217;alumnat assoleix les compet\u00e8ncies necessaries per fer servir els programes que necessitar\u00e0 en la seva trajectoria acad\u00e8mica,&hellip;  <a href=\"https:\/\/agora.xtec.cat\/iemediterranicampclar\/documents-de-centre\/cultura-digital\/\" title=\"Read CULTURA DIGITAL\">Llegeix m\u00e9s\u00bb<\/a><\/p>\n","protected":false},"author":29,"featured_media":0,"parent":1240,"menu_order":0,"comment_status":"closed","ping_status":"closed","template":"page-templates\/side-menu.php","meta":{"_bbp_topic_count":0,"_bbp_reply_count":0,"_bbp_total_topic_count":0,"_bbp_total_reply_count":0,"_bbp_voice_count":0,"_bbp_anonymous_reply_count":0,"_bbp_topic_count_hidden":0,"_bbp_reply_count_hidden":0,"_bbp_forum_subforum_count":0,"footnotes":""},"class_list":["post-7368","page","type-page","status-publish","hentry"],"post_mailing_queue_ids":[],"_links":{"self":[{"href":"https:\/\/agora.xtec.cat\/iemediterranicampclar\/wp-json\/wp\/v2\/pages\/7368","targetHints":{"allow":["GET"]}}],"collection":[{"href":"https:\/\/agora.xtec.cat\/iemediterranicampclar\/wp-json\/wp\/v2\/pages"}],"about":[{"href":"https:\/\/agora.xtec.cat\/iemediterranicampclar\/wp-json\/wp\/v2\/types\/page"}],"author":[{"embeddable":true,"href":"https:\/\/agora.xtec.cat\/iemediterranicampclar\/wp-json\/wp\/v2\/users\/29"}],"replies":[{"embeddable":true,"href":"https:\/\/agora.xtec.cat\/iemediterranicampclar\/wp-json\/wp\/v2\/comments?post=7368"}],"version-history":[{"count":3,"href":"https:\/\/agora.xtec.cat\/iemediterranicampclar\/wp-json\/wp\/v2\/pages\/7368\/revisions"}],"predecessor-version":[{"id":7460,"href":"https:\/\/agora.xtec.cat\/iemediterranicampclar\/wp-json\/wp\/v2\/pages\/7368\/revisions\/7460"}],"up":[{"embeddable":true,"href":"https:\/\/agora.xtec.cat\/iemediterranicampclar\/wp-json\/wp\/v2\/pages\/1240"}],"wp:attachment":[{"href":"https:\/\/agora.xtec.cat\/iemediterranicampclar\/wp-json\/wp\/v2\/media?parent=7368"}],"curies":[{"name":"wp","href":"https:\/\/api.w.org\/{rel}","templated":true}]}}