{"id":7360,"date":"2022-06-27T12:38:48","date_gmt":"2022-06-27T10:38:48","guid":{"rendered":"https:\/\/agora.xtec.cat\/iemediterranicampclar\/?page_id=7360"},"modified":"2025-06-19T10:13:41","modified_gmt":"2025-06-19T08:13:41","slug":"edc-estrategia-digital-de-centre","status":"publish","type":"page","link":"https:\/\/agora.xtec.cat\/iemediterranicampclar\/documents-de-centre\/edc-estrategia-digital-de-centre\/","title":{"rendered":"ESTRAT\u00c8GIA DIGITAL DE CENTRE"},"content":{"rendered":"<p>L&#8217;<a href=\"https:\/\/educacio.gencat.cat\/ca\/departament\/publicacions\/colleccions\/pla-educacio-digital\/estrategia-digital-centre\/index.html\">estrat\u00e8gia digital de centre<\/a> \u00e9s un document que recull totes les accions que es realitzen en un centre, i les que es realitzaran a mitj\u00e0 termini, per aconseguir la m\u00e0xima compet\u00e8ncia digital de l\u2019alumnat, del professorat i del centre educatiu. Ha de tenir com a referent el Pla d\u2019educaci\u00f3 digital de Catalunya (PEDC), on s\u2019indica la necessitat d\u2019assolir la fita d\u2019una societat digitalment competent, fent \u00e8mfasi en l\u2019equitat i tenint en compte l\u2019evoluci\u00f3 del context social i tecnol\u00f2gic.<\/p>\n<p>Aquesta estrat\u00e8gia \u00e9s un treball per etapes:<\/p>\n<ul>\n<li>Parteix d&#8217;un <a href=\"https:\/\/agora.xtec.cat\/iemediterranicampclar\/edc-diagnostic\/\">diagn\u00f2stic<\/a><\/li>\n<li>Condueix a una definici\u00f3 d&#8217;<a href=\"https:\/\/agora.xtec.cat\/iemediterranicampclar\/edc-estrategia-digital-de-centre\/edc-objectius\/\">objectius i accions<\/a> concretes per assolir-los.<\/li>\n<li>Que caldr\u00e0 <a href=\"https:\/\/agora.xtec.cat\/iemediterranicampclar\/documents-de-centre\/edc-estrategia-digital-de-centre\/edc-avaluacio-i-seguiment\/\">avaluar<\/a> per assegurar-ne l&#8217;assoliment.<\/li>\n<\/ul>\n<p>M\u00e9s avall podeu veure el document que guia la seva elaboraci\u00f3.<\/p>\n<p>&nbsp;<\/p>\n<p><iframe loading=\"lazy\" src=\"https:\/\/drive.google.com\/file\/d\/1gCrudkquud1Cnle29gJwXcUrFtSoC3DV\/preview\" width=\"640\" height=\"480\"><\/iframe><\/p>\n","protected":false},"excerpt":{"rendered":"<p>L&#8217;<a href=\"https:\/\/educacio.gencat.cat\/ca\/departament\/publicacions\/colleccions\/pla-educacio-digital\/estrategia-digital-centre\/index.html\">estrat\u00e8gia digital de centre<\/a> \u00e9s un document que recull totes les accions que es realitzen en un centre, i les que es realitzaran a mitj\u00e0 termini, per aconseguir la m\u00e0xima compet\u00e8ncia digital de l\u2019alumnat, del professorat i del centre educatiu. Ha de tenir com&hellip;  <a href=\"https:\/\/agora.xtec.cat\/iemediterranicampclar\/documents-de-centre\/edc-estrategia-digital-de-centre\/\" title=\"Read ESTRAT\u00c8GIA DIGITAL DE CENTRE\">Llegeix m\u00e9s\u00bb<\/a><\/p>\n","protected":false},"author":29,"featured_media":0,"parent":1240,"menu_order":0,"comment_status":"closed","ping_status":"closed","template":"page-templates\/side-menu.php","meta":{"_bbp_topic_count":0,"_bbp_reply_count":0,"_bbp_total_topic_count":0,"_bbp_total_reply_count":0,"_bbp_voice_count":0,"_bbp_anonymous_reply_count":0,"_bbp_topic_count_hidden":0,"_bbp_reply_count_hidden":0,"_bbp_forum_subforum_count":0,"footnotes":""},"class_list":["post-7360","page","type-page","status-publish","hentry"],"post_mailing_queue_ids":[],"_links":{"self":[{"href":"https:\/\/agora.xtec.cat\/iemediterranicampclar\/wp-json\/wp\/v2\/pages\/7360","targetHints":{"allow":["GET"]}}],"collection":[{"href":"https:\/\/agora.xtec.cat\/iemediterranicampclar\/wp-json\/wp\/v2\/pages"}],"about":[{"href":"https:\/\/agora.xtec.cat\/iemediterranicampclar\/wp-json\/wp\/v2\/types\/page"}],"author":[{"embeddable":true,"href":"https:\/\/agora.xtec.cat\/iemediterranicampclar\/wp-json\/wp\/v2\/users\/29"}],"replies":[{"embeddable":true,"href":"https:\/\/agora.xtec.cat\/iemediterranicampclar\/wp-json\/wp\/v2\/comments?post=7360"}],"version-history":[{"count":4,"href":"https:\/\/agora.xtec.cat\/iemediterranicampclar\/wp-json\/wp\/v2\/pages\/7360\/revisions"}],"predecessor-version":[{"id":18071,"href":"https:\/\/agora.xtec.cat\/iemediterranicampclar\/wp-json\/wp\/v2\/pages\/7360\/revisions\/18071"}],"up":[{"embeddable":true,"href":"https:\/\/agora.xtec.cat\/iemediterranicampclar\/wp-json\/wp\/v2\/pages\/1240"}],"wp:attachment":[{"href":"https:\/\/agora.xtec.cat\/iemediterranicampclar\/wp-json\/wp\/v2\/media?parent=7360"}],"curies":[{"name":"wp","href":"https:\/\/api.w.org\/{rel}","templated":true}]}}