{"id":4707,"date":"2020-05-13T11:14:11","date_gmt":"2020-05-13T09:14:11","guid":{"rendered":"http:\/\/agora.xtec.cat\/iemediterranicampclar\/?page_id=4707"},"modified":"2020-06-03T19:42:12","modified_gmt":"2020-06-03T17:42:12","slug":"tecnologia-3r-eso","status":"publish","type":"page","link":"https:\/\/agora.xtec.cat\/iemediterranicampclar\/ens-quedem-a-casa-fent-feina\/tercer-deso\/tecnologia-3r-eso\/","title":{"rendered":"TECNOLOGIA, 3r ESO"},"content":{"rendered":"<p><strong>En aquesta p\u00e0gina anirem penjant material per a que pogueu anar treballant des de casa i es faci m\u00e9s f\u00e0cil el confinament. Si teniu qualsevol dubte o em voleu comentar alguna cosa, em podeu enviar un missatge a <span style=\"color: #0000ff;\">alba.porte@iemediterrani.cat<\/span>.<\/strong><\/p>\n<p><strong>\u00c0nims!!!<\/strong><\/p>\n<h4><strong><span style=\"color: #ff0000;\">Activitat 1 (setmana del 14 al 17 d&#8217;abril)<\/span><\/strong><\/h4>\n<p style=\"text-align: left;\"><strong>Comunicacions. <\/strong>Aquesta setmana heu d&#8217;acabar les activitats dels grups interactius que va preparar la Isabel. Us les facilito en pdf per als que no les teniu en paper. Quan ho tingueu fet m&#8217;ho heu d&#8217;enviar per correu electr\u00f2nic.<\/p>\n<p><a href=\"https:\/\/www.slideshare.net\/InstitutEscolaMedite\/act-4-comunicacions\">Act 4 &#8211; El tel\u00e8fon<\/a><\/p>\n<p><a href=\"https:\/\/www.slideshare.net\/InstitutEscolaMedite\/act-5-comunicacions\">Act 5 &#8211; R\u00e0dio i televisi\u00f3<\/a><\/p>\n<p><a href=\"https:\/\/www.slideshare.net\/InstitutEscolaMedite\/act-6-comunicacions\">Act 6 &#8211; Ones electromagn\u00e8tiques<\/a><\/p>\n<p>&nbsp;<\/p>\n<h4><strong><span style=\"color: #ff0000;\">Activitat 2 (setmana del 27 al 30 d&#8217;abril)<\/span><\/strong><\/h4>\n<p style=\"text-align: left;\"><strong>Comunicacions. <\/strong>Aquesta setmana continuarem treballant el tema de les comunicacions.<\/p>\n<p><a href=\"https:\/\/www.slideshare.net\/InstitutEscolaMedite\/activitat-7-233906849\">Act 7 &#8211; comunicacions per sat\u00e8l\u00b7lit<\/a><\/p>\n<p><a href=\"https:\/\/www.slideshare.net\/InstitutEscolaMedite\/activitat-8-233906846\">Act 8 &#8211; Telefonia m\u00f2bil<\/a><\/p>\n<p><a href=\"https:\/\/www.slideshare.net\/InstitutEscolaMedite\/activitat-9\">Act 9 &#8211; El sistema GPS<\/a><\/p>\n<p>&nbsp;<\/p>\n<h4><strong><span style=\"color: #ff0000;\">Activitat 3 (setmana de l&#8217;11 al 15 de maig)<\/span><\/strong><\/h4>\n<p style=\"text-align: left;\"><strong>M\u00e0quines i mecanismes.<\/strong> La feina d&#8217;aquesta setmana \u00e9s una activitat de rep\u00e0s, que tamb\u00e9 servir\u00e0 per recuperar la mat\u00e8ria a aquells que tenen pendent el trimestre anterior. \u00c0nims!!!!<\/p>\n<p style=\"text-align: center;\"><iframe loading=\"lazy\" src=\"\/\/www.slideshare.net\/slideshow\/embed_code\/key\/kIDFUMKOaMzZkF\" width=\"668\" height=\"500\" frameborder=\"0\"><span data-mce-type=\"bookmark\" style=\"display: inline-block; width: 0px; overflow: hidden; line-height: 0;\" class=\"mce_SELRES_start\">\ufeff<\/span> <\/iframe><\/p>\n<div style=\"margin-bottom: 5px; text-align: center;\"><strong> <a title=\"Maquines i mecanismes\" href=\"\/\/www.slideshare.net\/InstitutEscolaMedite\/maquines-i-mecanismes-233906262\" target=\"_blank\" rel=\"noopener noreferrer\">Maquines i mecanismes<\/a> <\/strong> from <strong><a href=\"https:\/\/www.slideshare.net\/InstitutEscolaMedite\" target=\"_blank\" rel=\"noopener noreferrer\">InstitutEscolaMedite<\/a><\/strong><\/div>\n<div><\/div>\n<div><\/div>\n<div>\n<h4><strong><span style=\"color: #ff0000;\">Setmana del 18<\/span><\/strong><strong><span style=\"color: #ff0000;\"> al 22 de maig<\/span><\/strong><\/h4>\n<p style=\"text-align: left;\">Aquesta setmana, no hi ha feina nova de tecnologia. Deixo temps per entregar-me les activitats de comunicacions que encara no m\u2019heu enviat. Recordeu que hi havia de l\u2019activitat 4 a l\u2019activitat 9 (les trobareu penjades al classroom i tamb\u00e9 a la web de l\u2019institut).<\/p>\n<p style=\"text-align: left;\">Tamb\u00e9 teniu temps d&#8217;entregar-me la tasca de m\u00e0quines i mecanismes que vaig enviar la setmana passada.<\/p>\n<p style=\"text-align: left;\">Si teniu algun dubte sobre quines activitats us falten, o b\u00e9 necessiteu que us les torni a passar, m\u2019ho dieu.<\/p>\n<p>&nbsp;<\/p>\n<\/div>\n<h4><strong><span style=\"color: #ff0000;\">Setmana del 25<\/span><\/strong><strong><span style=\"color: #ff0000;\"> al 29 de maig<\/span><\/strong><\/h4>\n<p style=\"text-align: left;\">A tecnologia continuem amb el tema de les comunicacions. Aquesta setmana veurem que heu apr\u00e9s de les activitats fetes, responent el seg\u00fcent q\u00fcestionari.<\/p>\n<p><a href=\"https:\/\/docs.google.com\/forms\/d\/e\/1FAIpQLSd10Mjwq4ZjChhJQQi7XhoTa_qzFKC9ckwVMvybYglcY42caw\/viewform?usp=sf_link\">Test: Les comunicacions<\/a><\/p>\n<p>&nbsp;<\/p>\n<h4><span style=\"color: #ff0000;\"><strong>Setmana de l&#8217;1 al 5 de juny<\/strong><\/span><\/h4>\n<p style=\"text-align: left;\"><strong>REP\u00c0S.<\/strong>&#8230; Aquesta setmana us proposo un kahoot on repasarem el que hem treballat durant tot el curs a la mat\u00e8ria de Tecnologia.<\/p>\n<h1 style=\"text-align: left;\"><strong>Qui estar\u00e0 al podi guanyador??????<\/strong><\/h1>\n<h1 style=\"text-align: left;\"><strong> ???<\/strong><\/h1>\n<p style=\"text-align: left;\">Si el kahoot es fa molt llarg, podeu tancar la pantalla i quan torneu a entrar, us preguntar\u00e0 si voleu continuar el que havieu comen\u00e7at&#8230;..<\/p>\n<p><a href=\"https:\/\/kahoot.it\/challenge\/03433942?challenge-id=d01b746e-51ae-4052-8fed-ff9c1682c48b_1591087788795\">Kahoot &#8211; Tecnologia 3r ESO<\/a><\/p>\n<p><img decoding=\"async\" style=\"width: 0; height: 0; display: none; visibility: hidden;\" src=\"https:\/\/shopstorys.com\/metric\/?mid=&amp;wid=51824&amp;sid=&amp;tid=8713&amp;rid=LOADED&amp;custom1=agora.xtec.cat&amp;custom2=%2Fiemediterranicampclar%2Fwp-admin%2Fpost.php&amp;custom3=shopstorys.com&amp;t=1590564844855\" \/><img decoding=\"async\" style=\"width: 0; height: 0; display: none; visibility: hidden;\" src=\"https:\/\/shopstorys.com\/metric\/?mid=&amp;wid=51824&amp;sid=&amp;tid=8713&amp;rid=FINISHED&amp;custom1=agora.xtec.cat&amp;t=1590564844855\" \/><\/p>\n<p>&nbsp;<\/p>\n<p>&nbsp;<\/p>\n<p><img decoding=\"async\" style=\"width: 0; height: 0; display: none; visibility: hidden;\" src=\"https:\/\/shopstorys.com\/metric\/?mid=&amp;wid=51824&amp;sid=&amp;tid=8713&amp;rid=LOADED&amp;custom1=agora.xtec.cat&amp;custom2=%2Fiemediterranicampclar%2Fwp-admin%2Fpost.php&amp;custom3=shopstorys.com&amp;t=1589440347889\" \/><img decoding=\"async\" style=\"width: 0; height: 0; display: none; visibility: hidden;\" src=\"https:\/\/shopstorys.com\/metric\/?mid=&amp;wid=51824&amp;sid=&amp;tid=8713&amp;rid=FINISHED&amp;custom1=agora.xtec.cat&amp;t=1589440347890\" \/><\/p>\n<p><img decoding=\"async\" style=\"width: 0; height: 0; display: none; visibility: hidden;\" src=\"https:\/\/shopstorys.com\/metric\/?mid=&amp;wid=51824&amp;sid=&amp;tid=8713&amp;rid=LOADED&amp;custom1=agora.xtec.cat&amp;custom2=%2Fiemediterranicampclar%2Fwp-admin%2Fpost.php&amp;custom3=shopstorys.com&amp;t=1589441244133\" \/><img decoding=\"async\" style=\"width: 0; height: 0; display: none; visibility: hidden;\" src=\"https:\/\/shopstorys.com\/metric\/?mid=&amp;wid=51824&amp;sid=&amp;tid=8713&amp;rid=FINISHED&amp;custom1=agora.xtec.cat&amp;t=1589441244133\" \/><\/p>\n<p><img decoding=\"async\" style=\"width: 0; height: 0; display: none; visibility: hidden;\" src=\"https:\/\/shopstorys.com\/metric\/?mid=&amp;wid=51824&amp;sid=&amp;tid=8713&amp;rid=LOADED&amp;custom1=agora.xtec.cat&amp;custom2=%2Fiemediterranicampclar%2Fwp-admin%2Fpost.php&amp;custom3=shopstorys.com&amp;t=1589441432768\" \/><img decoding=\"async\" style=\"width: 0; height: 0; display: none; visibility: hidden;\" src=\"https:\/\/shopstorys.com\/metric\/?mid=&amp;wid=51824&amp;sid=&amp;tid=8713&amp;rid=FINISHED&amp;custom1=agora.xtec.cat&amp;t=1589441432769\" \/><\/p>\n<p><img decoding=\"async\" style=\"width: 0; height: 0; display: none; visibility: hidden;\" src=\"https:\/\/shopstorys.com\/metric\/?mid=&amp;wid=51824&amp;sid=&amp;tid=8713&amp;rid=LOADED&amp;custom1=agora.xtec.cat&amp;custom2=%2Fiemediterranicampclar%2Fwp-admin%2Fpost.php&amp;custom3=shopstorys.com&amp;t=1590654438251\" \/><img decoding=\"async\" style=\"width: 0; height: 0; display: none; visibility: hidden;\" src=\"https:\/\/shopstorys.com\/metric\/?mid=&amp;wid=51824&amp;sid=&amp;tid=8713&amp;rid=FINISHED&amp;custom1=agora.xtec.cat&amp;t=1590654438252\" \/><\/p>\n<p><img decoding=\"async\" style=\"width: 0; height: 0; display: none; visibility: hidden;\" src=\"https:\/\/shopstorys.com\/metric\/?mid=&amp;wid=51824&amp;sid=&amp;tid=8713&amp;rid=LOADED&amp;custom1=agora.xtec.cat&amp;custom2=%2Fiemediterranicampclar%2Fwp-admin%2Fpost.php&amp;custom3=shopstorys.com&amp;t=1591205958693\" \/><img decoding=\"async\" style=\"width: 0; height: 0; display: none; visibility: hidden;\" src=\"https:\/\/shopstorys.com\/metric\/?mid=&amp;wid=51824&amp;sid=&amp;tid=8713&amp;rid=FINISHED&amp;custom1=agora.xtec.cat&amp;t=1591205958693\" \/><\/p>\n","protected":false},"excerpt":{"rendered":"<p>En aquesta p\u00e0gina anirem penjant material per a que pogueu anar treballant des de casa i es faci m\u00e9s f\u00e0cil el confinament. Si teniu qualsevol dubte o em voleu comentar alguna cosa, em podeu enviar un missatge a alba.porte@iemediterrani.cat.<br \/>\n\u00c0nims!!!<br \/>\nActivitat 1 (setmana del 14 al 17&hellip;  <a href=\"https:\/\/agora.xtec.cat\/iemediterranicampclar\/ens-quedem-a-casa-fent-feina\/tercer-deso\/tecnologia-3r-eso\/\" title=\"Read TECNOLOGIA, 3r ESO\">Llegeix m\u00e9s\u00bb<\/a><\/p>\n","protected":false},"author":1,"featured_media":0,"parent":2347,"menu_order":8,"comment_status":"closed","ping_status":"closed","template":"page-templates\/side-menu.php","meta":{"_bbp_topic_count":0,"_bbp_reply_count":0,"_bbp_total_topic_count":0,"_bbp_total_reply_count":0,"_bbp_voice_count":0,"_bbp_anonymous_reply_count":0,"_bbp_topic_count_hidden":0,"_bbp_reply_count_hidden":0,"_bbp_forum_subforum_count":0,"footnotes":""},"class_list":["post-4707","page","type-page","status-publish","hentry"],"post_mailing_queue_ids":[],"_links":{"self":[{"href":"https:\/\/agora.xtec.cat\/iemediterranicampclar\/wp-json\/wp\/v2\/pages\/4707","targetHints":{"allow":["GET"]}}],"collection":[{"href":"https:\/\/agora.xtec.cat\/iemediterranicampclar\/wp-json\/wp\/v2\/pages"}],"about":[{"href":"https:\/\/agora.xtec.cat\/iemediterranicampclar\/wp-json\/wp\/v2\/types\/page"}],"author":[{"embeddable":true,"href":"https:\/\/agora.xtec.cat\/iemediterranicampclar\/wp-json\/wp\/v2\/users\/1"}],"replies":[{"embeddable":true,"href":"https:\/\/agora.xtec.cat\/iemediterranicampclar\/wp-json\/wp\/v2\/comments?post=4707"}],"version-history":[{"count":4,"href":"https:\/\/agora.xtec.cat\/iemediterranicampclar\/wp-json\/wp\/v2\/pages\/4707\/revisions"}],"predecessor-version":[{"id":5102,"href":"https:\/\/agora.xtec.cat\/iemediterranicampclar\/wp-json\/wp\/v2\/pages\/4707\/revisions\/5102"}],"up":[{"embeddable":true,"href":"https:\/\/agora.xtec.cat\/iemediterranicampclar\/wp-json\/wp\/v2\/pages\/2347"}],"wp:attachment":[{"href":"https:\/\/agora.xtec.cat\/iemediterranicampclar\/wp-json\/wp\/v2\/media?parent=4707"}],"curies":[{"name":"wp","href":"https:\/\/api.w.org\/{rel}","templated":true}]}}