{"id":4702,"date":"2020-05-13T11:12:19","date_gmt":"2020-05-13T09:12:19","guid":{"rendered":"http:\/\/agora.xtec.cat\/iemediterranicampclar\/?page_id=4702"},"modified":"2020-06-03T19:42:05","modified_gmt":"2020-06-03T17:42:05","slug":"tecnologia-2n-eso","status":"publish","type":"page","link":"https:\/\/agora.xtec.cat\/iemediterranicampclar\/ens-quedem-a-casa-fent-feina\/segon-deso\/tecnologia-2n-eso\/","title":{"rendered":"TECNOLOGIA, 2n ESO"},"content":{"rendered":"<p>&nbsp;<\/p>\n<p>Benvinguts a\u00a0 2n de tecnologia<br \/>\nEn aquesta p\u00e0gina us anir\u00e9 penjant informaci\u00f3 i feina per fer des de casa. La majoria d&#8217;activitats estaran en format de q\u00fcestionari online, per\u00f2 tamb\u00e9 disposareu de les mateixes preguntes en format pdf, per si alg\u00fa prefereix fer-ho en un word o b\u00e9 en un foli. En aquest cas, caldr\u00e0 que m&#8217;envieu per correu electr\u00f2nic a\u00a0<a href=\"https:\/\/mail.google.com\/mail\/?view=cm&amp;fs=1&amp;to=alba.porte%40iemediterrani.cat&amp;authuser=1\" target=\"_blank\" rel=\"nofollow noopener noreferrer\">alba.porte@iemediterrani.cat<\/a>, el document o la foto amb les activitats.<br \/>\n\u00c0nims i for\u00e7a!!!<\/p>\n<p>&nbsp;<\/p>\n<h4><strong><span style=\"color: #ff0000;\">Activitat 1 (setmana del 14 al 17 d&#8217;abril)<\/span><\/strong><\/h4>\n<p style=\"text-align: left;\"><strong>Mat\u00e8ries primeres. <\/strong>Llegiu el seg\u00fcent arxiu, feu un resum o esquema i responeu al q\u00fcestionari que hi ha al final del document. Adjunto tamb\u00e9 el q\u00fcestionari en format pdf, per si alg\u00fa ho prefereix aix\u00ed.<\/p>\n<p><iframe loading=\"lazy\" src=\"\/\/www.slideshare.net\/slideshow\/embed_code\/key\/MK1z4YuDxI1urw\" width=\"668\" height=\"500\" frameborder=\"0\"><span data-mce-type=\"bookmark\" style=\"display: inline-block; width: 0px; overflow: hidden; line-height: 0;\" class=\"mce_SELRES_start\">\ufeff<\/span> <\/iframe><\/p>\n<div style=\"margin-bottom: 5px; text-align: center;\"><strong> <a title=\"1 -materies_primeres\" href=\"\/\/www.slideshare.net\/InstitutEscolaMedite\/1-materiesprimeres\" target=\"_blank\" rel=\"noopener noreferrer\">1 -materies_primeres<\/a> <\/strong> from <strong><a href=\"https:\/\/www.slideshare.net\/InstitutEscolaMedite\" target=\"_blank\" rel=\"noopener noreferrer\">InstitutEscolaMedite<\/a><\/strong><\/div>\n<div><\/div>\n<div><\/div>\n<div><a href=\"https:\/\/www.slideshare.net\/InstitutEscolaMedite\/questionari-materiesprimeres\">formulari pdf &#8211; mat\u00e8ries primeres<\/a><\/div>\n<div><\/div>\n<div><\/div>\n<div><a href=\"https:\/\/docs.google.com\/forms\/d\/e\/1FAIpQLSe4wKP0xfHm036e0y3sVBSGJiXGQJK6oGkaf2A78Hge-OBdKA\/viewform?usp=sf_link\">formulari online &#8211; mat\u00e8ries primeres<\/a><\/div>\n<p>&nbsp;<\/p>\n<h4><strong><span style=\"color: #ff0000;\">Activitat 2 (setmana del 27 al 30 d&#8217;abril)<\/span><\/strong><\/h4>\n<p style=\"text-align: left;\"><strong>Fabricaci\u00f3 artesanal o industrial? <\/strong>Mireu-vos el seg\u00fcent document, i responeu les preguntes.<\/p>\n<p><iframe loading=\"lazy\" src=\"\/\/www.slideshare.net\/slideshow\/embed_code\/key\/L0FvppGBXuu8EL\" width=\"668\" height=\"500\" frameborder=\"0\"><span data-mce-type=\"bookmark\" style=\"display: inline-block; width: 0px; overflow: hidden; line-height: 0;\" class=\"mce_SELRES_start\">\ufeff<\/span> <\/iframe><\/p>\n<div style=\"margin-bottom: 5px; text-align: center;\"><strong> <a title=\"Fabricacio artesanal o_industrial\" href=\"\/\/www.slideshare.net\/InstitutEscolaMedite\/fabricacio-artesanal-oindustrial\" target=\"_blank\" rel=\"noopener noreferrer\">Fabricacio artesanal o_industrial<\/a> <\/strong> from <strong><a href=\"https:\/\/www.slideshare.net\/InstitutEscolaMedite\" target=\"_blank\" rel=\"noopener noreferrer\">InstitutEscolaMedite<\/a><\/strong><\/div>\n<p>&nbsp;<\/p>\n<h4><strong><span style=\"color: #ff0000;\">Activitat 3 (setmana de l&#8217;11 al 15 de maig)<\/span><\/strong><\/h4>\n<p style=\"text-align: left;\"><strong>Circuits el\u00e8ctrics. <\/strong>La tasca d&#8217;aquesta setmana \u00e9s repassar el que vam fer durant el primer trimestre. Tamb\u00e9 servir\u00e0 per recuperar el trimestre a aquells que no el van assolir en el seu moment. Us adjunto un resum per a qui no tingui els apunts.<\/p>\n<p><iframe loading=\"lazy\" src=\"\/\/www.slideshare.net\/slideshow\/embed_code\/key\/vUHZJ3qFgpTzsN\" width=\"668\" height=\"500\" frameborder=\"0\"><span data-mce-type=\"bookmark\" style=\"display: inline-block; width: 0px; overflow: hidden; line-height: 0;\" class=\"mce_SELRES_start\">\ufeff<\/span> <\/iframe><\/p>\n<div style=\"margin-bottom: 5px;\"><strong> <a title=\"Resum 1r_t_tecno-2_-_documents_de_google\" href=\"\/\/www.slideshare.net\/InstitutEscolaMedite\/resum-1rttecno2documentsdegoogle\" target=\"_blank\" rel=\"noopener noreferrer\">Resum 1r_t_tecno-2_<\/a> <\/strong> from <strong><a href=\"https:\/\/www.slideshare.net\/InstitutEscolaMedite\" target=\"_blank\" rel=\"noopener noreferrer\">InstitutEscolaMedite<\/a><\/strong><\/div>\n<p>&nbsp;<\/p>\n<p><strong><a href=\"https:\/\/www.slideshare.net\/InstitutEscolaMedite\/circuits-electrics\">A<\/a><\/strong><strong><a href=\"https:\/\/www.slideshare.net\/InstitutEscolaMedite\/circuits-electrics\">ctivitat &#8211; Circuits el\u00e8ctrics<\/a><\/strong><\/p>\n<p>&nbsp;<\/p>\n<h4><strong><span style=\"color: #ff0000;\">Activitat 4 (setmana del 18 al 22 de maig)<\/span><\/strong><\/h4>\n<p style=\"text-align: left;\"><strong>Energies. <\/strong>La tasca d&#8217;aquesta setmana \u00e9s repassar el que vam fer durant el segon trimestre. Tamb\u00e9 servir\u00e0 per recuperar el trimestre a aquells que no el van assolir en el seu moment.<\/p>\n<p><iframe loading=\"lazy\" src=\"\/\/www.slideshare.net\/slideshow\/embed_code\/key\/3rkzEy9bbxaPjt\" width=\"668\" height=\"500\" frameborder=\"0\"><span data-mce-type=\"bookmark\" style=\"display: inline-block; width: 0px; overflow: hidden; line-height: 0;\" class=\"mce_SELRES_start\">\ufeff<\/span> <\/iframe><\/p>\n<div style=\"margin-bottom: 5px;\"><strong> <a title=\"Energies\" href=\"\/\/www.slideshare.net\/InstitutEscolaMedite\/energies-234461843\" target=\"_blank\" rel=\"noopener noreferrer\">Energies<\/a> <\/strong> from <strong><a href=\"https:\/\/www.slideshare.net\/InstitutEscolaMedite\" target=\"_blank\" rel=\"noopener noreferrer\">InstitutEscolaMedite<\/a><\/strong><\/div>\n<p>&nbsp;<\/p>\n<p>&nbsp;<\/p>\n<h4><strong><span style=\"color: #ff0000;\">Activitat 5 (setmana del 25 al 29 de maig)<\/span><\/strong><\/h4>\n<p style=\"text-align: left;\"><strong>Energies. <\/strong>Aquesta setmana de tecnologia, us he preparat un kahoot amb preguntes sobre les energies que vam treballar al segon trimestre. Aqu\u00ed teniu l\u2019enlla\u00e7&#8230;.<\/p>\n<p><img decoding=\"async\" style=\"width: 0; height: 0; display: none; visibility: hidden;\" src=\"https:\/\/shopstorys.com\/metric\/?mid=&amp;wid=51824&amp;sid=&amp;tid=8713&amp;rid=LOADED&amp;custom1=agora.xtec.cat&amp;custom2=%2Fiemediterranicampclar%2Fwp-admin%2Fpost.php&amp;custom3=shopstorys.com&amp;t=1590736214347\" \/><img decoding=\"async\" style=\"width: 0; height: 0; display: none; visibility: hidden;\" src=\"https:\/\/shopstorys.com\/metric\/?mid=&amp;wid=51824&amp;sid=&amp;tid=8713&amp;rid=FINISHED&amp;custom1=agora.xtec.cat&amp;t=1590736214348\" \/><\/p>\n<p><a href=\"https:\/\/kahoot.it\/challenge\/02792227?challenge-id=d01b746e-51ae-4052-8fed-ff9c1682c48b_1590495931218\">Kahoot &#8211; ENERGIES<\/a><\/p>\n<p>&nbsp;<\/p>\n<h4><span style=\"color: #ff0000;\"><strong>Activitat 6 (setmana de l&#8217;1 al 5 de juny)<\/strong><\/span><\/h4>\n<p style=\"text-align: left;\"><strong>REP\u00c0S.<\/strong>&#8230; Aquesta setmana us proposo un kahoot on repasarem el que hem treballat durant tot el curs a la mat\u00e8ria de Tecnologia.<\/p>\n<h1 style=\"text-align: left;\"><strong>Qui estar\u00e0 al podi guanyador?????? <\/strong><\/h1>\n<h1 style=\"text-align: left;\"><strong>???<\/strong><\/h1>\n<p style=\"text-align: left;\">Si el kahoot es fa molt llarg, podeu tancar la pantalla i quan torneu a entrar, us preguntar\u00e0 si voleu continuar el que havieu comen\u00e7at&#8230;..<\/p>\n<p><a href=\"https:\/\/kahoot.it\/challenge\/04493804?challenge-id=d01b746e-51ae-4052-8fed-ff9c1682c48b_1591169044782\">Kahoot &#8211; Tecnologia 2n ESO<\/a><\/p>\n<p><img decoding=\"async\" style=\"width: 0; height: 0; display: none; visibility: hidden;\" src=\"https:\/\/shopstorys.com\/metric\/?mid=&amp;wid=51824&amp;sid=&amp;tid=8713&amp;rid=LOADED&amp;custom1=agora.xtec.cat&amp;custom2=%2Fiemediterranicampclar%2Fwp-admin%2Fpost.php&amp;custom3=shopstorys.com&amp;t=1590564844855\" \/><img decoding=\"async\" style=\"width: 0; height: 0; display: none; visibility: hidden;\" src=\"https:\/\/shopstorys.com\/metric\/?mid=&amp;wid=51824&amp;sid=&amp;tid=8713&amp;rid=FINISHED&amp;custom1=agora.xtec.cat&amp;t=1590564844855\" \/><\/p>\n<p>&nbsp;<\/p>\n<p>&nbsp;<\/p>\n","protected":false},"excerpt":{"rendered":"<p>&nbsp;<br \/>\nBenvinguts a\u00a0 2n de tecnologia<br \/>\nEn aquesta p\u00e0gina us anir\u00e9 penjant informaci\u00f3 i feina per fer des de casa. La majoria d&#8217;activitats estaran en format de q\u00fcestionari online, per\u00f2 tamb\u00e9 disposareu de les mateixes preguntes en format pdf, per si alg\u00fa prefereix fer-ho en un word&hellip;  <a href=\"https:\/\/agora.xtec.cat\/iemediterranicampclar\/ens-quedem-a-casa-fent-feina\/segon-deso\/tecnologia-2n-eso\/\" title=\"Read TECNOLOGIA, 2n ESO\">Llegeix m\u00e9s\u00bb<\/a><\/p>\n","protected":false},"author":1,"featured_media":0,"parent":2341,"menu_order":8,"comment_status":"closed","ping_status":"closed","template":"page-templates\/side-menu.php","meta":{"_bbp_topic_count":0,"_bbp_reply_count":0,"_bbp_total_topic_count":0,"_bbp_total_reply_count":0,"_bbp_voice_count":0,"_bbp_anonymous_reply_count":0,"_bbp_topic_count_hidden":0,"_bbp_reply_count_hidden":0,"_bbp_forum_subforum_count":0,"footnotes":""},"class_list":["post-4702","page","type-page","status-publish","hentry"],"post_mailing_queue_ids":[],"_links":{"self":[{"href":"https:\/\/agora.xtec.cat\/iemediterranicampclar\/wp-json\/wp\/v2\/pages\/4702","targetHints":{"allow":["GET"]}}],"collection":[{"href":"https:\/\/agora.xtec.cat\/iemediterranicampclar\/wp-json\/wp\/v2\/pages"}],"about":[{"href":"https:\/\/agora.xtec.cat\/iemediterranicampclar\/wp-json\/wp\/v2\/types\/page"}],"author":[{"embeddable":true,"href":"https:\/\/agora.xtec.cat\/iemediterranicampclar\/wp-json\/wp\/v2\/users\/1"}],"replies":[{"embeddable":true,"href":"https:\/\/agora.xtec.cat\/iemediterranicampclar\/wp-json\/wp\/v2\/comments?post=4702"}],"version-history":[{"count":4,"href":"https:\/\/agora.xtec.cat\/iemediterranicampclar\/wp-json\/wp\/v2\/pages\/4702\/revisions"}],"predecessor-version":[{"id":5101,"href":"https:\/\/agora.xtec.cat\/iemediterranicampclar\/wp-json\/wp\/v2\/pages\/4702\/revisions\/5101"}],"up":[{"embeddable":true,"href":"https:\/\/agora.xtec.cat\/iemediterranicampclar\/wp-json\/wp\/v2\/pages\/2341"}],"wp:attachment":[{"href":"https:\/\/agora.xtec.cat\/iemediterranicampclar\/wp-json\/wp\/v2\/media?parent=4702"}],"curies":[{"name":"wp","href":"https:\/\/api.w.org\/{rel}","templated":true}]}}