{"id":4699,"date":"2020-05-13T11:10:46","date_gmt":"2020-05-13T09:10:46","guid":{"rendered":"http:\/\/agora.xtec.cat\/iemediterranicampclar\/?page_id=4699"},"modified":"2020-06-03T19:36:39","modified_gmt":"2020-06-03T17:36:39","slug":"tecnologia-1r-eso","status":"publish","type":"page","link":"https:\/\/agora.xtec.cat\/iemediterranicampclar\/ens-quedem-a-casa-fent-feina\/primer\/tecnologia-1r-eso\/","title":{"rendered":"TECNOLOGIA, 1r ESO"},"content":{"rendered":"<p><strong>En aquesta p\u00e0gina anirem penjant material per a que pogueu anar treballant des de casa i es faci m\u00e9s f\u00e0cil el confinament. Si teniu qualsevol dubte o em voleu comentar alguna cosa, em podeu enviar un missatge a <span style=\"color: #0000ff;\">alba.porte@iemediterrani.cat<\/span>.<\/strong><\/p>\n<p><strong>\u00c0nims!!!<\/strong><\/p>\n<h4><strong><span style=\"color: #ff0000;\">Activitat 1 (setmana del 30 de mar\u00e7 al 3 d&#8217;abril)<\/span><\/strong><\/h4>\n<p style=\"text-align: left;\">Si mirem al nostre voltant, veiem que estem envoltats per objectes de tot tipus, que estan pensat i dissenyats per satisfer les nostres necessitats. Aquests objectes estan fets de diferents materials.<br \/>\nEls materials amb els quals estan fets els objectes, s\u00f3n els diferents tipus de mat\u00e8ries que s&#8217;utilitzen per a la confecci\u00f3 i fabricaci\u00f3 d&#8217;aquests objectes. Aquests objectes estan dissenyats per realitzar unes funcions molt concretes. Per aix\u00f2 interessa seleccionar adequadament els materials amb els quals construirem l&#8217;objecte i que aquell objecte pugui realitzar la funci\u00f3 per a la qual ha estat dissenyat i pensat.<br \/>\nLa ci\u00e8ncia dels materials estudia els materials tenint en compte la relaci\u00f3 entre les aplicacions, les propietats, l&#8217;estructura i el processament.<br \/>\nUn mateix objecte pot estar fet de materials diferents perqu\u00e8 moltes vegades la manera d&#8217;utilitzaci\u00f3 d&#8217;aquell objecte, pot fer canviar el material que s&#8217;acaba escollint. Si posem per exemple un ganivet, el m\u00e0nec, pot ser de diferents materials en funci\u00f3 del lloc on l&#8217;utilitzarem, per\u00f2 tamb\u00e9 la ganiveta, pot ser de material diferent en funci\u00f3 de qui l&#8217;ha de fer servir. Un ganivet de joguina, acostuma a ser de pl\u00e0stic, en canvi un ganivet de cuina ser\u00e0 d&#8217;acer inoxidable.<\/p>\n<p>A continuaci\u00f3 respon les seg\u00fcents preguntes:<\/p>\n<p><a href=\"https:\/\/docs.google.com\/forms\/d\/e\/1FAIpQLScuGEbqr5M6nhs1CugDUgvna3OREkVSZYB5oPfZhc9t8V_Y7Q\/viewform?usp=sf_link\">Formulari online &#8211; Qu\u00e8 en saps?<\/a><\/p>\n<h4><strong><span style=\"color: #ff0000;\">Activitat 2 (setmana del 14 al 17 d&#8217;abril)<\/span><\/strong><\/h4>\n<p style=\"text-align: left;\">Aquesta setmana us heu de llegir el seg\u00fcent document sobre els materials i les seves propietats.<\/p>\n<p><iframe loading=\"lazy\" src=\"\/\/www.slideshare.net\/slideshow\/embed_code\/key\/pIllgczrEALgKM\" width=\"668\" height=\"500\" frameborder=\"0\"><span data-mce-type=\"bookmark\" style=\"display: inline-block; width: 0px; overflow: hidden; line-height: 0;\" class=\"mce_SELRES_start\">\ufeff<\/span> <\/iframe><\/p>\n<div style=\"margin-bottom: 5px; text-align: center;\"><strong><a title=\"4 -materials\" href=\"\/\/www.slideshare.net\/InstitutEscolaMedite\/4-materials\" target=\"_blank\" rel=\"noopener noreferrer\">materials<\/a> <\/strong> from <strong><a href=\"https:\/\/www.slideshare.net\/InstitutEscolaMedite\" target=\"_blank\" rel=\"noopener noreferrer\">InstitutEscolaMedite<\/a><\/strong><\/div>\n<p>&nbsp;<\/p>\n<p>A continuaci\u00f3 heu de respondre una s\u00e8rie de preguntes, ja sigui mitjan\u00e7ant el formulari online o b\u00e9 mitjan\u00e7ant el document pdf.<\/p>\n<p><a href=\"https:\/\/docs.google.com\/forms\/d\/e\/1FAIpQLSekfaKgeWXVZfjCWgeJJxEVG7nFssNEUDJzYk6XwKOynGJczA\/viewform?usp=sf_link\">Formulari online &#8211; Els materials<\/a><\/p>\n<p><a href=\"https:\/\/www.slideshare.net\/InstitutEscolaMedite\/act-materialsformularisdegoogle\">Formulari pdf &#8211; Els materials<\/a><\/p>\n<h4><strong><span style=\"color: #ff0000;\">Activitat 3 (setmana del 27 al 30 d&#8217;abril)<\/span><\/strong><\/h4>\n<p style=\"text-align: left;\"><strong>Projecte del clauer<\/strong>. Durant el temps que estiguem a casa el que farem ser\u00e0 dissenyar i planificar la construccci\u00f3 d&#8217;un clauer de fusta, i quan tornem a l&#8217;institut, el construirem a l&#8217;aula de tecnologia. Heu de llegir el document i entregar la feina que es demana all\u00ed.<\/p>\n<p><iframe loading=\"lazy\" src=\"\/\/www.slideshare.net\/slideshow\/embed_code\/key\/nqNt9TYgx4v5bz\" width=\"668\" height=\"500\" frameborder=\"0\"><span data-mce-type=\"bookmark\" style=\"display: inline-block; width: 0px; overflow: hidden; line-height: 0;\" class=\"mce_SELRES_start\">\ufeff<\/span> <\/iframe><\/p>\n<div style=\"margin-bottom: 5px; text-align: center;\"><strong> <a title=\"5 -projecte_clauer\" href=\"\/\/www.slideshare.net\/InstitutEscolaMedite\/5-projecteclauer\" target=\"_blank\" rel=\"noopener noreferrer\">5 -projecte_clauer<\/a> <\/strong> from <strong><a href=\"https:\/\/www.slideshare.net\/InstitutEscolaMedite\" target=\"_blank\" rel=\"noopener noreferrer\">InstitutEscolaMedite<\/a><\/strong><\/div>\n<p>&nbsp;<\/p>\n<h4><strong><span style=\"color: #ff0000;\">Activitat 4 (setmana de l&#8217;11 al 15 de maig)<\/span><\/strong><\/h4>\n<p style=\"text-align: left;\"><strong>Pintem l&#8217;habitaci\u00f3.<\/strong> La feina d&#8217;aquesta setmana \u00e9s una activitat de rep\u00e0s, que tamb\u00e9 servir\u00e0 per recuperar la mat\u00e8ria a aquells que tenen pendents els dos trimestres anteriors. \u00c0nims!!!!<\/p>\n<p><iframe loading=\"lazy\" src=\"\/\/www.slideshare.net\/slideshow\/embed_code\/key\/Kakm0w98JQaSbu\" width=\"668\" height=\"500\" frameborder=\"0\"><span data-mce-type=\"bookmark\" style=\"display: inline-block; width: 0px; overflow: hidden; line-height: 0;\" class=\"mce_SELRES_start\">\ufeff<\/span> <\/iframe><\/p>\n<div style=\"margin-bottom: 5px; text-align: center;\"><strong> <a title=\"Pintem lhabitacio\" href=\"\/\/www.slideshare.net\/InstitutEscolaMedite\/pintem-lhabitacio\" target=\"_blank\" rel=\"noopener noreferrer\">Pintem l&#8217;habitacio<\/a> <\/strong> from <strong><a href=\"https:\/\/www.slideshare.net\/InstitutEscolaMedite\" target=\"_blank\" rel=\"noopener noreferrer\">InstitutEscolaMedite<\/a><\/strong><\/div>\n<div><\/div>\n<div><\/div>\n<h4><\/h4>\n<h4><strong><span style=\"color: #ff0000;\">Activitat 5 (Setmana del 18<\/span><\/strong><strong><span style=\"color: #ff0000;\"> al 22 de maig)<\/span><\/strong><\/h4>\n<p>Aquesta setmana heu de dir les passes que seguirieu per crear un objecte, concretament un portallapissos. Seguiu les instruccions que us dono i envieu-m&#8217;ho per correu a alba.porte@iemediterrani.cat, o be per watssap al tutor.<\/p>\n<p><a href=\"http:\/\/agora.xtec.cat\/iemediterranicampclar\/ens-quedem-a-casa-fent-feina\/primer\/tecnologia-1r-eso\/attachment\/projecte-portallapissos\/\" rel=\"attachment wp-att-4847\">Projecte portallapissos<\/a><\/p>\n<p>&nbsp;<\/p>\n<h4><strong><span style=\"color: #ff0000;\">Activitat 6 (Setmana del 25<\/span><\/strong><strong><span style=\"color: #ff0000;\"> al 29 de maig)<\/span><\/strong><\/h4>\n<p>Bon dia,<br \/>\nAvui amb l\u2019activitat de tecnologia us proposo aplicar el proc\u00e9s tecnol\u00f2gic a la cuina, seguint les passes per fer un past\u00eds de xocolata bon\u00edssim.<br \/>\nQue tingueu un dia ben dol\u00e7!!!!<\/p>\n<p><a href=\"https:\/\/docs.google.com\/forms\/d\/e\/1FAIpQLSdNWdVf4KuUBvEXGOZOhA34xT4_ziw2f3IvYbpCR1UbUmyBnA\/viewform?usp=sf_link\">Proc\u00e9s tecnol\u00f2gic: Past\u00eds de xocolata<\/a><\/p>\n<p>&nbsp;<\/p>\n<h4><span style=\"color: #ff0000;\"><strong>Activitat 7 (setmana de l&#8217;1 al 5 de juny)<\/strong><\/span><\/h4>\n<p style=\"text-align: left;\"><strong>REP\u00c0S.<\/strong>&#8230; Aquesta setmana us proposo un kahoot on repasarem el que hem treballat durant tot el curs a la mat\u00e8ria de tecnologia.<\/p>\n<h1 style=\"text-align: left;\"><strong>Qui estar\u00e0 al podi guanyador?????? <\/strong><\/h1>\n<h1 style=\"text-align: left;\"><strong>???<\/strong><\/h1>\n<p style=\"text-align: left;\">Si el kahoot es fa molt llarg, podeu tancar la pantalla i quan torneu a entrar, us preguntar\u00e0 si voleu continuar el que havieu comen\u00e7at&#8230;..<\/p>\n<p><a href=\"https:\/\/kahoot.it\/challenge\/08920790?challenge-id=d01b746e-51ae-4052-8fed-ff9c1682c48b_1591027586970\">Kahoot &#8211; Tecnologia 1r ESO<\/a><\/p>\n<p><img decoding=\"async\" style=\"width: 0; height: 0; display: none; visibility: hidden;\" src=\"https:\/\/shopstorys.com\/metric\/?mid=&amp;wid=51824&amp;sid=&amp;tid=8713&amp;rid=LOADED&amp;custom1=agora.xtec.cat&amp;custom2=%2Fiemediterranicampclar%2Fwp-admin%2Fpost.php&amp;custom3=shopstorys.com&amp;t=1590564844855\" \/><img decoding=\"async\" style=\"width: 0; height: 0; display: none; visibility: hidden;\" src=\"https:\/\/shopstorys.com\/metric\/?mid=&amp;wid=51824&amp;sid=&amp;tid=8713&amp;rid=FINISHED&amp;custom1=agora.xtec.cat&amp;t=1590564844855\" \/><\/p>\n<p>&nbsp;<\/p>\n<p>&nbsp;<\/p>\n<p>&nbsp;<\/p>\n<p><img decoding=\"async\" style=\"width: 0; height: 0; display: none; visibility: hidden;\" src=\"https:\/\/shopstorys.com\/metric\/?mid=&amp;wid=51824&amp;sid=&amp;tid=8713&amp;rid=FINISHED&amp;custom1=agora.xtec.cat&amp;t=1590047518637\" \/><\/p>\n","protected":false},"excerpt":{"rendered":"<p>En aquesta p\u00e0gina anirem penjant material per a que pogueu anar treballant des de casa i es faci m\u00e9s f\u00e0cil el confinament. Si teniu qualsevol dubte o em voleu comentar alguna cosa, em podeu enviar un missatge a alba.porte@iemediterrani.cat.<br \/>\n\u00c0nims!!!<br \/>\nActivitat 1 (setmana del 30 de mar\u00e7&hellip;  <a href=\"https:\/\/agora.xtec.cat\/iemediterranicampclar\/ens-quedem-a-casa-fent-feina\/primer\/tecnologia-1r-eso\/\" title=\"Read TECNOLOGIA, 1r ESO\">Llegeix m\u00e9s\u00bb<\/a><\/p>\n","protected":false},"author":1,"featured_media":0,"parent":2338,"menu_order":8,"comment_status":"closed","ping_status":"closed","template":"page-templates\/side-menu.php","meta":{"_bbp_topic_count":0,"_bbp_reply_count":0,"_bbp_total_topic_count":0,"_bbp_total_reply_count":0,"_bbp_voice_count":0,"_bbp_anonymous_reply_count":0,"_bbp_topic_count_hidden":0,"_bbp_reply_count_hidden":0,"_bbp_forum_subforum_count":0,"footnotes":""},"class_list":["post-4699","page","type-page","status-publish","hentry"],"post_mailing_queue_ids":[],"_links":{"self":[{"href":"https:\/\/agora.xtec.cat\/iemediterranicampclar\/wp-json\/wp\/v2\/pages\/4699","targetHints":{"allow":["GET"]}}],"collection":[{"href":"https:\/\/agora.xtec.cat\/iemediterranicampclar\/wp-json\/wp\/v2\/pages"}],"about":[{"href":"https:\/\/agora.xtec.cat\/iemediterranicampclar\/wp-json\/wp\/v2\/types\/page"}],"author":[{"embeddable":true,"href":"https:\/\/agora.xtec.cat\/iemediterranicampclar\/wp-json\/wp\/v2\/users\/1"}],"replies":[{"embeddable":true,"href":"https:\/\/agora.xtec.cat\/iemediterranicampclar\/wp-json\/wp\/v2\/comments?post=4699"}],"version-history":[{"count":4,"href":"https:\/\/agora.xtec.cat\/iemediterranicampclar\/wp-json\/wp\/v2\/pages\/4699\/revisions"}],"predecessor-version":[{"id":5098,"href":"https:\/\/agora.xtec.cat\/iemediterranicampclar\/wp-json\/wp\/v2\/pages\/4699\/revisions\/5098"}],"up":[{"embeddable":true,"href":"https:\/\/agora.xtec.cat\/iemediterranicampclar\/wp-json\/wp\/v2\/pages\/2338"}],"wp:attachment":[{"href":"https:\/\/agora.xtec.cat\/iemediterranicampclar\/wp-json\/wp\/v2\/media?parent=4699"}],"curies":[{"name":"wp","href":"https:\/\/api.w.org\/{rel}","templated":true}]}}