{"id":4550,"date":"2020-05-12T10:51:31","date_gmt":"2020-05-12T08:51:31","guid":{"rendered":"http:\/\/agora.xtec.cat\/iemediterranicampclar\/?page_id=4550"},"modified":"2020-06-04T09:28:19","modified_gmt":"2020-06-04T07:28:19","slug":"educacio-fisica-2","status":"publish","type":"page","link":"https:\/\/agora.xtec.cat\/iemediterranicampclar\/ens-quedem-a-casa-fent-feina\/primer\/educacio-fisica-2\/","title":{"rendered":"EDUCACI\u00d3 F\u00cdSICA, 1r ESO"},"content":{"rendered":"<p>Bon dia, en aquesta p\u00e0gina, hi haur\u00e0 a partir d&#8217;ara les tasques setmanals de l&#8217;assignatura d&#8217;educaci\u00f3 f\u00edsica.<\/p>\n<p>En cada fulla setmanal trobareu 3 opcions , heu de fer la que m\u00e9s us agradi, hi ha opcions amb un test, altres pr\u00e0ctiques i altres de construcci\u00f3 de materials , est\u00e0 fet per a qu\u00e8 hi hagi activitats del gust de tothom.<\/p>\n<p>Espero que us agradi.<\/p>\n<p><strong>Activitats Educaci\u00f3 F\u00edsica setmana 20-24 d&#8217;Abril.<\/strong><\/p>\n<p>https:\/\/drive.google.com\/open?id=1e4qDq1xoDRY9irjxmR8-_NAhVottCtSX<\/p>\n<p><strong>Activitats Educaci\u00f3 F\u00edsica setmana 4 &#8211; 8 de Maig<\/strong><\/p>\n<p>https:\/\/drive.google.com\/open?id=1o8ixLfNmSqvYe5ZjAfx4Pg33dC5KewWv<\/p>\n<p><strong>Activitats Educaci\u00f3 F\u00edsica setmana 11-15 de Maig<\/strong><\/p>\n<p>https:\/\/drive.google.com\/open?id=1l7Kgb8KnIXk9TpEK4acKMQ4LdYvsyNef<\/p>\n<p><strong>Activitats Educaci\u00f3 F\u00edsica setmana 18-22 de Maig<\/strong><\/p>\n<p>https:\/\/drive.google.com\/open?id=10BhGEh44dhufH7WcEXAHw_OXqIZfciln<\/p>\n<p><strong>Activitats Educaci\u00f3 F\u00edsica setmana 25-29 de Maig<\/strong><\/p>\n<p>https:\/\/drive.google.com\/open?id=1i-QIB-ymYSvYm_KiXjmbE2GuDNvfk5rK<\/p>\n<p><strong>Activitats Educaci\u00f3 F\u00edsica setmana 1-5 de Juny<br \/>\n<\/strong><\/p>\n<p>https:\/\/drive.google.com\/open?id=1Jr4XzFxBLFxrJz4el81SAKGkASaLHVOG<\/p>\n","protected":false},"excerpt":{"rendered":"<p>Bon dia, en aquesta p\u00e0gina, hi haur\u00e0 a partir d&#8217;ara les tasques setmanals de l&#8217;assignatura d&#8217;educaci\u00f3 f\u00edsica.<br \/>\nEn cada fulla setmanal trobareu 3 opcions , heu de fer la que m\u00e9s us agradi, hi ha opcions amb un test, altres pr\u00e0ctiques i altres de construcci\u00f3 de&hellip;  <a href=\"https:\/\/agora.xtec.cat\/iemediterranicampclar\/ens-quedem-a-casa-fent-feina\/primer\/educacio-fisica-2\/\" title=\"Read EDUCACI\u00d3 F\u00cdSICA, 1r ESO\">Llegeix m\u00e9s\u00bb<\/a><\/p>\n","protected":false},"author":1,"featured_media":0,"parent":2338,"menu_order":7,"comment_status":"closed","ping_status":"closed","template":"page-templates\/side-menu.php","meta":{"_bbp_topic_count":0,"_bbp_reply_count":0,"_bbp_total_topic_count":0,"_bbp_total_reply_count":0,"_bbp_voice_count":0,"_bbp_anonymous_reply_count":0,"_bbp_topic_count_hidden":0,"_bbp_reply_count_hidden":0,"_bbp_forum_subforum_count":0,"footnotes":""},"class_list":["post-4550","page","type-page","status-publish","hentry"],"post_mailing_queue_ids":[],"_links":{"self":[{"href":"https:\/\/agora.xtec.cat\/iemediterranicampclar\/wp-json\/wp\/v2\/pages\/4550","targetHints":{"allow":["GET"]}}],"collection":[{"href":"https:\/\/agora.xtec.cat\/iemediterranicampclar\/wp-json\/wp\/v2\/pages"}],"about":[{"href":"https:\/\/agora.xtec.cat\/iemediterranicampclar\/wp-json\/wp\/v2\/types\/page"}],"author":[{"embeddable":true,"href":"https:\/\/agora.xtec.cat\/iemediterranicampclar\/wp-json\/wp\/v2\/users\/1"}],"replies":[{"embeddable":true,"href":"https:\/\/agora.xtec.cat\/iemediterranicampclar\/wp-json\/wp\/v2\/comments?post=4550"}],"version-history":[{"count":3,"href":"https:\/\/agora.xtec.cat\/iemediterranicampclar\/wp-json\/wp\/v2\/pages\/4550\/revisions"}],"predecessor-version":[{"id":5108,"href":"https:\/\/agora.xtec.cat\/iemediterranicampclar\/wp-json\/wp\/v2\/pages\/4550\/revisions\/5108"}],"up":[{"embeddable":true,"href":"https:\/\/agora.xtec.cat\/iemediterranicampclar\/wp-json\/wp\/v2\/pages\/2338"}],"wp:attachment":[{"href":"https:\/\/agora.xtec.cat\/iemediterranicampclar\/wp-json\/wp\/v2\/media?parent=4550"}],"curies":[{"name":"wp","href":"https:\/\/api.w.org\/{rel}","templated":true}]}}