{"id":3168,"date":"2020-03-26T12:54:45","date_gmt":"2020-03-26T11:54:45","guid":{"rendered":"http:\/\/agora.xtec.cat\/iemediterranicampclar\/?page_id=3168"},"modified":"2020-06-04T17:48:04","modified_gmt":"2020-06-04T15:48:04","slug":"altres-propostes-per-continuar-treballant","status":"publish","type":"page","link":"https:\/\/agora.xtec.cat\/iemediterranicampclar\/ens-quedem-a-casa-fent-feina\/infantil\/altres-propostes-per-continuar-treballant\/","title":{"rendered":"ALTRES PROPOSTES PER CONTINUAR TREBALLANT"},"content":{"rendered":"<p><script id=\"asp-embed-script\" data-zindex=\"1000000\" type=\"text\/javascript\" charset=\"utf-8\" src=\"https:\/\/spark.adobe.com\/page-embed.js\"><span data-mce-type=\"bookmark\" style=\"display: inline-block; width: 0px; overflow: hidden; line-height: 0;\" class=\"mce_SELRES_start\">\ufeff<\/span><\/script>La primavera ha arribat i aquestes propostes us hem preparat:<\/p>\n<p><a class=\"asp-embed-link\" href=\"https:\/\/spark.adobe.com\/page\/Rk85E6rzdXwcb\/\" target=\"_blank\" rel=\"noopener noreferrer\"><img decoding=\"async\" style=\"width: 100%;\" src=\"https:\/\/spark.adobe.com\/page\/Rk85E6rzdXwcb\/embed.jpg?buster=1585223580897\" alt=\"APRENEM A CASA!\" border=\"0\" \/><\/a><\/p>\n<p>I les vacances de pasqua ja han arribat&#8230; Aqu\u00ed teniu m\u00e9s propostes per poder- les disfrutar! Fins aviat!<br \/>\n<script id=\"asp-embed-script\" data-zindex=\"1000000\" type=\"text\/javascript\" charset=\"utf-8\" src=\"https:\/\/spark.adobe.com\/page-embed.js\"><\/script><a class=\"asp-embed-link\" href=\"https:\/\/spark.adobe.com\/page\/KOeAK7Ol7oJ9i\/\" target=\"_blank\" rel=\"noopener noreferrer\"><img decoding=\"async\" style=\"width: 100%;\" src=\"https:\/\/spark.adobe.com\/page\/KOeAK7Ol7oJ9i\/embed.jpg?buster=1585901145989\" alt=\"ABRIL JA HA ARRIBAT I BONES MONES DE PASQUA ENS HAUREM MENJAT!\" border=\"0\" \/><\/a><\/p>\n<p>I despr\u00e8s d&#8217;aquestes vacances continuem treballant! Preparats per con\u00e8ixer la Llegenda de Sant Jordi, la princesa i el drac?<br \/>\n<script id=\"asp-embed-script\" data-zindex=\"1000000\" type=\"text\/javascript\" charset=\"utf-8\" src=\"https:\/\/spark.adobe.com\/page-embed.js\"><\/script><a class=\"asp-embed-link\" href=\"https:\/\/spark.adobe.com\/page\/aIquz8qG90lgD\/\" target=\"_blank\" rel=\"noopener noreferrer\"><img decoding=\"async\" style=\"width: 100%;\" src=\"https:\/\/spark.adobe.com\/page\/aIquz8qG90lgD\/embed.jpg?buster=1586863425027\" alt=\"SANT JORDI, LA PRINCESA, LA ROSA I EL DRAC.\" border=\"0\" \/><\/a><\/p>\n<p>Preparats i preparades per con\u00e8ixer un personatge petit per\u00f2 valent com vosaltres? Endavant!<br \/>\n<script id=\"asp-embed-script\" data-zindex=\"1000000\" type=\"text\/javascript\" charset=\"utf-8\" src=\"https:\/\/spark.adobe.com\/page-embed.js\"><\/script><a class=\"asp-embed-link\" href=\"https:\/\/spark.adobe.com\/page\/UlSWlhsvqDxJD\/\" target=\"_blank\" rel=\"noopener noreferrer\"><img decoding=\"async\" style=\"width: 100%;\" src=\"https:\/\/spark.adobe.com\/page\/UlSWlhsvqDxJD\/embed.jpg?buster=1587713881738\" alt=\"en patufet\" border=\"0\" \/><\/a><\/p>\n<p>Hi havia una vegada unes lletres juganeres que es van amagar, ens les ajudes a trobar?<\/p>\n<p><script id=\"asp-embed-script\" data-zindex=\"1000000\" type=\"text\/javascript\" charset=\"utf-8\" src=\"https:\/\/spark.adobe.com\/page-embed.js\"><\/script><a class=\"asp-embed-link\" href=\"https:\/\/spark.adobe.com\/page\/39k2cnMz2AdRJ\/\" target=\"_blank\" rel=\"noopener noreferrer\"><img decoding=\"async\" style=\"width: 100%;\" src=\"https:\/\/spark.adobe.com\/page\/39k2cnMz2AdRJ\/embed.jpg?buster=1588321821981\" alt=\"les lletres perdudes\" border=\"0\" \/><\/a><\/p>\n<p>Aquesta setmana toca comptar, preparats? 1, 2, 3&#8230; Llestos? Ja!<\/p>\n<p><script id=\"asp-embed-script\" data-zindex=\"1000000\" type=\"text\/javascript\" charset=\"utf-8\" src=\"https:\/\/spark.adobe.com\/page-embed.js\"><\/script><a class=\"asp-embed-link\" href=\"https:\/\/spark.adobe.com\/page\/qdhi3J1SQsCvo\/\" target=\"_blank\" rel=\"noopener noreferrer\"><img decoding=\"async\" style=\"width: 100%;\" src=\"https:\/\/spark.adobe.com\/page\/qdhi3J1SQsCvo\/embed.jpg?buster=1588923713666\" alt=\"Els n\u00fameros\" border=\"0\" \/><\/a><\/p>\n<p>Us imagineu trobar una casa tota feta de xocolata? Doncs aix\u00f2 els hi va pasar a en Hansel i la Gretel! voleu saber qu\u00e8 els hi va pasar? Endavant i compte no sigueu molt golafres!<\/p>\n<p><script id=\"asp-embed-script\" data-zindex=\"1000000\" type=\"text\/javascript\" charset=\"utf-8\" src=\"https:\/\/spark.adobe.com\/page-embed.js\"><\/script><a class=\"asp-embed-link\" href=\"https:\/\/spark.adobe.com\/page\/Un0jpfMyKQy8o\/\" target=\"_blank\" rel=\"noopener noreferrer\"><img decoding=\"async\" style=\"width: 100%;\" src=\"https:\/\/spark.adobe.com\/page\/Un0jpfMyKQy8o\/embed.jpg?buster=1589535250935\" alt=\"HANSEL I GRETEL\" border=\"0\" \/><\/a><\/p>\n<p>Si vols aigua ben fresca&#8230; Corre vine a jugar!<\/p>\n<p><script id=\"asp-embed-script\" data-zindex=\"1000000\" type=\"text\/javascript\" charset=\"utf-8\" src=\"https:\/\/spark.adobe.com\/page-embed.js\"><\/script><a class=\"asp-embed-link\" href=\"https:\/\/spark.adobe.com\/page\/Nq9kYeSG20DLz\/\" target=\"_blank\" rel=\"noopener noreferrer\"><img decoding=\"async\" style=\"width: 100%;\" src=\"https:\/\/spark.adobe.com\/page\/Nq9kYeSG20DLz\/embed.jpg?buster=1590133221788\" alt=\"L'AIGUA\" border=\"0\" \/><\/a><\/p>\n<p>De vegades tenim una cosa a la panxa, una cosa que bull i vol explotar&#8230;De vegades tenim un volc\u00e0 a la panxa! S\u00ed s\u00ed ho has llegit b\u00e9, un volc\u00e0. Acompanya a l&#8217;Alba a con\u00e8ixer aquesta emoci\u00f3 i a controlar-la.<br \/>\n<script id=\"asp-embed-script\" data-zindex=\"1000000\" type=\"text\/javascript\" charset=\"utf-8\" src=\"https:\/\/spark.adobe.com\/page-embed.js\"><\/script><a class=\"asp-embed-link\" href=\"https:\/\/spark.adobe.com\/page\/Hwvjkbu4WyKwf\/\" target=\"_blank\" rel=\"noopener noreferrer\"><img decoding=\"async\" style=\"width: 100%;\" src=\"https:\/\/spark.adobe.com\/page\/Hwvjkbu4WyKwf\/embed.jpg?buster=1590735202596\" alt=\"TINC UN VOLC\u00c0\" border=\"0\" \/><\/a><\/p>\n<p>I el curs acaba amb aquesta aventura pirata&#8230;<br \/>\n<script id=\"asp-embed-script\" data-zindex=\"1000000\" type=\"text\/javascript\" charset=\"utf-8\" src=\"https:\/\/spark.adobe.com\/page-embed.js\"><\/script><a class=\"asp-embed-link\" href=\"https:\/\/spark.adobe.com\/page\/KTMIweZQFF5tK\/\" target=\"_blank\" rel=\"noopener noreferrer\"><img decoding=\"async\" style=\"width: 100%;\" src=\"https:\/\/spark.adobe.com\/page\/KTMIweZQFF5tK\/embed.jpg?buster=1591285583920\" alt=\"PIRATES\" border=\"0\" \/><\/a><\/p>\n","protected":false},"excerpt":{"rendered":"<p>La primavera ha arribat i aquestes propostes us hem preparat:<br \/>\n<a class=\"asp-embed-link\" href=\"https:\/\/spark.adobe.com\/page\/Rk85E6rzdXwcb\/\" target=\"_blank\" rel=\"noopener noreferrer\"><\/a><br \/>\nI les vacances de pasqua ja han arribat&#8230; Aqu\u00ed teniu m\u00e9s propostes per poder- les disfrutar! Fins aviat!<br \/>\n<a class=\"asp-embed-link\" href=\"https:\/\/spark.adobe.com\/page\/KOeAK7Ol7oJ9i\/\" target=\"_blank\" rel=\"noopener noreferrer\"><\/a><br \/>\nI despr\u00e8s d&#8217;aquestes vacances continuem treballant! Preparats per con\u00e8ixer&hellip;  <a href=\"https:\/\/agora.xtec.cat\/iemediterranicampclar\/ens-quedem-a-casa-fent-feina\/infantil\/altres-propostes-per-continuar-treballant\/\" title=\"Read ALTRES PROPOSTES PER CONTINUAR TREBALLANT\">Llegeix m\u00e9s\u00bb<\/a><\/p>\n","protected":false},"author":1,"featured_media":0,"parent":2174,"menu_order":1,"comment_status":"closed","ping_status":"closed","template":"page-templates\/side-menu.php","meta":{"_bbp_topic_count":0,"_bbp_reply_count":0,"_bbp_total_topic_count":0,"_bbp_total_reply_count":0,"_bbp_voice_count":0,"_bbp_anonymous_reply_count":0,"_bbp_topic_count_hidden":0,"_bbp_reply_count_hidden":0,"_bbp_forum_subforum_count":0,"footnotes":""},"class_list":["post-3168","page","type-page","status-publish","hentry"],"post_mailing_queue_ids":[],"_links":{"self":[{"href":"https:\/\/agora.xtec.cat\/iemediterranicampclar\/wp-json\/wp\/v2\/pages\/3168","targetHints":{"allow":["GET"]}}],"collection":[{"href":"https:\/\/agora.xtec.cat\/iemediterranicampclar\/wp-json\/wp\/v2\/pages"}],"about":[{"href":"https:\/\/agora.xtec.cat\/iemediterranicampclar\/wp-json\/wp\/v2\/types\/page"}],"author":[{"embeddable":true,"href":"https:\/\/agora.xtec.cat\/iemediterranicampclar\/wp-json\/wp\/v2\/users\/1"}],"replies":[{"embeddable":true,"href":"https:\/\/agora.xtec.cat\/iemediterranicampclar\/wp-json\/wp\/v2\/comments?post=3168"}],"version-history":[{"count":4,"href":"https:\/\/agora.xtec.cat\/iemediterranicampclar\/wp-json\/wp\/v2\/pages\/3168\/revisions"}],"predecessor-version":[{"id":5121,"href":"https:\/\/agora.xtec.cat\/iemediterranicampclar\/wp-json\/wp\/v2\/pages\/3168\/revisions\/5121"}],"up":[{"embeddable":true,"href":"https:\/\/agora.xtec.cat\/iemediterranicampclar\/wp-json\/wp\/v2\/pages\/2174"}],"wp:attachment":[{"href":"https:\/\/agora.xtec.cat\/iemediterranicampclar\/wp-json\/wp\/v2\/media?parent=3168"}],"curies":[{"name":"wp","href":"https:\/\/api.w.org\/{rel}","templated":true}]}}