{"id":2641,"date":"2020-03-22T16:26:47","date_gmt":"2020-03-22T15:26:47","guid":{"rendered":"http:\/\/agora.xtec.cat\/iemediterranicampclar\/?page_id=2641"},"modified":"2020-03-23T21:03:05","modified_gmt":"2020-03-23T20:03:05","slug":"ciencies-socials-1r-eso","status":"publish","type":"page","link":"https:\/\/agora.xtec.cat\/iemediterranicampclar\/ens-quedem-a-casa-fent-feina\/primer\/ciencies-socials-1r-eso\/","title":{"rendered":"CI\u00c8NCIES SOCIALS, 1r. ESO"},"content":{"rendered":"<h4>ACTIVITATS PER A FER M\u00c9S LLEU EL CONFINAMENT.<\/h4>\n<div><\/div>\n<h4>A la p\u00e0gina hi trobareu un tema amb textos, activitats i enlla\u00e7os per ampliar informaci\u00f3 o per treballar.<\/h4>\n<h4>Elaboreu un dossier tot responent les activitats que es demanen. Poseu-hi una tapa, amb les dades habituals: el nom del tema, el curs i la data de lliurament.<\/h4>\n<h4>Si necessiteu consultar qualsevol q\u00fcesti\u00f3 podeu enviar els vostres dubtes o comentaris al correu <a href=\"mailto:mariajose.ramos@iemediterrani.cat\" target=\"_blank\" rel=\"noopener noreferrer\">mariajose.ramos@iemediterrani.<wbr \/>cat<\/a><\/h4>\n<h4>\u00c0nims a tothom!<\/h4>\n<h3><\/h3>\n<h4><a href=\"https:\/\/sites.google.com\/view\/mariajosesocials\/primer-eso\" target=\"_blank\" rel=\"noopener noreferrer\"><img loading=\"lazy\" decoding=\"async\" class=\"aligncenter size-full wp-image-3015\" src=\"https:\/\/agora.xtec.cat\/iemediterranicampclar\/wp-content\/uploads\/usu1772\/2020\/03\/1r.jpg\" alt=\"\" width=\"1357\" height=\"575\" srcset=\"https:\/\/agora.xtec.cat\/iemediterranicampclar\/wp-content\/uploads\/usu1772\/2020\/03\/1r.jpg 1357w, https:\/\/agora.xtec.cat\/iemediterranicampclar\/wp-content\/uploads\/usu1772\/2020\/03\/1r-300x127.jpg 300w, https:\/\/agora.xtec.cat\/iemediterranicampclar\/wp-content\/uploads\/usu1772\/2020\/03\/1r-768x325.jpg 768w, https:\/\/agora.xtec.cat\/iemediterranicampclar\/wp-content\/uploads\/usu1772\/2020\/03\/1r-1024x434.jpg 1024w\" sizes=\"auto, (max-width: 1357px) 100vw, 1357px\" \/><\/a><\/h4>\n","protected":false},"excerpt":{"rendered":"<p>ACTIVITATS PER A FER M\u00c9S LLEU EL CONFINAMENT.<\/p>\n<p>A la p\u00e0gina hi trobareu un tema amb textos, activitats i enlla\u00e7os per ampliar informaci\u00f3 o per treballar.<br \/>\nElaboreu un dossier tot responent les activitats que es demanen. Poseu-hi una tapa, amb les dades habituals: el nom del tema,&hellip;  <a href=\"https:\/\/agora.xtec.cat\/iemediterranicampclar\/ens-quedem-a-casa-fent-feina\/primer\/ciencies-socials-1r-eso\/\" title=\"Read CI\u00c8NCIES SOCIALS, 1r. ESO\">Llegeix m\u00e9s\u00bb<\/a><\/p>\n","protected":false},"author":1,"featured_media":0,"parent":2338,"menu_order":4,"comment_status":"closed","ping_status":"closed","template":"page-templates\/side-menu.php","meta":{"_bbp_topic_count":0,"_bbp_reply_count":0,"_bbp_total_topic_count":0,"_bbp_total_reply_count":0,"_bbp_voice_count":0,"_bbp_anonymous_reply_count":0,"_bbp_topic_count_hidden":0,"_bbp_reply_count_hidden":0,"_bbp_forum_subforum_count":0,"footnotes":""},"class_list":["post-2641","page","type-page","status-publish","hentry"],"post_mailing_queue_ids":[],"_links":{"self":[{"href":"https:\/\/agora.xtec.cat\/iemediterranicampclar\/wp-json\/wp\/v2\/pages\/2641","targetHints":{"allow":["GET"]}}],"collection":[{"href":"https:\/\/agora.xtec.cat\/iemediterranicampclar\/wp-json\/wp\/v2\/pages"}],"about":[{"href":"https:\/\/agora.xtec.cat\/iemediterranicampclar\/wp-json\/wp\/v2\/types\/page"}],"author":[{"embeddable":true,"href":"https:\/\/agora.xtec.cat\/iemediterranicampclar\/wp-json\/wp\/v2\/users\/1"}],"replies":[{"embeddable":true,"href":"https:\/\/agora.xtec.cat\/iemediterranicampclar\/wp-json\/wp\/v2\/comments?post=2641"}],"version-history":[{"count":4,"href":"https:\/\/agora.xtec.cat\/iemediterranicampclar\/wp-json\/wp\/v2\/pages\/2641\/revisions"}],"predecessor-version":[{"id":3024,"href":"https:\/\/agora.xtec.cat\/iemediterranicampclar\/wp-json\/wp\/v2\/pages\/2641\/revisions\/3024"}],"up":[{"embeddable":true,"href":"https:\/\/agora.xtec.cat\/iemediterranicampclar\/wp-json\/wp\/v2\/pages\/2338"}],"wp:attachment":[{"href":"https:\/\/agora.xtec.cat\/iemediterranicampclar\/wp-json\/wp\/v2\/media?parent=2641"}],"curies":[{"name":"wp","href":"https:\/\/api.w.org\/{rel}","templated":true}]}}