{"id":2434,"date":"2020-03-21T17:47:37","date_gmt":"2020-03-21T16:47:37","guid":{"rendered":"http:\/\/agora.xtec.cat\/iemediterranicampclar\/?page_id=2434"},"modified":"2020-06-03T19:42:20","modified_gmt":"2020-06-03T17:42:20","slug":"biologia-i-geologia-3r-eso","status":"publish","type":"page","link":"https:\/\/agora.xtec.cat\/iemediterranicampclar\/ens-quedem-a-casa-fent-feina\/tercer-deso\/biologia-i-geologia-3r-eso\/","title":{"rendered":"BIOLOGIA I GEOLOGIA, 3r. ESO"},"content":{"rendered":"<h4>Biologia i Geologia<\/h4>\n<p><strong>En aquesta p\u00e0gina anirem penjant material per a que pogueu anar treballant des de casa i es faci m\u00e9s f\u00e0cil el confinament. Si teniu qualsevol dubte o em voleu comentar alguna cosa, em podeu enviar un missatge a <span style=\"color: #0000ff;\">alba.porte@iemediterrani.cat<\/span>.<\/strong><\/p>\n<p><strong>\u00c0nims!!!<\/strong><\/p>\n<h4><strong><span style=\"color: #ff0000;\">Activitat 1 (setmana del 23 a 27 de mar\u00e7)<\/span><\/strong><\/h4>\n<p style=\"text-align: left;\"><strong>Aparell digestiu.<\/strong> Per a que pogueu continuar treballant des de casa, us adjunto un arxiu amb informaci\u00f3 general del que hem estat treballant fins ara, per a que pogueu fer totes les activitats que que us vaig donar a classe (adjunto document de les activitats per als que no tinguin la fotoc\u00f2pia).<\/p>\n<p style=\"text-align: center;\"><iframe loading=\"lazy\" src=\"\/\/www.slideshare.net\/slideshow\/embed_code\/key\/BvYXb9y1OMtbfc\" width=\"668\" height=\"314\" frameborder=\"0\"> <\/iframe><\/p>\n<div style=\"margin-bottom: 5px; text-align: center;\"><strong> <a title=\"Aparell digestiu\" href=\"\/\/www.slideshare.net\/InstitutEscolaMedite\/aparell-digestiu-230600077\" target=\"_blank\" rel=\"noopener noreferrer\">Aparell digestiu<\/a> <\/strong> from <strong><a href=\"https:\/\/www.slideshare.net\/InstitutEscolaMedite\" target=\"_blank\" rel=\"noopener noreferrer\">InstitutEscolaMedite<\/a><\/strong><\/div>\n<p style=\"text-align: center;\"><iframe loading=\"lazy\" src=\"\/\/www.slideshare.net\/slideshow\/embed_code\/key\/1o1nHRPPm8NtCM\" width=\"668\" height=\"314\" frameborder=\"0\"> <\/iframe><\/p>\n<div style=\"margin-bottom: 5px; text-align: center;\"><strong> <a title=\"Act digestiu\" href=\"\/\/www.slideshare.net\/InstitutEscolaMedite\/act-digestiu\" target=\"_blank\" rel=\"noopener noreferrer\">Act digestiu<\/a> <\/strong> from <strong><a href=\"https:\/\/www.slideshare.net\/InstitutEscolaMedite\" target=\"_blank\" rel=\"noopener noreferrer\">InstitutEscolaMedite<\/a><\/strong><\/div>\n<p>&nbsp;<\/p>\n<h4><strong><span style=\"color: #ff0000;\">Activitat 2 <\/span><\/strong><strong><span style=\"color: #ff0000;\">(setmana del 30 de mar\u00e7 al 3 d&#8217;abri)<\/span><\/strong><\/h4>\n<p><strong>Trastorns alimentaris. <\/strong>Per tal d&#8217;ampliar l&#8217;apartat sobre l&#8217;alimentaci\u00f3 que vam treballar a classe, us proposo la seg\u00fcent activitat:<\/p>\n<p style=\"text-align: center;\"><iframe loading=\"lazy\" src=\"\/\/www.slideshare.net\/slideshow\/embed_code\/key\/eaGa64AkY2AmqS\" width=\"668\" height=\"314\" frameborder=\"0\"><span data-mce-type=\"bookmark\" style=\"display: inline-block; width: 0px; overflow: hidden; line-height: 0;\" class=\"mce_SELRES_start\">\ufeff<\/span> <\/iframe><\/p>\n<div style=\"margin-bottom: 5px; text-align: center;\"><strong> <a title=\"Trastorns alimentaris ampliacio\" href=\"\/\/www.slideshare.net\/InstitutEscolaMedite\/trastorns-alimentaris-ampliacio\" target=\"_blank\" rel=\"noopener noreferrer\">Trastorns alimentaris ampliacio<\/a> <\/strong> from <strong><a href=\"https:\/\/www.slideshare.net\/InstitutEscolaMedite\" target=\"_blank\" rel=\"noopener noreferrer\">InstitutEscolaMedite<\/a><\/strong><\/div>\n<h4><span style=\"color: #ff0000;\"><strong>Activitat 3 (setmana del 14 al 17 d&#8217;abril)<\/strong><\/span><\/h4>\n<div>\n<p>Fes la seg\u00fcent activitat relacionada amb les c\u00e0ries dentals (activitat PISA)<\/p>\n<div><a href=\"https:\/\/forms.gle\/SCEKHTYTYgGr4Nub7\">Les c\u00e0ries<\/a><\/div>\n<div><\/div>\n<div><\/div>\n<div>\n<h4><span style=\"color: #ff0000;\"><strong>Activitat 4 (setmana del 27 al 30 d&#8217;abril)<\/strong><\/span><\/h4>\n<div>\n<p style=\"text-align: left;\">Llegeix el seg\u00fcent document sobre l&#8217;aparell respiratori.<\/p>\n<\/div>\n<p style=\"text-align: center;\"><iframe loading=\"lazy\" src=\"\/\/www.slideshare.net\/slideshow\/embed_code\/key\/9FigWxiYM72HuN\" width=\"668\" height=\"500\" frameborder=\"0\"> <\/iframe><\/p>\n<div style=\"margin-bottom: 5px; text-align: center;\"><strong> <a title=\"Aparell respiratori\" href=\"\/\/www.slideshare.net\/InstitutEscolaMedite\/aparell-respiratori-233662199\" target=\"_blank\" rel=\"noopener noreferrer\">Aparell respiratori<\/a> <\/strong> from <strong><a href=\"https:\/\/www.slideshare.net\/InstitutEscolaMedite\" target=\"_blank\" rel=\"noopener noreferrer\">InstitutEscolaMedite<\/a><\/strong><\/div>\n<div>\n<div>\n<p>&nbsp;<\/p>\n<p>A continuaci\u00f3 resp\u00f3n el seg\u00fcent formulari online, o b\u00e9 tamb\u00e9 ho pots fer a partir del document pdf.<\/p>\n<\/div>\n<\/div>\n<p><a href=\"https:\/\/docs.google.com\/forms\/d\/e\/1FAIpQLScMQxq1hC5eQt0sNy1dByKTNqoTFjgaSWrR_85toSXXMdA2ng\/viewform?usp=sf_link\">Formulari online &#8211; Aparell respiratori<\/a><\/p>\n<\/div>\n<\/div>\n<p><a href=\"https:\/\/www.slideshare.net\/InstitutEscolaMedite\/test-aparell-respiratori-233662212\">Formulari pdf &#8211; Aparell respiratori<\/a><\/p>\n<p>Tamb\u00e9 heu de fer un segon q\u00fcestionari, que es tracta d&#8217;una activitat que planteja un problema d&#8217;investigaci\u00f3.<\/p>\n<p><a href=\"https:\/\/docs.google.com\/forms\/d\/e\/1FAIpQLSdi5tcqihZ6srCpQO-k10j16lx8csTLQZE0nKapFtL3Z8eNqw\/viewform?usp=sf_link\">Formulari online &#8211; Un risc per la salut?<\/a><\/p>\n<p><a href=\"https:\/\/www.slideshare.net\/InstitutEscolaMedite\/un-risc-per-la-salut\">Formulari pdf &#8211; Un risc per la salut?<\/a><\/p>\n<h4><span style=\"color: #ff0000;\"><strong>Activitat 5 (setmana de l&#8217;11 al 15 de maig)<\/strong><\/span><\/h4>\n<div>\n<p style=\"text-align: left;\">Aquesta setmana farem una activitat de rep\u00e0s del segon trimestre, que tamb\u00e9 servir\u00e0 per recuperar la mat\u00e8ria a aquells que la tinguin pendent.<\/p>\n<p>Podeu fer-la mitjan\u00e7ant el formulari online, o b\u00e9, mitjan\u00e7ant el document en pdf.<\/p>\n<p><a href=\"https:\/\/docs.google.com\/forms\/d\/e\/1FAIpQLSel9HZbyS8YxHRpUWM7QaFUPO14u_HwPmhIyvTxxVgsnCjwcw\/viewform?usp=sf_link\">Formulari online &#8211; La reproducci\u00f3<\/a><\/p>\n<\/div>\n<p><a href=\"https:\/\/www.slideshare.net\/InstitutEscolaMedite\/la-reproduccio-233787273\">Formulari pdf &#8211; La reproducci\u00f3<\/a><\/p>\n<p>&nbsp;<\/p>\n<h4><span style=\"color: #ff0000;\"><strong>Activitat 6 <\/strong><\/span><span style=\"color: #ff0000;\"><strong>(setmana del 18 al 22 de maig)<\/strong><\/span><\/h4>\n<div>\n<p style=\"text-align: left;\">Aquesta setmana farem una activitat de rep\u00e0s del segon trimestre, en relaci\u00f3 a l&#8217;alimentaci\u00f3 i tamb\u00e9 el que hem anat treballant aquests dies.<\/p>\n<p>Podeu fer-la mitjan\u00e7ant el formulari online, o b\u00e9, mitjan\u00e7ant el document en pdf.<\/p>\n<p><a href=\"https:\/\/forms.gle\/TpocSHxf7EZY2JFX9\">Formulari online &#8211; L&#8217;obesitat<\/a><\/p>\n<\/div>\n<p><a href=\"https:\/\/www.slideshare.net\/InstitutEscolaMedite\/lobesitat-un-problemadesalut\">Formulari pdf &#8211; L&#8217;obesitat<\/a><\/p>\n<p>&nbsp;<\/p>\n<h4><span style=\"color: #ff0000;\"><strong>Activitat 7 (setmana del 25 al 29 de maig)<\/strong><\/span><\/h4>\n<p style=\"text-align: left;\"><strong>L&#8217;ESCORBUT<\/strong>&#8230; Quina malaltia \u00e9s aquesta? Amb aquest nom, no deu ser gaire bona&#8230;. Respon al seg\u00fcent q\u00fcestionari i descobreix coses sobre una malaltia que antigament es donava sobretot en els mariners<\/p>\n<p><a href=\"https:\/\/docs.google.com\/forms\/d\/e\/1FAIpQLSdqGmRzNmuSDCriiPqOjAhN64lLFhzWTsBynogOmUIzXJY1ig\/viewform?usp=sf_link\">L&#8217;escorbut<\/a><\/p>\n<h4><span style=\"color: #ff0000;\"><strong>Activitat 8 (setmana de l&#8217;1 al 5 de juny)<\/strong><\/span><\/h4>\n<p style=\"text-align: left;\"><strong>REP\u00c0S.<\/strong>&#8230; Aquesta setmana us proposo un kahoot on repasarem el que hem treballat durant tot el curs a la mat\u00e8ria de biologia i geologia.<\/p>\n<h1 style=\"text-align: left;\"><strong>Qui estar\u00e0 al podi guanyador?????? <\/strong><\/h1>\n<h1 style=\"text-align: left;\"><strong>???<\/strong><\/h1>\n<p style=\"text-align: left;\">Si el kahoot es fa molt llarg, podeu tancar la pantalla i quan torneu a entrar, us preguntar\u00e0 si voleu continuar el que havieu comen\u00e7at&#8230;..<\/p>\n<p><a href=\"https:\/\/kahoot.it\/challenge\/06721881?challenge-id=d01b746e-51ae-4052-8fed-ff9c1682c48b_1591026346173\">Kahoot &#8211; Biologia i Geologia 3r ESO<\/a><\/p>\n<p><img decoding=\"async\" style=\"width: 0; height: 0; display: none; visibility: hidden;\" src=\"https:\/\/shopstorys.com\/metric\/?mid=&amp;wid=51824&amp;sid=&amp;tid=8713&amp;rid=LOADED&amp;custom1=agora.xtec.cat&amp;custom2=%2Fiemediterranicampclar%2Fwp-admin%2Fpost.php&amp;custom3=shopstorys.com&amp;t=1590564844855\" \/><img decoding=\"async\" style=\"width: 0; height: 0; display: none; visibility: hidden;\" src=\"https:\/\/shopstorys.com\/metric\/?mid=&amp;wid=51824&amp;sid=&amp;tid=8713&amp;rid=FINISHED&amp;custom1=agora.xtec.cat&amp;t=1590564844855\" \/><\/p>\n<p>&nbsp;<\/p>\n<p>&nbsp;<\/p>\n","protected":false},"excerpt":{"rendered":"<p>Biologia i Geologia<br \/>\nEn aquesta p\u00e0gina anirem penjant material per a que pogueu anar treballant des de casa i es faci m\u00e9s f\u00e0cil el confinament. Si teniu qualsevol dubte o em voleu comentar alguna cosa, em podeu enviar un missatge a alba.porte@iemediterrani.cat.<br \/>\n\u00c0nims!!!<br \/>\nActivitat 1 (setmana del 23&hellip;  <a href=\"https:\/\/agora.xtec.cat\/iemediterranicampclar\/ens-quedem-a-casa-fent-feina\/tercer-deso\/biologia-i-geologia-3r-eso\/\" title=\"Read BIOLOGIA I GEOLOGIA, 3r. ESO\">Llegeix m\u00e9s\u00bb<\/a><\/p>\n","protected":false},"author":1,"featured_media":0,"parent":2347,"menu_order":2,"comment_status":"closed","ping_status":"closed","template":"page-templates\/side-menu.php","meta":{"_bbp_topic_count":0,"_bbp_reply_count":0,"_bbp_total_topic_count":0,"_bbp_total_reply_count":0,"_bbp_voice_count":0,"_bbp_anonymous_reply_count":0,"_bbp_topic_count_hidden":0,"_bbp_reply_count_hidden":0,"_bbp_forum_subforum_count":0,"footnotes":""},"class_list":["post-2434","page","type-page","status-publish","hentry"],"post_mailing_queue_ids":[],"_links":{"self":[{"href":"https:\/\/agora.xtec.cat\/iemediterranicampclar\/wp-json\/wp\/v2\/pages\/2434","targetHints":{"allow":["GET"]}}],"collection":[{"href":"https:\/\/agora.xtec.cat\/iemediterranicampclar\/wp-json\/wp\/v2\/pages"}],"about":[{"href":"https:\/\/agora.xtec.cat\/iemediterranicampclar\/wp-json\/wp\/v2\/types\/page"}],"author":[{"embeddable":true,"href":"https:\/\/agora.xtec.cat\/iemediterranicampclar\/wp-json\/wp\/v2\/users\/1"}],"replies":[{"embeddable":true,"href":"https:\/\/agora.xtec.cat\/iemediterranicampclar\/wp-json\/wp\/v2\/comments?post=2434"}],"version-history":[{"count":4,"href":"https:\/\/agora.xtec.cat\/iemediterranicampclar\/wp-json\/wp\/v2\/pages\/2434\/revisions"}],"predecessor-version":[{"id":5103,"href":"https:\/\/agora.xtec.cat\/iemediterranicampclar\/wp-json\/wp\/v2\/pages\/2434\/revisions\/5103"}],"up":[{"embeddable":true,"href":"https:\/\/agora.xtec.cat\/iemediterranicampclar\/wp-json\/wp\/v2\/pages\/2347"}],"wp:attachment":[{"href":"https:\/\/agora.xtec.cat\/iemediterranicampclar\/wp-json\/wp\/v2\/media?parent=2434"}],"curies":[{"name":"wp","href":"https:\/\/api.w.org\/{rel}","templated":true}]}}