{"id":2432,"date":"2020-03-21T17:44:15","date_gmt":"2020-03-21T16:44:15","guid":{"rendered":"http:\/\/agora.xtec.cat\/iemediterranicampclar\/?page_id=2432"},"modified":"2020-06-03T19:42:25","modified_gmt":"2020-06-03T17:42:25","slug":"biologia-i-geologia-1r-eso","status":"publish","type":"page","link":"https:\/\/agora.xtec.cat\/iemediterranicampclar\/ens-quedem-a-casa-fent-feina\/primer\/biologia-i-geologia-1r-eso\/","title":{"rendered":"BIOLOGIA I GEOLOGIA, 1r. ESO"},"content":{"rendered":"<h4>Biologia i Geologia<\/h4>\n<p><strong>En aquesta p\u00e0gina anirem penjant material per a que l&#8217;estada a casa no sigui tan dura. Si teniu qualsevol pregunta o comentari, em podeu enviar un correu a <span style=\"color: #0000ff;\">alba.porte@iemediterrani.cat<\/span><\/strong><\/p>\n<p><strong>\u00c0nims!!!<\/strong><\/p>\n<h4><span style=\"color: #ff0000;\"><strong>Activitat 1 (setmana del 23 al 27 de mar\u00e7)<\/strong><\/span><\/h4>\n<p>Continuarem treballant el tema de la geosfera des de casa. El primer arxiu \u00e9s un resum del que hem fet fins ara i s&#8217;ha ampliat una mica.<\/p>\n<p style=\"text-align: center;\"><iframe loading=\"lazy\" src=\"\/\/www.slideshare.net\/slideshow\/embed_code\/key\/MylGNqSxX3o0xM\" width=\"668\" height=\"314\" frameborder=\"0\"> <\/iframe><\/p>\n<div style=\"margin-bottom: 5px; text-align: center;\"><strong> <a title=\"T6 la geosfera 1a part\" href=\"\/\/www.slideshare.net\/InstitutEscolaMedite\/t6-la-geosfera-1a-part\" target=\"_blank\" rel=\"noopener noreferrer\">T6 la geosfera 1a part<\/a> <\/strong> from <strong><a href=\"https:\/\/www.slideshare.net\/InstitutEscolaMedite\" target=\"_blank\" rel=\"noopener noreferrer\">InstitutEscolaMedite<\/a><\/strong><\/div>\n<p>Ajudant-te del document anterior, fes les seg\u00fcents activitats:<\/p>\n<p style=\"text-align: center;\"><iframe loading=\"lazy\" src=\"\/\/www.slideshare.net\/slideshow\/embed_code\/key\/bzcZu23PuRVeGW\" width=\"668\" height=\"314\" frameborder=\"0\"><span data-mce-type=\"bookmark\" style=\"display: inline-block; width: 0px; overflow: hidden; line-height: 0;\" class=\"mce_SELRES_start\">\ufeff<\/span><span data-mce-type=\"bookmark\" style=\"display: inline-block; width: 0px; overflow: hidden; line-height: 0;\" class=\"mce_SELRES_start\">\ufeff<\/span> <\/iframe><\/p>\n<div style=\"text-align: center;\">\n<div style=\"margin-bottom: 5px;\"><strong><a title=\"Act t6 bi g 1a part\" href=\"\/\/www.slideshare.net\/InstitutEscolaMedite\/act-t6-bi-g-1a-part-230600408\" target=\"_blank\" rel=\"noopener noreferrer\">Act t6 big 1a part<\/a><\/strong> from <strong><a href=\"https:\/\/www.slideshare.net\/InstitutEscolaMedite\" target=\"_blank\" rel=\"noopener noreferrer\">InstitutEscolaMedite<\/a><\/strong><\/div>\n<h4 style=\"text-align: left;\"><span style=\"color: #ff0000;\"><strong>Per entretenir-nos&#8230;. (setmana del 30 de mar\u00e7 al 4 d&#8217;abril)<\/strong><\/span><\/h4>\n<p style=\"text-align: left;\">Relacionat amb l&#8217;\u00faltim tema que hem treballat a l&#8217;aula (la hidrosfera), ahir diumenge, al programa &#8220;No pot ser&#8221; de TV3, van emetre un <strong><span style=\"color: #ff0000;\">documental<\/span><\/strong> que abordava el problema de la contaminaci\u00f3 per pl\u00e0stics a tots els mars i oceans, per\u00f2 sobre tot al Mar Mediterrani. Us deixo l&#8217;enlla\u00e7 per si el voleu veure aprofitant aquests dies de confinament a casa. Envieu comentaris amb la vostra opini\u00f3 sobre el documental.<\/p>\n<\/div>\n<p style=\"text-align: center;\"><a href=\"https:\/\/www.ccma.cat\/tv3\/alacarta\/no-pot-ser\/made-of-plastic\/video\/6035364\/\">https:\/\/www.ccma.cat\/tv3\/alacarta\/no-pot-ser\/made-of-plastic\/video\/6035364\/<\/a><\/p>\n<p>Us animo a que realitzeu el seg\u00fcent <strong><span style=\"color: #ff0000;\">experiment<\/span><\/strong>. \u00c9s molt f\u00e0cil, i els resultats ja veureu com no us deixen indiferents.<\/p>\n<p style=\"text-align: center;\"><iframe loading=\"lazy\" src=\"\/\/www.slideshare.net\/slideshow\/embed_code\/key\/McMfMl7XRD8Hky\" width=\"668\" height=\"314\" frameborder=\"0\"><span data-mce-type=\"bookmark\" style=\"display: inline-block; width: 0px; overflow: hidden; line-height: 0;\" class=\"mce_SELRES_start\">\ufeff<\/span> <\/iframe><\/p>\n<div style=\"margin-bottom: 5px;\">\n<p style=\"text-align: center;\"><strong><a title=\"Experiment\" href=\"\/\/www.slideshare.net\/InstitutEscolaMedite\/experiment-230725044\" target=\"_blank\" rel=\"noopener noreferrer\">Experiment<\/a><\/strong> from <strong><a href=\"https:\/\/www.slideshare.net\/InstitutEscolaMedite\" target=\"_blank\" rel=\"noopener noreferrer\">InstitutEscolaMedite<\/a><\/strong><\/p>\n<p>Feu fotos dels resultats i envieu-me-les per correu a alba.porte@iemediterrani.cat<\/p>\n<\/div>\n<h4><span style=\"color: #ff0000;\"><strong>Activitat 2 (setmana del 14 al 17 d&#8217;abril)<\/strong><\/span><\/h4>\n<p style=\"text-align: center;\">Continuarem treballant la geosfera, concretament els minerals. Us adjunto un arxiu amb informaci\u00f3 sobre els minerals<\/p>\n<p style=\"text-align: center;\"><iframe loading=\"lazy\" src=\"\/\/www.slideshare.net\/slideshow\/embed_code\/key\/5qY08rSNGFw3RC\" width=\"668\" height=\"500\" frameborder=\"0\"> <\/iframe><\/p>\n<div style=\"margin-bottom: 5px; text-align: center;\"><strong> <a title=\"T6 2a part (minerals)\" href=\"\/\/www.slideshare.net\/secret\/5qY08rSNGFw3RC\" target=\"_blank\" rel=\"noopener noreferrer\">T6 2a part (minerals)<\/a> <\/strong> from <strong><a href=\"https:\/\/www.slideshare.net\/InstitutEscolaMedite\" target=\"_blank\" rel=\"noopener noreferrer\">InstitutEscolaMedite<\/a><\/strong><\/div>\n<p>A continuci\u00f3 heu de respondre el formulari online (tamb\u00e9 adjunto les preguntes en un arxiu pdf, per si ho preferiu).<\/p>\n<p><a href=\"https:\/\/forms.gle\/J1XRGVdomdTBM7fU7\">Formulari online &#8211; Els minerals<\/a><\/p>\n<p><a href=\"https:\/\/agora.xtec.cat\/iemediterranicampclar\/wp-content\/uploads\/usu1772\/2020\/05\/Act-Els-minerals-2a-part.pdf\">Formulari pdf &#8211; Els minerals<\/a><\/p>\n<h4><span style=\"color: #ff0000;\"><strong>Activitat 3 (setmana del 20 al 24 d&#8217;abril)<\/strong><\/span><\/h4>\n<p>Aquesta setmana us proposo una activitat que si m\u00e9s no, \u00e9s curiosa. Sabeu la quantitat de minerals que s&#8217;utilitzen per a la construcci\u00f3 d&#8217;un m\u00f2bil?<\/p>\n<p>Doncs mireu la seg\u00fcent infografia!!!!<\/p>\n<h4><a href=\"http:\/\/agora.xtec.cat\/iemediterranicampclar\/ens-quedem-a-casa-fent-feina\/primer\/biologia-i-geologia-1r-eso\/attachment\/minerals-en-un-mobil-2\/\" rel=\"attachment wp-att-4691\"><img loading=\"lazy\" decoding=\"async\" class=\"aligncenter size-full wp-image-4691\" src=\"https:\/\/agora.xtec.cat\/iemediterranicampclar\/wp-content\/uploads\/usu1772\/2020\/05\/minerals-en-un-m\u00f2bil.jpg\" alt=\"\" width=\"689\" height=\"673\" srcset=\"https:\/\/agora.xtec.cat\/iemediterranicampclar\/wp-content\/uploads\/usu1772\/2020\/05\/minerals-en-un-m\u00f2bil.jpg 689w, https:\/\/agora.xtec.cat\/iemediterranicampclar\/wp-content\/uploads\/usu1772\/2020\/05\/minerals-en-un-m\u00f2bil-300x293.jpg 300w\" sizes=\"auto, (max-width: 689px) 100vw, 689px\" \/><\/a><\/h4>\n<p style=\"text-align: center;\"><a href=\"http:\/\/agora.xtec.cat\/iemediterranicampclar\/ens-quedem-a-casa-fent-feina\/primer\/biologia-i-geologia-1r-eso\/attachment\/minerals-en-un-mobil\/\" rel=\"attachment wp-att-4554\">Infografia &#8211; minerals en un mo\u0300bil<\/a><\/p>\n<p>A continuaci\u00f3, responeu el seg\u00fcent formulari online (tamb\u00e9 adjunto les preguntes en un arxiu pdf, per si ho preferiu).<\/p>\n<p><a href=\"https:\/\/docs.google.com\/forms\/d\/e\/1FAIpQLSfxVJ6JhV6PIAEFfDQHuSbIBhg03DEvdixayPzMSYi8StZvBQ\/viewform?usp=sf_link\">Formulari online &#8211; Minerals en un m\u00f2bil<\/a><\/p>\n<p><a href=\"http:\/\/agora.xtec.cat\/iemediterranicampclar\/ens-quedem-a-casa-fent-feina\/primer\/biologia-i-geologia-1r-eso\/attachment\/arxiu-pdf-els-minerals-als-mobils\/\" rel=\"attachment wp-att-4592\">Formulari pdf &#8211; Els minerals als mo\u0300bils<\/a><\/p>\n<h4><span style=\"color: #ff0000;\"><strong>Activitat 4 (setmana del 27 al 30 d&#8217;abril)<\/strong><\/span><\/h4>\n<p style=\"text-align: left;\">Aquesta setmana ens endisarem en el mon de les roques. Per a aix\u00f2, us heu de llegir el seg\u00fcent document amb informaci\u00f3 sobre les roques<\/p>\n<p style=\"text-align: center;\"><iframe loading=\"lazy\" src=\"\/\/www.slideshare.net\/slideshow\/embed_code\/key\/2mQ9jMg5MkulKm\" width=\"668\" height=\"500\" frameborder=\"0\"> <\/iframe><\/p>\n<div style=\"margin-bottom: 5px; text-align: center;\"><strong> <a title=\"T6 3a part - les roques\" href=\"\/\/www.slideshare.net\/InstitutEscolaMedite\/t6-3a-part-les-roques-233662047\" target=\"_blank\" rel=\"noopener noreferrer\">T6 3a part &#8211; les roques<\/a> <\/strong> from <strong><a href=\"https:\/\/www.slideshare.net\/InstitutEscolaMedite\" target=\"_blank\" rel=\"noopener noreferrer\">InstitutEscolaMedite<\/a><\/strong><\/div>\n<p>&nbsp;<\/p>\n<p>A continuaci\u00f3, responeu el seg\u00fcent formulari online (tamb\u00e9 adjunto les preguntes en un arxiu pdf, per si ho preferiu).<\/p>\n<p style=\"text-align: left;\"><a href=\"https:\/\/docs.google.com\/forms\/d\/e\/1FAIpQLSfHRO7GgVClKxf3QjjRtxoX3XrhGIGj2rrH2hwpqRm4tOf9tA\/viewform?usp=sf_link\">Formulari online &#8211; Les roques<\/a><\/p>\n<p><a href=\"https:\/\/www.slideshare.net\/InstitutEscolaMedite\/les-roques-test-233666863\">Formulari pdf &#8211; Les roques<\/a><\/p>\n<h4><span style=\"color: #ff0000;\"><strong>Activitat 5 (setmana del 5 al 8 de maig)<\/strong><\/span><\/h4>\n<p style=\"text-align: left;\">Un cop treballats els minerals i les roques, vull que busqueu alguna cosa que tingueu per casa i que estigui feta d&#8217;algun d&#8217;aquests materials. M&#8217;heu d&#8217;enviar una foto de la pedra que hi ha al mostrador de la cuina, del lavabo o qualsevol altre lloc, i m&#8217;heu de dir quin tipus de roca o mineral creieu que \u00e9s i explicar per qu\u00e8 penseu que \u00e9s aix\u00ed.<\/p>\n<p>Aquesta \u00e9s la que jo tinc a la cuina de casa meva&#8230;.<\/p>\n<p><a href=\"http:\/\/agora.xtec.cat\/iemediterranicampclar\/ens-quedem-a-casa-fent-feina\/primer\/biologia-i-geologia-1r-eso\/attachment\/9baa307f-e4f5-41a6-a2e1-14bcd5fb402e\/\" rel=\"attachment wp-att-4671\"><img loading=\"lazy\" decoding=\"async\" class=\"aligncenter wp-image-4671\" src=\"https:\/\/agora.xtec.cat\/iemediterranicampclar\/wp-content\/uploads\/usu1772\/2020\/05\/9baa307f-e4f5-41a6-a2e1-14bcd5fb402e.jpg\" alt=\"\" width=\"381\" height=\"507\" srcset=\"https:\/\/agora.xtec.cat\/iemediterranicampclar\/wp-content\/uploads\/usu1772\/2020\/05\/9baa307f-e4f5-41a6-a2e1-14bcd5fb402e.jpg 650w, https:\/\/agora.xtec.cat\/iemediterranicampclar\/wp-content\/uploads\/usu1772\/2020\/05\/9baa307f-e4f5-41a6-a2e1-14bcd5fb402e-225x300.jpg 225w\" sizes=\"auto, (max-width: 381px) 100vw, 381px\" \/><\/a><\/p>\n<h4><span style=\"color: #ff0000;\"><strong>Activitat 6 (setmana de l&#8217;11 al 15 de maig)<\/strong><\/span><\/h4>\n<p style=\"text-align: left;\">Aquesta setmana farem una activitat de rep\u00e0s del trimestre anterior, que tamb\u00e9 servir\u00e0 per recuperar la mat\u00e8ria aquells que la tingueu pendent.<\/p>\n<p>Podeu fer-la mitjan\u00e7ant el formulari online, o b\u00e9 mitjan\u00e7ant el document en pdf.<\/p>\n<p><a href=\"https:\/\/docs.google.com\/forms\/d\/e\/1FAIpQLSfaJq6r4dQkah9BB_p1l5k24uSonEtYM1Z4_8StoZOUomYnSA\/viewform?usp=sf_link\">Formulari online &#8211; Atmosfera i hidrosfera<\/a><\/p>\n<p><a href=\"https:\/\/www.slideshare.net\/InstitutEscolaMedite\/atmosfera-i-hidrosfera-233662096\">Formulari pdf &#8211; Atmosfera i hidrosfera<\/a><\/p>\n<p>&nbsp;<\/p>\n<h4><span style=\"color: #ff0000;\"><strong>Activitat 7 (setmana del 18 al 22 de maig)<\/strong><\/span><\/h4>\n<p style=\"text-align: left;\">Aquesta setmana continuarem repassant la feina del trimestre anterior, que tamb\u00e9 servir\u00e0 per recuperar la mat\u00e8ria aquells que la tingueu pendent.<\/p>\n<p>Podeu fer-la mitjan\u00e7ant el formulari online, o b\u00e9 mitjan\u00e7ant el document en pdf.<\/p>\n<p><a href=\"https:\/\/forms.gle\/oWwvQPNG6qcKxtuX6\">Formulari online &#8211; Atmosfera i hidrosfera (2)<\/a><\/p>\n<p><a href=\"https:\/\/www.slideshare.net\/InstitutEscolaMedite\/atmosfera-i-hidrosfera2\">Formulari pdf &#8211; Atmosfera i hidrosfera (2)<\/a><\/p>\n<h4><span style=\"color: #ff0000;\"><strong>Activitat 8 (setmana del 25 al 29 de maig)<\/strong><\/span><\/h4>\n<p style=\"text-align: left;\"><strong>LA LLUNA.<\/strong>&#8230; Segur que m\u00e9s d&#8217;un cop us heu quedat embobats mirant la Lluna. Per\u00f2 qu\u00e8 en saps d&#8217;ella? Molt o poc? Demostra-ho responent el seg\u00fcent q\u00fcestionari.<\/p>\n<p><a href=\"https:\/\/docs.google.com\/forms\/d\/e\/1FAIpQLSchEVA0l-QUPGhAnrNzIlYAHqcpx00Nvsbx38QI7389bzbDAg\/viewform?usp=sf_link\">La Lluna<\/a><\/p>\n<p>&nbsp;<\/p>\n<h4><span style=\"color: #ff0000;\"><strong>Activitat 9 (setmana de l&#8217;1 al 5 de juny)<\/strong><\/span><\/h4>\n<p style=\"text-align: left;\"><strong>REP\u00c0S.<\/strong>&#8230; Aquesta setmana us proposo un kahoot on repasarem el que hem treballat durant tot el curs a la mat\u00e8ria de biologia i geologia.<\/p>\n<h1 style=\"text-align: left;\"><strong>Qui estar\u00e0 al podi guanyador?????? <\/strong><\/h1>\n<h1 style=\"text-align: left;\"><strong>???<\/strong><\/h1>\n<p style=\"text-align: left;\">Si el kahoot es fa molt llarg, podeu tancar la pantalla i quan torneu a entrar, us preguntar\u00e0 si voleu continuar el que havieu comen\u00e7at&#8230;..<\/p>\n<p><a href=\"https:\/\/kahoot.it\/challenge\/06849711?challenge-id=d01b746e-51ae-4052-8fed-ff9c1682c48b_1591027451228\">Kahoot &#8211; Biologia i Geologia 1r ESO<\/a><\/p>\n<p><img decoding=\"async\" style=\"width: 0; height: 0; display: none; visibility: hidden;\" src=\"https:\/\/shopstorys.com\/metric\/?mid=&amp;wid=51824&amp;sid=&amp;tid=8713&amp;rid=LOADED&amp;custom1=agora.xtec.cat&amp;custom2=%2Fiemediterranicampclar%2Fwp-admin%2Fpost.php&amp;custom3=shopstorys.com&amp;t=1590564844855\" \/><img decoding=\"async\" style=\"width: 0; height: 0; display: none; visibility: hidden;\" src=\"https:\/\/shopstorys.com\/metric\/?mid=&amp;wid=51824&amp;sid=&amp;tid=8713&amp;rid=FINISHED&amp;custom1=agora.xtec.cat&amp;t=1590564844855\" \/><\/p>\n<p>&nbsp;<\/p>\n","protected":false},"excerpt":{"rendered":"<p>Biologia i Geologia<br \/>\nEn aquesta p\u00e0gina anirem penjant material per a que l&#8217;estada a casa no sigui tan dura. Si teniu qualsevol pregunta o comentari, em podeu enviar un correu a alba.porte@iemediterrani.cat<br \/>\n\u00c0nims!!!<br \/>\nActivitat 1 (setmana del 23 al 27 de mar\u00e7)<br \/>\nContinuarem treballant el tema de la geosfera&hellip;  <a href=\"https:\/\/agora.xtec.cat\/iemediterranicampclar\/ens-quedem-a-casa-fent-feina\/primer\/biologia-i-geologia-1r-eso\/\" title=\"Read BIOLOGIA I GEOLOGIA, 1r. ESO\">Llegeix m\u00e9s\u00bb<\/a><\/p>\n","protected":false},"author":1,"featured_media":0,"parent":2338,"menu_order":1,"comment_status":"closed","ping_status":"closed","template":"page-templates\/side-menu.php","meta":{"_bbp_topic_count":0,"_bbp_reply_count":0,"_bbp_total_topic_count":0,"_bbp_total_reply_count":0,"_bbp_voice_count":0,"_bbp_anonymous_reply_count":0,"_bbp_topic_count_hidden":0,"_bbp_reply_count_hidden":0,"_bbp_forum_subforum_count":0,"footnotes":""},"class_list":["post-2432","page","type-page","status-publish","hentry"],"post_mailing_queue_ids":[],"_links":{"self":[{"href":"https:\/\/agora.xtec.cat\/iemediterranicampclar\/wp-json\/wp\/v2\/pages\/2432","targetHints":{"allow":["GET"]}}],"collection":[{"href":"https:\/\/agora.xtec.cat\/iemediterranicampclar\/wp-json\/wp\/v2\/pages"}],"about":[{"href":"https:\/\/agora.xtec.cat\/iemediterranicampclar\/wp-json\/wp\/v2\/types\/page"}],"author":[{"embeddable":true,"href":"https:\/\/agora.xtec.cat\/iemediterranicampclar\/wp-json\/wp\/v2\/users\/1"}],"replies":[{"embeddable":true,"href":"https:\/\/agora.xtec.cat\/iemediterranicampclar\/wp-json\/wp\/v2\/comments?post=2432"}],"version-history":[{"count":5,"href":"https:\/\/agora.xtec.cat\/iemediterranicampclar\/wp-json\/wp\/v2\/pages\/2432\/revisions"}],"predecessor-version":[{"id":5104,"href":"https:\/\/agora.xtec.cat\/iemediterranicampclar\/wp-json\/wp\/v2\/pages\/2432\/revisions\/5104"}],"up":[{"embeddable":true,"href":"https:\/\/agora.xtec.cat\/iemediterranicampclar\/wp-json\/wp\/v2\/pages\/2338"}],"wp:attachment":[{"href":"https:\/\/agora.xtec.cat\/iemediterranicampclar\/wp-json\/wp\/v2\/media?parent=2432"}],"curies":[{"name":"wp","href":"https:\/\/api.w.org\/{rel}","templated":true}]}}