{"id":2427,"date":"2020-03-21T17:32:38","date_gmt":"2020-03-21T16:32:38","guid":{"rendered":"http:\/\/agora.xtec.cat\/iemediterranicampclar\/?page_id=2427"},"modified":"2020-05-27T18:17:42","modified_gmt":"2020-05-27T16:17:42","slug":"fisica-i-quimica-3r-eso","status":"publish","type":"page","link":"https:\/\/agora.xtec.cat\/iemediterranicampclar\/ens-quedem-a-casa-fent-feina\/tercer-deso\/fisica-i-quimica-3r-eso\/","title":{"rendered":"F\u00cdSICA I QU\u00cdMICA, 3r. ESO"},"content":{"rendered":"<h4>F\u00edsica i Qu\u00edmica<\/h4>\n<p><iframe loading=\"lazy\" src=\"\/\/www.slideshare.net\/slideshow\/embed_code\/key\/4fCoVfvyBWTKSS\" width=\"668\" height=\"714\" frameborder=\"0\"> <\/iframe><\/p>\n<div style=\"margin-bottom: 5px;\"><strong> <a title=\"Juga amb la ciencia\" href=\"\/\/www.slideshare.net\/InstitutEscolaMedite\/juga-amb-la-ciencia\" target=\"_blank\" rel=\"noopener noreferrer\">Juga amb la ciencia<\/a> <\/strong> from <strong><a href=\"https:\/\/www.slideshare.net\/InstitutEscolaMedite\" target=\"_blank\" rel=\"noopener noreferrer\">InstitutEscolaMedite<\/a><\/strong><\/div>\n<p><iframe loading=\"lazy\" src=\"\/\/www.slideshare.net\/slideshow\/embed_code\/key\/5tKmueStkTmESr\" width=\"668\" height=\"714\" frameborder=\"0\"> <\/iframe><\/p>\n<div style=\"margin-bottom: 5px;\"><strong> <a title=\"Quimica industria i vida quotidiana\" href=\"\/\/www.slideshare.net\/InstitutEscolaMedite\/quimica-industria-i-vida-quotidiana\" target=\"_blank\" rel=\"noopener noreferrer\">Quimica industria i vida quotidiana<\/a> <\/strong> from <strong><a href=\"https:\/\/www.slideshare.net\/InstitutEscolaMedite\" target=\"_blank\" rel=\"noopener noreferrer\">InstitutEscolaMedite<\/a><\/strong><\/div>\n<p><iframe loading=\"lazy\" src=\"\/\/www.slideshare.net\/slideshow\/embed_code\/key\/qxbepjtbjzUd3U\" width=\"668\" height=\"714\" frameborder=\"0\"> <\/iframe><\/p>\n<div style=\"margin-bottom: 5px;\"><strong> <a title=\"Assolim competencies\" href=\"\/\/www.slideshare.net\/InstitutEscolaMedite\/assolim-competencies\" target=\"_blank\" rel=\"noopener noreferrer\">Assolim competencies<\/a> <\/strong> from <strong><a href=\"https:\/\/www.slideshare.net\/InstitutEscolaMedite\" target=\"_blank\" rel=\"noopener noreferrer\">InstitutEscolaMedite<\/a><\/strong><\/div>\n<p><iframe loading=\"lazy\" src=\"\/\/www.slideshare.net\/slideshow\/embed_code\/key\/EInPeVVa0rF3US\" width=\"668\" height=\"714\" frameborder=\"0\"> <\/iframe><\/p>\n<div style=\"margin-bottom: 5px;\"><strong> <a title=\"Mots encreguats\" href=\"\/\/www.slideshare.net\/InstitutEscolaMedite\/mots-encreguats\" target=\"_blank\" rel=\"noopener noreferrer\">Mots encreguats<\/a> <\/strong> from <strong><a href=\"https:\/\/www.slideshare.net\/InstitutEscolaMedite\" target=\"_blank\" rel=\"noopener noreferrer\">InstitutEscolaMedite<\/a><\/strong><\/div>\n<div><\/div>\n<div>\n<h4>Amb la Fundaci\u00f3 Repsol treballem mitjan\u00e7ant el porjecte eWorld per aprendre i aprofunditzar tot all\u00f2 que ja sabem sobre les energies renovables i les competencies associades als Objectius de Desenvolupament Sostenible (ODS).<\/h4>\n<\/div>\n<h4><strong>Activitat\u00a0 (setmana del 14 al 17 d\u2019abril)<\/strong><\/h4>\n<p><a href=\"https:\/\/agora.xtec.cat\/iemediterranicampclar\/wp-content\/uploads\/usu1772\/2020\/05\/Energies-sostenibles-1.docx\">Energies sostenibles<\/a><\/p>\n<h4><strong>Activitat\u00a0 (setmana del 27 al 30 d\u2019abril)<\/strong><\/h4>\n<p><a href=\"https:\/\/agora.xtec.cat\/iemediterranicampclar\/wp-content\/uploads\/usu1772\/2020\/05\/canvi-clim\u00e0tic-i-qualitat-de-l_aire.pptx\">canvi clim\u00e0tic i qualitat de l_aire<\/a><\/p>\n<h4><strong>Activitat\u00a0 (setmana de l\u201911 al 15 de maig)<\/strong><\/h4>\n<p><a href=\"https:\/\/agora.xtec.cat\/iemediterranicampclar\/wp-content\/uploads\/usu1772\/2020\/05\/No-\u00e9s-el-mateix.docx\">No \u00e9s el mateix!<\/a><\/p>\n<h4><strong>Activitat\u00a0 <\/strong><strong>(setmana del 18 al 22 de maig)<\/strong><\/h4>\n<p><a href=\"https:\/\/agora.xtec.cat\/iemediterranicampclar\/wp-content\/uploads\/usu1772\/2020\/05\/Reflexi\u00f3-energ\u00e8tica.docx\">Reflexi\u00f3 energ\u00e8tica<\/a><\/p>\n<h4><strong>Activitat\u00a0 (setmana del 25 al 29 de maig)<\/strong><\/h4>\n<p><a href=\"https:\/\/agora.xtec.cat\/iemediterranicampclar\/wp-content\/uploads\/usu1772\/2020\/05\/Mobilitat-sostenible.pdf\">Mobilitat sostenible<\/a><\/p>\n<p><a href=\"https:\/\/agora.xtec.cat\/iemediterranicampclar\/wp-content\/uploads\/usu1772\/2020\/05\/Descobreix-el-teu-motor.docx\">Descobreix el teu motor<\/a><\/p>\n","protected":false},"excerpt":{"rendered":"<p>F\u00edsica i Qu\u00edmica<\/p>\n<p> <a title=\"Juga amb la ciencia\" href=\"\/\/www.slideshare.net\/InstitutEscolaMedite\/juga-amb-la-ciencia\" target=\"_blank\" rel=\"noopener noreferrer\">Juga amb la ciencia<\/a>  from <a href=\"https:\/\/www.slideshare.net\/InstitutEscolaMedite\" target=\"_blank\" rel=\"noopener noreferrer\">InstitutEscolaMedite<\/a><\/p>\n<p> <a title=\"Quimica industria i vida quotidiana\" href=\"\/\/www.slideshare.net\/InstitutEscolaMedite\/quimica-industria-i-vida-quotidiana\" target=\"_blank\" rel=\"noopener noreferrer\">Quimica industria i vida quotidiana<\/a>  from <a href=\"https:\/\/www.slideshare.net\/InstitutEscolaMedite\" target=\"_blank\" rel=\"noopener noreferrer\">InstitutEscolaMedite<\/a><br \/>\n&hellip;  <a href=\"https:\/\/agora.xtec.cat\/iemediterranicampclar\/ens-quedem-a-casa-fent-feina\/tercer-deso\/fisica-i-quimica-3r-eso\/\" title=\"Read F\u00cdSICA I QU\u00cdMICA, 3r. ESO\">Llegeix m\u00e9s\u00bb<\/a><\/p>\n","protected":false},"author":1,"featured_media":0,"parent":2347,"menu_order":1,"comment_status":"closed","ping_status":"closed","template":"page-templates\/side-menu.php","meta":{"_bbp_topic_count":0,"_bbp_reply_count":0,"_bbp_total_topic_count":0,"_bbp_total_reply_count":0,"_bbp_voice_count":0,"_bbp_anonymous_reply_count":0,"_bbp_topic_count_hidden":0,"_bbp_reply_count_hidden":0,"_bbp_forum_subforum_count":0,"footnotes":""},"class_list":["post-2427","page","type-page","status-publish","hentry"],"post_mailing_queue_ids":[],"_links":{"self":[{"href":"https:\/\/agora.xtec.cat\/iemediterranicampclar\/wp-json\/wp\/v2\/pages\/2427","targetHints":{"allow":["GET"]}}],"collection":[{"href":"https:\/\/agora.xtec.cat\/iemediterranicampclar\/wp-json\/wp\/v2\/pages"}],"about":[{"href":"https:\/\/agora.xtec.cat\/iemediterranicampclar\/wp-json\/wp\/v2\/types\/page"}],"author":[{"embeddable":true,"href":"https:\/\/agora.xtec.cat\/iemediterranicampclar\/wp-json\/wp\/v2\/users\/1"}],"replies":[{"embeddable":true,"href":"https:\/\/agora.xtec.cat\/iemediterranicampclar\/wp-json\/wp\/v2\/comments?post=2427"}],"version-history":[{"count":3,"href":"https:\/\/agora.xtec.cat\/iemediterranicampclar\/wp-json\/wp\/v2\/pages\/2427\/revisions"}],"predecessor-version":[{"id":5011,"href":"https:\/\/agora.xtec.cat\/iemediterranicampclar\/wp-json\/wp\/v2\/pages\/2427\/revisions\/5011"}],"up":[{"embeddable":true,"href":"https:\/\/agora.xtec.cat\/iemediterranicampclar\/wp-json\/wp\/v2\/pages\/2347"}],"wp:attachment":[{"href":"https:\/\/agora.xtec.cat\/iemediterranicampclar\/wp-json\/wp\/v2\/media?parent=2427"}],"curies":[{"name":"wp","href":"https:\/\/api.w.org\/{rel}","templated":true}]}}