{"id":2161,"date":"2020-03-20T13:00:02","date_gmt":"2020-03-20T12:00:02","guid":{"rendered":"http:\/\/agora.xtec.cat\/iemediterranicampclar\/?page_id=2161"},"modified":"2020-05-22T10:25:28","modified_gmt":"2020-05-22T08:25:28","slug":"cicle-superior","status":"publish","type":"page","link":"https:\/\/agora.xtec.cat\/iemediterranicampclar\/ens-quedem-a-casa-fent-feina\/cicle-superior\/","title":{"rendered":"CICLE SUPERIOR"},"content":{"rendered":"<h3><\/h3>\n<h3 style=\"text-align: center;\"><strong>#JOEMQUEDOACASA<\/strong><\/h3>\n<p>Hola alumnes de Cicle Superior,<\/p>\n<p>Algunes coses que podeu fer aquests dies:<\/p>\n<p>EL M\u00c9S IMPORTANT: Heu d\u2019ajudar molt els vostres pares i mares. No \u00e9s una situaci\u00f3 f\u00e0cil per cap de nosaltres. \u00c0nims! Segur que ens tornarem a veure ben aviat! \u2665<\/p>\n<p>1. Aquests dies aprofiteu per llegir molt: llibres, contes, revistes, c\u00f2mics&#8230;<\/p>\n<p>2. Jugueu a jocs de taula amb la vostra fam\u00edlia! I el m\u00e9s important&#8230; NO T\u2019ENFADIS SI NO GUANYES, hem de saber perdre (i guanyar!)<\/p>\n<p>Us deixem unes activitats perqu\u00e8 pogueu fer. Hi han que s\u00f3n per fer-les al mateix enlla\u00e7 i, d&#8217;altres, les podeu imprimir o copiar en un paper.<\/p>\n<h3>PLANIFICACI\u00d3 SETMANAL <span style=\"color: #ff0000;\"><strong>C. SUPERIOR 5\u00e8.<\/strong><\/span><\/h3>\n<p>&nbsp;<\/p>\n<table>\n<tbody>\n<tr>\n<td>\n<h4>DILLUNS<\/h4>\n<\/td>\n<td>\n<h4>DIMARTS<\/h4>\n<\/td>\n<td>\n<h4>DIMECRES<\/h4>\n<\/td>\n<td>\n<h4>\u00a0DIJOUS<\/h4>\n<\/td>\n<td>\n<h4>DIVENDRES<\/h4>\n<\/td>\n<\/tr>\n<tr>\n<td><strong>CATAL\u00c0<\/strong><\/td>\n<td><strong>MATEM\u00c0TIQUES<\/strong><\/td>\n<td><strong>MEDI<\/strong><\/td>\n<td><strong>CASTELL\u00c0<\/strong><\/td>\n<td><b>PROJECTE<\/b><\/td>\n<\/tr>\n<tr>\n<td><a href=\"https:\/\/agora.xtec.cat\/iemediterranicampclar\/ens-quedem-a-casa-fent-feina\/cicle-superior\/catala-5e\/\" target=\"_blank\" rel=\"noopener noreferrer\">ACTIVITATS<\/a><\/td>\n<td><a href=\"https:\/\/agora.xtec.cat\/iemediterranicampclar\/ens-quedem-a-casa-fent-feina\/cicle-superior\/matematiques-5e\/\" target=\"_blank\" rel=\"noopener noreferrer\">ACTIVITATS<\/a><\/td>\n<td><a href=\"https:\/\/agora.xtec.cat\/iemediterranicampclar\/ens-quedem-a-casa-fent-feina\/cicle-superior\/medi-5e\/\" target=\"_blank\" rel=\"noopener noreferrer\">PROJECTE<\/a><\/td>\n<td><a href=\"https:\/\/agora.xtec.cat\/iemediterranicampclar\/ens-quedem-a-casa-fent-feina\/cicle-superior\/castella-5e\/\" target=\"_blank\" rel=\"noopener noreferrer\">ACTIVITATS<\/a><\/td>\n<td><a href=\"https:\/\/agora.xtec.cat\/iemediterranicampclar\/ens-quedem-a-casa-fent-feina\/cicle-superior\/projecte-pau-casals\/\" target=\"_blank\" rel=\"noopener noreferrer\">PAU CASALS<\/a><\/td>\n<\/tr>\n<tr>\n<td>\n<h5><a href=\"https:\/\/agora.xtec.cat\/iemediterranicampclar\/ens-quedem-a-casa-fent-feina\/cicle-superior\/angles-5e\/\">ANGL\u00c8S<\/a><\/h5>\n<\/td>\n<td>\n<h5><a href=\"https:\/\/agora.xtec.cat\/iemediterranicampclar\/ens-quedem-a-casa-fent-feina\/cicle-superior\/musica-5e\/\">M\u00daSICA<\/a><\/h5>\n<\/td>\n<td>\n<h5 style=\"text-align: center;\"><\/h5>\n<h5 style=\"text-align: center;\"><a href=\"https:\/\/view.genial.ly\/5ea05ea6d407580db9dbd0fe\/presentation-3a-cicle-superior\"><span style=\"color: #000000;\"><strong>EDUCACI\u00d3 <\/strong><\/span><\/a><\/h5>\n<h5 style=\"text-align: center;\"><span style=\"color: #000000;\"><strong>F\u00cdSICA<\/strong><\/span><\/h5>\n<\/td>\n<td>\n<h5><a href=\"https:\/\/agora.xtec.cat\/iemediterranicampclar\/ens-quedem-a-casa-fent-feina\/cicle-superior\/plastica-cicle-superior\/\">PL\u00c0STICA<\/a><\/h5>\n<p><strong><img loading=\"lazy\" decoding=\"async\" class=\"alignnone\" src=\"\/\/ssl.gstatic.com\/mail\/emoji\/v7\/png48\/emoji_u1f4f8.png\" alt=\"\uf4f8\" width=\"28\" height=\"28\" data-goomoji=\"1f4f8\" \/><\/strong><\/p>\n<p>&nbsp;<\/td>\n<td>\n<h5><\/h5>\n<\/td>\n<\/tr>\n<tr>\n<td>\n<h4><\/h4>\n<\/td>\n<td>\n<h5><\/h5>\n<\/td>\n<td>\n<h5><\/h5>\n<\/td>\n<td><\/td>\n<td>\n<h5><\/h5>\n<\/td>\n<\/tr>\n<\/tbody>\n<\/table>\n<h3>PLANIFICACI\u00d3 SETMANAL\u00a0<span style=\"color: #ff0000;\"><strong>C. SUPERIOR\u00a0 6\u00e8<\/strong><\/span><\/h3>\n<p>&nbsp;<\/p>\n<table style=\"width: 603px;\">\n<tbody>\n<tr>\n<td style=\"width: 106.5625px;\">\n<h4>DILLUNS<\/h4>\n<\/td>\n<td style=\"width: 132.53125px;\">\n<h4>DIMARTS<\/h4>\n<\/td>\n<td style=\"width: 126.53125px;\">\n<h4>DIMECRES<\/h4>\n<\/td>\n<td style=\"width: 98.328125px;\">\n<h4>DIJOUS<\/h4>\n<\/td>\n<td style=\"width: 135.8125px;\">\n<h4>DIVENDRES<\/h4>\n<\/td>\n<\/tr>\n<tr>\n<td style=\"width: 106.5625px;\"><strong>\u00a0 \u00a0 CATAL\u00c0<\/strong><\/td>\n<td style=\"width: 132.53125px;\"><strong>MATEM\u00c0TIQUES<\/strong><\/td>\n<td style=\"width: 126.53125px;\"><strong>\u00a0 \u00a0 \u00a0 \u00a0 \u00a0MEDI<\/strong><\/td>\n<td style=\"width: 98.328125px;\"><strong>\u00a0 CASTELL\u00c0<\/strong><\/td>\n<td style=\"width: 135.813px; text-align: center;\"><strong>\u00a0 \u00a0 PROJECTE <\/strong><\/p>\n<p><strong>I <\/strong><\/p>\n<p><strong>ALTRES ACTIVITATS<\/strong><\/td>\n<\/tr>\n<tr>\n<td style=\"text-align: center; width: 106.5625px;\"><a href=\"https:\/\/agora.xtec.cat\/iemediterranicampclar\/ens-quedem-a-casa-fent-feina\/cicle-superior\/catala-6e\/\" target=\"_blank\" rel=\"noopener noreferrer\">ACTIVITATS<\/a><\/td>\n<td style=\"width: 132.53125px;\">\n<p style=\"text-align: center;\"><a href=\"https:\/\/agora.xtec.cat\/iemediterranicampclar\/ens-quedem-a-casa-fent-feina\/cicle-superior\/matematiques-6e\/\" target=\"_blank\" rel=\"noopener noreferrer\">ACTIVITATS<\/a><\/p>\n<\/td>\n<td style=\"width: 126.53125px;\">\n<p style=\"text-align: center;\"><a href=\"https:\/\/agora.xtec.cat\/iemediterranicampclar\/ens-quedem-a-casa-fent-feina\/cicle-superior\/medi-6e\/\" target=\"_blank\" rel=\"noopener noreferrer\">ACTIVITATS<\/a><\/p>\n<\/td>\n<td style=\"width: 98.328125px;\"><a href=\"https:\/\/agora.xtec.cat\/iemediterranicampclar\/ens-quedem-a-casa-fent-feina\/cicle-superior\/castella-6e\/\" target=\"_blank\" rel=\"noopener noreferrer\">ACTIVITATS<\/a><\/td>\n<td style=\"width: 135.8125px; text-align: center;\"><a href=\"https:\/\/drive.google.com\/file\/d\/1H_9QHvE0aww5zwXM3ltEdgDpHqTcw0p8\/view?usp=sharing\" target=\"_blank\" rel=\"noopener noreferrer\">ACTIVITATS<\/a><\/p>\n<p>&#8212;&#8212;&#8212;&#8212;&#8212;&#8212;-<\/p>\n<p><a href=\"https:\/\/agora.xtec.cat\/iemediterranicampclar\/ens-quedem-a-casa-fent-feina\/cicle-superior\/projecte-pau-casals\/\" target=\"_blank\" rel=\"noopener noreferrer\">PAU CASALS<\/a><\/td>\n<\/tr>\n<tr>\n<td style=\"width: 106.5625px;\">\n<h5><a href=\"https:\/\/agora.xtec.cat\/iemediterranicampclar\/ens-quedem-a-casa-fent-feina\/cicle-superior\/angles6e\/\"><strong>ANGL\u00c8S<\/strong><\/a><\/h5>\n<\/td>\n<td style=\"width: 132.53125px;\">\n<h5><a href=\"https:\/\/agora.xtec.cat\/iemediterranicampclar\/ens-quedem-a-casa-fent-feina\/cicle-superior\/musica-6e\/\">M\u00daSICA<\/a><\/h5>\n<\/td>\n<td style=\"width: 126.53125px;\">\n<h5 style=\"text-align: center;\"><\/h5>\n<h5 style=\"text-align: center;\"><span style=\"color: #000000;\"><strong><a style=\"color: #000000;\" href=\"https:\/\/view.genial.ly\/5ea05ea6d407580db9dbd0fe\/presentation-3a-cicle-superior\">EDUCACI\u00d3 <\/a><\/strong><\/span><span style=\"color: #000000;\"><strong><a style=\"color: #000000;\" href=\"https:\/\/view.genial.ly\/5ea05ea6d407580db9dbd0fe\/presentation-3a-cicle-superior\">F\u00cdSICA <\/a><\/strong><\/span><\/h5>\n<\/td>\n<td style=\"width: 98.328125px;\">\n<h5><a href=\"https:\/\/agora.xtec.cat\/iemediterranicampclar\/ens-quedem-a-casa-fent-feina\/cicle-superior\/plastica-cicle-superior\/\">PL\u00c0STICA<\/a><\/h5>\n<p><strong><img loading=\"lazy\" decoding=\"async\" class=\"alignnone\" src=\"\/\/ssl.gstatic.com\/mail\/emoji\/v7\/png48\/emoji_u1f4f8.png\" alt=\"\uf4f8\" width=\"28\" height=\"28\" data-goomoji=\"1f4f8\" \/><\/strong><\/p>\n<p>&nbsp;<\/p>\n<p>&nbsp;<\/td>\n<td style=\"width: 135.8125px;\">\n<h5><\/h5>\n<\/td>\n<\/tr>\n<tr>\n<td style=\"width: 106.5625px;\">\n<h4><\/h4>\n<\/td>\n<td style=\"width: 132.53125px;\">\n<h5><\/h5>\n<\/td>\n<td style=\"width: 126.53125px;\">\n<h5><\/h5>\n<\/td>\n<td style=\"width: 98.328125px;\"><\/td>\n<td style=\"width: 135.8125px;\">\n<h5><\/h5>\n<\/td>\n<\/tr>\n<\/tbody>\n<\/table>\n<h3><\/h3>\n<p>&nbsp;<\/p>\n<h3><a href=\"http:\/\/agora.xtec.cat\/iemediterranicampclar\/ens-quedem-a-casa-fent-feina\/cicle-superior\/planificacio-setmanal-c-superior\/\" target=\"_blank\" rel=\"noopener noreferrer\">PLANIFICACI\u00d3 de les SETMANES ANTERIORS\u00a0 C.SUPERIOR<\/a><\/h3>\n<h3><\/h3>\n<h3 style=\"text-align: center;\">CATAL\u00c0<\/h3>\n<p>&nbsp;<\/p>\n<table class=\" aligncenter\" style=\"height: 173px; width: 479px; border-style: none;\">\n<tbody>\n<tr style=\"height: 42px; border-style: none;\">\n<td style=\"width: 235px; height: 42px;\"><a href=\"https:\/\/drive.google.com\/open?id=13ZRXoi6vk2ypp6Sh-3gztrdKZdJKBV_I\" target=\"_blank\" rel=\"noopener noreferrer\"><img loading=\"lazy\" decoding=\"async\" class=\"aligncenter size-full wp-image-2557\" src=\"https:\/\/agora.xtec.cat\/iemediterranicampclar\/wp-content\/uploads\/usu1772\/2020\/03\/5-1.jpg\" alt=\"\" width=\"96\" height=\"128\" srcset=\"https:\/\/agora.xtec.cat\/iemediterranicampclar\/wp-content\/uploads\/usu1772\/2020\/03\/5-1.jpg 300w, https:\/\/agora.xtec.cat\/iemediterranicampclar\/wp-content\/uploads\/usu1772\/2020\/03\/5-1-225x300.jpg 225w\" sizes=\"auto, (max-width: 96px) 100vw, 96px\" \/><\/a><\/td>\n<td style=\"width: 234px; height: 42px;\"><a href=\"http:\/\/agora.xtec.cat\/iemediterranicampclar\/ens-quedem-a-casa-fent-feina\/cicle-superior\/catala-6e\/\" target=\"_blank\" rel=\"noopener noreferrer\"><img loading=\"lazy\" decoding=\"async\" class=\"aligncenter size-full wp-image-2556\" src=\"https:\/\/agora.xtec.cat\/iemediterranicampclar\/wp-content\/uploads\/usu1772\/2020\/03\/6-1.jpg\" alt=\"\" width=\"96\" height=\"128\" srcset=\"https:\/\/agora.xtec.cat\/iemediterranicampclar\/wp-content\/uploads\/usu1772\/2020\/03\/6-1.jpg 300w, https:\/\/agora.xtec.cat\/iemediterranicampclar\/wp-content\/uploads\/usu1772\/2020\/03\/6-1-225x300.jpg 225w\" sizes=\"auto, (max-width: 96px) 100vw, 96px\" \/><\/a><\/td>\n<\/tr>\n<\/tbody>\n<\/table>\n<p>&nbsp;<\/p>\n<h3 style=\"text-align: center;\">MATEM\u00c0TIQUES<\/h3>\n<p>&nbsp;<\/p>\n<table class=\" aligncenter\" style=\"height: 173px; width: 479px; border-style: none;\">\n<tbody>\n<tr style=\"height: 42px; border-style: none;\">\n<td style=\"width: 235px; height: 42px;\"><a href=\"https:\/\/agora.xtec.cat\/iemediterranicampclar\/ens-quedem-a-casa-fent-feina\/cicle-superior\/matematiques-5e\/\" target=\"_blank\" rel=\"noopener noreferrer\"><img loading=\"lazy\" decoding=\"async\" class=\"aligncenter size-full wp-image-2600\" src=\"https:\/\/agora.xtec.cat\/iemediterranicampclar\/wp-content\/uploads\/usu1772\/2020\/03\/5-2-e1584884364582.jpg\" alt=\"\" width=\"96\" height=\"128\" \/><\/a><\/td>\n<td style=\"width: 234px; height: 42px;\"><a href=\"https:\/\/agora.xtec.cat\/iemediterranicampclar\/ens-quedem-a-casa-fent-feina\/cicle-superior\/matematiques-6e\/\" target=\"_blank\" rel=\"noopener noreferrer\"><img loading=\"lazy\" decoding=\"async\" class=\"aligncenter size-full wp-image-2601\" src=\"https:\/\/agora.xtec.cat\/iemediterranicampclar\/wp-content\/uploads\/usu1772\/2020\/03\/6-2-e1584884374357.jpg\" alt=\"\" width=\"96\" height=\"128\" \/><\/a><\/td>\n<\/tr>\n<\/tbody>\n<\/table>\n<p>&nbsp;<\/p>\n<h3 style=\"text-align: center;\">M\u00daSICA<\/h3>\n<p>&nbsp;<\/p>\n<table class=\" aligncenter\" style=\"height: 173px; width: 479px; border-style: none;\">\n<tbody>\n<tr style=\"height: 42px; border-style: none;\">\n<td style=\"width: 235px; height: 42px;\"><a href=\"http:\/\/agora.xtec.cat\/iemediterranicampclar\/ens-quedem-a-casa-fent-feina\/cicle-superior\/musica-5e\/\" target=\"_blank\" rel=\"noopener noreferrer\"><img loading=\"lazy\" decoding=\"async\" class=\"aligncenter size-full wp-image-2380\" src=\"https:\/\/agora.xtec.cat\/iemediterranicampclar\/wp-content\/uploads\/usu1772\/2020\/03\/5.jpg\" alt=\"\" width=\"96\" height=\"128\" srcset=\"https:\/\/agora.xtec.cat\/iemediterranicampclar\/wp-content\/uploads\/usu1772\/2020\/03\/5.jpg 300w, https:\/\/agora.xtec.cat\/iemediterranicampclar\/wp-content\/uploads\/usu1772\/2020\/03\/5-225x300.jpg 225w\" sizes=\"auto, (max-width: 96px) 100vw, 96px\" \/><\/a><\/td>\n<td style=\"width: 234px; height: 42px;\"><a href=\"http:\/\/agora.xtec.cat\/iemediterranicampclar\/ens-quedem-a-casa-fent-feina\/cicle-superior\/musica-6e\/\" target=\"_blank\" rel=\"noopener noreferrer\"><img loading=\"lazy\" decoding=\"async\" class=\"aligncenter size-full wp-image-2381\" src=\"https:\/\/agora.xtec.cat\/iemediterranicampclar\/wp-content\/uploads\/usu1772\/2020\/03\/6.jpg\" alt=\"\" width=\"96\" height=\"128\" srcset=\"https:\/\/agora.xtec.cat\/iemediterranicampclar\/wp-content\/uploads\/usu1772\/2020\/03\/6.jpg 300w, https:\/\/agora.xtec.cat\/iemediterranicampclar\/wp-content\/uploads\/usu1772\/2020\/03\/6-225x300.jpg 225w\" sizes=\"auto, (max-width: 96px) 100vw, 96px\" \/><\/a><\/td>\n<\/tr>\n<\/tbody>\n<\/table>\n<p>&nbsp;<\/p>\n<h3 style=\"text-align: center;\">MEDI<\/h3>\n<p>&nbsp;<\/p>\n<table class=\" aligncenter\" style=\"height: 173px; width: 479px; border-style: none;\">\n<tbody>\n<tr style=\"height: 42px; border-style: none;\">\n<td style=\"width: 235px; height: 42px;\"><a href=\"http:\/\/agora.xtec.cat\/iemediterranicampclar\/ens-quedem-a-casa-fent-feina\/cicle-superior\/medi-5e\/\" target=\"_blank\" rel=\"noopener noreferrer\"><img loading=\"lazy\" decoding=\"async\" class=\"aligncenter size-full wp-image-2609\" src=\"https:\/\/agora.xtec.cat\/iemediterranicampclar\/wp-content\/uploads\/usu1772\/2020\/03\/5-3-e1584885230751.jpg\" alt=\"\" width=\"96\" height=\"128\" \/><\/a><\/td>\n<td style=\"width: 234px; height: 42px;\"><a href=\"http:\/\/agora.xtec.cat\/iemediterranicampclar\/ens-quedem-a-casa-fent-feina\/cicle-superior\/medi-6e\/\" target=\"_blank\" rel=\"noopener noreferrer\"><img loading=\"lazy\" decoding=\"async\" class=\"aligncenter size-full wp-image-2610\" src=\"https:\/\/agora.xtec.cat\/iemediterranicampclar\/wp-content\/uploads\/usu1772\/2020\/03\/6-3-e1584885239660.jpg\" alt=\"\" width=\"96\" height=\"128\" \/><\/a><\/td>\n<\/tr>\n<\/tbody>\n<\/table>\n<h4 style=\"text-align: center;\">EDUCACI\u00d3 F\u00cdSICA &#8211; CICLE SUPERIOR &#8211;<\/h4>\n<p>&nbsp;<\/p>\n<table class=\" aligncenter\" style=\"width: 479px; height: 173px;\">\n<tbody>\n<tr style=\"height: 134px;\">\n<td style=\"text-align: center; width: 479px; height: 173px;\"><a href=\"http:\/\/agora.xtec.cat\/iemediterranicampclar\/ens-quedem-a-casa-fent-feina\/cicle-superior\/educacio-fisica-cicle-superior\/\" target=\"_blank\" rel=\"noopener noreferrer\"><img loading=\"lazy\" decoding=\"async\" class=\"aligncenter size-full wp-image-2889\" src=\"https:\/\/agora.xtec.cat\/iemediterranicampclar\/wp-content\/uploads\/usu1772\/2020\/03\/5-i-6-e1584961964193.jpg\" alt=\"\" width=\"192\" height=\"128\" \/><\/a><\/td>\n<\/tr>\n<\/tbody>\n<\/table>\n<p>&nbsp;<\/p>\n<h4 style=\"text-align: center;\">ANGL\u00c8S<\/h4>\n<p>&nbsp;<\/p>\n<table class=\" aligncenter\" style=\"height: 173px; width: 469px; border-style: none;\">\n<tbody>\n<tr style=\"height: 42px; border-style: none;\">\n<td style=\"width: 231px; height: 42px;\"><a href=\"http:\/\/agora.xtec.cat\/iemediterranicampclar\/ens-quedem-a-casa-fent-feina\/cicle-superior\/angles-5e\/\" target=\"_blank\" rel=\"noopener noreferrer\"><img loading=\"lazy\" decoding=\"async\" class=\"aligncenter size-full wp-image-2916\" src=\"https:\/\/agora.xtec.cat\/iemediterranicampclar\/wp-content\/uploads\/usu1772\/2020\/03\/5-4-e1584964879566.jpg\" alt=\"\" width=\"96\" height=\"128\" \/><\/a><\/td>\n<td style=\"width: 232px; height: 42px;\"><a href=\"http:\/\/agora.xtec.cat\/iemediterranicampclar\/ens-quedem-a-casa-fent-feina\/cicle-superior\/angles6e\/\" target=\"_blank\" rel=\"noopener noreferrer\"><img loading=\"lazy\" decoding=\"async\" class=\"aligncenter size-full wp-image-2917\" src=\"https:\/\/agora.xtec.cat\/iemediterranicampclar\/wp-content\/uploads\/usu1772\/2020\/03\/6-4-e1584964890244.jpg\" alt=\"\" width=\"96\" height=\"128\" \/><\/a><\/td>\n<\/tr>\n<\/tbody>\n<\/table>\n<p>&nbsp;<\/p>\n<h4 style=\"text-align: center;\">CASTELL\u00c0<\/h4>\n<p>&nbsp;<\/p>\n<table class=\" aligncenter\" style=\"height: 173px; width: 479px; border-style: none;\">\n<tbody>\n<tr style=\"height: 42px; border-style: none;\">\n<td style=\"width: 235px; height: 42px;\"><a href=\"https:\/\/agora.xtec.cat\/iemediterranicampclar\/ens-quedem-a-casa-fent-feina\/cicle-superior\/castella-5e\/\" target=\"_blank\" rel=\"noopener noreferrer\"><img loading=\"lazy\" decoding=\"async\" class=\"aligncenter size-full wp-image-3033\" src=\"https:\/\/agora.xtec.cat\/iemediterranicampclar\/wp-content\/uploads\/usu1772\/2020\/03\/5-5-e1585052162100.jpg\" alt=\"\" width=\"96\" height=\"128\" \/><\/a><\/td>\n<td style=\"width: 234px; height: 42px;\"><a href=\"https:\/\/agora.xtec.cat\/iemediterranicampclar\/ens-quedem-a-casa-fent-feina\/cicle-superior\/castella-6e\/\" target=\"_blank\" rel=\"noopener noreferrer\"><img loading=\"lazy\" decoding=\"async\" class=\"aligncenter size-full wp-image-3034\" src=\"https:\/\/agora.xtec.cat\/iemediterranicampclar\/wp-content\/uploads\/usu1772\/2020\/03\/6-5-e1585052172178.jpg\" alt=\"\" width=\"96\" height=\"128\" \/><\/a><\/td>\n<\/tr>\n<\/tbody>\n<\/table>\n<p>&nbsp;<\/p>\n<h4 style=\"text-align: center;\">PL\u00c0STICA &#8211; CICLE SUPERIOR &#8211;<\/h4>\n<p>&nbsp;<\/p>\n<table class=\" aligncenter\" style=\"width: 479px; height: 173px;\">\n<tbody>\n<tr style=\"height: 134px;\">\n<td style=\"text-align: center; width: 479px; height: 173px;\"><a href=\"https:\/\/agora.xtec.cat\/iemediterranicampclar\/ens-quedem-a-casa-fent-feina\/cicle-superior\/plastica-cicle-superior\/\"><img loading=\"lazy\" decoding=\"async\" class=\"aligncenter size-full wp-image-3899\" src=\"https:\/\/agora.xtec.cat\/iemediterranicampclar\/wp-content\/uploads\/usu1772\/2020\/04\/5-i-6-e1587652207311.jpg\" alt=\"\" width=\"192\" height=\"128\" \/><\/a><\/td>\n<\/tr>\n<\/tbody>\n<\/table>\n<p>&nbsp;<\/p>\n<h2 style=\"text-align: center;\"><a href=\"http:\/\/agora.xtec.cat\/iemediterranicampclar\/ens-quedem-a-casa-fent-feina\/cicle-superior\/projecte-pau-casals\/\" target=\"_blank\" rel=\"noopener noreferrer\">PROJECTE PAU CASALS<\/a><\/h2>\n","protected":false},"excerpt":{"rendered":"<p>#JOEMQUEDOACASA<br \/>\nHola alumnes de Cicle Superior,<br \/>\nAlgunes coses que podeu fer aquests dies:<br \/>\nEL M\u00c9S IMPORTANT: Heu d\u2019ajudar molt els vostres pares i mares. No \u00e9s una situaci\u00f3 f\u00e0cil per cap de nosaltres. \u00c0nims! Segur que ens tornarem a veure ben aviat! \u2665<br \/>\n1. Aquests dies aprofiteu per llegir&hellip;  <a href=\"https:\/\/agora.xtec.cat\/iemediterranicampclar\/ens-quedem-a-casa-fent-feina\/cicle-superior\/\" title=\"Read CICLE SUPERIOR\">Llegeix m\u00e9s\u00bb<\/a><\/p>\n","protected":false},"author":1,"featured_media":0,"parent":2141,"menu_order":3,"comment_status":"closed","ping_status":"closed","template":"page-templates\/side-menu.php","meta":{"_bbp_topic_count":0,"_bbp_reply_count":0,"_bbp_total_topic_count":0,"_bbp_total_reply_count":0,"_bbp_voice_count":0,"_bbp_anonymous_reply_count":0,"_bbp_topic_count_hidden":0,"_bbp_reply_count_hidden":0,"_bbp_forum_subforum_count":0,"footnotes":""},"class_list":["post-2161","page","type-page","status-publish","hentry"],"post_mailing_queue_ids":[],"_links":{"self":[{"href":"https:\/\/agora.xtec.cat\/iemediterranicampclar\/wp-json\/wp\/v2\/pages\/2161","targetHints":{"allow":["GET"]}}],"collection":[{"href":"https:\/\/agora.xtec.cat\/iemediterranicampclar\/wp-json\/wp\/v2\/pages"}],"about":[{"href":"https:\/\/agora.xtec.cat\/iemediterranicampclar\/wp-json\/wp\/v2\/types\/page"}],"author":[{"embeddable":true,"href":"https:\/\/agora.xtec.cat\/iemediterranicampclar\/wp-json\/wp\/v2\/users\/1"}],"replies":[{"embeddable":true,"href":"https:\/\/agora.xtec.cat\/iemediterranicampclar\/wp-json\/wp\/v2\/comments?post=2161"}],"version-history":[{"count":5,"href":"https:\/\/agora.xtec.cat\/iemediterranicampclar\/wp-json\/wp\/v2\/pages\/2161\/revisions"}],"predecessor-version":[{"id":4870,"href":"https:\/\/agora.xtec.cat\/iemediterranicampclar\/wp-json\/wp\/v2\/pages\/2161\/revisions\/4870"}],"up":[{"embeddable":true,"href":"https:\/\/agora.xtec.cat\/iemediterranicampclar\/wp-json\/wp\/v2\/pages\/2141"}],"wp:attachment":[{"href":"https:\/\/agora.xtec.cat\/iemediterranicampclar\/wp-json\/wp\/v2\/media?parent=2161"}],"curies":[{"name":"wp","href":"https:\/\/api.w.org\/{rel}","templated":true}]}}