{"id":2158,"date":"2020-03-20T12:58:04","date_gmt":"2020-03-20T11:58:04","guid":{"rendered":"http:\/\/agora.xtec.cat\/iemediterranicampclar\/?page_id=2158"},"modified":"2020-06-07T13:17:06","modified_gmt":"2020-06-07T11:17:06","slug":"cicle-mitja","status":"publish","type":"page","link":"https:\/\/agora.xtec.cat\/iemediterranicampclar\/ens-quedem-a-casa-fent-feina\/cicle-mitja\/","title":{"rendered":"CICLE MITJ\u00c0"},"content":{"rendered":"<h3>PLANIFICACI\u00d3 SETMANAL <span style=\"color: #ff0000;\"><strong>C. MITJ\u00c0\u00a0 3r.<\/strong><\/span><\/h3>\n<h4><strong>SETMANA de l&#8217;1 al 5 de juny<\/strong><\/h4>\n<h2><\/h2>\n<table>\n<tbody>\n<tr>\n<td style=\"text-align: center; width: 133px;\">\n<h4>DILLUNS<\/h4>\n<\/td>\n<td style=\"text-align: center; width: 98.0625px;\">\n<h4>DIMARTS<\/h4>\n<\/td>\n<td style=\"text-align: center; width: 168.3125px;\">\n<h4>DIMECRES<\/h4>\n<\/td>\n<td style=\"text-align: center; width: 123.796875px;\">\n<h4>\u00a0DIJOUS<\/h4>\n<\/td>\n<td style=\"text-align: center; width: 123.84375px;\">\n<h4>DIVENDRES<\/h4>\n<\/td>\n<\/tr>\n<tr>\n<td style=\"text-align: center; width: 133px;\"><strong>MATEM\u00c0TIQUES<\/strong><\/td>\n<td style=\"text-align: center; width: 98.0625px;\"><strong>CATAL\u00c0<\/strong><\/td>\n<td style=\"text-align: center; width: 168.3125px;\"><strong>MEDI<\/strong><\/td>\n<td style=\"text-align: center; width: 123.796875px;\"><strong>CASTELL\u00c0<\/strong><\/td>\n<td style=\"text-align: center; width: 123.84375px;\"><strong>WEB<\/strong><\/td>\n<\/tr>\n<tr>\n<td style=\"text-align: center; width: 133px;\">ACTIVITATS:<\/p>\n<p><a href=\"https:\/\/agora.xtec.cat\/iemediterranicampclar\/wp-content\/uploads\/usu1772\/2020\/06\/MATES-8.pdf\">MATES 8<\/a><\/td>\n<td style=\"text-align: center; width: 98.0625px;\">ACTIVITATS:<\/p>\n<p><a href=\"https:\/\/agora.xtec.cat\/iemediterranicampclar\/wp-content\/uploads\/usu1772\/2020\/06\/CATAL\u00c0-8.pdf\">CATAL\u00c0 8<\/a><\/td>\n<td style=\"text-align: center; width: 168.3125px;\">ACTIVITATS:<\/p>\n<p>MEDI SOCIAL:<\/p>\n<p><a href=\"https:\/\/agora.xtec.cat\/iemediterranicampclar\/ens-quedem-a-casa-fent-feina\/cicle-mitja\/medi-3r\/\" target=\"_blank\" rel=\"noopener noreferrer\"><em>&#8220;CURIOSITATS DE L&#8217;ANTIC EGIPTE&#8221;<\/em><\/a><\/p>\n<p>MEDI NATURAL:<\/p>\n<p>&nbsp;<\/td>\n<td style=\"text-align: center; width: 123.796875px;\">ACTIVITATS:<\/p>\n<p><a href=\"https:\/\/agora.xtec.cat\/iemediterranicampclar\/wp-content\/uploads\/usu1772\/2020\/06\/CASTELLANO-8.pdf\">CASTELLANO 8<\/a><\/td>\n<td style=\"text-align: center; width: 123.84375px;\">Activitats de la <strong>web<\/strong> o<\/p>\n<p>del <strong>Snappet<\/strong><\/td>\n<\/tr>\n<tr>\n<td style=\"width: 133px;\">\n<h5>ANGL\u00c8S<\/h5>\n<\/td>\n<td style=\"width: 98.0625px;\">\n<h5>M\u00daSICA<\/h5>\n<\/td>\n<td style=\"width: 168.3125px;\">\n<h5 style=\"text-align: center;\"><\/h5>\n<h5 style=\"text-align: center;\">EDUCACI\u00d3 \u00a0 F\u00cdSICA<\/h5>\n<\/td>\n<td style=\"width: 123.796875px;\">\n<h5>PL\u00c0STICA<\/h5>\n<p><strong><img loading=\"lazy\" decoding=\"async\" class=\"alignnone\" src=\"\/\/ssl.gstatic.com\/mail\/emoji\/v7\/png48\/emoji_u1f4f8.png\" alt=\"\uf4f8\" width=\"28\" height=\"28\" data-goomoji=\"1f4f8\" \/><\/strong><\/td>\n<td style=\"width: 123.84375px;\">\n<h5><\/h5>\n<\/td>\n<\/tr>\n<\/tbody>\n<\/table>\n<h4><\/h4>\n<h2><\/h2>\n<h3>PLANIFICACI\u00d3 SETMANAL\u00a0<span style=\"color: #ff0000;\"><strong>C. MITJ\u00c0\u00a0 4t<\/strong><\/span><\/h3>\n<h4><strong>SETMANA del 1 al 5 de juny<\/strong><\/h4>\n<h2><\/h2>\n<table style=\"height: 373px; width: 735px;\" width=\"771\">\n<tbody>\n<tr style=\"height: 57px;\">\n<td style=\"width: 110px; height: 57px;\">\n<h4>DILLUNS<\/h4>\n<\/td>\n<td style=\"width: 153.75px; height: 57px;\">\n<h4>DIMARTS<\/h4>\n<\/td>\n<td style=\"width: 156.25px; height: 57px;\">\n<h4>DIMECRES<\/h4>\n<\/td>\n<td style=\"width: 143.75px; height: 57px;\">\n<h4>DIJOUS<\/h4>\n<\/td>\n<td style=\"width: 163.75px; height: 57px;\">\n<h4>DIVENDRES<\/h4>\n<\/td>\n<\/tr>\n<tr style=\"height: 30px;\">\n<td style=\"width: 110px; height: 42px;\"><strong>CATAL\u00c0<\/strong><\/td>\n<td style=\"width: 153.75px; height: 42px;\"><strong>MATEM\u00c0TIQUES<\/strong><\/td>\n<td style=\"width: 156.25px; height: 42px;\"><strong>MEDI<\/strong><\/td>\n<td style=\"width: 143.75px; height: 42px;\"><strong>CASTELL\u00c0<\/strong><\/td>\n<td style=\"width: 163.75px; height: 42px;\"><strong>WEB<\/strong><\/td>\n<\/tr>\n<tr style=\"height: 135px;\">\n<td style=\"width: 110px; height: 10px;\">\n<ul>\n<li>SNAPPET<\/li>\n<li><a href=\"https:\/\/drive.google.com\/file\/d\/1tcoTTdgW7GfJOaoC06qVmFnc8uYy8Ugs\/view?usp=sharing\" target=\"_blank\" rel=\"noopener noreferrer\">\u00a0PDF<\/a><\/li>\n<\/ul>\n<\/td>\n<td style=\"width: 153.75px; height: 10px;\">\n<ul>\n<li style=\"text-align: left;\">SNAPPET<\/li>\n<li style=\"text-align: left;\"><b><\/b><a href=\"https:\/\/drive.google.com\/file\/d\/1QexfIzK6_06hm8ajZRLXRL99mQ5GQJyP\/view?usp=sharing\" target=\"_blank\" rel=\"noopener noreferrer\"><b>\u00a0PDF<\/b><\/a><b><\/b><\/li>\n<\/ul>\n<p>&nbsp;<\/td>\n<td style=\"width: 156.25px; height: 10px;\"><strong>PROJECTE:<\/strong><\/p>\n<p><a href=\"https:\/\/spark.adobe.com\/page\/2SMIteTjiHc5r\/?ref=https%3A%2F%2Fspark.adobe.com%2Fpage%2F2SMIteTjiHc5r%2Fembed.html&amp;embed_type=overlay&amp;context=expand\">Acabar activitat 12 (conte) i planificar activitat 13 (v\u00eddeo)<\/a><\/p>\n<p>&nbsp;<\/td>\n<td style=\"width: 143.75px; height: 10px;\">\n<ul>\n<li>SNAPPET<\/li>\n<li><a href=\"https:\/\/drive.google.com\/file\/d\/1K6p-zrWM5ZuF6UIEo553LuREX-knDBLk\/view\" target=\"_blank\" rel=\"noopener noreferrer\">\u00a0PDF<\/a><\/li>\n<\/ul>\n<\/td>\n<td style=\"width: 163.75px; height: 10px;\">Activitats del SNAPPET<\/td>\n<\/tr>\n<tr style=\"height: 35px;\">\n<td style=\"width: 110px; height: 35px;\">\n<h5><a href=\"https:\/\/agora.xtec.cat\/iemediterranicampclar\/ens-quedem-a-casa-fent-feina\/cicle-mitja\/angles-4t\/\">ANGL\u00c8S<\/a><\/h5>\n<\/td>\n<td style=\"width: 153.75px; height: 35px;\">\n<h5><a href=\"https:\/\/agora.xtec.cat\/iemediterranicampclar\/ens-quedem-a-casa-fent-feina\/cicle-mitja\/musica-4t\/\">M\u00daSICA<\/a><\/h5>\n<\/td>\n<td style=\"width: 156.25px; height: 35px;\">\n<h5 style=\"text-align: center;\"><\/h5>\n<h5 style=\"text-align: center;\"><a href=\"https:\/\/view.genial.ly\/5e845a6eba81d90dfb278539\/game-breakout-3a-cicle-mitja\">EDUCACI\u00d3 F\u00cdSICA<\/a><\/h5>\n<\/td>\n<td style=\"width: 143.75px; height: 35px;\">\n<h5 style=\"text-align: center;\">PL\u00c0STICA<\/h5>\n<p>&nbsp;<\/p>\n<p><strong><img loading=\"lazy\" decoding=\"async\" class=\"alignnone aligncenter\" src=\"\/\/ssl.gstatic.com\/mail\/emoji\/v7\/png48\/emoji_u1f4f8.png\" alt=\"\uf4f8\" width=\"28\" height=\"28\" data-goomoji=\"1f4f8\" \/><\/strong><\/td>\n<td style=\"width: 163.75px; height: 35px;\">\n<h5><\/h5>\n<\/td>\n<\/tr>\n<\/tbody>\n<\/table>\n<p><a style=\"font-size: 1.6875em; font-weight: bold;\" href=\"http:\/\/agora.xtec.cat\/iemediterranicampclar\/ens-quedem-a-casa-fent-feina\/cicle-mitja\/planificacio-setmanal-c-mitja\/\" target=\"_blank\" rel=\"noopener noreferrer\">PLANIFICACI\u00d3 de les SETMANES ANTERIORS\u00a0\u00a0 C. MITJA<\/a><\/p>\n<h3><\/h3>\n<h3 style=\"text-align: center;\">CATAL\u00c0<\/h3>\n<p>&nbsp;<\/p>\n<table class=\" aligncenter\" style=\"height: 173px; width: 479px; border-style: none;\">\n<tbody>\n<tr style=\"height: 42px; border-style: none;\">\n<td style=\"width: 235px; height: 42px;\"><a href=\"http:\/\/agora.xtec.cat\/iemediterranicampclar\/ens-quedem-a-casa-fent-feina\/cicle-mitja\/catala-3r\/\" target=\"_blank\" rel=\"noopener noreferrer\"><img loading=\"lazy\" decoding=\"async\" class=\"aligncenter size-full wp-image-2554\" src=\"https:\/\/agora.xtec.cat\/iemediterranicampclar\/wp-content\/uploads\/usu1772\/2020\/03\/3-1.jpg\" alt=\"\" width=\"96\" height=\"128\" srcset=\"https:\/\/agora.xtec.cat\/iemediterranicampclar\/wp-content\/uploads\/usu1772\/2020\/03\/3-1.jpg 300w, https:\/\/agora.xtec.cat\/iemediterranicampclar\/wp-content\/uploads\/usu1772\/2020\/03\/3-1-225x300.jpg 225w\" sizes=\"auto, (max-width: 96px) 100vw, 96px\" \/><\/a><\/td>\n<td style=\"width: 234px; height: 42px;\"><a href=\"https:\/\/agora.xtec.cat\/iemediterranicampclar\/ens-quedem-a-casa-fent-feina\/cicle-mitja\/catala-4t\/\" target=\"_blank\" rel=\"noopener noreferrer\"><img loading=\"lazy\" decoding=\"async\" class=\"aligncenter size-full wp-image-2555\" src=\"https:\/\/agora.xtec.cat\/iemediterranicampclar\/wp-content\/uploads\/usu1772\/2020\/03\/4-1.jpg\" alt=\"\" width=\"96\" height=\"128\" srcset=\"https:\/\/agora.xtec.cat\/iemediterranicampclar\/wp-content\/uploads\/usu1772\/2020\/03\/4-1.jpg 300w, https:\/\/agora.xtec.cat\/iemediterranicampclar\/wp-content\/uploads\/usu1772\/2020\/03\/4-1-225x300.jpg 225w\" sizes=\"auto, (max-width: 96px) 100vw, 96px\" \/><\/a><\/td>\n<\/tr>\n<\/tbody>\n<\/table>\n<h3 style=\"text-align: center;\">MATEM\u00c0TIQUES<\/h3>\n<p>&nbsp;<\/p>\n<table class=\" aligncenter\" style=\"height: 173px; width: 479px; border-style: none;\">\n<tbody>\n<tr style=\"height: 42px; border-style: none;\">\n<td style=\"width: 235px; height: 42px;\"><a href=\"https:\/\/agora.xtec.cat\/iemediterranicampclar\/ens-quedem-a-casa-fent-feina\/cicle-mitja\/matematiques-3r\/\" target=\"_blank\" rel=\"noopener noreferrer\"><img loading=\"lazy\" decoding=\"async\" class=\"aligncenter size-full wp-image-2598\" src=\"https:\/\/agora.xtec.cat\/iemediterranicampclar\/wp-content\/uploads\/usu1772\/2020\/03\/3-2-e1584884339976.jpg\" alt=\"\" width=\"96\" height=\"128\" \/><\/a><\/td>\n<td style=\"width: 234px; height: 42px;\"><a href=\"https:\/\/agora.xtec.cat\/iemediterranicampclar\/ens-quedem-a-casa-fent-feina\/cicle-mitja\/matematique-4t\/\"><img loading=\"lazy\" decoding=\"async\" class=\"aligncenter size-full wp-image-2599\" src=\"https:\/\/agora.xtec.cat\/iemediterranicampclar\/wp-content\/uploads\/usu1772\/2020\/03\/4-2-e1584884353564.jpg\" alt=\"\" width=\"96\" height=\"128\" \/><\/a><\/td>\n<\/tr>\n<\/tbody>\n<\/table>\n<h3 style=\"text-align: center;\">M\u00daSICA<\/h3>\n<table class=\" aligncenter\" style=\"height: 173px; width: 479px; border-style: none;\">\n<tbody>\n<tr style=\"height: 42px; border-style: none;\">\n<td style=\"width: 235px; height: 42px;\"><a href=\"http:\/\/agora.xtec.cat\/iemediterranicampclar\/ens-quedem-a-casa-fent-feina\/cicle-mitja\/musica-3r\/\" target=\"_blank\" rel=\"noopener noreferrer\"><img loading=\"lazy\" decoding=\"async\" class=\"aligncenter size-full wp-image-2378\" src=\"https:\/\/agora.xtec.cat\/iemediterranicampclar\/wp-content\/uploads\/usu1772\/2020\/03\/3.jpg\" alt=\"\" width=\"96\" height=\"128\" srcset=\"https:\/\/agora.xtec.cat\/iemediterranicampclar\/wp-content\/uploads\/usu1772\/2020\/03\/3.jpg 300w, https:\/\/agora.xtec.cat\/iemediterranicampclar\/wp-content\/uploads\/usu1772\/2020\/03\/3-225x300.jpg 225w\" sizes=\"auto, (max-width: 96px) 100vw, 96px\" \/><\/a><\/td>\n<td style=\"width: 234px; height: 42px;\"><a href=\"http:\/\/agora.xtec.cat\/iemediterranicampclar\/ens-quedem-a-casa-fent-feina\/cicle-mitja\/musica-4t\/\" target=\"_blank\" rel=\"noopener noreferrer\"><img loading=\"lazy\" decoding=\"async\" class=\"aligncenter size-full wp-image-2379\" src=\"https:\/\/agora.xtec.cat\/iemediterranicampclar\/wp-content\/uploads\/usu1772\/2020\/03\/4.jpg\" alt=\"\" width=\"96\" height=\"128\" srcset=\"https:\/\/agora.xtec.cat\/iemediterranicampclar\/wp-content\/uploads\/usu1772\/2020\/03\/4.jpg 300w, https:\/\/agora.xtec.cat\/iemediterranicampclar\/wp-content\/uploads\/usu1772\/2020\/03\/4-225x300.jpg 225w\" sizes=\"auto, (max-width: 96px) 100vw, 96px\" \/><\/a><\/td>\n<\/tr>\n<\/tbody>\n<\/table>\n<p>&nbsp;<\/p>\n<h3 style=\"text-align: center;\">MEDI<\/h3>\n<table class=\" aligncenter\" style=\"height: 173px; width: 479px; border-style: none;\">\n<tbody>\n<tr style=\"height: 42px; border-style: none;\">\n<td style=\"width: 235px; height: 42px;\"><a href=\"http:\/\/agora.xtec.cat\/iemediterranicampclar\/ens-quedem-a-casa-fent-feina\/cicle-mitja\/medi-3r\/\" target=\"_blank\" rel=\"noopener noreferrer\"><img loading=\"lazy\" decoding=\"async\" class=\"aligncenter size-full wp-image-2607\" src=\"https:\/\/agora.xtec.cat\/iemediterranicampclar\/wp-content\/uploads\/usu1772\/2020\/03\/3-3-e1584885210193.jpg\" alt=\"\" width=\"96\" height=\"128\" \/><\/a><\/td>\n<td style=\"width: 234px; height: 42px;\"><a href=\"http:\/\/agora.xtec.cat\/iemediterranicampclar\/ens-quedem-a-casa-fent-feina\/cicle-mitja\/medi-4t\/\" target=\"_blank\" rel=\"noopener noreferrer\"><img loading=\"lazy\" decoding=\"async\" class=\"aligncenter size-full wp-image-2608\" src=\"https:\/\/agora.xtec.cat\/iemediterranicampclar\/wp-content\/uploads\/usu1772\/2020\/03\/4-3-e1584887680175.jpg\" alt=\"\" width=\"96\" height=\"128\" \/><\/a><\/td>\n<\/tr>\n<\/tbody>\n<\/table>\n<p>&nbsp;<\/p>\n<h4 style=\"text-align: center;\">EDUCACI\u00d3 F\u00cdSICA &#8211; CICLE MITJ\u00c0 &#8211;<\/h4>\n<table class=\" aligncenter\" style=\"width: 479px; height: 173px;\">\n<tbody>\n<tr style=\"height: 134px;\">\n<td style=\"text-align: center; width: 479px; height: 173px;\"><a href=\"https:\/\/agora.xtec.cat\/iemediterranicampclar\/ens-quedem-a-casa-fent-feina\/cicle-mitja\/educacio-fisica-cicle-mitja\/\" target=\"_blank\" rel=\"noopener noreferrer\"><img loading=\"lazy\" decoding=\"async\" class=\"aligncenter size-full wp-image-2888\" src=\"https:\/\/agora.xtec.cat\/iemediterranicampclar\/wp-content\/uploads\/usu1772\/2020\/03\/3-i-4-e1584961937215.jpg\" alt=\"\" width=\"192\" height=\"128\" \/><\/a><\/td>\n<\/tr>\n<\/tbody>\n<\/table>\n<p>&nbsp;<\/p>\n<h4 style=\"text-align: center;\">ANGL\u00c8S<\/h4>\n<p>&nbsp;<\/p>\n<table class=\" aligncenter\" style=\"height: 173px; width: 479px; border-style: none;\">\n<tbody>\n<tr style=\"height: 42px; border-style: none;\">\n<td style=\"width: 235px; height: 42px;\"><a href=\"http:\/\/agora.xtec.cat\/iemediterranicampclar\/ens-quedem-a-casa-fent-feina\/cicle-mitja\/angles-3r\/\" target=\"_blank\" rel=\"noopener noreferrer\"><img loading=\"lazy\" decoding=\"async\" class=\"aligncenter size-full wp-image-2914\" src=\"https:\/\/agora.xtec.cat\/iemediterranicampclar\/wp-content\/uploads\/usu1772\/2020\/03\/3-4-e1584964853879.jpg\" alt=\"\" width=\"96\" height=\"128\" \/><\/a><\/td>\n<td style=\"width: 234px; height: 42px;\"><a href=\"http:\/\/agora.xtec.cat\/iemediterranicampclar\/ens-quedem-a-casa-fent-feina\/cicle-mitja\/angles-4t\/\" target=\"_blank\" rel=\"noopener noreferrer\"><img loading=\"lazy\" decoding=\"async\" class=\"aligncenter size-full wp-image-2915\" src=\"https:\/\/agora.xtec.cat\/iemediterranicampclar\/wp-content\/uploads\/usu1772\/2020\/03\/4-4-e1584964866131.jpg\" alt=\"\" width=\"96\" height=\"128\" \/><\/a><\/td>\n<\/tr>\n<\/tbody>\n<\/table>\n","protected":false},"excerpt":{"rendered":"<p>PLANIFICACI\u00d3 SETMANAL C. MITJ\u00c0\u00a0 3r.<br \/>\nSETMANA de l&#8217;1 al 5 de juny<\/p>\n<p>DILLUNS<\/p>\n<p>DIMARTS<\/p>\n<p>DIMECRES<\/p>\n<p>\u00a0DIJOUS<\/p>\n<p>DIVENDRES<\/p>\n<p>MATEM\u00c0TIQUES<br \/>\nCATAL\u00c0<br \/>\nMEDI<br \/>\nCASTELL\u00c0<br \/>\nWEB<\/p>\n<p>ACTIVITATS:<br \/>\n<a href=\"https:\/\/agora.xtec.cat\/iemediterranicampclar\/wp-content\/uploads\/usu1772\/2020\/06\/MATES-8.pdf\">MATES 8<\/a><br \/>\nACTIVITATS:<br \/>\n<a href=\"https:\/\/agora.xtec.cat\/iemediterranicampclar\/wp-content\/uploads\/usu1772\/2020\/06\/CATAL\u00c0-8.pdf\">CATAL\u00c0 8<\/a><br \/>\nACTIVITATS:<br \/>\nMEDI SOCIAL:<br \/>\n<a href=\"https:\/\/agora.xtec.cat\/iemediterranicampclar\/ens-quedem-a-casa-fent-feina\/cicle-mitja\/medi-3r\/\" target=\"_blank\" rel=\"noopener noreferrer\">&#8220;CURIOSITATS DE L&#8217;ANTIC EGIPTE&#8221;<\/a><br \/>\nMEDI NATURAL:<br \/>\n&nbsp;<br \/>\nACTIVITATS:<br \/>\n<a href=\"https:\/\/agora.xtec.cat\/iemediterranicampclar\/wp-content\/uploads\/usu1772\/2020\/06\/CASTELLANO-8.pdf\">CASTELLANO 8<\/a><br \/>\nActivitats de la web o<br \/>\ndel Snappet<\/p>\n<p>ANGL\u00c8S<\/p>\n<p>M\u00daSICA<\/p>\n<p>EDUCACI\u00d3 \u00a0 F\u00cdSICA<\/p>\n<p>PL\u00c0STICA<\/p>\n<p>PLANIFICACI\u00d3 SETMANAL\u00a0C. MITJ\u00c0\u00a0 4t<br \/>\nSETMANA del 1 al 5 de juny<\/p>\n<p>DILLUNS<\/p>\n<p>DIMARTS<\/p>\n<p>DIMECRES<\/p>\n<p>DIJOUS<\/p>\n<p>DIVENDRES<\/p>\n<p>CATAL\u00c0<br \/>\nMATEM\u00c0TIQUES<br \/>\nMEDI<br \/>\nCASTELL\u00c0<br \/>\nWEB<\/p>\n<ul>\n<li>SNAPPET<\/li>\n<li><a href=\"https:\/\/drive.google.com\/file\/d\/1tcoTTdgW7GfJOaoC06qVmFnc8uYy8Ugs\/view?usp=sharing\" target=\"_blank\" rel=\"noopener&hellip;  <a href=\"https:\/\/agora.xtec.cat\/iemediterranicampclar\/ens-quedem-a-casa-fent-feina\/cicle-mitja\/\" title=\"Read CICLE MITJ\u00c0\">Llegeix m\u00e9s\u00bb<\/a><br \/>\n","protected":false},"author":1,"featured_media":0,"parent":2141,"menu_order":2,"comment_status":"closed","ping_status":"closed","template":"page-templates\/side-menu.php","meta":{"_bbp_topic_count":0,"_bbp_reply_count":0,"_bbp_total_topic_count":0,"_bbp_total_reply_count":0,"_bbp_voice_count":0,"_bbp_anonymous_reply_count":0,"_bbp_topic_count_hidden":0,"_bbp_reply_count_hidden":0,"_bbp_forum_subforum_count":0,"footnotes":""},"class_list":["post-2158","page","type-page","status-publish","hentry"],"post_mailing_queue_ids":[],"_links":{"self":[{"href":"https:\/\/agora.xtec.cat\/iemediterranicampclar\/wp-json\/wp\/v2\/pages\/2158","targetHints":{"allow":["GET"]}}],"collection":[{"href":"https:\/\/agora.xtec.cat\/iemediterranicampclar\/wp-json\/wp\/v2\/pages"}],"about":[{"href":"https:\/\/agora.xtec.cat\/iemediterranicampclar\/wp-json\/wp\/v2\/types\/page"}],"author":[{"embeddable":true,"href":"https:\/\/agora.xtec.cat\/iemediterranicampclar\/wp-json\/wp\/v2\/users\/1"}],"replies":[{"embeddable":true,"href":"https:\/\/agora.xtec.cat\/iemediterranicampclar\/wp-json\/wp\/v2\/comments?post=2158"}],"version-history":[{"count":6,"href":"https:\/\/agora.xtec.cat\/iemediterranicampclar\/wp-json\/wp\/v2\/pages\/2158\/revisions"}],"predecessor-version":[{"id":5146,"href":"https:\/\/agora.xtec.cat\/iemediterranicampclar\/wp-json\/wp\/v2\/pages\/2158\/revisions\/5146"}],"up":[{"embeddable":true,"href":"https:\/\/agora.xtec.cat\/iemediterranicampclar\/wp-json\/wp\/v2\/pages\/2141"}],"wp:attachment":[{"href":"https:\/\/agora.xtec.cat\/iemediterranicampclar\/wp-json\/wp\/v2\/media?parent=2158"}],"curies":[{"name":"wp","href":"https:\/\/api.w.org\/{rel}","templated":true}]}}