{"id":2141,"date":"2020-03-20T12:40:10","date_gmt":"2020-03-20T11:40:10","guid":{"rendered":"http:\/\/agora.xtec.cat\/iemediterranicampclar\/?page_id=2141"},"modified":"2020-05-25T12:42:50","modified_gmt":"2020-05-25T10:42:50","slug":"ens-quedem-a-casa-fent-feina","status":"publish","type":"page","link":"https:\/\/agora.xtec.cat\/iemediterranicampclar\/ens-quedem-a-casa-fent-feina\/","title":{"rendered":"ENS QUEDEM A CASA FENT FEINA"},"content":{"rendered":"<h1 id=\":qx\" class=\"hP\" style=\"text-align: center;\" tabindex=\"-1\" data-thread-perm-id=\"thread-f:1661680769508340543\" data-legacy-thread-id=\"170f79db1ca4733f\">\u00a0\u00a0\u00a0\u00a0\u00a0\u00a0\u00a0 \u270f\ufe0f Aprenem a ? casa<\/h1>\n<p>El Departament d\u2019Educaci\u00f3 posa a disposici\u00f3 de les fam\u00edlies un seguit de recursos per treballar els continguts dels diferents nivells i etapes al lloc <a href=\"http:\/\/www.edu365.cat\/\" target=\"_blank\" rel=\"noopener noreferrer\">Edu365.<\/a><\/p>\n<h2 class=\"hP\" style=\"text-align: center;\" tabindex=\"-1\" data-thread-perm-id=\"thread-f:1661680769508340543\" data-legacy-thread-id=\"170f79db1ca4733f\"><a href=\"http:\/\/www.edu365.cat\/\" target=\"_blank\" rel=\"noopener noreferrer\"><img loading=\"lazy\" decoding=\"async\" class=\"aligncenter wp-image-2146\" src=\"https:\/\/agora.xtec.cat\/iemediterranicampclar\/wp-content\/uploads\/usu1772\/2020\/03\/EDU.jpg\" alt=\"\" width=\"671\" height=\"282\" srcset=\"https:\/\/agora.xtec.cat\/iemediterranicampclar\/wp-content\/uploads\/usu1772\/2020\/03\/EDU.jpg 942w, https:\/\/agora.xtec.cat\/iemediterranicampclar\/wp-content\/uploads\/usu1772\/2020\/03\/EDU-300x126.jpg 300w, https:\/\/agora.xtec.cat\/iemediterranicampclar\/wp-content\/uploads\/usu1772\/2020\/03\/EDU-768x323.jpg 768w\" sizes=\"auto, (max-width: 671px) 100vw, 671px\" \/><\/a><\/h2>\n<p>&nbsp;<\/p>\n<h1 class=\"hP\" style=\"text-align: center;\" tabindex=\"-1\" data-thread-perm-id=\"thread-f:1661680769508340543\" data-legacy-thread-id=\"170f79db1ca4733f\"><span style=\"color: #993366;\">INFANTIL<\/span><\/h1>\n<p><strong>Cliqueu a la imatge per visualitzar l&#8217;ampliaci\u00f3 i recursos de cada recomanaci\u00f3:\u00a0<\/strong><\/p>\n<p style=\"text-align: center;\"><a href=\"http:\/\/agora.xtec.cat\/iemediterranicampclar\/ens-quedem-a-casa-fent-feina\/recomanacions\/recomanacions\/\" target=\"_blank\" rel=\"noopener noreferrer\"><img loading=\"lazy\" decoding=\"async\" class=\"aligncenter wp-image-2216\" src=\"https:\/\/agora.xtec.cat\/iemediterranicampclar\/wp-content\/uploads\/usu1772\/2020\/03\/imatge-propostes.png\" alt=\"\" width=\"462\" height=\"654\" srcset=\"https:\/\/agora.xtec.cat\/iemediterranicampclar\/wp-content\/uploads\/usu1772\/2020\/03\/imatge-propostes.png 1587w, https:\/\/agora.xtec.cat\/iemediterranicampclar\/wp-content\/uploads\/usu1772\/2020\/03\/imatge-propostes-212x300.png 212w, https:\/\/agora.xtec.cat\/iemediterranicampclar\/wp-content\/uploads\/usu1772\/2020\/03\/imatge-propostes-768x1086.png 768w, https:\/\/agora.xtec.cat\/iemediterranicampclar\/wp-content\/uploads\/usu1772\/2020\/03\/imatge-propostes-724x1024.png 724w\" sizes=\"auto, (max-width: 462px) 100vw, 462px\" \/><\/a><\/p>\n<p><strong>Cliqueu a la imatge per treballar diferents propostes:\u00a0<\/strong><\/p>\n<p><a href=\"http:\/\/agora.xtec.cat\/iemediterranicampclar\/ens-quedem-a-casa-fent-feina\/infantil\/altres-propostes-per-continuar-treballant\/\" target=\"_blank\" rel=\"noopener noreferrer\"><img loading=\"lazy\" decoding=\"async\" class=\"aligncenter size-medium wp-image-3170\" src=\"https:\/\/agora.xtec.cat\/iemediterranicampclar\/wp-content\/uploads\/usu1772\/2020\/03\/propostes-297x300.png\" alt=\"\" width=\"297\" height=\"300\" srcset=\"https:\/\/agora.xtec.cat\/iemediterranicampclar\/wp-content\/uploads\/usu1772\/2020\/03\/propostes-297x300.png 297w, https:\/\/agora.xtec.cat\/iemediterranicampclar\/wp-content\/uploads\/usu1772\/2020\/03\/propostes.png 630w\" sizes=\"auto, (max-width: 297px) 100vw, 297px\" \/><\/a><\/p>\n<p>&nbsp;<\/p>\n<h1 class=\"hP\" style=\"text-align: center;\" tabindex=\"-1\" data-thread-perm-id=\"thread-f:1661680769508340543\" data-legacy-thread-id=\"170f79db1ca4733f\"><span style=\"color: #993366;\">PRIMARIA<\/span><\/h1>\n<h2 style=\"text-align: center;\"><a href=\"https:\/\/agora.xtec.cat\/iemediterranicampclar\/ens-quedem-a-casa-fent-feina\/cicle-inicial\/\" target=\"_blank\" rel=\"noopener noreferrer\"><strong>CICLE INICIAL<\/strong><\/a><\/h2>\n<h2 style=\"text-align: center;\"><strong><a href=\"https:\/\/agora.xtec.cat\/iemediterranicampclar\/ens-quedem-a-casa-fent-feina\/cicle-mitja\/\" target=\"_blank\" rel=\"noopener noreferrer\">CICLE MITJ\u00c0<\/a><br \/>\n<\/strong><\/h2>\n<h2 style=\"text-align: center;\"><strong><a href=\"https:\/\/agora.xtec.cat\/iemediterranicampclar\/ens-quedem-a-casa-fent-feina\/cicle-superior\/\" target=\"_blank\" rel=\"noopener noreferrer\">CICLE SUPERIOR<\/a><\/strong><\/h2>\n<h2 style=\"text-align: center;\"><strong><a href=\"https:\/\/drive.google.com\/file\/d\/17WwyaQ1IJXSvZq7ND9fZ9muGenHTBFcQ\/view?usp=sharing\" target=\"_blank\" rel=\"noopener noreferrer\">RELIGI\u00d3 -CI, CM, C.S-<\/a><br \/>\n<\/strong><\/h2>\n<p>&nbsp;<\/p>\n<h1 class=\"hP\" style=\"text-align: center;\" tabindex=\"-1\" data-thread-perm-id=\"thread-f:1661680769508340543\" data-legacy-thread-id=\"170f79db1ca4733f\"><span style=\"color: #993366;\">SECUNDARIA<\/span><\/h1>\n<h2 style=\"text-align: center;\"><strong><a href=\"https:\/\/agora.xtec.cat\/iemediterranicampclar\/ens-quedem-a-casa-fent-feina\/primer\/\" target=\"_blank\" rel=\"noopener noreferrer\"><span style=\"color: #336633;\"><span style=\"color: #008000;\">PRIMER D&#8217;ESO<\/span><\/span><\/a><br \/>\n<\/strong><\/h2>\n<h4 style=\"text-align: center;\"><a href=\"http:\/\/agora.xtec.cat\/iemediterranicampclar\/ens-quedem-a-casa-fent-feina\/primer\/matematiques-1r-eso-2\/\" target=\"_blank\" rel=\"noopener noreferrer\">&#8211; MATEM\u00c0TIQUES\u00a0<\/a><\/h4>\n<h4 style=\"text-align: center;\"><a href=\"http:\/\/agora.xtec.cat\/iemediterranicampclar\/ens-quedem-a-casa-fent-feina\/primer\/biologia-i-geologia-1r-eso\/\" target=\"_blank\" rel=\"noopener noreferrer\">&#8211; BIOLOGIA i GEOLOGIA<\/a><\/h4>\n<h4 style=\"text-align: center;\"><a href=\"http:\/\/agora.xtec.cat\/iemediterranicampclar\/ens-quedem-a-casa-fent-feina\/primer\/musica-1r-eso\/\" target=\"_blank\" rel=\"noopener noreferrer\">&#8211; M\u00daSICA<\/a><\/h4>\n<h4 style=\"text-align: center;\"><a href=\"http:\/\/agora.xtec.cat\/iemediterranicampclar\/ens-quedem-a-casa-fent-feina\/primer\/catala-1r-eso\/\" target=\"_blank\" rel=\"noopener noreferrer\">&#8211; CATAL\u00c0<\/a><\/h4>\n<h4 style=\"text-align: center;\"><a href=\"http:\/\/agora.xtec.cat\/iemediterranicampclar\/ens-quedem-a-casa-fent-feina\/primer\/ciencies-socials-1r-eso\/\" target=\"_blank\" rel=\"noopener noreferrer\">&#8211; CI\u00c8NCIES SOCIALS<\/a><\/h4>\n<h4 style=\"text-align: center;\"><a href=\"https:\/\/agora.xtec.cat\/iemediterranicampclar\/ens-quedem-a-casa-fent-feina\/primer\/l-castellana-y-literatura-1r-eso\/\" target=\"_blank\" rel=\"noopener noreferrer\">&#8211; L. CASTELLANA y LITERATURA<\/a><\/h4>\n<h4 style=\"text-align: center;\"><a href=\"https:\/\/sites.google.com\/iemediterrani.cat\/plastica1eso\/p%C3%A0gina-principal?authuser=2\" target=\"_blank\" rel=\"noopener noreferrer\">&#8211; PL\u00c0STICA<\/a><\/h4>\n<h4 style=\"text-align: center;\"><a href=\"https:\/\/agora.xtec.cat\/iemediterranicampclar\/ens-quedem-a-casa-fent-feina\/primer\/educacio-fisica-2\/\" target=\"_blank\" rel=\"noopener noreferrer\">&#8211; EDUCACI\u00d3 F\u00cdSICA<\/a><\/h4>\n<h4 style=\"text-align: center;\"><a href=\"http:\/\/agora.xtec.cat\/iemediterranicampclar\/ens-quedem-a-casa-fent-feina\/primer\/tecnologia-1r-eso\/\" target=\"_blank\" rel=\"noopener noreferrer\">&#8211; TECNOLOGIA<\/a><\/h4>\n<h3><\/h3>\n<h2 style=\"text-align: center;\"><strong><a href=\"https:\/\/agora.xtec.cat\/iemediterranicampclar\/ens-quedem-a-casa-fent-feina\/segon-deso\/\" target=\"_blank\" rel=\"noopener noreferrer\"><span style=\"color: #008000;\">SEGON D&#8217;ESO<\/span><\/a><br \/>\n<\/strong><\/h2>\n<h4 style=\"text-align: center;\"><a href=\"http:\/\/agora.xtec.cat\/iemediterranicampclar\/ens-quedem-a-casa-fent-feina\/segon-deso\/tutora\/\" target=\"_blank\" rel=\"noopener noreferrer\">&#8211; TUTORA<\/a><\/h4>\n<h4 style=\"text-align: center;\"><a href=\"http:\/\/agora.xtec.cat\/iemediterranicampclar\/ens-quedem-a-casa-fent-feina\/segon-deso\/matematiques-2n-eso\/\" target=\"_blank\" rel=\"noopener noreferrer\">&#8211; MATEM\u00c0TIQUES\u00a0<\/a><\/h4>\n<h4 style=\"text-align: center;\"><a href=\"http:\/\/agora.xtec.cat\/iemediterranicampclar\/ens-quedem-a-casa-fent-feina\/segon-deso\/https-sites-google-com-xtec-cat-feina-confinamentiemediterrani-confinament\/\" target=\"_blank\" rel=\"noopener noreferrer\">&#8211; CATAL\u00c0<\/a><\/h4>\n<h4 style=\"text-align: center;\"><a href=\"http:\/\/agora.xtec.cat\/iemediterranicampclar\/ens-quedem-a-casa-fent-feina\/segon-deso\/ciencies-socials-2n-eso\/\" target=\"_blank\" rel=\"noopener noreferrer\">&#8211; CI\u00c8NCIES SOCIALS<\/a><\/h4>\n<h4 style=\"text-align: center;\"><a href=\"https:\/\/agora.xtec.cat\/iemediterranicampclar\/ens-quedem-a-casa-fent-feina\/segon-deso\/l-castellana-y-literatura-2n-eso\/\" target=\"_blank\" rel=\"noopener noreferrer\">&#8211; L. CASTELLANA y LITERATURA<\/a><\/h4>\n<h4 style=\"text-align: center;\"><a href=\"http:\/\/agora.xtec.cat\/iemediterranicampclar\/ens-quedem-a-casa-fent-feina\/segon-deso\/plastica-2n-eso\/\" target=\"_blank\" rel=\"noopener noreferrer\">&#8211; PL\u00c0STICA<\/a><\/h4>\n<h4 style=\"text-align: center;\"><a href=\"http:\/\/agora.xtec.cat\/iemediterranicampclar\/ens-quedem-a-casa-fent-feina\/segon-deso\/fisica-i-quimica-2n-eso\/\" target=\"_blank\" rel=\"noopener noreferrer\">&#8211; F\u00cdSICA I QU\u00cdMICA<\/a><\/h4>\n<h4 style=\"text-align: center;\"><a href=\"https:\/\/agora.xtec.cat\/iemediterranicampclar\/ens-quedem-a-casa-fent-feina\/segon-deso\/educacio-fisica-2n-eso\/\" target=\"_blank\" rel=\"noopener noreferrer\">&#8211; EDUCACI\u00d3 F\u00cdSICA<\/a><\/h4>\n<h4 style=\"text-align: center;\"><a href=\"http:\/\/agora.xtec.cat\/iemediterranicampclar\/ens-quedem-a-casa-fent-feina\/segon-deso\/tecnologia-2n-eso\/\" target=\"_blank\" rel=\"noopener noreferrer\">&#8211; TECNOLOGIA<\/a><\/h4>\n<h3><\/h3>\n<h2 style=\"text-align: center;\"><strong><a href=\"http:\/\/agora.xtec.cat\/iemediterranicampclar\/ens-quedem-a-casa-fent-feina\/tercer-deso\/\" target=\"_blank\" rel=\"noopener noreferrer\"><span style=\"color: #008000;\">TERCER D&#8217;ESO<\/span><\/a><br \/>\n<\/strong><\/h2>\n<h4 style=\"text-align: center;\"><a href=\"https:\/\/agora.xtec.cat\/iemediterranicampclar\/ens-quedem-a-casa-fent-feina\/tercer-deso\/matematiques-3r-eso\/\" target=\"_blank\" rel=\"noopener noreferrer\"> &#8211; MATEM\u00c0TIQUES<\/a><\/h4>\n<h4 style=\"text-align: center;\"><a href=\"https:\/\/agora.xtec.cat\/iemediterranicampclar\/ens-quedem-a-casa-fent-feina\/tercer-deso\/fisica-i-quimica-3r-eso\/\" target=\"_blank\" rel=\"noopener noreferrer\">\u00a0&#8211; F\u00cdSICA I QU\u00cdMICA<\/a><\/h4>\n<h4 style=\"text-align: center;\"><a href=\"http:\/\/agora.xtec.cat\/iemediterranicampclar\/ens-quedem-a-casa-fent-feina\/tercer-deso\/biologia-i-geologia-3r-eso\/\" target=\"_blank\" rel=\"noopener noreferrer\">&#8211; BIOLOGIA i GEOLOGIA<\/a><\/h4>\n<h4 style=\"text-align: center;\"><a href=\"http:\/\/agora.xtec.cat\/iemediterranicampclar\/ens-quedem-a-casa-fent-feina\/tercer-deso\/musica-3r-eso\/\" target=\"_blank\" rel=\"noopener noreferrer\">&#8211; M\u00daSICA<\/a><\/h4>\n<h4 style=\"text-align: center;\"><a href=\"http:\/\/agora.xtec.cat\/iemediterranicampclar\/ens-quedem-a-casa-fent-feina\/tercer-deso\/catala-3r-eso\/\" target=\"_blank\" rel=\"noopener noreferrer\">&#8211; CATAL\u00c0<\/a><\/h4>\n<h4 style=\"text-align: center;\"><a href=\"http:\/\/agora.xtec.cat\/iemediterranicampclar\/ens-quedem-a-casa-fent-feina\/tercer-deso\/ciencies-socials-3r-eso\/\" target=\"_blank\" rel=\"noopener noreferrer\">&#8211; CI\u00c8NCIES SOCIALS<\/a><\/h4>\n<h4 style=\"text-align: center;\"><a href=\"https:\/\/agora.xtec.cat\/iemediterranicampclar\/ens-quedem-a-casa-fent-feina\/tercer-deso\/l-castellana-y-literatura-3r-eso\/\" target=\"_blank\" rel=\"noopener noreferrer\">&#8211; L. CASTELLANA y LITERATURA<\/a><\/h4>\n<h4 style=\"text-align: center;\"><a href=\"https:\/\/agora.xtec.cat\/iemediterranicampclar\/ens-quedem-a-casa-fent-feina\/tercer-deso\/educacio-fisica-3r-eso\/\" target=\"_blank\" rel=\"noopener noreferrer\">&#8211; EDUCACI\u00d3 F\u00cdSICA<\/a><\/h4>\n<h4 style=\"text-align: center;\"><a href=\"http:\/\/agora.xtec.cat\/iemediterranicampclar\/ens-quedem-a-casa-fent-feina\/tercer-deso\/tecnologia-3r-eso\/\" target=\"_blank\" rel=\"noopener noreferrer\">&#8211; TECNOLOGIA<\/a><\/h4>\n<h3><\/h3>\n<h2 style=\"text-align: center;\"><a href=\"https:\/\/englishsubjectinstitutescolamediterrani.home.blog\/\" target=\"_blank\" rel=\"noopener noreferrer\">FOREIGN LANGUAGES &#8211; ESO &#8211;<\/a><\/h2>\n<h3><\/h3>\n<h5><\/h5>\n<h5>EDITORIAL TEIDE PER FER EXERCICIS ON LINE<\/h5>\n<p><a href=\"https:\/\/web.editorialteide.com\/ca\/ens-quedem-a-casa\/\" target=\"_blank\" rel=\"noopener noreferrer\"><img loading=\"lazy\" decoding=\"async\" class=\"aligncenter size-full wp-image-3051\" src=\"https:\/\/agora.xtec.cat\/iemediterranicampclar\/wp-content\/uploads\/usu1772\/2020\/03\/TEIDE-1.jpg\" alt=\"\" width=\"1350\" height=\"376\" srcset=\"https:\/\/agora.xtec.cat\/iemediterranicampclar\/wp-content\/uploads\/usu1772\/2020\/03\/TEIDE-1.jpg 1350w, https:\/\/agora.xtec.cat\/iemediterranicampclar\/wp-content\/uploads\/usu1772\/2020\/03\/TEIDE-1-300x84.jpg 300w, https:\/\/agora.xtec.cat\/iemediterranicampclar\/wp-content\/uploads\/usu1772\/2020\/03\/TEIDE-1-768x214.jpg 768w, https:\/\/agora.xtec.cat\/iemediterranicampclar\/wp-content\/uploads\/usu1772\/2020\/03\/TEIDE-1-1024x285.jpg 1024w\" sizes=\"auto, (max-width: 1350px) 100vw, 1350px\" \/><\/a><\/p>\n<p>&nbsp;<\/p>\n<p>&nbsp;<\/p>\n<p>&nbsp;<\/p>\n<p>&nbsp;<\/p>\n","protected":false},"excerpt":{"rendered":"<p>\u00a0\u00a0\u00a0\u00a0\u00a0\u00a0\u00a0 \u270f\ufe0f Aprenem a ? casa<br \/>\nEl Departament d\u2019Educaci\u00f3 posa a disposici\u00f3 de les fam\u00edlies un seguit de recursos per treballar els continguts dels diferents nivells i etapes al lloc <a href=\"http:\/\/www.edu365.cat\/\" target=\"_blank\" rel=\"noopener noreferrer\">Edu365.<\/a><br \/>\n<a href=\"http:\/\/www.edu365.cat\/\" target=\"_blank\" rel=\"noopener noreferrer\"><\/a><br \/>\n&nbsp;<br \/>\nINFANTIL<br \/>\nCliqueu a la imatge per visualitzar l&#8217;ampliaci\u00f3 i&hellip;  <a href=\"https:\/\/agora.xtec.cat\/iemediterranicampclar\/ens-quedem-a-casa-fent-feina\/\" title=\"Read ENS QUEDEM A CASA FENT FEINA\">Llegeix m\u00e9s\u00bb<\/a><\/p>\n","protected":false},"author":1,"featured_media":0,"parent":0,"menu_order":0,"comment_status":"closed","ping_status":"closed","template":"page-templates\/side-menu.php","meta":{"_bbp_topic_count":0,"_bbp_reply_count":0,"_bbp_total_topic_count":0,"_bbp_total_reply_count":0,"_bbp_voice_count":0,"_bbp_anonymous_reply_count":0,"_bbp_topic_count_hidden":0,"_bbp_reply_count_hidden":0,"_bbp_forum_subforum_count":0,"footnotes":""},"class_list":["post-2141","page","type-page","status-publish","hentry"],"post_mailing_queue_ids":[],"_links":{"self":[{"href":"https:\/\/agora.xtec.cat\/iemediterranicampclar\/wp-json\/wp\/v2\/pages\/2141","targetHints":{"allow":["GET"]}}],"collection":[{"href":"https:\/\/agora.xtec.cat\/iemediterranicampclar\/wp-json\/wp\/v2\/pages"}],"about":[{"href":"https:\/\/agora.xtec.cat\/iemediterranicampclar\/wp-json\/wp\/v2\/types\/page"}],"author":[{"embeddable":true,"href":"https:\/\/agora.xtec.cat\/iemediterranicampclar\/wp-json\/wp\/v2\/users\/1"}],"replies":[{"embeddable":true,"href":"https:\/\/agora.xtec.cat\/iemediterranicampclar\/wp-json\/wp\/v2\/comments?post=2141"}],"version-history":[{"count":4,"href":"https:\/\/agora.xtec.cat\/iemediterranicampclar\/wp-json\/wp\/v2\/pages\/2141\/revisions"}],"predecessor-version":[{"id":4963,"href":"https:\/\/agora.xtec.cat\/iemediterranicampclar\/wp-json\/wp\/v2\/pages\/2141\/revisions\/4963"}],"wp:attachment":[{"href":"https:\/\/agora.xtec.cat\/iemediterranicampclar\/wp-json\/wp\/v2\/media?parent=2141"}],"curies":[{"name":"wp","href":"https:\/\/api.w.org\/{rel}","templated":true}]}}