{"id":1921,"date":"2020-01-07T16:08:47","date_gmt":"2020-01-07T15:08:47","guid":{"rendered":"http:\/\/agora.xtec.cat\/iemediterranicampclar\/?page_id=1921"},"modified":"2020-01-07T16:35:55","modified_gmt":"2020-01-07T15:35:55","slug":"poefa","status":"publish","type":"page","link":"https:\/\/agora.xtec.cat\/iemediterranicampclar\/lescola\/poefa\/","title":{"rendered":"POEFA"},"content":{"rendered":"<h6 class=\"entry-title\">Programa per a les Oportunitats educatives en favor de l\u2019\u00e8xit escolar (POEFA)<\/h6>\n<p><em>Programa operatiu d\u2019ocupaci\u00f3, formaci\u00f3 i educaci\u00f3 de l\u2019FSE 2014-2020Programa finan\u00e7at pel Ministeri d\u2019Educaci\u00f3 i Formaci\u00f3 Professional i cofinan\u00e7at pel Fons Social Europeu<\/em><\/p>\n<p><a href=\"https:\/\/agora.xtec.cat\/iemediterranicampclar\/wp-content\/uploads\/usu1772\/2019\/12\/Logo-Gobierno-mas-Uni\u00f3-europea.jpg\"><img loading=\"lazy\" decoding=\"async\" class=\"size-medium wp-image-1870 alignleft\" src=\"https:\/\/agora.xtec.cat\/iemediterranicampclar\/wp-content\/uploads\/usu1772\/2019\/12\/Logo-Gobierno-mas-Uni\u00f3-europea-300x35.jpg\" alt=\"\" width=\"300\" height=\"35\" srcset=\"https:\/\/agora.xtec.cat\/iemediterranicampclar\/wp-content\/uploads\/usu1772\/2019\/12\/Logo-Gobierno-mas-Uni\u00f3-europea-300x35.jpg 300w, https:\/\/agora.xtec.cat\/iemediterranicampclar\/wp-content\/uploads\/usu1772\/2019\/12\/Logo-Gobierno-mas-Uni\u00f3-europea.jpg 584w\" sizes=\"auto, (max-width: 300px) 100vw, 300px\" \/><\/a>El nostre centre participar\u00e0 en el Programa per a les Oportunitats educatives en favor de l\u2019\u00e8xit escolar (POEFA). Aquesta actuaci\u00f3 forma part del Programa d\u2019orientaci\u00f3 i refor\u00e7 per a l\u2019avan\u00e7 i suport a l\u2019educaci\u00f3 del Ministeri d\u2019Educaci\u00f3 i Formaci\u00f3 Professional, que est\u00e0 cofinan\u00e7at pel Programa operatiu d\u2019ocupaci\u00f3, formaci\u00f3 i educaci\u00f3 del Fons Social Europeu 2014-2020. Les accions estan focalitzades en l\u2019alumnat de 5\u00e8, 6\u00e8 ,1r i 2n d\u2019ESO.<\/p>\n<div class=\"addtoany_share_save_container addtoany_content_bottom\">\n<div class=\"a2a_kit a2a_kit_size_25 addtoany_list\" data-a2a-url=\"https:\/\/agora.xtec.cat\/ins-esc-danielmangrane\/poefa\/programa-per-a-les-oportunitats-educatives-en-favor-de-lexit-escolar-poefa\/\" data-a2a-title=\"Programa per a les Oportunitats educatives en favor de l\u2019\u00e8xit escolar (POEFA)\"><\/div>\n<\/div>\n<p>&nbsp;<\/p>\n","protected":false},"excerpt":{"rendered":"<p>Programa per a les Oportunitats educatives en favor de l\u2019\u00e8xit escolar (POEFA)<br \/>\nPrograma operatiu d\u2019ocupaci\u00f3, formaci\u00f3 i educaci\u00f3 de l\u2019FSE 2014-2020Programa finan\u00e7at pel Ministeri d\u2019Educaci\u00f3 i Formaci\u00f3 Professional i cofinan\u00e7at pel Fons Social Europeu<br \/>\n<a href=\"https:\/\/agora.xtec.cat\/iemediterranicampclar\/wp-content\/uploads\/usu1772\/2019\/12\/Logo-Gobierno-mas-Uni\u00f3-europea.jpg\"><\/a>El nostre centre participar\u00e0 en el Programa per a les Oportunitats educatives&hellip;  <a href=\"https:\/\/agora.xtec.cat\/iemediterranicampclar\/lescola\/poefa\/\" title=\"Read POEFA\">Llegeix m\u00e9s\u00bb<\/a><\/p>\n","protected":false},"author":1,"featured_media":0,"parent":22,"menu_order":5,"comment_status":"closed","ping_status":"closed","template":"page-templates\/side-menu.php","meta":{"_bbp_topic_count":0,"_bbp_reply_count":0,"_bbp_total_topic_count":0,"_bbp_total_reply_count":0,"_bbp_voice_count":0,"_bbp_anonymous_reply_count":0,"_bbp_topic_count_hidden":0,"_bbp_reply_count_hidden":0,"_bbp_forum_subforum_count":0,"footnotes":""},"class_list":["post-1921","page","type-page","status-publish","hentry"],"post_mailing_queue_ids":[],"_links":{"self":[{"href":"https:\/\/agora.xtec.cat\/iemediterranicampclar\/wp-json\/wp\/v2\/pages\/1921","targetHints":{"allow":["GET"]}}],"collection":[{"href":"https:\/\/agora.xtec.cat\/iemediterranicampclar\/wp-json\/wp\/v2\/pages"}],"about":[{"href":"https:\/\/agora.xtec.cat\/iemediterranicampclar\/wp-json\/wp\/v2\/types\/page"}],"author":[{"embeddable":true,"href":"https:\/\/agora.xtec.cat\/iemediterranicampclar\/wp-json\/wp\/v2\/users\/1"}],"replies":[{"embeddable":true,"href":"https:\/\/agora.xtec.cat\/iemediterranicampclar\/wp-json\/wp\/v2\/comments?post=1921"}],"version-history":[{"count":3,"href":"https:\/\/agora.xtec.cat\/iemediterranicampclar\/wp-json\/wp\/v2\/pages\/1921\/revisions"}],"predecessor-version":[{"id":1938,"href":"https:\/\/agora.xtec.cat\/iemediterranicampclar\/wp-json\/wp\/v2\/pages\/1921\/revisions\/1938"}],"up":[{"embeddable":true,"href":"https:\/\/agora.xtec.cat\/iemediterranicampclar\/wp-json\/wp\/v2\/pages\/22"}],"wp:attachment":[{"href":"https:\/\/agora.xtec.cat\/iemediterranicampclar\/wp-json\/wp\/v2\/media?parent=1921"}],"curies":[{"name":"wp","href":"https:\/\/api.w.org\/{rel}","templated":true}]}}