{"id":17680,"date":"2024-02-06T08:32:18","date_gmt":"2024-02-06T07:32:18","guid":{"rendered":"https:\/\/agora.xtec.cat\/iemediterranicampclar\/?page_id=17680"},"modified":"2024-04-09T16:06:59","modified_gmt":"2024-04-09T14:06:59","slug":"promotora-escolar","status":"publish","type":"page","link":"https:\/\/agora.xtec.cat\/iemediterranicampclar\/serveis\/promotora-escolar\/","title":{"rendered":"Promotora Escolar"},"content":{"rendered":"<h1 style=\"text-align: center;\"><span style=\"color: #ff6600;\">Dia del poble gitano 2024<\/span><\/h1>\n<p style=\"text-align: justify;\">Ahir, dia 8 d&#8217;abril, va ser el Dia Internacional del Poble Gitano, aquest curs dins de les actuacions interculturals del Pla Educatiu d&#8217;Entorn de Tarragona van preparar i gravar un p\u00f2dcast sobre aquesta cultura. Hi podreu escoltar la Promotora Escolar, Sara Gim\u00e9nez, aix\u00ed com alumnes i fam\u00edlies de l&#8217;Institut Escola Mediterrani de Campclar.<br \/>\nEs va emetre ahir durant el mat\u00ed a Tarragona R\u00e0dio i es penjar\u00e0 a la <a href=\"https:\/\/alacarta.tarragonaradio.cat\/\">seva web<\/a> en una nova secci\u00f3 especial &#8220;L&#8217;Escola Sona&#8221;. Us l&#8217;adjuntem a continuaci\u00f3, esperem que sigui del vostre inter\u00e8s.<\/p>\n<p><iframe loading=\"lazy\" src=\"https:\/\/drive.google.com\/file\/d\/1tIw0lt0gQ9ZPMFK8MnfqXmtzcynmZNnp\/preview\" width=\"640\" height=\"480\"><\/iframe><\/p>\n<p>&nbsp;<\/p>\n<p>&nbsp;<\/p>\n<h1 style=\"text-align: center;\"><span style=\"color: #ff6600;\">Obrint mirades &#8211; Documental<\/span><\/h1>\n<p>&nbsp;<\/p>\n<p><iframe loading=\"lazy\" title=\"Obrint Mirades - Promotora Escolar Institut Escola Mediterrani\" width=\"500\" height=\"281\" src=\"https:\/\/www.youtube.com\/embed\/b7_pba-Hp4s?feature=oembed\" frameborder=\"0\" allow=\"accelerometer; autoplay; clipboard-write; encrypted-media; gyroscope; picture-in-picture; web-share\" referrerpolicy=\"strict-origin-when-cross-origin\" allowfullscreen><\/iframe><\/p>\n<p>&nbsp;<\/p>\n","protected":false},"excerpt":{"rendered":"<p>Dia del poble gitano 2024<br \/>\nAhir, dia 8 d&#8217;abril, va ser el Dia Internacional del Poble Gitano, aquest curs dins de les actuacions interculturals del Pla Educatiu d&#8217;Entorn de Tarragona van preparar i gravar un p\u00f2dcast sobre aquesta cultura. Hi podreu escoltar la Promotora Escolar, Sara&hellip;  <a href=\"https:\/\/agora.xtec.cat\/iemediterranicampclar\/serveis\/promotora-escolar\/\" title=\"Read Promotora Escolar\">Llegeix m\u00e9s\u00bb<\/a><\/p>\n","protected":false},"author":29,"featured_media":0,"parent":66,"menu_order":0,"comment_status":"closed","ping_status":"closed","template":"","meta":{"_bbp_topic_count":0,"_bbp_reply_count":0,"_bbp_total_topic_count":0,"_bbp_total_reply_count":0,"_bbp_voice_count":0,"_bbp_anonymous_reply_count":0,"_bbp_topic_count_hidden":0,"_bbp_reply_count_hidden":0,"_bbp_forum_subforum_count":0,"footnotes":""},"class_list":["post-17680","page","type-page","status-publish","hentry"],"post_mailing_queue_ids":[],"_links":{"self":[{"href":"https:\/\/agora.xtec.cat\/iemediterranicampclar\/wp-json\/wp\/v2\/pages\/17680","targetHints":{"allow":["GET"]}}],"collection":[{"href":"https:\/\/agora.xtec.cat\/iemediterranicampclar\/wp-json\/wp\/v2\/pages"}],"about":[{"href":"https:\/\/agora.xtec.cat\/iemediterranicampclar\/wp-json\/wp\/v2\/types\/page"}],"author":[{"embeddable":true,"href":"https:\/\/agora.xtec.cat\/iemediterranicampclar\/wp-json\/wp\/v2\/users\/29"}],"replies":[{"embeddable":true,"href":"https:\/\/agora.xtec.cat\/iemediterranicampclar\/wp-json\/wp\/v2\/comments?post=17680"}],"version-history":[{"count":4,"href":"https:\/\/agora.xtec.cat\/iemediterranicampclar\/wp-json\/wp\/v2\/pages\/17680\/revisions"}],"predecessor-version":[{"id":17796,"href":"https:\/\/agora.xtec.cat\/iemediterranicampclar\/wp-json\/wp\/v2\/pages\/17680\/revisions\/17796"}],"up":[{"embeddable":true,"href":"https:\/\/agora.xtec.cat\/iemediterranicampclar\/wp-json\/wp\/v2\/pages\/66"}],"wp:attachment":[{"href":"https:\/\/agora.xtec.cat\/iemediterranicampclar\/wp-json\/wp\/v2\/media?parent=17680"}],"curies":[{"name":"wp","href":"https:\/\/api.w.org\/{rel}","templated":true}]}}