{"id":1683,"date":"2019-10-02T11:58:34","date_gmt":"2019-10-02T09:58:34","guid":{"rendered":"http:\/\/agora.xtec.cat\/iemediterranicampclar\/?page_id=1683"},"modified":"2022-07-21T18:05:39","modified_gmt":"2022-07-21T16:05:39","slug":"les-nostres-lectures","status":"publish","type":"page","link":"https:\/\/agora.xtec.cat\/iemediterranicampclar\/comunitats-daprenentatge\/tertulies-literaries-dialogiques\/les-nostres-lectures\/","title":{"rendered":"Llibres de Tert\u00falies &#8211; Les nostres lectures"},"content":{"rendered":"<p style=\"margin: 12px auto 6px auto; font-family: Helvetica,Arial,Sans-serif; font-style: normal; font-variant: normal; font-weight: normal; font-size: 14px; line-height: normal; font-size-adjust: none; font-stretch: normal; -x-system-font: none; display: block;\">EDUCACI\u00d3 INFANTIL I CICLE INICIAL<\/p>\n<p><iframe loading=\"lazy\" src=\"https:\/\/drive.google.com\/file\/d\/1DnPLF5XKq5CmvRIbeCsI1Fdi8BvrwCam\/preview\" width=\"640\" height=\"480\" allow=\"autoplay\"><\/iframe><\/p>\n<p style=\"margin: 12px auto 6px auto; font-family: Helvetica,Arial,Sans-serif; font-style: normal; font-variant: normal; font-weight: normal; font-size: 14px; line-height: normal; font-size-adjust: none; font-stretch: normal; -x-system-font: none; display: block;\"><a style=\"text-decoration: underline;\" title=\"View LLIBRES de TERT\u00daLIES LITER\u00c0RIES DIAL\u00d2GIQUES, CURS 2019-20 on Scribd\" href=\"https:\/\/www.scribd.com\/document\/428409359\/LLIBRES-de-TERTULIES-LITERARIES-DIALOGIQUES-CURS-2019-20#from_embed\"><\/p>\n<p>LLIBRES de TERT\u00daLIES LITER\u00c0RIES DIAL\u00d2GIQUES, CURS 2019-20<\/a> by <a style=\"text-decoration: underline;\" title=\"View Institutescolamediterrani's profile on Scribd\" href=\"https:\/\/www.scribd.com\/user\/122661670\/Institutescolamediterrani#from_embed\">Institutescolamediterrani<\/a> on Scribd<\/p>\n<p><iframe loading=\"lazy\" id=\"doc_50116\" class=\"scribd_iframe_embed\" title=\"LLIBRES de TERT\u00daLIES LITER\u00c0RIES DIAL\u00d2GIQUES, CURS 2019-20\" src=\"https:\/\/www.scribd.com\/embeds\/428409359\/content?start_page=1&amp;view_mode=scroll&amp;access_key=key-23uo3VwMPjcb1iY1h6AO&amp;show_recommendations=true\" width=\"600\" height=\"800\" frameborder=\"0\" scrolling=\"no\" data-auto-height=\"false\" data-aspect-ratio=\"0.7080062794348508\"><\/iframe><\/p>\n","protected":false},"excerpt":{"rendered":"<p>EDUCACI\u00d3 INFANTIL I CICLE INICIAL<\/p>\n<p><a style=\"text-decoration: underline;\" title=\"View LLIBRES de TERT\u00daLIES LITER\u00c0RIES DIAL\u00d2GIQUES, CURS 2019-20 on Scribd\" href=\"https:\/\/www.scribd.com\/document\/428409359\/LLIBRES-de-TERTULIES-LITERARIES-DIALOGIQUES-CURS-2019-20#from_embed\"><br \/>\nLLIBRES de TERT\u00daLIES LITER\u00c0RIES DIAL\u00d2GIQUES, CURS 2019-20<\/a> by <a style=\"text-decoration: underline;\" title=\"View Institutescolamediterrani's profile on Scribd\" href=\"https:\/\/www.scribd.com\/user\/122661670\/Institutescolamediterrani#from_embed\">Institutescolamediterrani<\/a> on Scribd<\/p>\n","protected":false},"author":1,"featured_media":0,"parent":1288,"menu_order":0,"comment_status":"closed","ping_status":"closed","template":"page-templates\/side-menu.php","meta":{"_bbp_topic_count":0,"_bbp_reply_count":0,"_bbp_total_topic_count":0,"_bbp_total_reply_count":0,"_bbp_voice_count":0,"_bbp_anonymous_reply_count":0,"_bbp_topic_count_hidden":0,"_bbp_reply_count_hidden":0,"_bbp_forum_subforum_count":0,"footnotes":""},"class_list":["post-1683","page","type-page","status-publish","hentry"],"post_mailing_queue_ids":[],"_links":{"self":[{"href":"https:\/\/agora.xtec.cat\/iemediterranicampclar\/wp-json\/wp\/v2\/pages\/1683","targetHints":{"allow":["GET"]}}],"collection":[{"href":"https:\/\/agora.xtec.cat\/iemediterranicampclar\/wp-json\/wp\/v2\/pages"}],"about":[{"href":"https:\/\/agora.xtec.cat\/iemediterranicampclar\/wp-json\/wp\/v2\/types\/page"}],"author":[{"embeddable":true,"href":"https:\/\/agora.xtec.cat\/iemediterranicampclar\/wp-json\/wp\/v2\/users\/1"}],"replies":[{"embeddable":true,"href":"https:\/\/agora.xtec.cat\/iemediterranicampclar\/wp-json\/wp\/v2\/comments?post=1683"}],"version-history":[{"count":3,"href":"https:\/\/agora.xtec.cat\/iemediterranicampclar\/wp-json\/wp\/v2\/pages\/1683\/revisions"}],"predecessor-version":[{"id":7481,"href":"https:\/\/agora.xtec.cat\/iemediterranicampclar\/wp-json\/wp\/v2\/pages\/1683\/revisions\/7481"}],"up":[{"embeddable":true,"href":"https:\/\/agora.xtec.cat\/iemediterranicampclar\/wp-json\/wp\/v2\/pages\/1288"}],"wp:attachment":[{"href":"https:\/\/agora.xtec.cat\/iemediterranicampclar\/wp-json\/wp\/v2\/media?parent=1683"}],"curies":[{"name":"wp","href":"https:\/\/api.w.org\/{rel}","templated":true}]}}