{"id":1305,"date":"2019-03-21T22:34:20","date_gmt":"2019-03-21T21:34:20","guid":{"rendered":"http:\/\/agora.xtec.cat\/iemediterranicampclar\/?page_id=1305"},"modified":"2023-02-15T14:26:04","modified_gmt":"2023-02-15T13:26:04","slug":"amistats-transformadores","status":"publish","type":"page","link":"https:\/\/agora.xtec.cat\/iemediterranicampclar\/comunitats-daprenentatge\/model-dialogic-de-prevencio-i-solucio-de-conflictes\/amistats-transformadores\/","title":{"rendered":"Amistats transformadores"},"content":{"rendered":"<h1 style=\"text-align: center;\"><span style=\"color: #00ff00;\">Amistats Transformadores<\/span><\/h1>\n<p style=\"text-align: left;\">Els alumnes d&#8217; Infantil, Prim\u00e0ria i Secund\u00e0ria del nostre centre treballen el valor i concepte de l&#8217;amistat transformadora segons el Model dial\u00f2gic de prevenci\u00f3 i resoluci\u00f3 de conflictes. Despr\u00e9s d&#8217;elaborar els murals a les seves classes, ho van presentar i explicar a la Comissi\u00f3 Mixta d&#8217; Aprenentatge amb les fam\u00edlies. Tots junts han demostrat tenir molt clar que l&#8217;amistat i les relacions humanes de qualitat protegeixen i vetllen davant de casos d&#8217;assetjament escolar.<\/p>\n<p><iframe loading=\"lazy\" title=\"YouTube video player\" src=\"https:\/\/www.youtube.com\/embed\/7WO48f280QY\" width=\"560\" height=\"315\" frameborder=\"0\" allowfullscreen=\"allowfullscreen\"><\/iframe><\/p>\n<p>&nbsp;<\/p>\n<h1 style=\"text-align: center;\"><span style=\"color: #00ff00;\">CURSOS ANTERIORS:<\/span><\/h1>\n<p style=\"text-align: center;\"><iframe loading=\"lazy\" title=\"YouTube video player\" src=\"\/\/www.youtube.com\/embed\/s5gbD9a40Sk\" width=\"560\" height=\"315\" frameborder=\"0\" allowfullscreen=\"allowfullscreen\"><\/iframe><\/p>\n<p><script id=\"asp-embed-script\" data-zindex=\"1000000\" type=\"text\/javascript\" charset=\"utf-8\" src=\"https:\/\/spark.adobe.com\/page-embed.js\"><span data-mce-type=\"bookmark\" style=\"display: inline-block; width: 0px; overflow: hidden; line-height: 0;\" class=\"mce_SELRES_start\">\ufeff<\/span><\/script><a class=\"asp-embed-link\" href=\"https:\/\/spark.adobe.com\/page\/XmQnFuKjd00rO\/\" target=\"_blank\" rel=\"noopener\"><img decoding=\"async\" class=\"aligncenter\" style=\"width: 100%;\" src=\"https:\/\/spark.adobe.com\/page\/XmQnFuKjd00rO\/embed.jpg?buster=1637915393652\" alt=\"El mur de l'amistat\" border=\"0\" \/><\/a><\/p>\n<h1 style=\"text-align: center;\"> <strong>\u2013 <a href=\"https:\/\/youtu.be\/HZA432KUEUc\">QUI ET MALTRACTA NO ET MEREIX (can\u00e7\u00f3 feta pels alumnes)<\/a><\/strong><\/p>\n<p><iframe loading=\"lazy\" title=\"YouTube video player\" src=\"https:\/\/www.youtube.com\/embed\/HZA432KUEUc\" width=\"560\" height=\"315\" frameborder=\"0\" allowfullscreen=\"allowfullscreen\"><\/iframe><br \/>\n<\/h1>\n<p style=\"text-align: center;\"><iframe loading=\"lazy\" src=\"https:\/\/www.youtube.com\/embed\/vrVbgOX0m28\" width=\"560\" height=\"315\" frameborder=\"0\" allowfullscreen=\"allowfullscreen\"><\/iframe><\/p>\n<p style=\"text-align: center;\"><iframe loading=\"lazy\" src=\"https:\/\/www.youtube.com\/embed\/m7niihS601E\" width=\"560\" height=\"315\" frameborder=\"0\" allowfullscreen=\"allowfullscreen\"><\/iframe><\/p>\n","protected":false},"excerpt":{"rendered":"<p>Amistats Transformadores<br \/>\nEls alumnes d&#8217; Infantil, Prim\u00e0ria i Secund\u00e0ria del nostre centre treballen el valor i concepte de l&#8217;amistat transformadora segons el Model dial\u00f2gic de prevenci\u00f3 i resoluci\u00f3 de conflictes. Despr\u00e9s d&#8217;elaborar els murals a les seves classes, ho van presentar i explicar a la Comissi\u00f3&hellip;  <a href=\"https:\/\/agora.xtec.cat\/iemediterranicampclar\/comunitats-daprenentatge\/model-dialogic-de-prevencio-i-solucio-de-conflictes\/amistats-transformadores\/\" title=\"Read Amistats transformadores\">Llegeix m\u00e9s\u00bb<\/a><\/p>\n","protected":false},"author":1,"featured_media":0,"parent":1303,"menu_order":1,"comment_status":"closed","ping_status":"closed","template":"page-templates\/side-menu.php","meta":{"_bbp_topic_count":0,"_bbp_reply_count":0,"_bbp_total_topic_count":0,"_bbp_total_reply_count":0,"_bbp_voice_count":0,"_bbp_anonymous_reply_count":0,"_bbp_topic_count_hidden":0,"_bbp_reply_count_hidden":0,"_bbp_forum_subforum_count":0,"footnotes":""},"class_list":["post-1305","page","type-page","status-publish","hentry"],"post_mailing_queue_ids":[],"_links":{"self":[{"href":"https:\/\/agora.xtec.cat\/iemediterranicampclar\/wp-json\/wp\/v2\/pages\/1305","targetHints":{"allow":["GET"]}}],"collection":[{"href":"https:\/\/agora.xtec.cat\/iemediterranicampclar\/wp-json\/wp\/v2\/pages"}],"about":[{"href":"https:\/\/agora.xtec.cat\/iemediterranicampclar\/wp-json\/wp\/v2\/types\/page"}],"author":[{"embeddable":true,"href":"https:\/\/agora.xtec.cat\/iemediterranicampclar\/wp-json\/wp\/v2\/users\/1"}],"replies":[{"embeddable":true,"href":"https:\/\/agora.xtec.cat\/iemediterranicampclar\/wp-json\/wp\/v2\/comments?post=1305"}],"version-history":[{"count":4,"href":"https:\/\/agora.xtec.cat\/iemediterranicampclar\/wp-json\/wp\/v2\/pages\/1305\/revisions"}],"predecessor-version":[{"id":7817,"href":"https:\/\/agora.xtec.cat\/iemediterranicampclar\/wp-json\/wp\/v2\/pages\/1305\/revisions\/7817"}],"up":[{"embeddable":true,"href":"https:\/\/agora.xtec.cat\/iemediterranicampclar\/wp-json\/wp\/v2\/pages\/1303"}],"wp:attachment":[{"href":"https:\/\/agora.xtec.cat\/iemediterranicampclar\/wp-json\/wp\/v2\/media?parent=1305"}],"curies":[{"name":"wp","href":"https:\/\/api.w.org\/{rel}","templated":true}]}}