{"id":1288,"date":"2019-03-21T22:18:04","date_gmt":"2019-03-21T21:18:04","guid":{"rendered":"http:\/\/agora.xtec.cat\/iemediterranicampclar\/?page_id=1288"},"modified":"2019-12-24T15:16:36","modified_gmt":"2019-12-24T14:16:36","slug":"tertulies-literaries-dialogiques","status":"publish","type":"page","link":"https:\/\/agora.xtec.cat\/iemediterranicampclar\/comunitats-daprenentatge\/tertulies-literaries-dialogiques\/","title":{"rendered":"Tert\u00falies liter\u00e0ries dial\u00f2giques"},"content":{"rendered":"<p style=\"margin: 12px auto 6px auto; font-family: Helvetica,Arial,Sans-serif; font-style: normal; font-variant: normal; font-weight: normal; font-size: 14px; line-height: normal; font-size-adjust: none; font-stretch: normal; -x-system-font: none; display: block;\"><a style=\"text-decoration: underline;\" title=\"View TERT\u00daLIES LITER\u00c0RIES DIAL\u00d2GIQUES on Scribd\" href=\"https:\/\/www.scribd.com\/document\/428407866\/TERTULIES-LITERARIES-DIALOGIQUES#from_embed\">TERT\u00daLIES LITER\u00c0RIES DIAL\u00d2GIQUES<\/a> by <a style=\"text-decoration: underline;\" title=\"View Institutescolamediterrani's profile on Scribd\" href=\"https:\/\/www.scribd.com\/user\/122661670\/Institutescolamediterrani#from_embed\">Institutescolamediterrani<\/a> on Scribd<\/p>\n<p><iframe loading=\"lazy\" id=\"doc_25488\" class=\"scribd_iframe_embed\" title=\"TERT\u00daLIES LITER\u00c0RIES DIAL\u00d2GIQUES\" src=\"https:\/\/www.scribd.com\/embeds\/428407866\/content?start_page=1&amp;view_mode=scroll&amp;access_key=key-QnCy8NmHaGYIgEtUpoB4&amp;show_recommendations=true\" width=\"600\" height=\"800\" frameborder=\"0\" scrolling=\"no\" data-auto-height=\"false\" data-aspect-ratio=\"1.3323485967503692\"><\/iframe><\/p>\n<p><strong><span style=\"color: #000000;\">LECTURA DIAL\u00d2GICA<\/span><span style=\"color: #000000;\"> millora la qualitat i la diversitat de les interaccions en els processos instrumentals de la lectoescriptura, aix\u00f2 implica l\u2019augment de les interaccions al voltant de la lectura, multiplicant els espais m\u00e9s enll\u00e0 d\u2019on tradicionalment es fa i donant opci\u00f3 a la participaci\u00f3 d\u2019altres persones. Les Comunitats d\u2019Aprenentatge estan desenvolupant pr\u00e0ctiques de lectura dial\u00f2gica a trav\u00e9s d\u2019activitats com:<\/span><\/strong><\/p>\n<p><strong><span style=\"color: #000000;\">* Tert\u00falies Dial\u00f2giques Liter\u00e0ries <\/span><span style=\"color: #000000;\">\u00e9s una actuaci\u00f3 educativa d\u2019\u00e8xit consistent en:<\/span><\/strong><\/p>\n<p><strong><span style=\"color: #000000;\">&#8211; A partir d\u2019un text literari es llegeixen les p\u00e0gines acordades i a la tert\u00falia es dialoga, es comparteix i sobretot s\u2019interactua sobre el que s\u2019ha llegit. S\u2019organitza una tert\u00falia (d\u2019acord uns punts molt marcats) que girar\u00e0 al voltant dels par\u00e0grafs que les persones han triat pr\u00e8viament per comentar i sobre les interpretacions, reflexions, etc. que cadasc\u00fa fa. El criteri de selecci\u00f3 de textos \u00e9s que sigui considerat un cl\u00e0ssic universal, ja que contribueix millor a l\u2019aprenentatge i facilita treballar a fons el tema de valors i de la reflexi\u00f3 sobre els conflictes. En les tert\u00falies liter\u00e0ries, persones que mai havien llegit un llibre acaben gaudint de les obres de la literatura cl\u00e0ssica universal com Cervantes, Garcia Lorca, Kafka o Shakespeare.<\/span><\/strong><\/p>\n<p style=\"text-align: center;\"><iframe loading=\"lazy\" src=\"https:\/\/www.youtube.com\/embed\/GTCDDk0jUF4\" width=\"560\" height=\"315\" frameborder=\"0\" allowfullscreen=\"allowfullscreen\"><\/iframe><\/p>\n<p style=\"text-align: center;\"><iframe loading=\"lazy\" src=\"https:\/\/www.youtube.com\/embed\/kWVl5OqR1mM\" width=\"420\" height=\"315\" frameborder=\"0\" allowfullscreen=\"allowfullscreen\"><\/iframe><\/p>\n<p><strong><span style=\"color: #000000;\">Un petita mostra&#8230;.<\/span><\/strong><\/p>\n<p>\u00c9s incre\u00efble veure com s&#8217;ajuden els nens i nenes de 1r durant la lectura del llibre de Tert\u00falies liter\u00e0ries dial\u00f2giques. Tornem a evidenciar l&#8217;impacte de les TLD pel que fa la millora en l&#8217;aprenentatge, la solidaritat i ajuda entre ells i les interaccions positives que s&#8217;hi generen !<\/p>\n<p style=\"text-align: center;\"><iframe loading=\"lazy\" src=\"https:\/\/www.youtube.com\/embed\/Z-IzDeWgFFA\" width=\"560\" height=\"315\" frameborder=\"0\" allowfullscreen=\"allowfullscreen\"><\/iframe><\/p>\n<p><strong><span style=\"color: #000000;\">CLASSE de 3r. &#8211; lectura adaptada de &#8220;Peter Pan&#8221;-<br \/>\n<\/span><\/strong><\/p>\n<p style=\"text-align: center;\"><iframe loading=\"lazy\" src=\"https:\/\/www.youtube.com\/embed\/KizvnTq4YoQ\" width=\"420\" height=\"315\" frameborder=\"0\" allowfullscreen=\"allowfullscreen\"><\/iframe><\/p>\n<p><strong><span style=\"color: #000000;\">CLASSE de 4rt.- lectura adaptada de &#8220;Don Quijote de la Mancha&#8221;-<\/span><\/strong><\/p>\n<p style=\"text-align: center;\"><iframe loading=\"lazy\" src=\"https:\/\/www.youtube.com\/embed\/I3aN68Dv0wM\" width=\"420\" height=\"315\" frameborder=\"0\" allowfullscreen=\"allowfullscreen\"><\/iframe><\/p>\n<p style=\"text-align: center;\"><iframe loading=\"lazy\" src=\"https:\/\/www.youtube.com\/embed\/LOzhGnskbU0\" width=\"420\" height=\"315\" frameborder=\"0\" allowfullscreen=\"allowfullscreen\"><\/iframe><\/p>\n<p><strong><span style=\"color: #000000;\">CLASSE de 5\u00e8.- lectura adaptada de &#8220;Oliver Twist&#8221;-<\/span><\/strong><\/p>\n<p style=\"text-align: center;\"><iframe loading=\"lazy\" src=\"https:\/\/www.youtube.com\/embed\/BvW9OZ9A0Rk\" width=\"420\" height=\"315\" frameborder=\"0\" allowfullscreen=\"allowfullscreen\"><\/iframe><\/p>\n<p><strong><span style=\"color: #000000;\">CLASSE de 6\u00e8.- lectura adaptada de &#8220;Mar i Cel&#8221;-<\/span><\/strong><\/p>\n<p style=\"text-align: center;\"><iframe loading=\"lazy\" src=\"https:\/\/www.youtube.com\/embed\/yXuiTw5hcg0\" width=\"420\" height=\"315\" frameborder=\"0\" allowfullscreen=\"allowfullscreen\"><\/iframe><\/p>\n","protected":false},"excerpt":{"rendered":"<p><a style=\"text-decoration: underline;\" title=\"View TERT\u00daLIES LITER\u00c0RIES DIAL\u00d2GIQUES on Scribd\" href=\"https:\/\/www.scribd.com\/document\/428407866\/TERTULIES-LITERARIES-DIALOGIQUES#from_embed\">TERT\u00daLIES LITER\u00c0RIES DIAL\u00d2GIQUES<\/a> by <a style=\"text-decoration: underline;\" title=\"View Institutescolamediterrani's profile on Scribd\" href=\"https:\/\/www.scribd.com\/user\/122661670\/Institutescolamediterrani#from_embed\">Institutescolamediterrani<\/a> on Scribd<\/p>\n<p>LECTURA DIAL\u00d2GICA millora la qualitat i la diversitat de les interaccions en els processos instrumentals de la lectoescriptura, aix\u00f2 implica l\u2019augment de&hellip;  <a href=\"https:\/\/agora.xtec.cat\/iemediterranicampclar\/comunitats-daprenentatge\/tertulies-literaries-dialogiques\/\" title=\"Read Tert\u00falies liter\u00e0ries dial\u00f2giques\">Llegeix m\u00e9s\u00bb<\/a><\/p>\n","protected":false},"author":1,"featured_media":0,"parent":1263,"menu_order":2,"comment_status":"closed","ping_status":"closed","template":"page-templates\/side-menu.php","meta":{"_bbp_topic_count":0,"_bbp_reply_count":0,"_bbp_total_topic_count":0,"_bbp_total_reply_count":0,"_bbp_voice_count":0,"_bbp_anonymous_reply_count":0,"_bbp_topic_count_hidden":0,"_bbp_reply_count_hidden":0,"_bbp_forum_subforum_count":0,"footnotes":""},"class_list":["post-1288","page","type-page","status-publish","hentry"],"post_mailing_queue_ids":[],"_links":{"self":[{"href":"https:\/\/agora.xtec.cat\/iemediterranicampclar\/wp-json\/wp\/v2\/pages\/1288","targetHints":{"allow":["GET"]}}],"collection":[{"href":"https:\/\/agora.xtec.cat\/iemediterranicampclar\/wp-json\/wp\/v2\/pages"}],"about":[{"href":"https:\/\/agora.xtec.cat\/iemediterranicampclar\/wp-json\/wp\/v2\/types\/page"}],"author":[{"embeddable":true,"href":"https:\/\/agora.xtec.cat\/iemediterranicampclar\/wp-json\/wp\/v2\/users\/1"}],"replies":[{"embeddable":true,"href":"https:\/\/agora.xtec.cat\/iemediterranicampclar\/wp-json\/wp\/v2\/comments?post=1288"}],"version-history":[{"count":3,"href":"https:\/\/agora.xtec.cat\/iemediterranicampclar\/wp-json\/wp\/v2\/pages\/1288\/revisions"}],"predecessor-version":[{"id":1905,"href":"https:\/\/agora.xtec.cat\/iemediterranicampclar\/wp-json\/wp\/v2\/pages\/1288\/revisions\/1905"}],"up":[{"embeddable":true,"href":"https:\/\/agora.xtec.cat\/iemediterranicampclar\/wp-json\/wp\/v2\/pages\/1263"}],"wp:attachment":[{"href":"https:\/\/agora.xtec.cat\/iemediterranicampclar\/wp-json\/wp\/v2\/media?parent=1288"}],"curies":[{"name":"wp","href":"https:\/\/api.w.org\/{rel}","templated":true}]}}