{"id":1263,"date":"2019-03-21T21:12:32","date_gmt":"2019-03-21T20:12:32","guid":{"rendered":"http:\/\/agora.xtec.cat\/iemediterranicampclar\/?page_id=1263"},"modified":"2022-01-10T15:21:38","modified_gmt":"2022-01-10T14:21:38","slug":"comunitats-daprenentatge","status":"publish","type":"page","link":"https:\/\/agora.xtec.cat\/iemediterranicampclar\/comunitats-daprenentatge\/","title":{"rendered":"Comunitats d&#8217;aprenentatge"},"content":{"rendered":"<ul style=\"list-style-type: square;\">\n<li style=\"text-align: left;\"><a href=\"https:\/\/agora.xtec.cat\/iemediterranicampclar\/comunitats-daprenentatge\/trajectoria-i-transformacio-del-centre\/\" target=\"_blank\" rel=\"noopener noreferrer\"><strong>TRAJECT\u00d2RIA I TRANSFORMACI\u00d3<\/strong><\/a><\/li>\n<\/ul>\n<ul style=\"list-style-type: square;\">\n<li style=\"text-align: left;\"><a href=\"https:\/\/agora.xtec.cat\/iemediterranicampclar\/comunitats-daprenentatge\/grups-interactius\/\" target=\"_blank\" rel=\"noopener noreferrer\"><strong>GRUPS INTERACTIUS<\/strong><\/a><\/li>\n<\/ul>\n<ul style=\"list-style-type: square;\">\n<li style=\"text-align: left;\"><strong><a href=\"https:\/\/agora.xtec.cat\/iemediterranicampclar\/comunitats-daprenentatge\/tertulies-literaries-dialogiques\/\" target=\"_blank\" rel=\"noopener noreferrer\">TERT\u00daLIES LITER\u00c0RIES DIAL\u00d2GIQUES<\/a><\/strong><strong style=\"font-family: inherit; font-size: 1em;\">\u00a0\u00a0<\/strong><\/li>\n<\/ul>\n<p><strong>\u00a0 \u00a0 \u00a0 \u00a0 \u00a0 \u00a0 \u00a0 \u00a0\u00a0 &#8211; <a href=\"https:\/\/agora.xtec.cat\/iemediterranicampclar\/comunitats-daprenentatge\/tertulies-literaries-dialogiques\/llibres-de-tertulies-curs-2019-20\/\" target=\"_blank\" rel=\"noopener noreferrer\">LLIBRES de TERT\u00daLIES, CURS 2019-20<\/a><\/strong><\/p>\n<ul style=\"list-style-type: square;\">\n<li style=\"text-align: left;\"><a href=\"https:\/\/agora.xtec.cat\/iemediterranicampclar\/comunitats-daprenentatge\/biblioteca-tutoritzada\/\" target=\"_blank\" rel=\"noopener noreferrer\"><strong>BIBLIOTECA TUTORITZADA<\/strong><\/a><\/li>\n<\/ul>\n<ul style=\"list-style-type: square;\">\n<li style=\"text-align: left;\"><a href=\"https:\/\/agora.xtec.cat\/iemediterranicampclar\/comunitats-daprenentatge\/formacio-de-familiars\/\" target=\"_blank\" rel=\"noopener noreferrer\"><strong>FORMACI\u00d3 DE FAMILIARS<\/strong><\/a><\/li>\n<\/ul>\n<ul style=\"list-style-type: square;\">\n<li style=\"text-align: left;\"><a href=\"https:\/\/agora.xtec.cat\/iemediterranicampclar\/comunitats-daprenentatge\/comissions-mixtes-i-assemblees\/\" target=\"_blank\" rel=\"noopener noreferrer\"><strong>COMISSIONS MIXTES I ASSEMBLEES<\/strong><\/a><\/li>\n<\/ul>\n<ul style=\"list-style-type: square;\">\n<li style=\"text-align: left;\"><a href=\"https:\/\/agora.xtec.cat\/iemediterranicampclar\/comunitats-daprenentatge\/model-dialogic-de-prevencio-i-solucio-de-conflictes\/\" target=\"_blank\" rel=\"noopener noreferrer\"><strong>MODEL DIAL\u00d3GIC DE PREVENCI\u00d3 I RESOLUCI\u00d3 DE CONFLICTES<\/strong><\/a><\/li>\n<\/ul>\n<p><strong>\u00a0\u00a0\u00a0\u00a0\u00a0\u00a0\u00a0\u00a0\u00a0\u00a0\u00a0\u00a0\u00a0\u00a0\u00a0\u00a0 &#8211; <a href=\"https:\/\/agora.xtec.cat\/iemediterranicampclar\/comunitats-daprenentatge\/model-dialogic-de-prevencio-i-solucio-de-conflictes\/norma-de-centre\/\" target=\"_blank\" rel=\"noopener noreferrer\">NORMA DE CENTRE<\/a><\/strong><\/p>\n<p><strong>\u00a0 \u00a0 \u00a0 \u00a0 \u00a0 \u00a0 \u00a0 \u00a0\u00a0 &#8211; <a href=\"https:\/\/agora.xtec.cat\/iemediterranicampclar\/comunitats-daprenentatge\/model-dialogic-de-prevencio-i-solucio-de-conflictes\/amistats-transformadores\/\" target=\"_blank\" rel=\"noopener noreferrer\">AMISTATS TRANSFORMADORES<\/a><\/strong><\/p>\n<p><strong>\u00a0\u00a0\u00a0\u00a0\u00a0\u00a0\u00a0\u00a0\u00a0\u00a0\u00a0\u00a0\u00a0\u00a0\u00a0\u00a0 &#8211; <a href=\"https:\/\/agora.xtec.cat\/iemediterranicampclar\/comunitats-daprenentatge\/model-dialogic-de-prevencio-i-solucio-de-conflictes\/espais-de-dialeg\/\" target=\"_blank\" rel=\"noopener noreferrer\">ESPAIS DE DI\u00c0LEGS<\/a><\/strong><\/p>\n<p><strong>\u00a0\u00a0\u00a0\u00a0 <\/strong><strong>\u00a0 \u00a0 \u00a0 \u00a0 \u00a0 \u00a0 &#8211; <a href=\"https:\/\/youtu.be\/HZA432KUEUc\">QUI ET MALTRACTA NO ET MEREIX (can\u00e7\u00f3 feta pels alumnes)<\/a><\/strong><\/p>\n<ul>\n<li><strong><a href=\"https:\/\/agora.xtec.cat\/iemediterranicampclar\/comunitats-daprenentatge\/somnis-aconseguits\/\" target=\"_blank\" rel=\"noopener noreferrer\">SOMNIS ACONSEGUITS<\/a><br \/>\n<\/strong><\/li>\n<li><a href=\"https:\/\/blocs.xtec.cat\/comunitatsaprenentatge\/\"><strong>BLOG COMUNITATS D&#8217;APRENENTATGE\u00a0<\/strong><\/a><\/li>\n<\/ul>\n<p>&nbsp;<\/p>\n","protected":false},"excerpt":{"rendered":"<ul style=\"list-style-type: square;\">\n<li style=\"text-align: left;\"><a href=\"https:\/\/agora.xtec.cat\/iemediterranicampclar\/comunitats-daprenentatge\/trajectoria-i-transformacio-del-centre\/\" target=\"_blank\" rel=\"noopener noreferrer\">TRAJECT\u00d2RIA I TRANSFORMACI\u00d3<\/a><\/li>\n<\/ul>\n<ul style=\"list-style-type: square;\">\n<li style=\"text-align: left;\"><a href=\"https:\/\/agora.xtec.cat\/iemediterranicampclar\/comunitats-daprenentatge\/grups-interactius\/\" target=\"_blank\" rel=\"noopener noreferrer\">GRUPS INTERACTIUS<\/a><\/li>\n<\/ul>\n<ul style=\"list-style-type: square;\">\n<li style=\"text-align: left;\"><a href=\"https:\/\/agora.xtec.cat\/iemediterranicampclar\/comunitats-daprenentatge\/tertulies-literaries-dialogiques\/\" target=\"_blank\" rel=\"noopener noreferrer\">TERT\u00daLIES LITER\u00c0RIES DIAL\u00d2GIQUES<\/a>\u00a0\u00a0<\/li>\n<\/ul>\n<p>\u00a0 \u00a0 \u00a0 \u00a0 \u00a0 \u00a0 \u00a0 \u00a0\u00a0 &#8211; <a href=\"https:\/\/agora.xtec.cat\/iemediterranicampclar\/comunitats-daprenentatge\/tertulies-literaries-dialogiques\/llibres-de-tertulies-curs-2019-20\/\" target=\"_blank\" rel=\"noopener noreferrer\">LLIBRES de TERT\u00daLIES,&hellip;  <a href=\"https:\/\/agora.xtec.cat\/iemediterranicampclar\/comunitats-daprenentatge\/\" title=\"Read Comunitats d&#8217;aprenentatge\">Llegeix m\u00e9s\u00bb<\/a><\/p>\n","protected":false},"author":1,"featured_media":0,"parent":0,"menu_order":0,"comment_status":"closed","ping_status":"closed","template":"page-templates\/side-menu.php","meta":{"_bbp_topic_count":0,"_bbp_reply_count":0,"_bbp_total_topic_count":0,"_bbp_total_reply_count":0,"_bbp_voice_count":0,"_bbp_anonymous_reply_count":0,"_bbp_topic_count_hidden":0,"_bbp_reply_count_hidden":0,"_bbp_forum_subforum_count":0,"footnotes":""},"class_list":["post-1263","page","type-page","status-publish","hentry"],"post_mailing_queue_ids":[],"_links":{"self":[{"href":"https:\/\/agora.xtec.cat\/iemediterranicampclar\/wp-json\/wp\/v2\/pages\/1263","targetHints":{"allow":["GET"]}}],"collection":[{"href":"https:\/\/agora.xtec.cat\/iemediterranicampclar\/wp-json\/wp\/v2\/pages"}],"about":[{"href":"https:\/\/agora.xtec.cat\/iemediterranicampclar\/wp-json\/wp\/v2\/types\/page"}],"author":[{"embeddable":true,"href":"https:\/\/agora.xtec.cat\/iemediterranicampclar\/wp-json\/wp\/v2\/users\/1"}],"replies":[{"embeddable":true,"href":"https:\/\/agora.xtec.cat\/iemediterranicampclar\/wp-json\/wp\/v2\/comments?post=1263"}],"version-history":[{"count":4,"href":"https:\/\/agora.xtec.cat\/iemediterranicampclar\/wp-json\/wp\/v2\/pages\/1263\/revisions"}],"predecessor-version":[{"id":6824,"href":"https:\/\/agora.xtec.cat\/iemediterranicampclar\/wp-json\/wp\/v2\/pages\/1263\/revisions\/6824"}],"wp:attachment":[{"href":"https:\/\/agora.xtec.cat\/iemediterranicampclar\/wp-json\/wp\/v2\/media?parent=1263"}],"curies":[{"name":"wp","href":"https:\/\/api.w.org\/{rel}","templated":true}]}}