{"id":73,"date":"2014-09-18T14:01:51","date_gmt":"2014-09-18T13:01:51","guid":{"rendered":"http:\/\/agora.xtec.cat\/iemasllui\/?page_id=73"},"modified":"2025-02-16T20:36:23","modified_gmt":"2025-02-16T19:36:23","slug":"menjador-escolar","status":"publish","type":"page","link":"https:\/\/agora.xtec.cat\/iemasllui\/serveis\/menjador-escolar\/","title":{"rendered":"Espai de migdia"},"content":{"rendered":"<p>L&#8217;espai de migdia del nostre centre \u00e9s gestionat per l&#8217;AFA qui ha contractat l&#8217;empresa F. Roca encarregada, tant dels \u00e0pats com del monitoratge.<\/p>\n<p><span style=\"background-color: #ffffff;\"><span style=\"color: #000000;\"><span style=\"font-weight: 400;\">A l\u2019espai de migdia s\u2019ofereix una cuina tradicional catalana, amb aliments de temporada, de proximitat i una selecci\u00f3 de verdures i hortalisses ecol\u00f2giques. L\u2019equip de monitores t\u00e9 un tarann\u00e0 pedag\u00f2gic respectu\u00f3s que acompanya els infants a l\u2019estona de l\u2019\u00e0pat i a l\u2019estona de lleure.<\/span><\/span><\/span><\/p>\n<p>Els objectius d&#8217;aquest espai s\u00f3n:<\/p>\n<p>\u25cf Garantir una alimentaci\u00f3 saludable, equilibrada i adaptada a les necessitats de cada infant.<br \/>\n\u25cf Promoure h\u00e0bits alimentaris correctes i sostenibles.<br \/>\n\u25cf Fomentar valors de conviv\u00e8ncia, respecte i autonomia.<br \/>\n\u25cf Facilitar la conciliaci\u00f3 familiar i laboral oferint un servei de qualitat.<\/p>\n<h2><\/h2>\n","protected":false},"excerpt":{"rendered":"<p>L&#8217;espai de migdia del nostre centre \u00e9s gestionat per l&#8217;AFA qui ha contractat l&#8217;empresa F. Roca encarregada, tant dels \u00e0pats com del monitoratge.<br \/>\nA l\u2019espai de migdia s\u2019ofereix una cuina tradicional catalana, amb aliments de temporada, de proximitat i una selecci\u00f3 de verdures i hortalisses ecol\u00f2giques.&hellip;  <a href=\"https:\/\/agora.xtec.cat\/iemasllui\/serveis\/menjador-escolar\/\" title=\"Read Espai de migdia\">Llegeix m\u00e9s\u00bb<\/a><\/p>\n","protected":false},"author":1,"featured_media":0,"parent":66,"menu_order":0,"comment_status":"closed","ping_status":"closed","template":"page-templates\/side-menu.php","meta":{"footnotes":""},"class_list":["post-73","page","type-page","status-publish","hentry"],"post_mailing_queue_ids":[],"_links":{"self":[{"href":"https:\/\/agora.xtec.cat\/iemasllui\/wp-json\/wp\/v2\/pages\/73","targetHints":{"allow":["GET"]}}],"collection":[{"href":"https:\/\/agora.xtec.cat\/iemasllui\/wp-json\/wp\/v2\/pages"}],"about":[{"href":"https:\/\/agora.xtec.cat\/iemasllui\/wp-json\/wp\/v2\/types\/page"}],"author":[{"embeddable":true,"href":"https:\/\/agora.xtec.cat\/iemasllui\/wp-json\/wp\/v2\/users\/1"}],"replies":[{"embeddable":true,"href":"https:\/\/agora.xtec.cat\/iemasllui\/wp-json\/wp\/v2\/comments?post=73"}],"version-history":[{"count":4,"href":"https:\/\/agora.xtec.cat\/iemasllui\/wp-json\/wp\/v2\/pages\/73\/revisions"}],"predecessor-version":[{"id":849,"href":"https:\/\/agora.xtec.cat\/iemasllui\/wp-json\/wp\/v2\/pages\/73\/revisions\/849"}],"up":[{"embeddable":true,"href":"https:\/\/agora.xtec.cat\/iemasllui\/wp-json\/wp\/v2\/pages\/66"}],"wp:attachment":[{"href":"https:\/\/agora.xtec.cat\/iemasllui\/wp-json\/wp\/v2\/media?parent=73"}],"curies":[{"name":"wp","href":"https:\/\/api.w.org\/{rel}","templated":true}]}}