{"id":559,"date":"2025-01-19T11:43:36","date_gmt":"2025-01-19T10:43:36","guid":{"rendered":"https:\/\/agora.xtec.cat\/iemasllui\/?page_id=559"},"modified":"2026-01-19T12:41:48","modified_gmt":"2026-01-19T11:41:48","slug":"ambients-daprenentatge","status":"publish","type":"page","link":"https:\/\/agora.xtec.cat\/iemasllui\/projectes\/ambients-daprenentatge\/","title":{"rendered":"Ambients d&#8217;aprenentatge"},"content":{"rendered":"\n<p><span style=\"font-weight: 400; color: #000000;\">El joc \u00e9s el millor mitj\u00e0 educatiu per afavorir l\u2019aprenentatge i el coneixement. Est\u00e0 demostrat que all\u00f2 que l\u2019infant apr\u00e8n a trav\u00e9s d\u2019un joc es transfereix a altres conductes. Per la qual cosa podem afirmar que el joc \u00e9s una activitat que desperta la intel\u00b7lig\u00e8ncia. Aix\u00ed doncs, basant-nos en aquestes afirmacions, a la nostra escola apliquem els ambients d\u2019aprenentatge on presentem diferents situacions d\u2019aprenentatge, de relaci\u00f3 i comunicaci\u00f3 on a partir de diferents propostes els infants poden actuar, observar, experimentar, construir, inventar, imaginar, compartir, relacionar-se, emocionar-se\u2026i interactuar amb els altres.<\/span><\/p>\n<p><span style=\"font-weight: 400; color: #000000;\">Aquest plantejament de treball respon a la necessitat que mostren els infants de jugar i relacionar-se. \u00c9s una manera de poder donar resposta als interessos i necessitats dels infants i respectar els diferents ritmes d\u2019aprenentatge. Els infants disposen d\u2019un temps d\u2019experi\u00e8ncia activa, constru\u00efda per l\u2019adult, per\u00f2 reconstru\u00efda per ells mateixos, on nens i nenes es reuneixen per explorar diverses possibilitats de joc i dels materials.<\/span><\/p>\n<p><span style=\"font-weight: 400; color: #000000;\">Els ambients segueixen el model socioconstructivista, el qual parteix d\u2019un aprenentatge significatiu per part de l\u2019alumne, que t\u00e9 en compte els seus coneixements previs i en el qual destaca la gran import\u00e0ncia que t\u00e9 la relaci\u00f3 amb els companys i companyes.<\/span><\/p>\n<p><span style=\"color: #000000;\">Actualment realitzem els seg\u00fcents ambients d&#8217;aprenentatge:<\/span><\/p>\n<ul>\n<li><span style=\"color: #000000;\"><u>Lumi\u00e8re:<\/u> La llum, la foscor i les ombres s\u2019incorporen en el joc. En aquest ambient els infants trobaran<a href=\"https:\/\/agora.xtec.cat\/iemasllui\/wp-content\/uploads\/usu3055\/2025\/04\/2.jpg\"><img loading=\"lazy\" decoding=\"async\" class=\"wp-image-1012 alignright\" src=\"https:\/\/agora.xtec.cat\/iemasllui\/wp-content\/uploads\/usu3055\/2025\/04\/2.jpg\" alt=\"\" width=\"166\" height=\"189\" srcset=\"https:\/\/agora.xtec.cat\/iemasllui\/wp-content\/uploads\/usu3055\/2025\/04\/2.jpg 480w, https:\/\/agora.xtec.cat\/iemasllui\/wp-content\/uploads\/usu3055\/2025\/04\/2-264x300.jpg 264w\" sizes=\"auto, (max-width: 166px) 100vw, 166px\" \/><\/a> diferents materials on la foscor ser\u00e0 protagonista, sempre amb uns punts de llum com ser\u00e0 un retroprojector, una taula de llum, lots\u2026. o un rac\u00f3 on hi haur\u00e0 instal\u00b7lada una cova on els infants podran jugar amb objectes i materials fosforescents on podran crear, comparar\u2026tot un m\u00f3n m\u00e0gic que ajudar\u00e0 a no tenir por a la foscor sin\u00f3 tot al contrari, a gaudir d\u2019ella.<\/span><\/li>\n<\/ul>\n<p>\u00a0<\/p>\n<ul>\n<li><span style=\"color: #000000;\"><u>Now we are:<\/u> Ambient de joc simb\u00f2lic que respon a la necessitat que t\u00e9 l\u2019infant de con\u00e8ixer<a href=\"https:\/\/agora.xtec.cat\/iemasllui\/wp-content\/uploads\/usu3055\/2025\/04\/Captura-2025-04-25-a-las-14.59.57.jpeg\"><img loading=\"lazy\" decoding=\"async\" class=\"wp-image-1013 alignright\" src=\"https:\/\/agora.xtec.cat\/iemasllui\/wp-content\/uploads\/usu3055\/2025\/04\/Captura-2025-04-25-a-las-14.59.57.jpeg\" alt=\"\" width=\"165\" height=\"165\" srcset=\"https:\/\/agora.xtec.cat\/iemasllui\/wp-content\/uploads\/usu3055\/2025\/04\/Captura-2025-04-25-a-las-14.59.57.jpeg 640w, https:\/\/agora.xtec.cat\/iemasllui\/wp-content\/uploads\/usu3055\/2025\/04\/Captura-2025-04-25-a-las-14.59.57-300x300.jpeg 300w, https:\/\/agora.xtec.cat\/iemasllui\/wp-content\/uploads\/usu3055\/2025\/04\/Captura-2025-04-25-a-las-14.59.57-150x150.jpeg 150w\" sizes=\"auto, (max-width: 165px) 100vw, 165px\" \/><\/a> els\u00a0companys i companyes, de reviure l\u00fadicament unes situacions quotidianes i poder experimentar, amb la pr\u00f2pia activitat, els diversos rols que hi ha al seu entorn. Aquest ambient els realitzem \u00edntegrament en llengua anglesa.<\/span><\/li>\n<\/ul>\n<p>\u00a0<\/p>\n<ul>\n<li><span style=\"color: #000000;\"><span style=\"text-decoration: underline;\">Naturci\u00e8ncia<\/span>: Ambient de natura i ci\u00e8ncia que pret\u00e9n crear un espai on poder <\/span><span style=\"color: #000000;\">acostar els infants<a href=\"https:\/\/agora.xtec.cat\/iemasllui\/wp-content\/uploads\/usu3055\/2025\/04\/Sin-titulo.png\"><img loading=\"lazy\" decoding=\"async\" class=\"wp-image-1010 alignright\" src=\"https:\/\/agora.xtec.cat\/iemasllui\/wp-content\/uploads\/usu3055\/2025\/04\/Sin-titulo-1024x976.png\" alt=\"\" width=\"167\" height=\"159\" srcset=\"https:\/\/agora.xtec.cat\/iemasllui\/wp-content\/uploads\/usu3055\/2025\/04\/Sin-titulo-1024x976.png 1024w, https:\/\/agora.xtec.cat\/iemasllui\/wp-content\/uploads\/usu3055\/2025\/04\/Sin-titulo-300x286.png 300w, https:\/\/agora.xtec.cat\/iemasllui\/wp-content\/uploads\/usu3055\/2025\/04\/Sin-titulo-768x732.png 768w, https:\/\/agora.xtec.cat\/iemasllui\/wp-content\/uploads\/usu3055\/2025\/04\/Sin-titulo.png 1200w\" sizes=\"auto, (max-width: 167px) 100vw, 167px\" \/><\/a> a\u00a0la\u00a0natura, despertant l&#8217;inter\u00e8s i la curiositat i fomentant la imaginaci\u00f3 i la creativitat a trav\u00e9s del joc i el raonament cient\u00edfic. S\u2019ofereixen diferents propostes, on es propicia la llibertat d\u2019explorar, d\u2019expressar, de manipular i crear, donant la m\u00e0xima import\u00e0ncia al proc\u00e9s creatiu i no al resultat final.<\/span><\/li>\n<\/ul>\n<p>\u00a0<\/p>\n<ul>\n<li><span style=\"color: #000000;\"><span style=\"text-decoration: underline;\">Olympia<\/span>: El moviment forma part de la vida de les persones des del<\/span><span style=\"color: #000000;\">\u00a0naixement, ja que desenvolupa la manera de comunicar-se, de socialitzar-se, de desenvolupar la creativitat i la\u00a0capacitat d\u2019expressi\u00f3.<a href=\"https:\/\/agora.xtec.cat\/iemasllui\/wp-content\/uploads\/usu3055\/2025\/04\/65.jpg\"><img loading=\"lazy\" decoding=\"async\" class=\"wp-image-1011 alignright\" src=\"https:\/\/agora.xtec.cat\/iemasllui\/wp-content\/uploads\/usu3055\/2025\/04\/65-1024x1020.jpg\" alt=\"\" width=\"168\" height=\"167\" srcset=\"https:\/\/agora.xtec.cat\/iemasllui\/wp-content\/uploads\/usu3055\/2025\/04\/65-1024x1020.jpg 1024w, https:\/\/agora.xtec.cat\/iemasllui\/wp-content\/uploads\/usu3055\/2025\/04\/65-300x300.jpg 300w, https:\/\/agora.xtec.cat\/iemasllui\/wp-content\/uploads\/usu3055\/2025\/04\/65-150x150.jpg 150w, https:\/\/agora.xtec.cat\/iemasllui\/wp-content\/uploads\/usu3055\/2025\/04\/65-768x765.jpg 768w, https:\/\/agora.xtec.cat\/iemasllui\/wp-content\/uploads\/usu3055\/2025\/04\/65-1536x1530.jpg 1536w, https:\/\/agora.xtec.cat\/iemasllui\/wp-content\/uploads\/usu3055\/2025\/04\/65.jpg 1814w\" sizes=\"auto, (max-width: 168px) 100vw, 168px\" \/><\/a> En aquest ambient a<span style=\"font-size: revert;\">favorim el joc amb diversos materials per tal de prendre consci\u00e8ncia del propi cos i de la relaci\u00f3 amb l&#8217;<\/span><\/span><span style=\"color: #000000;\"><span style=\"font-size: revert;\">espai i el moviment. Tamb\u00e9 desenvolupen <\/span>la seva imaginaci\u00f3 i la socialitzaci\u00f3.<\/span><\/li>\n<li>\n<p><span style=\"color: #000000;\"><span style=\"text-decoration: underline;\"><span style=\"font-weight: 400;\">Fer i desfer<\/span><\/span><span style=\"font-weight: 400;\">: L\u2019ambient de fer i desfer \u00e9s un espai d\u2019aprenentatge basat en la manipulaci\u00f3 lliure i intencionada de materials, on l\u2019infant pot construir, muntar, desmuntar, provar i tornar a comen\u00e7ar. No hi ha un resultat tancat, sin\u00f3 un proc\u00e9s ric en descobertes que respecta el ritme i l\u2019inter\u00e8s de cada infant. A trav\u00e9s d\u2019aquestes accions, es treballa de manera significativa la motricitat fina, la coordinaci\u00f3 \u00f2culo-manual i la concentraci\u00f3. <\/span><span style=\"font-weight: 400;\">Aquest ambient afavoreix l\u2019autonomia, el pensament l\u00f2gic i la concentraci\u00f3, tot posant les bases per a futurs aprenentatges.<\/span><\/span><\/p>\n<\/li>\n<\/ul>\n","protected":false},"excerpt":{"rendered":"<p>El joc \u00e9s el millor mitj\u00e0 educatiu per afavorir l\u2019aprenentatge i el coneixement. Est\u00e0 demostrat que all\u00f2 que l\u2019infant apr\u00e8n a trav\u00e9s d\u2019un joc es transfereix a altres conductes. Per la qual cosa podem afirmar que el joc \u00e9s una activitat que desperta la intel\u00b7lig\u00e8ncia.&hellip;  <a href=\"https:\/\/agora.xtec.cat\/iemasllui\/projectes\/ambients-daprenentatge\/\" title=\"Read Ambients d&#8217;aprenentatge\">Llegeix m\u00e9s\u00bb<\/a><\/p>\n","protected":false},"author":1,"featured_media":0,"parent":2,"menu_order":2,"comment_status":"closed","ping_status":"close","template":"page-templates\/side-menu.php","meta":{"footnotes":""},"class_list":["post-559","page","type-page","status-publish","hentry"],"post_mailing_queue_ids":[],"_links":{"self":[{"href":"https:\/\/agora.xtec.cat\/iemasllui\/wp-json\/wp\/v2\/pages\/559","targetHints":{"allow":["GET"]}}],"collection":[{"href":"https:\/\/agora.xtec.cat\/iemasllui\/wp-json\/wp\/v2\/pages"}],"about":[{"href":"https:\/\/agora.xtec.cat\/iemasllui\/wp-json\/wp\/v2\/types\/page"}],"author":[{"embeddable":true,"href":"https:\/\/agora.xtec.cat\/iemasllui\/wp-json\/wp\/v2\/users\/1"}],"replies":[{"embeddable":true,"href":"https:\/\/agora.xtec.cat\/iemasllui\/wp-json\/wp\/v2\/comments?post=559"}],"version-history":[{"count":6,"href":"https:\/\/agora.xtec.cat\/iemasllui\/wp-json\/wp\/v2\/pages\/559\/revisions"}],"predecessor-version":[{"id":1263,"href":"https:\/\/agora.xtec.cat\/iemasllui\/wp-json\/wp\/v2\/pages\/559\/revisions\/1263"}],"up":[{"embeddable":true,"href":"https:\/\/agora.xtec.cat\/iemasllui\/wp-json\/wp\/v2\/pages\/2"}],"wp:attachment":[{"href":"https:\/\/agora.xtec.cat\/iemasllui\/wp-json\/wp\/v2\/media?parent=559"}],"curies":[{"name":"wp","href":"https:\/\/api.w.org\/{rel}","templated":true}]}}