{"id":547,"date":"2024-07-24T10:47:34","date_gmt":"2024-07-24T08:47:34","guid":{"rendered":"https:\/\/agora.xtec.cat\/iemasllui\/?page_id=547"},"modified":"2026-01-19T10:37:20","modified_gmt":"2026-01-19T09:37:20","slug":"informacio-del-curs","status":"publish","type":"page","link":"https:\/\/agora.xtec.cat\/iemasllui\/projecte-educatiu\/informacio-del-curs\/","title":{"rendered":"Informaci\u00f3 del curs"},"content":{"rendered":"\n<p>Trobareu en el seg\u00fcent enlla\u00e7 (clicant a la imatge) les informacions m\u00e9s importants d\u2019aquest curs:<a href=\"https:\/\/drive.google.com\/file\/d\/1aDSL2VznHcmi9gsSZY3l-2gVzjRY22ZS\/view?usp=drive_link\"><img loading=\"lazy\" decoding=\"async\" class=\"wp-image-1057 alignleft\" src=\"https:\/\/agora.xtec.cat\/iemasllui\/wp-content\/uploads\/usu3055\/2025\/09\/Captura-de-pantalla-2025-09-09-093744.png\" alt=\"\" width=\"560\" height=\"314\" srcset=\"https:\/\/agora.xtec.cat\/iemasllui\/wp-content\/uploads\/usu3055\/2025\/09\/Captura-de-pantalla-2025-09-09-093744.png 820w, https:\/\/agora.xtec.cat\/iemasllui\/wp-content\/uploads\/usu3055\/2025\/09\/Captura-de-pantalla-2025-09-09-093744-300x168.png 300w, https:\/\/agora.xtec.cat\/iemasllui\/wp-content\/uploads\/usu3055\/2025\/09\/Captura-de-pantalla-2025-09-09-093744-768x431.png 768w\" sizes=\"auto, (max-width: 560px) 100vw, 560px\" \/><\/a><\/p>\n<p>\u00a0<\/p>\n\n\n","protected":false},"excerpt":{"rendered":"<p>Trobareu en el seg\u00fcent enlla\u00e7 (clicant a la imatge) les informacions m\u00e9s importants d\u2019aquest curs:<a href=\"https:\/\/drive.google.com\/file\/d\/1aDSL2VznHcmi9gsSZY3l-2gVzjRY22ZS\/view?usp=drive_link\"><\/a><br \/>\n\u00a0<\/p>\n","protected":false},"author":1,"featured_media":0,"parent":64,"menu_order":0,"comment_status":"closed","ping_status":"close","template":"page-templates\/side-menu.php","meta":{"footnotes":""},"class_list":["post-547","page","type-page","status-publish","hentry"],"post_mailing_queue_ids":[],"_links":{"self":[{"href":"https:\/\/agora.xtec.cat\/iemasllui\/wp-json\/wp\/v2\/pages\/547","targetHints":{"allow":["GET"]}}],"collection":[{"href":"https:\/\/agora.xtec.cat\/iemasllui\/wp-json\/wp\/v2\/pages"}],"about":[{"href":"https:\/\/agora.xtec.cat\/iemasllui\/wp-json\/wp\/v2\/types\/page"}],"author":[{"embeddable":true,"href":"https:\/\/agora.xtec.cat\/iemasllui\/wp-json\/wp\/v2\/users\/1"}],"replies":[{"embeddable":true,"href":"https:\/\/agora.xtec.cat\/iemasllui\/wp-json\/wp\/v2\/comments?post=547"}],"version-history":[{"count":6,"href":"https:\/\/agora.xtec.cat\/iemasllui\/wp-json\/wp\/v2\/pages\/547\/revisions"}],"predecessor-version":[{"id":1246,"href":"https:\/\/agora.xtec.cat\/iemasllui\/wp-json\/wp\/v2\/pages\/547\/revisions\/1246"}],"up":[{"embeddable":true,"href":"https:\/\/agora.xtec.cat\/iemasllui\/wp-json\/wp\/v2\/pages\/64"}],"wp:attachment":[{"href":"https:\/\/agora.xtec.cat\/iemasllui\/wp-json\/wp\/v2\/media?parent=547"}],"curies":[{"name":"wp","href":"https:\/\/api.w.org\/{rel}","templated":true}]}}