{"id":26,"date":"2014-09-18T12:24:32","date_gmt":"2014-09-18T11:24:32","guid":{"rendered":"http:\/\/agora.xtec.cat\/iemasllui\/?page_id=26"},"modified":"2025-11-03T16:33:23","modified_gmt":"2025-11-03T15:33:23","slug":"historia","status":"publish","type":"page","link":"https:\/\/agora.xtec.cat\/iemasllui\/lescola\/historia\/","title":{"rendered":"Hist\u00f2ria"},"content":{"rendered":"<p><span style=\"font-weight: 400;\">L\u2019Institut Escola Mas Llu\u00ed neix el curs 2024-2025 per cobrir la necessitat de places escolars, en les diferents etapes: Infantil, Prim\u00e0ria i Secund\u00e0ria, p\u00fabliques al municipi de Sant Just Desvern.<\/span><\/p>\n<p><span style=\"font-weight: 400;\">L\u2019escola es troba ubicada en m\u00f2duls provisionals que hauran d\u2019anar creixent i reubicar-se, fins a la construcci\u00f3 de l\u2019edifici definitiu.\u00a0<\/span><\/p>\n<p><span style=\"font-weight: 400;\">L\u2019equip de mestres ha encarat aquest projecte educatiu amb responsabilitat i professionalitat, compartint amb la comunitat educativa el repte i la il\u00b7lusi\u00f3 de crear una escola a partir de la reflexi\u00f3 educativa i la cooperaci\u00f3.\u00a0<\/span><\/p>\n<p><span style=\"font-weight: 400;\">Es tracta doncs d\u2019una escola que estar\u00e0 en creixement constant en els\u00a0 propers cursos. Aix\u00f2 fa que els documents i normatives que s\u2019estableixin hagin d\u2019anar modificant-se a mida que canvia el context. Per\u00f2 aix\u00f2 tamb\u00e9 obliga la comunitat a establir quines s\u00f3n les bases de projecte a l\u2019entorn del qual es desenvolupar\u00e0 l\u2019activitat i a vetllar perqu\u00e8 aquest creixement sigui coherent i respectu\u00f3s amb el\u00a0 plantejament educatiu inicial.\u00a0<\/span><\/p>\n","protected":false},"excerpt":{"rendered":"<p>L\u2019Institut Escola Mas Llu\u00ed neix el curs 2024-2025 per cobrir la necessitat de places escolars, en les diferents etapes: Infantil, Prim\u00e0ria i Secund\u00e0ria, p\u00fabliques al municipi de Sant Just Desvern.<br \/>\nL\u2019escola es troba ubicada en m\u00f2duls provisionals que hauran d\u2019anar creixent i reubicar-se, fins a la&hellip;  <a href=\"https:\/\/agora.xtec.cat\/iemasllui\/lescola\/historia\/\" title=\"Read Hist\u00f2ria\">Llegeix m\u00e9s\u00bb<\/a><\/p>\n","protected":false},"author":1,"featured_media":0,"parent":22,"menu_order":1,"comment_status":"closed","ping_status":"closed","template":"page-templates\/side-menu.php","meta":{"footnotes":""},"class_list":["post-26","page","type-page","status-publish","hentry"],"post_mailing_queue_ids":[],"_links":{"self":[{"href":"https:\/\/agora.xtec.cat\/iemasllui\/wp-json\/wp\/v2\/pages\/26","targetHints":{"allow":["GET"]}}],"collection":[{"href":"https:\/\/agora.xtec.cat\/iemasllui\/wp-json\/wp\/v2\/pages"}],"about":[{"href":"https:\/\/agora.xtec.cat\/iemasllui\/wp-json\/wp\/v2\/types\/page"}],"author":[{"embeddable":true,"href":"https:\/\/agora.xtec.cat\/iemasllui\/wp-json\/wp\/v2\/users\/1"}],"replies":[{"embeddable":true,"href":"https:\/\/agora.xtec.cat\/iemasllui\/wp-json\/wp\/v2\/comments?post=26"}],"version-history":[{"count":4,"href":"https:\/\/agora.xtec.cat\/iemasllui\/wp-json\/wp\/v2\/pages\/26\/revisions"}],"predecessor-version":[{"id":1145,"href":"https:\/\/agora.xtec.cat\/iemasllui\/wp-json\/wp\/v2\/pages\/26\/revisions\/1145"}],"up":[{"embeddable":true,"href":"https:\/\/agora.xtec.cat\/iemasllui\/wp-json\/wp\/v2\/pages\/22"}],"wp:attachment":[{"href":"https:\/\/agora.xtec.cat\/iemasllui\/wp-json\/wp\/v2\/media?parent=26"}],"curies":[{"name":"wp","href":"https:\/\/api.w.org\/{rel}","templated":true}]}}