{"id":2,"date":"2014-09-12T11:10:47","date_gmt":"2014-09-12T09:10:47","guid":{"rendered":"http:\/\/agora.xtec.cat\/iemasllui\/?page_id=2"},"modified":"2025-12-02T12:24:58","modified_gmt":"2025-12-02T11:24:58","slug":"projectes","status":"publish","type":"page","link":"https:\/\/agora.xtec.cat\/iemasllui\/projectes\/","title":{"rendered":"METODOLOGIES I PROJECTES D&#8217;INNOVACI\u00d3"},"content":{"rendered":"<p>En aquest espai trobareu informaci\u00f3 de les diferents metodologies i projectes d&#8217;innovaci\u00f3 pedag\u00f2gica que es desenvolupen actualment al centre:<\/p>\n<ul>\n<li><a href=\"https:\/\/agora.xtec.cat\/iemasllui\/pagina-exemple\/espais-daprenentatge\/\">Espais d&#8217;aprenentatge<\/a><\/li>\n<li><a href=\"https:\/\/agora.xtec.cat\/iemasllui\/pagina-exemple\/treball-per-projectes\/\">Treball per projectes<\/a><\/li>\n<li><a href=\"https:\/\/agora.xtec.cat\/iemasllui\/pagina-exemple\/ambients-daprenentatge\/\">Ambients d&#8217;aprenentatge<\/a><\/li>\n<li><a href=\"https:\/\/agora.xtec.cat\/iemasllui\/pagina-exemple\/projecte-tranversal-de-centre\/\" target=\"_blank\" rel=\"noopener\">Projecte transversal de centre<\/a><\/li>\n<\/ul>\n\n\n<p><\/p>\n","protected":false},"excerpt":{"rendered":"<p>En aquest espai trobareu informaci\u00f3 de les diferents metodologies i projectes d&#8217;innovaci\u00f3 pedag\u00f2gica que es desenvolupen actualment al centre:<\/p>\n<ul>\n<li><a href=\"https:\/\/agora.xtec.cat\/iemasllui\/pagina-exemple\/espais-daprenentatge\/\">Espais d&#8217;aprenentatge<\/a><\/li>\n<li><a href=\"https:\/\/agora.xtec.cat\/iemasllui\/pagina-exemple\/treball-per-projectes\/\">Treball per projectes<\/a><\/li>\n<li><a href=\"https:\/\/agora.xtec.cat\/iemasllui\/pagina-exemple\/ambients-daprenentatge\/\">Ambients d&#8217;aprenentatge<\/a><\/li>\n<li><a href=\"https:\/\/agora.xtec.cat\/iemasllui\/pagina-exemple\/projecte-tranversal-de-centre\/\" target=\"_blank\" rel=\"noopener\">Projecte transversal de centre<\/a><\/li>\n<\/ul>\n","protected":false},"author":1,"featured_media":0,"parent":0,"menu_order":0,"comment_status":"closed","ping_status":"closed","template":"page-templates\/side-menu.php","meta":{"footnotes":""},"class_list":["post-2","page","type-page","status-publish","hentry"],"post_mailing_queue_ids":[],"_links":{"self":[{"href":"https:\/\/agora.xtec.cat\/iemasllui\/wp-json\/wp\/v2\/pages\/2","targetHints":{"allow":["GET"]}}],"collection":[{"href":"https:\/\/agora.xtec.cat\/iemasllui\/wp-json\/wp\/v2\/pages"}],"about":[{"href":"https:\/\/agora.xtec.cat\/iemasllui\/wp-json\/wp\/v2\/types\/page"}],"author":[{"embeddable":true,"href":"https:\/\/agora.xtec.cat\/iemasllui\/wp-json\/wp\/v2\/users\/1"}],"replies":[{"embeddable":true,"href":"https:\/\/agora.xtec.cat\/iemasllui\/wp-json\/wp\/v2\/comments?post=2"}],"version-history":[{"count":4,"href":"https:\/\/agora.xtec.cat\/iemasllui\/wp-json\/wp\/v2\/pages\/2\/revisions"}],"predecessor-version":[{"id":1135,"href":"https:\/\/agora.xtec.cat\/iemasllui\/wp-json\/wp\/v2\/pages\/2\/revisions\/1135"}],"wp:attachment":[{"href":"https:\/\/agora.xtec.cat\/iemasllui\/wp-json\/wp\/v2\/media?parent=2"}],"curies":[{"name":"wp","href":"https:\/\/api.w.org\/{rel}","templated":true}]}}