{"id":1122,"date":"2025-11-03T16:01:48","date_gmt":"2025-11-03T15:01:48","guid":{"rendered":"https:\/\/agora.xtec.cat\/iemasllui\/?page_id=1122"},"modified":"2025-11-03T16:06:07","modified_gmt":"2025-11-03T15:06:07","slug":"projecte-tranversal-de-centre","status":"publish","type":"page","link":"https:\/\/agora.xtec.cat\/iemasllui\/projectes\/projecte-tranversal-de-centre\/","title":{"rendered":"Projecte tranversal de centre"},"content":{"rendered":"\n<p>Aquest projecte suposa una\u00a0<strong>proposta global que implica totes les etapes educatives<\/strong>\u00a0del centre (actualment infantil, per\u00f2 tamb\u00e9 prim\u00e0ria i secund\u00e0ria en el futur) i que t\u00e9 com a objectiu fomentar aprenentatges significatius, contextualitzats i connectats amb la realitat del nostre entorn i del m\u00f3n actual.<\/p>\n<p><a href=\"https:\/\/agora.xtec.cat\/iemasllui\/wp-content\/uploads\/usu3055\/2025\/11\/ODS-Objetivos-Desarrollo-Sostenible-Ekomodo-e1582029087666-1568x929-1.jpg\"><img loading=\"lazy\" decoding=\"async\" class=\"wp-image-1130 alignleft\" src=\"https:\/\/agora.xtec.cat\/iemasllui\/wp-content\/uploads\/usu3055\/2025\/11\/ODS-Objetivos-Desarrollo-Sostenible-Ekomodo-e1582029087666-1568x929-1-1024x607.jpg\" alt=\"\" width=\"233\" height=\"138\" srcset=\"https:\/\/agora.xtec.cat\/iemasllui\/wp-content\/uploads\/usu3055\/2025\/11\/ODS-Objetivos-Desarrollo-Sostenible-Ekomodo-e1582029087666-1568x929-1-1024x607.jpg 1024w, https:\/\/agora.xtec.cat\/iemasllui\/wp-content\/uploads\/usu3055\/2025\/11\/ODS-Objetivos-Desarrollo-Sostenible-Ekomodo-e1582029087666-1568x929-1-300x178.jpg 300w, https:\/\/agora.xtec.cat\/iemasllui\/wp-content\/uploads\/usu3055\/2025\/11\/ODS-Objetivos-Desarrollo-Sostenible-Ekomodo-e1582029087666-1568x929-1-768x455.jpg 768w, https:\/\/agora.xtec.cat\/iemasllui\/wp-content\/uploads\/usu3055\/2025\/11\/ODS-Objetivos-Desarrollo-Sostenible-Ekomodo-e1582029087666-1568x929-1-1536x910.jpg 1536w, https:\/\/agora.xtec.cat\/iemasllui\/wp-content\/uploads\/usu3055\/2025\/11\/ODS-Objetivos-Desarrollo-Sostenible-Ekomodo-e1582029087666-1568x929-1.jpg 1568w\" sizes=\"auto, (max-width: 233px) 100vw, 233px\" \/><\/a>En el marc d\u2019aquesta proposta, des de l\u2019escola hem decidit\u00a0<strong>treballar de manera progressiva i adaptada els Objectius de Desenvolupament Sostenible (ODS)<\/strong>\u00a0impulsats per l\u2019ONU. Cada curs, la tem\u00e0tica del projecte transversal girar\u00e0 al voltant d\u2019un dels 17 objectius, amb la voluntat d\u2019educar el nostre alumnat en valors com la sostenibilitat, la just\u00edcia social, la igualtat, la salut, la pau i el respecte pel medi ambient.<a href=\"https:\/\/agora.xtec.cat\/iemasllui\/wp-content\/uploads\/usu3055\/2025\/11\/IMG_1581.png\"><img loading=\"lazy\" decoding=\"async\" class=\"wp-image-1128 alignright\" src=\"https:\/\/agora.xtec.cat\/iemasllui\/wp-content\/uploads\/usu3055\/2025\/11\/IMG_1581-768x1024.png\" alt=\"\" width=\"202\" height=\"269\" srcset=\"https:\/\/agora.xtec.cat\/iemasllui\/wp-content\/uploads\/usu3055\/2025\/11\/IMG_1581-768x1024.png 768w, https:\/\/agora.xtec.cat\/iemasllui\/wp-content\/uploads\/usu3055\/2025\/11\/IMG_1581-225x300.png 225w, https:\/\/agora.xtec.cat\/iemasllui\/wp-content\/uploads\/usu3055\/2025\/11\/IMG_1581.png 847w\" sizes=\"auto, (max-width: 202px) 100vw, 202px\" \/><\/a><\/p>\n<p>En l\u2019etapa d\u2019educaci\u00f3 infantil, aquest treball es far\u00e0 tenint molt en compte les caracter\u00edstiques pr\u00f2pies dels infants, mitjan\u00e7ant activitats vivencials, l\u00fadiques i adaptades al seu moment evolutiu. L\u2019objectiu \u00e9s despertar la seva curiositat, promoure actituds de respecte i fomentar l\u2019esperit cr\u00edtic de manera inicial per\u00f2 fonamental.<\/p>\n<p>Creiem fermament que aquesta mirada transversal, centrada en valors globals i humans, contribueix a formar ciutadans i ciutadanes conscients, compromesos i actius. Alhora, afavoreix la cohesi\u00f3 del projecte educatiu del centre i la col\u00b7laboraci\u00f3 entre tota la comunitat educativa.<\/p>\n<p><a href=\"https:\/\/agora.xtec.cat\/iemasllui\/wp-content\/uploads\/usu3055\/2025\/11\/IMG_1583.png\"><img loading=\"lazy\" decoding=\"async\" class=\"wp-image-1129 alignleft\" src=\"https:\/\/agora.xtec.cat\/iemasllui\/wp-content\/uploads\/usu3055\/2025\/11\/IMG_1583-768x1024.png\" alt=\"\" width=\"213\" height=\"284\" srcset=\"https:\/\/agora.xtec.cat\/iemasllui\/wp-content\/uploads\/usu3055\/2025\/11\/IMG_1583-768x1024.png 768w, https:\/\/agora.xtec.cat\/iemasllui\/wp-content\/uploads\/usu3055\/2025\/11\/IMG_1583-225x300.png 225w, https:\/\/agora.xtec.cat\/iemasllui\/wp-content\/uploads\/usu3055\/2025\/11\/IMG_1583.png 847w\" sizes=\"auto, (max-width: 213px) 100vw, 213px\" \/><\/a>La tem\u00e0tica per al curs actual (2025-2026) del projecte \u00e9s<strong>\u00a0PLANETA BLAU<\/strong> i en concordan\u00e7a ens plantegem treballar <strong>l&#8217;ODS 14: Vida Submarina<\/strong>. Els noms de les classes han estat triats i escollits democr\u00e0ticament a les aules dels nostres infants, relacionant-los directament amb el tema escollit per al projecte transversal d&#8217;aquest curs, s\u00f3n els seg\u00fcents:<\/p>\n<p>I3: Oce\u00e0 \u00cdndic<\/p>\n<p>I4 A: Oce\u00e0 Ant\u00e0rtic<\/p>\n<p>I4 B: Oce\u00e0 Pac\u00edfic<\/p>\n<p><a href=\"https:\/\/agora.xtec.cat\/iemasllui\/wp-content\/uploads\/usu3055\/2025\/11\/IMG_1792.png\"><img loading=\"lazy\" decoding=\"async\" class=\" wp-image-1131 alignright\" src=\"https:\/\/agora.xtec.cat\/iemasllui\/wp-content\/uploads\/usu3055\/2025\/11\/IMG_1792-768x1024.png\" alt=\"\" width=\"179\" height=\"238\" srcset=\"https:\/\/agora.xtec.cat\/iemasllui\/wp-content\/uploads\/usu3055\/2025\/11\/IMG_1792-768x1024.png 768w, https:\/\/agora.xtec.cat\/iemasllui\/wp-content\/uploads\/usu3055\/2025\/11\/IMG_1792-225x300.png 225w, https:\/\/agora.xtec.cat\/iemasllui\/wp-content\/uploads\/usu3055\/2025\/11\/IMG_1792.png 847w\" sizes=\"auto, (max-width: 179px) 100vw, 179px\" \/><\/a><\/p>\n<p>\u00a0<\/p>\n<p>A partir d&#8217;aqu\u00ed cada grup\u00a0<strong>treballar\u00e0 el projecte transversal adaptant-lo als interessos i motivacions pr\u00f2pies dels infants.<\/strong> Aix\u00f2 ens permet personalitzar les experi\u00e8ncies d\u2019aprenentatge, tot mantenint la\u00a0connexi\u00f3 amb el fil conductor del centre, per\u00f2 afavorint una implicaci\u00f3 m\u00e9s directa i significativa per part de l\u2019alumnat.<\/p>\n","protected":false},"excerpt":{"rendered":"<p>Aquest projecte suposa una\u00a0proposta global que implica totes les etapes educatives\u00a0del centre (actualment infantil, per\u00f2 tamb\u00e9 prim\u00e0ria i secund\u00e0ria en el futur) i que t\u00e9 com a objectiu fomentar aprenentatges significatius, contextualitzats i connectats amb la realitat del nostre entorn i del m\u00f3n actual.<br \/>\n<a href=\"https:\/\/agora.xtec.cat\/iemasllui\/wp-content\/uploads\/usu3055\/2025\/11\/ODS-Objetivos-Desarrollo-Sostenible-Ekomodo-e1582029087666-1568x929-1.jpg\"><\/a>En&hellip;  <a href=\"https:\/\/agora.xtec.cat\/iemasllui\/projectes\/projecte-tranversal-de-centre\/\" title=\"Read Projecte tranversal de centre\">Llegeix m\u00e9s\u00bb<\/a><\/p>\n","protected":false},"author":1,"featured_media":0,"parent":2,"menu_order":0,"comment_status":"closed","ping_status":"close","template":"page-templates\/side-menu.php","meta":{"footnotes":""},"class_list":["post-1122","page","type-page","status-publish","hentry"],"post_mailing_queue_ids":[],"_links":{"self":[{"href":"https:\/\/agora.xtec.cat\/iemasllui\/wp-json\/wp\/v2\/pages\/1122","targetHints":{"allow":["GET"]}}],"collection":[{"href":"https:\/\/agora.xtec.cat\/iemasllui\/wp-json\/wp\/v2\/pages"}],"about":[{"href":"https:\/\/agora.xtec.cat\/iemasllui\/wp-json\/wp\/v2\/types\/page"}],"author":[{"embeddable":true,"href":"https:\/\/agora.xtec.cat\/iemasllui\/wp-json\/wp\/v2\/users\/1"}],"replies":[{"embeddable":true,"href":"https:\/\/agora.xtec.cat\/iemasllui\/wp-json\/wp\/v2\/comments?post=1122"}],"version-history":[{"count":5,"href":"https:\/\/agora.xtec.cat\/iemasllui\/wp-json\/wp\/v2\/pages\/1122\/revisions"}],"predecessor-version":[{"id":1137,"href":"https:\/\/agora.xtec.cat\/iemasllui\/wp-json\/wp\/v2\/pages\/1122\/revisions\/1137"}],"up":[{"embeddable":true,"href":"https:\/\/agora.xtec.cat\/iemasllui\/wp-json\/wp\/v2\/pages\/2"}],"wp:attachment":[{"href":"https:\/\/agora.xtec.cat\/iemasllui\/wp-json\/wp\/v2\/media?parent=1122"}],"curies":[{"name":"wp","href":"https:\/\/api.w.org\/{rel}","templated":true}]}}