{"id":84,"date":"2014-09-18T14:11:31","date_gmt":"2014-09-18T13:11:31","guid":{"rendered":"http:\/\/agora.xtec.cat\/iemarmediterrania\/?page_id=84"},"modified":"2020-01-22T10:41:30","modified_gmt":"2020-01-22T09:41:30","slug":"activitats-extraescolars","status":"publish","type":"page","link":"https:\/\/agora.xtec.cat\/iemarmediterrania\/serveis\/activitats-extraescolars\/","title":{"rendered":"Activitats extraescolars"},"content":{"rendered":"<table>\n<tbody>\n<tr>\n<td style=\"width: 414px; text-align: center;\"><strong>PRIM\u00c0RIA<\/strong> ( de 1r a 4rt)<\/td>\n<td style=\"width: 446px; text-align: center;\"><strong>PRIM\u00c0RIA (de 5\u00e8 a 6\u00e8) I SENCUND\u00c0RIA (de 1r a 2n)<\/strong><\/td>\n<\/tr>\n<tr>\n<td style=\"width: 414px; text-align: justify;\"><strong>POLIESPORTIU<\/strong><\/p>\n<p>Tastet d&#8217;esport (handbo, b\u00e0squet, futbol). A c\u00e0rrec d&#8217;AEILL Cerdanyola de Matar\u00f3.<\/p>\n<p><strong>PATINATGE<\/strong><\/p>\n<p>Activitat psicomotriu, d&#8217;equilibri i coordinaci\u00f3. A c\u00e0rrec d&#8217;AEILL Cerdanyola de Matar\u00f3<\/p>\n<p><strong>DANSA URBANA<\/strong><\/p>\n<p>A c\u00e0rrec de l&#8217;Associaci\u00f3 Enlleura&#8217;t. HIp-Hop, zuba i bals moderns.<\/p>\n<p><strong>TEATRE I MOVIMENT<\/strong><\/p>\n<p>A c\u00e0rrec de l&#8217;aula de teatre<\/p>\n<p><strong>ANGL\u00c8S 2<\/strong><\/p>\n<p>A c\u00e0rrec del British American Institute i International House.<\/p>\n<p><strong>ANGL\u00c8S 3<\/strong><\/p>\n<p>A c\u00e0rrec del British American Institute i International House.<\/td>\n<td style=\"width: 446px; text-align: justify;\"><strong>PATINATGE<\/strong><\/p>\n<p>Activitat psicomotriu, d&#8217;equilibri i coordinaci\u00f3. A c\u00e0rrec d&#8217;AEILL Cerdanyola de Matar\u00f3<\/p>\n<p><strong>FUTBOL SALA<\/strong><\/p>\n<p>Iniciaci\u00f3 o perfeccionament. A c\u00e0rrec d&#8217;AEILL Cerdanyola de Matar\u00f3.<\/p>\n<p><strong>FUTBOL FEMEN\u00cd<\/strong><\/p>\n<p>Iniciaci\u00f3 o perfeccionament. A c\u00e0rrec d&#8217;AEILL Cerdanyola de Matar\u00f3.<\/p>\n<p><strong>DANSA URBANA<\/strong><\/p>\n<p>A c\u00e0rrec de l&#8217;Associaci\u00f3 Enlleura&#8217;t. HIp-Hop, zuba i bals moderns<\/p>\n<p><strong>AUDIOVISUALS<\/strong><\/p>\n<p>A c\u00e0rrec de l&#8217;Associaci\u00f3 Enlleura&#8217;t. V\u00eddeo, animaci\u00f3, r\u00e0dio<\/p>\n<p><strong>ENIMA&#8217;T<\/strong><\/p>\n<p>A c\u00e0rrec de l&#8217;Associaci\u00f3 Enlleura&#8217;t. Jocs de taula, de rol, escape room<\/p>\n<p><strong>C\u00d2MIC I MANG<\/strong>A<\/p>\n<p>A c\u00e0rrec de La Destil\u00b7leria<\/p>\n<p><strong>ANGL\u00c8S 4<br \/>\n<\/strong><\/p>\n<p>A c\u00e0rrec del British American Institute i International House.<\/p>\n<p><strong>ANGL\u00c8S 5<br \/>\n<\/strong><\/p>\n<p>A c\u00e0rrec del British American Institute i International House.<\/p>\n<p>&nbsp;<\/td>\n<\/tr>\n<\/tbody>\n<\/table>\n<p>Per a m\u00e9s informaci\u00f3 cliqueu <a href=\"https:\/\/agora.xtec.cat\/iemarmediterrania\/wp-content\/uploads\/usu1896\/2020\/01\/HORARI-MATAROi\u0300-EDUCA-.pdf\">aqu\u00ed. <\/a><\/p>\n<p>&nbsp;<\/p>\n","protected":false},"excerpt":{"rendered":"<p>PRIM\u00c0RIA ( de 1r a 4rt)<br \/>\nPRIM\u00c0RIA (de 5\u00e8 a 6\u00e8) I SENCUND\u00c0RIA (de 1r a 2n)<\/p>\n<p>POLIESPORTIU<br \/>\nTastet d&#8217;esport (handbo, b\u00e0squet, futbol). A c\u00e0rrec d&#8217;AEILL Cerdanyola de Matar\u00f3.<br \/>\nPATINATGE<br \/>\nActivitat psicomotriu, d&#8217;equilibri i coordinaci\u00f3. A c\u00e0rrec d&#8217;AEILL Cerdanyola de Matar\u00f3<br \/>\nDANSA URBANA<br \/>\nA c\u00e0rrec de l&#8217;Associaci\u00f3 Enlleura&#8217;t. HIp-Hop, zuba i bals&hellip;  <a href=\"https:\/\/agora.xtec.cat\/iemarmediterrania\/serveis\/activitats-extraescolars\/\" title=\"Read Activitats extraescolars\">Llegeix m\u00e9s\u00bb<\/a><\/p>\n","protected":false},"author":1,"featured_media":0,"parent":66,"menu_order":60,"comment_status":"closed","ping_status":"closed","template":"page-templates\/side-menu.php","meta":{"_bbp_topic_count":0,"_bbp_reply_count":0,"_bbp_total_topic_count":0,"_bbp_total_reply_count":0,"_bbp_voice_count":0,"_bbp_anonymous_reply_count":0,"_bbp_topic_count_hidden":0,"_bbp_reply_count_hidden":0,"_bbp_forum_subforum_count":0,"footnotes":""},"class_list":["post-84","page","type-page","status-publish","hentry"],"post_mailing_queue_ids":[],"_links":{"self":[{"href":"https:\/\/agora.xtec.cat\/iemarmediterrania\/wp-json\/wp\/v2\/pages\/84","targetHints":{"allow":["GET"]}}],"collection":[{"href":"https:\/\/agora.xtec.cat\/iemarmediterrania\/wp-json\/wp\/v2\/pages"}],"about":[{"href":"https:\/\/agora.xtec.cat\/iemarmediterrania\/wp-json\/wp\/v2\/types\/page"}],"author":[{"embeddable":true,"href":"https:\/\/agora.xtec.cat\/iemarmediterrania\/wp-json\/wp\/v2\/users\/1"}],"replies":[{"embeddable":true,"href":"https:\/\/agora.xtec.cat\/iemarmediterrania\/wp-json\/wp\/v2\/comments?post=84"}],"version-history":[{"count":4,"href":"https:\/\/agora.xtec.cat\/iemarmediterrania\/wp-json\/wp\/v2\/pages\/84\/revisions"}],"predecessor-version":[{"id":1360,"href":"https:\/\/agora.xtec.cat\/iemarmediterrania\/wp-json\/wp\/v2\/pages\/84\/revisions\/1360"}],"up":[{"embeddable":true,"href":"https:\/\/agora.xtec.cat\/iemarmediterrania\/wp-json\/wp\/v2\/pages\/66"}],"wp:attachment":[{"href":"https:\/\/agora.xtec.cat\/iemarmediterrania\/wp-json\/wp\/v2\/media?parent=84"}],"curies":[{"name":"wp","href":"https:\/\/api.w.org\/{rel}","templated":true}]}}