{"id":813,"date":"2017-10-15T17:24:32","date_gmt":"2017-10-15T15:24:32","guid":{"rendered":"http:\/\/agora.xtec.cat\/escolatomasvinas\/?page_id=26"},"modified":"2020-01-22T11:02:53","modified_gmt":"2020-01-22T10:02:53","slug":"historia-2","status":"publish","type":"page","link":"https:\/\/agora.xtec.cat\/iemarmediterrania\/lescola\/historia-2\/","title":{"rendered":"Hist\u00f2ria"},"content":{"rendered":"<p style=\"text-align: justify;\"><em><strong>L\u2019Institut Escola Mar Mediterr\u00e0nia<\/strong><\/em> neix el curs 2018-19 a partir de l&#8217;inter\u00e8s que manifesta la comunitat educativa de qu\u00e8 els alumnes de prim\u00e0ria tinguin una continu\u00eftat dels seus estudis a l\u2019ESO, i com a resposta a la necessitat del Departament per ampliar l\u2019oferta educativa de l\u2019ESO a Matar\u00f3. Tots dos interessos van confluir en un projecte \u00fanic que \u00e9s avui dia el nostre institut escola. D\u2019aquesta manera l\u2019Escola Tom\u00e0s Vi\u00f1as, creada l\u2019any 1976 arrel d\u2019una lluita dels ve\u00efns per construir una escola, es converteix en un nou centre de prim\u00e0ria i secund\u00e0ria, projecte \u00fanic i transversal en el qual treballem una mateixa metodologia i l\u00ednia d\u2019escola, des d\u2019Educaci\u00f3 Infantil fins a l\u2019ESO. El curs 2021-22 el centre tindr\u00e0 implementat tots els cursos de l\u2019ESO.<\/p>\n<p>&nbsp;<\/p>\n<p>&nbsp;<\/p>\n<p>&nbsp;<\/p>\n","protected":false},"excerpt":{"rendered":"<p>L\u2019Institut Escola Mar Mediterr\u00e0nia neix el curs 2018-19 a partir de l&#8217;inter\u00e8s que manifesta la comunitat educativa de qu\u00e8 els alumnes de prim\u00e0ria tinguin una continu\u00eftat dels seus estudis a l\u2019ESO, i com a resposta a la necessitat del Departament per ampliar l\u2019oferta educativa de&hellip;  <a href=\"https:\/\/agora.xtec.cat\/iemarmediterrania\/lescola\/historia-2\/\" title=\"Read Hist\u00f2ria\">Llegeix m\u00e9s\u00bb<\/a><\/p>\n","protected":false},"author":1,"featured_media":0,"parent":22,"menu_order":20,"comment_status":"closed","ping_status":"closed","template":"page-templates\/side-menu.php","meta":{"_bbp_topic_count":0,"_bbp_reply_count":0,"_bbp_total_topic_count":0,"_bbp_total_reply_count":0,"_bbp_voice_count":0,"_bbp_anonymous_reply_count":0,"_bbp_topic_count_hidden":0,"_bbp_reply_count_hidden":0,"_bbp_forum_subforum_count":0,"footnotes":""},"class_list":["post-813","page","type-page","status-publish","hentry"],"post_mailing_queue_ids":[],"_links":{"self":[{"href":"https:\/\/agora.xtec.cat\/iemarmediterrania\/wp-json\/wp\/v2\/pages\/813","targetHints":{"allow":["GET"]}}],"collection":[{"href":"https:\/\/agora.xtec.cat\/iemarmediterrania\/wp-json\/wp\/v2\/pages"}],"about":[{"href":"https:\/\/agora.xtec.cat\/iemarmediterrania\/wp-json\/wp\/v2\/types\/page"}],"author":[{"embeddable":true,"href":"https:\/\/agora.xtec.cat\/iemarmediterrania\/wp-json\/wp\/v2\/users\/1"}],"replies":[{"embeddable":true,"href":"https:\/\/agora.xtec.cat\/iemarmediterrania\/wp-json\/wp\/v2\/comments?post=813"}],"version-history":[{"count":3,"href":"https:\/\/agora.xtec.cat\/iemarmediterrania\/wp-json\/wp\/v2\/pages\/813\/revisions"}],"predecessor-version":[{"id":1365,"href":"https:\/\/agora.xtec.cat\/iemarmediterrania\/wp-json\/wp\/v2\/pages\/813\/revisions\/1365"}],"up":[{"embeddable":true,"href":"https:\/\/agora.xtec.cat\/iemarmediterrania\/wp-json\/wp\/v2\/pages\/22"}],"wp:attachment":[{"href":"https:\/\/agora.xtec.cat\/iemarmediterrania\/wp-json\/wp\/v2\/media?parent=813"}],"curies":[{"name":"wp","href":"https:\/\/api.w.org\/{rel}","templated":true}]}}