{"id":811,"date":"2014-09-18T12:44:56","date_gmt":"2014-09-18T11:44:56","guid":{"rendered":"http:\/\/agora.xtec.cat\/escolatomasvinas\/?page_id=71"},"modified":"2023-11-02T09:45:08","modified_gmt":"2023-11-02T08:45:08","slug":"serveis-digitals-2","status":"publish","type":"page","link":"https:\/\/agora.xtec.cat\/iemarmediterrania\/serveis\/serveis-digitals-2\/","title":{"rendered":"Xarxes"},"content":{"rendered":"<p><span style=\"color: #008080;\"><strong>A l&#8217;escola fem servir diferents canals de comunicaci\u00f3:<\/strong><\/span><\/p>\n<ul>\n<li>La web. Podeu subscriure-us!<\/li>\n<li>Notificacions escrites: Cal revisar di\u00e0riament l&#8217;agenda i la carpeta, doncs sovint hi apuntem cosetes o passem petits comunicats.<\/li>\n<li>Correu electr\u00f2nic: la nostra adre\u00e7a \u00e9s <a href=\"mailto:a8021296@xtec.cat\">a8076145@xtec.cat<\/a><\/li>\n<li>Canal Youtube: Visiteu el nostre canal Youtube, on podeu veure videos d&#8217;activitats i festes que fem al centre. Tamb\u00e9 us hi podeu subscriure!<\/li>\n<li>Seguiu-nos a les nostres xarxes socials de Twitter i Instagram!<\/li>\n<\/ul>\n<p><a href=\"https:\/\/www.instagram.com\/iemarmediterrania\/\"><img loading=\"lazy\" decoding=\"async\" class=\"alignnone wp-image-1033\" src=\"https:\/\/agora.xtec.cat\/iemarmediterrania\/wp-content\/uploads\/usu1896\/2018\/11\/baixa.jpg\" alt=\"\" width=\"196\" height=\"110\" \/><\/a> <a href=\"https:\/\/www.youtube.com\/channel\/UCorOqG9dzLR55AUFi-bkQFg\"><img loading=\"lazy\" decoding=\"async\" class=\"alignnone wp-image-1034\" src=\"https:\/\/agora.xtec.cat\/iemarmediterrania\/wp-content\/uploads\/usu1896\/2018\/11\/baixa.png\" alt=\"\" width=\"152\" height=\"152\" srcset=\"https:\/\/agora.xtec.cat\/iemarmediterrania\/wp-content\/uploads\/usu1896\/2018\/11\/baixa.png 225w, https:\/\/agora.xtec.cat\/iemarmediterrania\/wp-content\/uploads\/usu1896\/2018\/11\/baixa-150x150.png 150w\" sizes=\"auto, (max-width: 152px) 100vw, 152px\" \/><\/a><\/p>\n","protected":false},"excerpt":{"rendered":"<p>A l&#8217;escola fem servir diferents canals de comunicaci\u00f3:<\/p>\n<ul>\n<li>La web. Podeu subscriure-us!<\/li>\n<li>Notificacions escrites: Cal revisar di\u00e0riament l&#8217;agenda i la carpeta, doncs sovint hi apuntem cosetes o passem petits comunicats.<\/li>\n<li>Correu electr\u00f2nic: la nostra adre\u00e7a \u00e9s <a href=\"mailto:a8021296@xtec.cat\">a8076145@xtec.cat<\/a><\/li>\n<li>Canal Youtube: Visiteu el nostre canal Youtube, on podeu veure videos&hellip;  <a href=\"https:\/\/agora.xtec.cat\/iemarmediterrania\/serveis\/serveis-digitals-2\/\" title=\"Read Xarxes\">Llegeix m\u00e9s\u00bb<\/a><br \/>\n","protected":false},"author":1,"featured_media":0,"parent":66,"menu_order":10,"comment_status":"closed","ping_status":"closed","template":"page-templates\/side-menu.php","meta":{"_bbp_topic_count":0,"_bbp_reply_count":0,"_bbp_total_topic_count":0,"_bbp_total_reply_count":0,"_bbp_voice_count":0,"_bbp_anonymous_reply_count":0,"_bbp_topic_count_hidden":0,"_bbp_reply_count_hidden":0,"_bbp_forum_subforum_count":0,"footnotes":""},"class_list":["post-811","page","type-page","status-publish","hentry"],"post_mailing_queue_ids":[],"_links":{"self":[{"href":"https:\/\/agora.xtec.cat\/iemarmediterrania\/wp-json\/wp\/v2\/pages\/811","targetHints":{"allow":["GET"]}}],"collection":[{"href":"https:\/\/agora.xtec.cat\/iemarmediterrania\/wp-json\/wp\/v2\/pages"}],"about":[{"href":"https:\/\/agora.xtec.cat\/iemarmediterrania\/wp-json\/wp\/v2\/types\/page"}],"author":[{"embeddable":true,"href":"https:\/\/agora.xtec.cat\/iemarmediterrania\/wp-json\/wp\/v2\/users\/1"}],"replies":[{"embeddable":true,"href":"https:\/\/agora.xtec.cat\/iemarmediterrania\/wp-json\/wp\/v2\/comments?post=811"}],"version-history":[{"count":3,"href":"https:\/\/agora.xtec.cat\/iemarmediterrania\/wp-json\/wp\/v2\/pages\/811\/revisions"}],"predecessor-version":[{"id":2519,"href":"https:\/\/agora.xtec.cat\/iemarmediterrania\/wp-json\/wp\/v2\/pages\/811\/revisions\/2519"}],"up":[{"embeddable":true,"href":"https:\/\/agora.xtec.cat\/iemarmediterrania\/wp-json\/wp\/v2\/pages\/66"}],"wp:attachment":[{"href":"https:\/\/agora.xtec.cat\/iemarmediterrania\/wp-json\/wp\/v2\/media?parent=811"}],"curies":[{"name":"wp","href":"https:\/\/api.w.org\/{rel}","templated":true}]}}