{"id":810,"date":"2014-09-18T12:34:08","date_gmt":"2014-09-18T11:34:08","guid":{"rendered":"http:\/\/agora.xtec.cat\/escolatomasvinas\/?page_id=38"},"modified":"2020-01-29T16:31:51","modified_gmt":"2020-01-29T15:31:51","slug":"salut-2","status":"publish","type":"page","link":"https:\/\/agora.xtec.cat\/iemarmediterrania\/lescola\/salut-2\/","title":{"rendered":"Autoritzacions"},"content":{"rendered":"<p>Autoritzaci\u00f3 perqu\u00e8 l&#8217;alumne pugui prendre alguna medicaci\u00f3 en horari escolar. Cal que vagi acompanyada d&#8217;una recepta o justificant m\u00e8dic:<\/p>\n<ul>\n<li><a href=\"https:\/\/agora.xtec.cat\/iemarmediterrania\/wp-content\/uploads\/usu1896\/2020\/01\/AUTORITZACIO\u0301-MEDICAMENTS.pdf\">AUTORITZACIO\u0301 MEDICAMENTS<\/a><\/li>\n<\/ul>\n<p>Autoritzaci\u00f3 perqu\u00e8 els alumnes a partir de 3r puguin marxar sols cap a casa:<\/p>\n<ul>\n<li><a href=\"https:\/\/agora.xtec.cat\/iemarmediterrania\/wp-content\/uploads\/usu1896\/2020\/01\/MARXAR-SOL-A-CASA.pdf\">MARXAR SOL A CASA<\/a><\/li>\n<\/ul>\n<p style=\"text-align: justify;\">Autoritzaci\u00f3 de la fam\u00edlia perqu\u00e8 altres persones puguin recollir als alumnes, o els mateixos alumnes puguin recollir als seus germans.<\/p>\n<ul>\n<li><a href=\"https:\/\/agora.xtec.cat\/iemarmediterrania\/wp-content\/uploads\/usu1896\/2020\/01\/SORTIDES-AGRUPADES-AMB-GERMANS.pdf\">SORTIDES AGRUPADES AMB GERMANS<\/a><\/li>\n<\/ul>\n<p>Autoritzaci\u00f3 de sortides escolars del curs dins i fora del municipi.<\/p>\n<ul>\n<li><a href=\"https:\/\/agora.xtec.cat\/iemarmediterrania\/wp-content\/uploads\/usu1896\/2020\/01\/SORTIDES.pdf\">SORTIDES<\/a><\/li>\n<\/ul>\n<p>&nbsp;<\/p>\n<p>&nbsp;<\/p>\n<p>&nbsp;<\/p>\n<p>&nbsp;<\/p>\n<p>&nbsp;<\/p>\n<p>&nbsp;<\/p>\n<p>&nbsp;<\/p>\n<p>&nbsp;<\/p>\n<p>&nbsp;<\/p>\n<p>&nbsp;<\/p>\n","protected":false},"excerpt":{"rendered":"<p>Autoritzaci\u00f3 perqu\u00e8 l&#8217;alumne pugui prendre alguna medicaci\u00f3 en horari escolar. Cal que vagi acompanyada d&#8217;una recepta o justificant m\u00e8dic:<\/p>\n<ul>\n<li><a href=\"https:\/\/agora.xtec.cat\/iemarmediterrania\/wp-content\/uploads\/usu1896\/2020\/01\/AUTORITZACIO\u0301-MEDICAMENTS.pdf\">AUTORITZACIO\u0301 MEDICAMENTS<\/a><\/li>\n<\/ul>\n<p>Autoritzaci\u00f3 perqu\u00e8 els alumnes a partir de 3r puguin marxar sols cap a casa:<\/p>\n<ul>\n<li><a href=\"https:\/\/agora.xtec.cat\/iemarmediterrania\/wp-content\/uploads\/usu1896\/2020\/01\/MARXAR-SOL-A-CASA.pdf\">MARXAR SOL A CASA<\/a><\/li>\n<\/ul>\n<p>Autoritzaci\u00f3 de la fam\u00edlia perqu\u00e8 altres persones puguin&hellip;  <a href=\"https:\/\/agora.xtec.cat\/iemarmediterrania\/lescola\/salut-2\/\" title=\"Read Autoritzacions\">Llegeix m\u00e9s\u00bb<\/a><\/p>\n","protected":false},"author":1,"featured_media":0,"parent":22,"menu_order":80,"comment_status":"closed","ping_status":"closed","template":"page-templates\/side-menu.php","meta":{"_bbp_topic_count":0,"_bbp_reply_count":0,"_bbp_total_topic_count":0,"_bbp_total_reply_count":0,"_bbp_voice_count":0,"_bbp_anonymous_reply_count":0,"_bbp_topic_count_hidden":0,"_bbp_reply_count_hidden":0,"_bbp_forum_subforum_count":0,"footnotes":""},"class_list":["post-810","page","type-page","status-publish","hentry"],"post_mailing_queue_ids":[],"_links":{"self":[{"href":"https:\/\/agora.xtec.cat\/iemarmediterrania\/wp-json\/wp\/v2\/pages\/810","targetHints":{"allow":["GET"]}}],"collection":[{"href":"https:\/\/agora.xtec.cat\/iemarmediterrania\/wp-json\/wp\/v2\/pages"}],"about":[{"href":"https:\/\/agora.xtec.cat\/iemarmediterrania\/wp-json\/wp\/v2\/types\/page"}],"author":[{"embeddable":true,"href":"https:\/\/agora.xtec.cat\/iemarmediterrania\/wp-json\/wp\/v2\/users\/1"}],"replies":[{"embeddable":true,"href":"https:\/\/agora.xtec.cat\/iemarmediterrania\/wp-json\/wp\/v2\/comments?post=810"}],"version-history":[{"count":3,"href":"https:\/\/agora.xtec.cat\/iemarmediterrania\/wp-json\/wp\/v2\/pages\/810\/revisions"}],"predecessor-version":[{"id":1390,"href":"https:\/\/agora.xtec.cat\/iemarmediterrania\/wp-json\/wp\/v2\/pages\/810\/revisions\/1390"}],"up":[{"embeddable":true,"href":"https:\/\/agora.xtec.cat\/iemarmediterrania\/wp-json\/wp\/v2\/pages\/22"}],"wp:attachment":[{"href":"https:\/\/agora.xtec.cat\/iemarmediterrania\/wp-json\/wp\/v2\/media?parent=810"}],"curies":[{"name":"wp","href":"https:\/\/api.w.org\/{rel}","templated":true}]}}