{"id":809,"date":"2014-09-18T12:33:11","date_gmt":"2014-09-18T11:33:11","guid":{"rendered":"http:\/\/agora.xtec.cat\/escolatomasvinas\/?page_id=36"},"modified":"2022-09-23T09:10:12","modified_gmt":"2022-09-23T07:10:12","slug":"material-escolar-2","status":"publish","type":"page","link":"https:\/\/agora.xtec.cat\/iemarmediterrania\/lescola\/material-escolar-2\/","title":{"rendered":"Secretaria"},"content":{"rendered":"<p><strong><span style=\"text-decoration: underline;\">L&#8217;horari<\/span><\/strong> d&#8217;atenci\u00f3 ser\u00e1:<\/p>\n<ul>\n<li>De dilluns a divendres de 8:30h a 12:30h i de 14:30h a 16:00h.<\/li>\n<\/ul>\n<p>A la nostra escola, la gesti\u00f3 de <strong><span style=\"text-decoration: underline;\">pagaments<\/span><\/strong> est\u00e0 centralitzada a trav\u00e9s de l&#8217;aplicaci\u00f3 <a href=\"http:\/\/tpvescola.com\"><strong>TPV<\/strong><\/a>. Cada alumne compta amb una targeta d&#8217;usuari que pot fer servir per gestionar tots els pagaments del centre: sortides, quotes, menjador, extraescolars, etc. Els pagaments es poden realitzar a trav\u00e9s de l&#8217;app de m\u00f2bil, d&#8217;Internet o de la m\u00e0quina de TPV situada al vest\u00edbul de l&#8217;escola.<\/p>\n<p><a href=\"https:\/\/agora.xtec.cat\/iemarmediterrania\/wp-content\/uploads\/usu1896\/2022\/09\/Instruccions-generals-TPVEscola.doc.pdf\">Instruccions generals TPVEscola.doc<\/a><\/p>\n<p>&nbsp;<\/p>\n","protected":false},"excerpt":{"rendered":"<p>L&#8217;horari d&#8217;atenci\u00f3 ser\u00e1:<\/p>\n<ul>\n<li>De dilluns a divendres de 8:30h a 12:30h i de 14:30h a 16:00h.<\/li>\n<\/ul>\n<p>A la nostra escola, la gesti\u00f3 de pagaments est\u00e0 centralitzada a trav\u00e9s de l&#8217;aplicaci\u00f3 <a href=\"http:\/\/tpvescola.com\">TPV<\/a>. Cada alumne compta amb una targeta d&#8217;usuari que pot fer servir per gestionar tots els&hellip;  <a href=\"https:\/\/agora.xtec.cat\/iemarmediterrania\/lescola\/material-escolar-2\/\" title=\"Read Secretaria\">Llegeix m\u00e9s\u00bb<\/a><\/p>\n","protected":false},"author":1,"featured_media":0,"parent":22,"menu_order":70,"comment_status":"closed","ping_status":"closed","template":"page-templates\/side-menu.php","meta":{"_bbp_topic_count":0,"_bbp_reply_count":0,"_bbp_total_topic_count":0,"_bbp_total_reply_count":0,"_bbp_voice_count":0,"_bbp_anonymous_reply_count":0,"_bbp_topic_count_hidden":0,"_bbp_reply_count_hidden":0,"_bbp_forum_subforum_count":0,"footnotes":""},"class_list":["post-809","page","type-page","status-publish","hentry"],"post_mailing_queue_ids":[],"_links":{"self":[{"href":"https:\/\/agora.xtec.cat\/iemarmediterrania\/wp-json\/wp\/v2\/pages\/809","targetHints":{"allow":["GET"]}}],"collection":[{"href":"https:\/\/agora.xtec.cat\/iemarmediterrania\/wp-json\/wp\/v2\/pages"}],"about":[{"href":"https:\/\/agora.xtec.cat\/iemarmediterrania\/wp-json\/wp\/v2\/types\/page"}],"author":[{"embeddable":true,"href":"https:\/\/agora.xtec.cat\/iemarmediterrania\/wp-json\/wp\/v2\/users\/1"}],"replies":[{"embeddable":true,"href":"https:\/\/agora.xtec.cat\/iemarmediterrania\/wp-json\/wp\/v2\/comments?post=809"}],"version-history":[{"count":3,"href":"https:\/\/agora.xtec.cat\/iemarmediterrania\/wp-json\/wp\/v2\/pages\/809\/revisions"}],"predecessor-version":[{"id":2345,"href":"https:\/\/agora.xtec.cat\/iemarmediterrania\/wp-json\/wp\/v2\/pages\/809\/revisions\/2345"}],"up":[{"embeddable":true,"href":"https:\/\/agora.xtec.cat\/iemarmediterrania\/wp-json\/wp\/v2\/pages\/22"}],"wp:attachment":[{"href":"https:\/\/agora.xtec.cat\/iemarmediterrania\/wp-json\/wp\/v2\/media?parent=809"}],"curies":[{"name":"wp","href":"https:\/\/api.w.org\/{rel}","templated":true}]}}