{"id":77,"date":"2014-09-18T14:05:08","date_gmt":"2014-09-18T13:05:08","guid":{"rendered":"http:\/\/agora.xtec.cat\/iemarmediterrania\/?page_id=77"},"modified":"2020-01-22T10:39:17","modified_gmt":"2020-01-22T09:39:17","slug":"acollida","status":"publish","type":"page","link":"https:\/\/agora.xtec.cat\/iemarmediterrania\/serveis\/acollida\/","title":{"rendered":"Pla d&#8217;acollida"},"content":{"rendered":"<p style=\"text-align: justify;\">Aquest Pla d&#8217;acollida vol sistematitzar tot el conjunt d&#8217;actuacions que es fan des del centre per tal de rebre\u00a0 mestres, alumnat i fam\u00edlies que s&#8217;hi incorporen per primer cop a la comunitat educativa. S&#8217;incideix especialment en aquell alumnat que, per circumst\u00e0ncies personals i\/o familiars, viuen una escolaritzaci\u00f3 diferenciada de la resta. Aquesta situaci\u00f3, m\u00e9s el desconeixement de la llengua catalana, pot crear dificultats\u00a0 en el proc\u00e9s d&#8217;adaptaci\u00f3 al nou centre. \u00c9s per aix\u00f2 que, amb aquest conjunt de mesures, s&#8217;intenta pal\u00b7liar-ne les conseq\u00fc\u00e8ncies.<\/p>\n<p style=\"text-align: justify;\">El pla s&#8217;emmarca en el desplegament del Projecte Educatiu del Centre, desenvolupant sobretot els objectius referits al tractament de la diversitat, els valors d&#8217; educaci\u00f3 intercultural i la inclusi\u00f3 de tota la comunitat educativa.<\/p>\n<p>Si voleu m\u00e9s informaci\u00f3, cliqueu en el seg\u00fcent <a href=\"https:\/\/agora.xtec.cat\/iemarmediterrania\/wp-content\/uploads\/usu1896\/2020\/01\/Pla-Acollida-IE-MAR-MEDITERR\u00c0NIA-nov-2020.docx1_.pdf\">enlla\u00e7<\/a> on trobareu desplegades les actuacions consensuades pel centre.<\/p>\n","protected":false},"excerpt":{"rendered":"<p>Aquest Pla d&#8217;acollida vol sistematitzar tot el conjunt d&#8217;actuacions que es fan des del centre per tal de rebre\u00a0 mestres, alumnat i fam\u00edlies que s&#8217;hi incorporen per primer cop a la comunitat educativa. S&#8217;incideix especialment en aquell alumnat que, per circumst\u00e0ncies personals i\/o familiars, viuen&hellip;  <a href=\"https:\/\/agora.xtec.cat\/iemarmediterrania\/serveis\/acollida\/\" title=\"Read Pla d&#8217;acollida\">Llegeix m\u00e9s\u00bb<\/a><\/p>\n","protected":false},"author":1,"featured_media":0,"parent":66,"menu_order":20,"comment_status":"closed","ping_status":"closed","template":"page-templates\/side-menu.php","meta":{"_bbp_topic_count":0,"_bbp_reply_count":0,"_bbp_total_topic_count":0,"_bbp_total_reply_count":0,"_bbp_voice_count":0,"_bbp_anonymous_reply_count":0,"_bbp_topic_count_hidden":0,"_bbp_reply_count_hidden":0,"_bbp_forum_subforum_count":0,"footnotes":""},"class_list":["post-77","page","type-page","status-publish","hentry"],"post_mailing_queue_ids":[],"_links":{"self":[{"href":"https:\/\/agora.xtec.cat\/iemarmediterrania\/wp-json\/wp\/v2\/pages\/77","targetHints":{"allow":["GET"]}}],"collection":[{"href":"https:\/\/agora.xtec.cat\/iemarmediterrania\/wp-json\/wp\/v2\/pages"}],"about":[{"href":"https:\/\/agora.xtec.cat\/iemarmediterrania\/wp-json\/wp\/v2\/types\/page"}],"author":[{"embeddable":true,"href":"https:\/\/agora.xtec.cat\/iemarmediterrania\/wp-json\/wp\/v2\/users\/1"}],"replies":[{"embeddable":true,"href":"https:\/\/agora.xtec.cat\/iemarmediterrania\/wp-json\/wp\/v2\/comments?post=77"}],"version-history":[{"count":4,"href":"https:\/\/agora.xtec.cat\/iemarmediterrania\/wp-json\/wp\/v2\/pages\/77\/revisions"}],"predecessor-version":[{"id":1358,"href":"https:\/\/agora.xtec.cat\/iemarmediterrania\/wp-json\/wp\/v2\/pages\/77\/revisions\/1358"}],"up":[{"embeddable":true,"href":"https:\/\/agora.xtec.cat\/iemarmediterrania\/wp-json\/wp\/v2\/pages\/66"}],"wp:attachment":[{"href":"https:\/\/agora.xtec.cat\/iemarmediterrania\/wp-json\/wp\/v2\/media?parent=77"}],"curies":[{"name":"wp","href":"https:\/\/api.w.org\/{rel}","templated":true}]}}