{"id":28,"date":"2014-09-18T12:29:35","date_gmt":"2014-09-18T11:29:35","guid":{"rendered":"http:\/\/agora.xtec.cat\/iemarmediterrania\/?page_id=28"},"modified":"2025-09-21T13:33:55","modified_gmt":"2025-09-21T11:33:55","slug":"consell-escolar","status":"publish","type":"page","link":"https:\/\/agora.xtec.cat\/iemarmediterrania\/lescola\/consell-escolar\/","title":{"rendered":"Consell escolar"},"content":{"rendered":"<p>El consell escolar del centre \u00e9s l&#8217;<strong>\u00f2rgan col\u00b7legiat de participaci\u00f3<\/strong>\u00a0de la comunitat escolar en el govern del centre. En el consell escolar hi ha representats tots els col\u00b7lectius que intervenen en la comunitat educativa: director o directora, professorat, alumnes, personal d&#8217;administraci\u00f3 i serveis, etc.<\/p>\n<p>En els centres p\u00fablics, la funci\u00f3 principal del consell escolar \u00e9s participar en la presa de decisions en relaci\u00f3 amb aquells temes importants per al funcionament i l&#8217;organitzaci\u00f3 del centre: el projecte educatiu, la programaci\u00f3 general, la gesti\u00f3 econ\u00f2mica, etc. En el cas dels centres privats concertats, el consell escolar debat, avalua, analitza i pren decisions sobre els temes proposats pel titular del centre.<\/p>\n<p>Els membres del consell escolar s\u00f3n elegits per un per\u00edode de quatre anys i es renoven per meitats cada dos anys.<\/p>\n<p><strong>Membres que formen el Consell Escolar de l&#8217;IE Mar Mediterr\u00e0nia:<\/strong><\/p>\n<ul>\n<li><strong>Representants de la direcci\u00f3 del centre:<\/strong><\/li>\n<\/ul>\n<p>&#8211; Presidenta: Maria Aurora Vera<\/p>\n<p>&#8211; Cap d&#8217;Estudis: Merc\u00e8 Broncano<\/p>\n<p>&#8211; Cap d&#8217;Estudis Adjunt: Marc Casta\u00f1\u00e9<\/p>\n<p>&#8211; Secretari: Xavier Lora<\/p>\n<ul>\n<li><strong>Representants del personal docent:<\/strong><\/li>\n<\/ul>\n<p>&#8211; Laura Esteve<\/p>\n<p>&#8211; Gloria Dom\u00e8nech<\/p>\n<p>&#8211; Carla Gonz\u00e0lez<\/p>\n<p>&nbsp;<\/p>\n<ul>\n<li><strong>Representants de les fam\u00edlies del centre:<\/strong><\/li>\n<\/ul>\n<p>&#8211; Khadija<\/p>\n<p>&#8211; Loubna el Meziani<\/p>\n<p>&#8211; Esteban P\u00e9rez<\/p>\n<ul>\n<li><strong>Representants de l&#8217;alumnat:<\/strong><\/li>\n<\/ul>\n<p>&#8211; Zaid Kaaouach<\/p>\n<p>&nbsp;<\/p>\n<ul>\n<li><strong>Representants de l&#8217;AMPA:<\/strong><\/li>\n<\/ul>\n<p>&#8211; Maite Villaverde<\/p>\n<ul>\n<li><strong>Representants del Personal d&#8217;Administraci\u00f3 i Servei (PAS):<\/strong><\/li>\n<\/ul>\n<p>&#8211; Juanjo Mart\u00edn<\/p>\n<ul>\n<li><strong>Representants de l&#8217;Ajuntament:<\/strong><\/li>\n<\/ul>\n<p>&#8211; Ascensi\u00f3 Yuste<\/p>\n<ul>\n<li><strong>Representants del Personal d&#8217;Atenci\u00f3 Educativa (PAE):<\/strong><\/li>\n<\/ul>\n","protected":false},"excerpt":{"rendered":"<p>El consell escolar del centre \u00e9s l&#8217;\u00f2rgan col\u00b7legiat de participaci\u00f3\u00a0de la comunitat escolar en el govern del centre. En el consell escolar hi ha representats tots els col\u00b7lectius que intervenen en la comunitat educativa: director o directora, professorat, alumnes, personal d&#8217;administraci\u00f3 i serveis, etc.<br \/>\nEn els&hellip;  <a href=\"https:\/\/agora.xtec.cat\/iemarmediterrania\/lescola\/consell-escolar\/\" title=\"Read Consell escolar\">Llegeix m\u00e9s\u00bb<\/a><\/p>\n","protected":false},"author":1,"featured_media":0,"parent":22,"menu_order":30,"comment_status":"closed","ping_status":"closed","template":"page-templates\/side-menu.php","meta":{"_bbp_topic_count":0,"_bbp_reply_count":0,"_bbp_total_topic_count":0,"_bbp_total_reply_count":0,"_bbp_voice_count":0,"_bbp_anonymous_reply_count":0,"_bbp_topic_count_hidden":0,"_bbp_reply_count_hidden":0,"_bbp_forum_subforum_count":0,"footnotes":""},"class_list":["post-28","page","type-page","status-publish","hentry"],"post_mailing_queue_ids":[],"_links":{"self":[{"href":"https:\/\/agora.xtec.cat\/iemarmediterrania\/wp-json\/wp\/v2\/pages\/28","targetHints":{"allow":["GET"]}}],"collection":[{"href":"https:\/\/agora.xtec.cat\/iemarmediterrania\/wp-json\/wp\/v2\/pages"}],"about":[{"href":"https:\/\/agora.xtec.cat\/iemarmediterrania\/wp-json\/wp\/v2\/types\/page"}],"author":[{"embeddable":true,"href":"https:\/\/agora.xtec.cat\/iemarmediterrania\/wp-json\/wp\/v2\/users\/1"}],"replies":[{"embeddable":true,"href":"https:\/\/agora.xtec.cat\/iemarmediterrania\/wp-json\/wp\/v2\/comments?post=28"}],"version-history":[{"count":4,"href":"https:\/\/agora.xtec.cat\/iemarmediterrania\/wp-json\/wp\/v2\/pages\/28\/revisions"}],"predecessor-version":[{"id":2675,"href":"https:\/\/agora.xtec.cat\/iemarmediterrania\/wp-json\/wp\/v2\/pages\/28\/revisions\/2675"}],"up":[{"embeddable":true,"href":"https:\/\/agora.xtec.cat\/iemarmediterrania\/wp-json\/wp\/v2\/pages\/22"}],"wp:attachment":[{"href":"https:\/\/agora.xtec.cat\/iemarmediterrania\/wp-json\/wp\/v2\/media?parent=28"}],"curies":[{"name":"wp","href":"https:\/\/api.w.org\/{rel}","templated":true}]}}