{"id":2520,"date":"2023-11-02T10:07:56","date_gmt":"2023-11-02T09:07:56","guid":{"rendered":"https:\/\/agora.xtec.cat\/iemarmediterrania\/?page_id=2520"},"modified":"2023-11-02T10:08:31","modified_gmt":"2023-11-02T09:08:31","slug":"dinantia","status":"publish","type":"page","link":"https:\/\/agora.xtec.cat\/iemarmediterrania\/serveis\/dinantia\/","title":{"rendered":"Dinantia"},"content":{"rendered":"<p>El centre compta amb una app de comunicaci\u00f3 amb les fam\u00edlies.<\/p>\n<p>Aquesta aplicaci\u00f3 permet una comunicaci\u00f3 bidireccional.<\/p>\n<p>A m\u00e9s a m\u00e9s, a trav\u00e9s de l&#8217;app es fa seguiment de l&#8217;alumnat i de l&#8217;assist\u00e8ncia.<\/p>\n<p>&nbsp;<\/p>\n<p><a href=\"https:\/\/agora.xtec.cat\/iemarmediterrania\/wp-content\/uploads\/usu1896\/2023\/11\/Tutorial-Dinantia-families.pdf\">Tutorial-Dinantia families<\/a><\/p>\n","protected":false},"excerpt":{"rendered":"<p>El centre compta amb una app de comunicaci\u00f3 amb les fam\u00edlies.<br \/>\nAquesta aplicaci\u00f3 permet una comunicaci\u00f3 bidireccional.<br \/>\nA m\u00e9s a m\u00e9s, a trav\u00e9s de l&#8217;app es fa seguiment de l&#8217;alumnat i de l&#8217;assist\u00e8ncia.<br \/>\n&nbsp;<br \/>\n<a href=\"https:\/\/agora.xtec.cat\/iemarmediterrania\/wp-content\/uploads\/usu1896\/2023\/11\/Tutorial-Dinantia-families.pdf\">Tutorial-Dinantia families<\/a><\/p>\n","protected":false},"author":1,"featured_media":0,"parent":66,"menu_order":0,"comment_status":"closed","ping_status":"closed","template":"","meta":{"_bbp_topic_count":0,"_bbp_reply_count":0,"_bbp_total_topic_count":0,"_bbp_total_reply_count":0,"_bbp_voice_count":0,"_bbp_anonymous_reply_count":0,"_bbp_topic_count_hidden":0,"_bbp_reply_count_hidden":0,"_bbp_forum_subforum_count":0,"footnotes":""},"class_list":["post-2520","page","type-page","status-publish","hentry"],"post_mailing_queue_ids":[],"_links":{"self":[{"href":"https:\/\/agora.xtec.cat\/iemarmediterrania\/wp-json\/wp\/v2\/pages\/2520","targetHints":{"allow":["GET"]}}],"collection":[{"href":"https:\/\/agora.xtec.cat\/iemarmediterrania\/wp-json\/wp\/v2\/pages"}],"about":[{"href":"https:\/\/agora.xtec.cat\/iemarmediterrania\/wp-json\/wp\/v2\/types\/page"}],"author":[{"embeddable":true,"href":"https:\/\/agora.xtec.cat\/iemarmediterrania\/wp-json\/wp\/v2\/users\/1"}],"replies":[{"embeddable":true,"href":"https:\/\/agora.xtec.cat\/iemarmediterrania\/wp-json\/wp\/v2\/comments?post=2520"}],"version-history":[{"count":1,"href":"https:\/\/agora.xtec.cat\/iemarmediterrania\/wp-json\/wp\/v2\/pages\/2520\/revisions"}],"predecessor-version":[{"id":2522,"href":"https:\/\/agora.xtec.cat\/iemarmediterrania\/wp-json\/wp\/v2\/pages\/2520\/revisions\/2522"}],"up":[{"embeddable":true,"href":"https:\/\/agora.xtec.cat\/iemarmediterrania\/wp-json\/wp\/v2\/pages\/66"}],"wp:attachment":[{"href":"https:\/\/agora.xtec.cat\/iemarmediterrania\/wp-json\/wp\/v2\/media?parent=2520"}],"curies":[{"name":"wp","href":"https:\/\/api.w.org\/{rel}","templated":true}]}}