{"id":22,"date":"2014-09-18T12:19:57","date_gmt":"2014-09-18T11:19:57","guid":{"rendered":"http:\/\/agora.xtec.cat\/iemarmediterrania\/?page_id=22"},"modified":"2020-01-22T12:49:20","modified_gmt":"2020-01-22T11:49:20","slug":"lescola","status":"publish","type":"page","link":"https:\/\/agora.xtec.cat\/iemarmediterrania\/lescola\/","title":{"rendered":"L&#8217;Escola"},"content":{"rendered":"<p style=\"text-align: justify;\"><em><strong>L\u2019Institut Escola Mar Mediterr\u00e0nia<\/strong><\/em> neix el curs 2018-19 a partir de l\u2019inter\u00e8s que manifesta la comunitat educativa de qu\u00e8 els alumnes de prim\u00e0ria tinguin una continu\u00eftat dels seus estudis a l\u2019ESO, i com a resposta a la necessitat del Departament per ampliar l\u2019oferta educativa de l\u2019ESO a Matar\u00f3. Tots dos interessos van confluir en un projecte \u00fanic que \u00e9s avui dia el nostre institut escola. D\u2019aquesta manera l\u2019Escola Tom\u00e0s Vi\u00f1as, creada l\u2019any 1976 arrel d\u2019una lluita dels ve\u00efns per construir una escola, es converteix en un nou centre de prim\u00e0ria i secund\u00e0ria, projecte \u00fanic i transversal en el qual treballem una mateixa metodologia i l\u00ednia d\u2019escola, des d\u2019Educaci\u00f3 Infantil fins a l\u2019ESO. El curs 2021-22 el centre tindr\u00e0 implementat tots els cursos de l\u2019ESO.<\/p>\n<p style=\"text-align: justify;\">El centre segueix els principis b\u00e0sics que es fonamenten en uns criteris amplis i democr\u00e0tics. Som un IE p\u00fablic, catal\u00e0, laic, plural, inclusiu. A m\u00e9s, com a Instituci\u00f3 al Servei P\u00fablic est\u00e0 integrat al seu entorn i treballa per incorporar activament en la vida cultural i social del barri, de la ciutat i del pa\u00eds a aquelles persones que hi formen part. Perqu\u00e8 la integraci\u00f3 es dugui a terme amb garanties, el centre segueix el programa d\u2019immersi\u00f3 ling\u00fc\u00edstica necessari en un context ple de diversitat cultural on el catal\u00e0 ser\u00e0 la llengua vehicular de l\u2019escola i tamb\u00e9 la llengua de cohesi\u00f3.<\/p>\n<p style=\"text-align: justify;\">L\u2019escola t\u00e9 un important paper social, i treballa per crear un s\u00f2lid lligam amb les fam\u00edlies; ofereix un espai de trobada i participaci\u00f3 on convergeixen cultura i aprenentatge. Volem ser un referent en el barri i una eina per als alumnes i per a les fam\u00edlies.<\/p>\n<p style=\"text-align: justify;\">L\u2019Institut Escola Mar Mediterr\u00e0nia presenta certes peculiaritats: \u00e9s un centre d\u2019agrupament de nens sords (disposa de <a href=\"http:\/\/xtec.gencat.cat\/ca\/curriculum\/diversitat-i-inclusio\/mesures-i-suports\/intensius\/sial\/\">SIAL<\/a> i compta amb el suport del <a href=\"https:\/\/serveiseducatius.xtec.cat\/creda-mvo\/\">CREDA<\/a>) \u00e9s escola mediadora\u00a0 que compta amb el suport del servei de mediaci\u00f3 de l\u2019Ajuntament de Matar\u00f3. Aix\u00f2 ens permet gestionar la resoluci\u00f3 de conflictes mitjan\u00e7ant el di\u00e0leg i la negociaci\u00f3.<\/p>\n<p style=\"text-align: justify;\">D&#8217;altra banda, es persegueix la millora cont\u00ednua de la intervenci\u00f3 educativa, entenent aquesta no nom\u00e9s com les actuacions que es realitzen a l\u2019aula, sin\u00f3 com la gesti\u00f3 de l\u2019ampli ventall de factors i condicionants que tenen a veure, directa o indirectament, amb\u00a0 els objectius que ens proposem, sobretot pel que fa a la millora dels resultats educatius i la cohesi\u00f3 social.<\/p>\n<p style=\"text-align: justify;\">La integraci\u00f3 de les diferents etapes educatives de 3 a 16 anys \u00e9s un altre els trets significatius del centre, ja que permet implantar un projecte educatiu com\u00fa que assegura una escolaritzaci\u00f3 cohesionada per a tot els infants i joves. Es tracta de sumar tots els esfor\u00e7os per oferir una continu\u00eftat educativa que ajudi a augmentar la qualitat global de l&#8217;educaci\u00f3 de l&#8217;etapa b\u00e0sica alhora que facilita l\u2019organitzaci\u00f3 d\u2019un seguit d&#8217;activitats intergeneracionals que s\u00f3n clau per al centre i per al desenvolupament de l\u2019alumnat.<\/p>\n<p style=\"text-align: justify;\">L\u2019oferta d\u2019activitats extraescolars \u00e9s tamb\u00e9 un altre element diferenciador del centre, que ens aporta un gran valor afegit i afavoreix la participaci\u00f3 tant dels infants i joves com de les seves fam\u00edlies, del nostre centre, aix\u00ed com de l\u2019entorn. Aquest tipus d\u2019activitats permeten aprendre d\u2019altres maneres, amb altres persones i amb unes pautes diferents, fet que converteix el proc\u00e9s d\u2019aprenentatge en m\u00e9s dist\u00e8s i engrescador. Aquest conjunt d\u2019activitats facilita el contacte amb noves persones de qui aprendre coses, les quals es converteixen en nous punts de refer\u00e8ncia. I per sobre de tot permeten posar de manifest nous interessos i habilitats, passar-s\u2019ho b\u00e9, relacionar-se, descobrir, con\u00e8ixer noves normes&#8230; i fer-ho en un entorn l\u00fadic \u00e9s, sens dubte, tamb\u00e9 una molt bona opci\u00f3.<\/p>\n<p style=\"text-align: justify;\">\n","protected":false},"excerpt":{"rendered":"<p>L\u2019Institut Escola Mar Mediterr\u00e0nia neix el curs 2018-19 a partir de l\u2019inter\u00e8s que manifesta la comunitat educativa de qu\u00e8 els alumnes de prim\u00e0ria tinguin una continu\u00eftat dels seus estudis a l\u2019ESO, i com a resposta a la necessitat del Departament per ampliar l\u2019oferta educativa de&hellip;  <a href=\"https:\/\/agora.xtec.cat\/iemarmediterrania\/lescola\/\" title=\"Read L&#8217;Escola\">Llegeix m\u00e9s\u00bb<\/a><\/p>\n","protected":false},"author":1,"featured_media":0,"parent":0,"menu_order":0,"comment_status":"closed","ping_status":"closed","template":"page-templates\/side-menu.php","meta":{"_bbp_topic_count":0,"_bbp_reply_count":0,"_bbp_total_topic_count":0,"_bbp_total_reply_count":0,"_bbp_voice_count":0,"_bbp_anonymous_reply_count":0,"_bbp_topic_count_hidden":0,"_bbp_reply_count_hidden":0,"_bbp_forum_subforum_count":0,"footnotes":""},"class_list":["post-22","page","type-page","status-publish","hentry"],"post_mailing_queue_ids":[],"_links":{"self":[{"href":"https:\/\/agora.xtec.cat\/iemarmediterrania\/wp-json\/wp\/v2\/pages\/22","targetHints":{"allow":["GET"]}}],"collection":[{"href":"https:\/\/agora.xtec.cat\/iemarmediterrania\/wp-json\/wp\/v2\/pages"}],"about":[{"href":"https:\/\/agora.xtec.cat\/iemarmediterrania\/wp-json\/wp\/v2\/types\/page"}],"author":[{"embeddable":true,"href":"https:\/\/agora.xtec.cat\/iemarmediterrania\/wp-json\/wp\/v2\/users\/1"}],"replies":[{"embeddable":true,"href":"https:\/\/agora.xtec.cat\/iemarmediterrania\/wp-json\/wp\/v2\/comments?post=22"}],"version-history":[{"count":4,"href":"https:\/\/agora.xtec.cat\/iemarmediterrania\/wp-json\/wp\/v2\/pages\/22\/revisions"}],"predecessor-version":[{"id":1366,"href":"https:\/\/agora.xtec.cat\/iemarmediterrania\/wp-json\/wp\/v2\/pages\/22\/revisions\/1366"}],"wp:attachment":[{"href":"https:\/\/agora.xtec.cat\/iemarmediterrania\/wp-json\/wp\/v2\/media?parent=22"}],"curies":[{"name":"wp","href":"https:\/\/api.w.org\/{rel}","templated":true}]}}