{"id":1432,"date":"2020-02-05T11:19:49","date_gmt":"2020-02-05T10:19:49","guid":{"rendered":"http:\/\/agora.xtec.cat\/iemarmediterrania\/?page_id=1432"},"modified":"2022-09-23T09:36:03","modified_gmt":"2022-09-23T07:36:03","slug":"subvencions","status":"publish","type":"page","link":"https:\/\/agora.xtec.cat\/iemarmediterrania\/subvencions\/","title":{"rendered":"SUBVENCIONS"},"content":{"rendered":"<p>&nbsp;<\/p>\n<p><img decoding=\"async\" src=\"http:\/\/insbaixemporda.cat\/wp-content\/uploads\/2021\/03\/els_3_logos_768px.jpg\" \/><\/p>\n<p>Aquest curs el nostre centre gaudeix de la subvenci\u00f3 PMOE + PROA: Pla de millora d\u2019Oportunitats Educatives + Programa de Refor\u00e7, Orientaci\u00f3 i Suport. Aquest \u00e9s un Programa finan\u00e7at pel Ministeri d\u2019Educaci\u00f3 i Formaci\u00f3 Professional i cofinan\u00e7at pel Fons Social Europeu.<\/p>\n","protected":false},"excerpt":{"rendered":"<p>&nbsp;<\/p>\n<p>Aquest curs el nostre centre gaudeix de la subvenci\u00f3 PMOE + PROA: Pla de millora d\u2019Oportunitats Educatives + Programa de Refor\u00e7, Orientaci\u00f3 i Suport. Aquest \u00e9s un Programa finan\u00e7at pel Ministeri d\u2019Educaci\u00f3 i Formaci\u00f3 Professional i cofinan\u00e7at pel Fons Social Europeu.<\/p>\n","protected":false},"author":1,"featured_media":0,"parent":0,"menu_order":0,"comment_status":"closed","ping_status":"closed","template":"","meta":{"_bbp_topic_count":0,"_bbp_reply_count":0,"_bbp_total_topic_count":0,"_bbp_total_reply_count":0,"_bbp_voice_count":0,"_bbp_anonymous_reply_count":0,"_bbp_topic_count_hidden":0,"_bbp_reply_count_hidden":0,"_bbp_forum_subforum_count":0,"footnotes":""},"class_list":["post-1432","page","type-page","status-publish","hentry"],"post_mailing_queue_ids":[],"_links":{"self":[{"href":"https:\/\/agora.xtec.cat\/iemarmediterrania\/wp-json\/wp\/v2\/pages\/1432","targetHints":{"allow":["GET"]}}],"collection":[{"href":"https:\/\/agora.xtec.cat\/iemarmediterrania\/wp-json\/wp\/v2\/pages"}],"about":[{"href":"https:\/\/agora.xtec.cat\/iemarmediterrania\/wp-json\/wp\/v2\/types\/page"}],"author":[{"embeddable":true,"href":"https:\/\/agora.xtec.cat\/iemarmediterrania\/wp-json\/wp\/v2\/users\/1"}],"replies":[{"embeddable":true,"href":"https:\/\/agora.xtec.cat\/iemarmediterrania\/wp-json\/wp\/v2\/comments?post=1432"}],"version-history":[{"count":3,"href":"https:\/\/agora.xtec.cat\/iemarmediterrania\/wp-json\/wp\/v2\/pages\/1432\/revisions"}],"predecessor-version":[{"id":2347,"href":"https:\/\/agora.xtec.cat\/iemarmediterrania\/wp-json\/wp\/v2\/pages\/1432\/revisions\/2347"}],"wp:attachment":[{"href":"https:\/\/agora.xtec.cat\/iemarmediterrania\/wp-json\/wp\/v2\/media?parent=1432"}],"curies":[{"name":"wp","href":"https:\/\/api.w.org\/{rel}","templated":true}]}}