{"id":1199,"date":"2019-11-21T09:55:31","date_gmt":"2019-11-21T08:55:31","guid":{"rendered":"http:\/\/agora.xtec.cat\/iemarmediterrania\/?page_id=1199"},"modified":"2021-11-08T12:16:32","modified_gmt":"2021-11-08T11:16:32","slug":"convenis-i-subvencions","status":"publish","type":"page","link":"https:\/\/agora.xtec.cat\/iemarmediterrania\/convenis-i-subvencions\/","title":{"rendered":"Convenis i subvencions"},"content":{"rendered":"<p>L&#8217;IE Mar Mediterr\u00e0nia t\u00e9 diferents <strong>convenis:<\/strong><\/p>\n<ul>\n<li style=\"text-align: justify;\">Dona acollida a alumnes en pr\u00e0ctiques de cicles formatius\u00a0 de diversos instituts de Matar\u00f3.<\/li>\n<li style=\"text-align: justify;\">Amb els Salesians es treballa per acollir l&#8217;alumnat de centre obert que necessita refor\u00e7 escolar.<\/li>\n<li style=\"text-align: justify;\">Amb l&#8217;Ajuntament de Matar\u00f3, dins el projecte Matar\u00f3 Educa+ que es realitza a trav\u00e9s de l&#8217;AMPA i juntament amb l&#8217;escola Josep Montserrat, s&#8217;ofereixen activitats extraescolars subvencionades dirigides als nostres alumnes i qualsevol alumne d&#8217;altres centres que vulguin inscriure&#8217;s.<\/li>\n<\/ul>\n<p style=\"text-align: justify;\">Com a centre educatiu p\u00fablic del <em>Departament d&#8217;Ensenyament<\/em>, en el marc del Programa operatiu d&#8217;ocupaci\u00f3, formaci\u00f3 i educaci\u00f3 del\u00a0fons Social\u00a0 Europeu 2014-20 i a trav\u00e9s del Ministeri d&#8217;Educaci\u00f3 i Formaci\u00f3 Professional, aquest curs hem obtinguts diverses <strong>subvencions<\/strong>:<\/p>\n<ul>\n<li>Pla de millora d&#8217;oportunitats educatives (PMOE)<\/li>\n<li>Tallers de suport i refor\u00e7 educatiu en horari extraescolars (PEE)<\/li>\n<li>Estades ling\u00fc\u00edstiques d&#8217;angl\u00e8s (POEFE)<\/li>\n<li>Tallers d&#8217;immersi\u00f3 en llengua anglesa al mes de novembre (POEFE)<\/li>\n<\/ul>\n<p>Per part del <em>Departament d&#8217;ensenyament<\/em>:<\/p>\n<ul>\n<li>Assignaci\u00f3 de llibres de text, llic\u00e8ncies digitals i material did\u00e0ctic escolar 2021.<\/li>\n<\/ul>\n<p><img loading=\"lazy\" decoding=\"async\" class=\"wp-image-2261 alignleft\" src=\"https:\/\/agora.xtec.cat\/iemarmediterrania\/wp-content\/uploads\/usu1896\/2021\/11\/ministeri.png\" alt=\"\" width=\"193\" height=\"48\" srcset=\"https:\/\/agora.xtec.cat\/iemarmediterrania\/wp-content\/uploads\/usu1896\/2021\/11\/ministeri.png 450w, https:\/\/agora.xtec.cat\/iemarmediterrania\/wp-content\/uploads\/usu1896\/2021\/11\/ministeri-300x75.png 300w\" sizes=\"auto, (max-width: 193px) 100vw, 193px\" \/> <img loading=\"lazy\" decoding=\"async\" class=\"size-full wp-image-2263 alignleft\" src=\"https:\/\/agora.xtec.cat\/iemarmediterrania\/wp-content\/uploads\/usu1896\/2021\/11\/UE.png\" alt=\"\" width=\"266\" height=\"53\" \/><\/p>\n<p>&nbsp;<\/p>\n<p>&nbsp;<\/p>\n<p>&nbsp;<\/p>\n<p><img loading=\"lazy\" decoding=\"async\" class=\"wp-image-2260 alignleft\" style=\"font-family: inherit; font-size: 1em;\" src=\"https:\/\/agora.xtec.cat\/iemarmediterrania\/wp-content\/uploads\/usu1896\/2021\/11\/deped.png\" alt=\"\" width=\"214\" height=\"36\" srcset=\"https:\/\/agora.xtec.cat\/iemarmediterrania\/wp-content\/uploads\/usu1896\/2021\/11\/deped.png 548w, https:\/\/agora.xtec.cat\/iemarmediterrania\/wp-content\/uploads\/usu1896\/2021\/11\/deped-300x50.png 300w\" sizes=\"auto, (max-width: 214px) 100vw, 214px\" \/> <span style=\"font-family: inherit; font-size: 1em;\">\u00a0<\/span><\/p>\n","protected":false},"excerpt":{"rendered":"<p>L&#8217;IE Mar Mediterr\u00e0nia t\u00e9 diferents convenis:<\/p>\n<ul>\n<li style=\"text-align: justify;\">Dona acollida a alumnes en pr\u00e0ctiques de cicles formatius\u00a0 de diversos instituts de Matar\u00f3.<\/li>\n<li style=\"text-align: justify;\">Amb els Salesians es treballa per acollir l&#8217;alumnat de centre obert que necessita refor\u00e7 escolar.<\/li>\n<li style=\"text-align: justify;\">Amb l&#8217;Ajuntament de Matar\u00f3, dins el projecte&hellip;  <a href=\"https:\/\/agora.xtec.cat\/iemarmediterrania\/convenis-i-subvencions\/\" title=\"Read Convenis i subvencions\">Llegeix m\u00e9s\u00bb<\/a><br \/>\n","protected":false},"author":1,"featured_media":0,"parent":0,"menu_order":0,"comment_status":"closed","ping_status":"closed","template":"","meta":{"_bbp_topic_count":0,"_bbp_reply_count":0,"_bbp_total_topic_count":0,"_bbp_total_reply_count":0,"_bbp_voice_count":0,"_bbp_anonymous_reply_count":0,"_bbp_topic_count_hidden":0,"_bbp_reply_count_hidden":0,"_bbp_forum_subforum_count":0,"footnotes":""},"class_list":["post-1199","page","type-page","status-publish","hentry"],"post_mailing_queue_ids":[],"_links":{"self":[{"href":"https:\/\/agora.xtec.cat\/iemarmediterrania\/wp-json\/wp\/v2\/pages\/1199","targetHints":{"allow":["GET"]}}],"collection":[{"href":"https:\/\/agora.xtec.cat\/iemarmediterrania\/wp-json\/wp\/v2\/pages"}],"about":[{"href":"https:\/\/agora.xtec.cat\/iemarmediterrania\/wp-json\/wp\/v2\/types\/page"}],"author":[{"embeddable":true,"href":"https:\/\/agora.xtec.cat\/iemarmediterrania\/wp-json\/wp\/v2\/users\/1"}],"replies":[{"embeddable":true,"href":"https:\/\/agora.xtec.cat\/iemarmediterrania\/wp-json\/wp\/v2\/comments?post=1199"}],"version-history":[{"count":3,"href":"https:\/\/agora.xtec.cat\/iemarmediterrania\/wp-json\/wp\/v2\/pages\/1199\/revisions"}],"predecessor-version":[{"id":2264,"href":"https:\/\/agora.xtec.cat\/iemarmediterrania\/wp-json\/wp\/v2\/pages\/1199\/revisions\/2264"}],"wp:attachment":[{"href":"https:\/\/agora.xtec.cat\/iemarmediterrania\/wp-json\/wp\/v2\/media?parent=1199"}],"curies":[{"name":"wp","href":"https:\/\/api.w.org\/{rel}","templated":true}]}}