{"id":1079,"date":"2019-02-26T14:10:31","date_gmt":"2019-02-26T13:10:31","guid":{"rendered":"http:\/\/agora.xtec.cat\/iemarmediterrania\/?page_id=1079"},"modified":"2019-02-26T14:10:31","modified_gmt":"2019-02-26T13:10:31","slug":"pla-dacollida","status":"publish","type":"page","link":"https:\/\/agora.xtec.cat\/iemarmediterrania\/projecte-educatiu\/pla-dacollida\/","title":{"rendered":"PLA D&#8217;ACOLLIDA"},"content":{"rendered":"<p><span style=\"color: #0000ff;\">El pla d&#8217;acollida est\u00e0 en proc\u00e9s de revisi\u00f3.<\/span><\/p>\n","protected":false},"excerpt":{"rendered":"<p>El pla d&#8217;acollida est\u00e0 en proc\u00e9s de revisi\u00f3.<\/p>\n","protected":false},"author":1,"featured_media":0,"parent":64,"menu_order":0,"comment_status":"closed","ping_status":"closed","template":"","meta":{"_bbp_topic_count":0,"_bbp_reply_count":0,"_bbp_total_topic_count":0,"_bbp_total_reply_count":0,"_bbp_voice_count":0,"_bbp_anonymous_reply_count":0,"_bbp_topic_count_hidden":0,"_bbp_reply_count_hidden":0,"_bbp_forum_subforum_count":0,"footnotes":""},"class_list":["post-1079","page","type-page","status-publish","hentry"],"post_mailing_queue_ids":[],"_links":{"self":[{"href":"https:\/\/agora.xtec.cat\/iemarmediterrania\/wp-json\/wp\/v2\/pages\/1079","targetHints":{"allow":["GET"]}}],"collection":[{"href":"https:\/\/agora.xtec.cat\/iemarmediterrania\/wp-json\/wp\/v2\/pages"}],"about":[{"href":"https:\/\/agora.xtec.cat\/iemarmediterrania\/wp-json\/wp\/v2\/types\/page"}],"author":[{"embeddable":true,"href":"https:\/\/agora.xtec.cat\/iemarmediterrania\/wp-json\/wp\/v2\/users\/1"}],"replies":[{"embeddable":true,"href":"https:\/\/agora.xtec.cat\/iemarmediterrania\/wp-json\/wp\/v2\/comments?post=1079"}],"version-history":[{"count":1,"href":"https:\/\/agora.xtec.cat\/iemarmediterrania\/wp-json\/wp\/v2\/pages\/1079\/revisions"}],"predecessor-version":[{"id":1080,"href":"https:\/\/agora.xtec.cat\/iemarmediterrania\/wp-json\/wp\/v2\/pages\/1079\/revisions\/1080"}],"up":[{"embeddable":true,"href":"https:\/\/agora.xtec.cat\/iemarmediterrania\/wp-json\/wp\/v2\/pages\/64"}],"wp:attachment":[{"href":"https:\/\/agora.xtec.cat\/iemarmediterrania\/wp-json\/wp\/v2\/media?parent=1079"}],"curies":[{"name":"wp","href":"https:\/\/api.w.org\/{rel}","templated":true}]}}