{"id":1075,"date":"2019-02-26T14:04:57","date_gmt":"2019-02-26T13:04:57","guid":{"rendered":"http:\/\/agora.xtec.cat\/iemarmediterrania\/?page_id=1075"},"modified":"2022-06-03T19:47:41","modified_gmt":"2022-06-03T17:47:41","slug":"projecte-linguistic","status":"publish","type":"page","link":"https:\/\/agora.xtec.cat\/iemarmediterrania\/projecte-educatiu\/projecte-linguistic\/","title":{"rendered":"PROJECTE LING\u00dc\u00cdSTIC"},"content":{"rendered":"<h3><span style=\"color: #008080;\"><strong>Projecte Ling\u00fc\u00edstic del Centre (PLC)<\/strong><\/span><\/h3>\n<p>El projecte ling\u00fc\u00edstic \u00e9s el document que recull els aspectes relatius a l&#8217;ensenyament i a l&#8217;\u00fas de les lleng\u00fces en el nostre centre.<\/p>\n<p>En aquest document queden definits el tractament de la llengua catalana com a llengua vehicular i d&#8217;aprenentatge, el proc\u00e9s d&#8217;ensenyament i aprenentatge de la llengua castellana, i les nostres opcions amb refer\u00e8ncia a les lleng\u00fces estrangeres i els criteris generals per a les adequacions de les lleng\u00fces a la realitat socioling\u00fc\u00edstica del nostre centre.<\/p>\n<p>Els centres elaborem el projecte ling\u00fc\u00edstic, que forma part del nostre projecte educatiu de centre.<\/p>\n<p>El Projecte Ling\u00fc\u00edstic del Centre IE Mar Mediterr\u00e0nia ha estat elaborat i aprovat el 25 de mar\u00e7 del 2019.<\/p>\n<p><strong>Actualment est\u00e0 en proc\u00e9s de revisi\u00f3. Properament penjarem la versi\u00f3 actualitzada.<\/strong><\/p>\n<p><a href=\"https:\/\/agora.xtec.cat\/iemarmediterrania\/wp-content\/uploads\/usu1896\/2019\/03\/PROJECTE-LING\u00dc\u00cdSTIC-DE-CENTRE-IE-MAR-MEDITERR\u00c0NIA.pdf\">PROJECTE LING\u00dc\u00cdSTIC DE CENTRE IE MAR MEDITERR\u00c0NIA<\/a><\/p>\n","protected":false},"excerpt":{"rendered":"<p>Projecte Ling\u00fc\u00edstic del Centre (PLC)<br \/>\nEl projecte ling\u00fc\u00edstic \u00e9s el document que recull els aspectes relatius a l&#8217;ensenyament i a l&#8217;\u00fas de les lleng\u00fces en el nostre centre.<br \/>\nEn aquest document queden definits el tractament de la llengua catalana com a llengua vehicular i d&#8217;aprenentatge, el proc\u00e9s&hellip;  <a href=\"https:\/\/agora.xtec.cat\/iemarmediterrania\/projecte-educatiu\/projecte-linguistic\/\" title=\"Read PROJECTE LING\u00dc\u00cdSTIC\">Llegeix m\u00e9s\u00bb<\/a><\/p>\n","protected":false},"author":1,"featured_media":0,"parent":64,"menu_order":0,"comment_status":"closed","ping_status":"closed","template":"","meta":{"_bbp_topic_count":0,"_bbp_reply_count":0,"_bbp_total_topic_count":0,"_bbp_total_reply_count":0,"_bbp_voice_count":0,"_bbp_anonymous_reply_count":0,"_bbp_topic_count_hidden":0,"_bbp_reply_count_hidden":0,"_bbp_forum_subforum_count":0,"footnotes":""},"class_list":["post-1075","page","type-page","status-publish","hentry"],"post_mailing_queue_ids":[],"_links":{"self":[{"href":"https:\/\/agora.xtec.cat\/iemarmediterrania\/wp-json\/wp\/v2\/pages\/1075","targetHints":{"allow":["GET"]}}],"collection":[{"href":"https:\/\/agora.xtec.cat\/iemarmediterrania\/wp-json\/wp\/v2\/pages"}],"about":[{"href":"https:\/\/agora.xtec.cat\/iemarmediterrania\/wp-json\/wp\/v2\/types\/page"}],"author":[{"embeddable":true,"href":"https:\/\/agora.xtec.cat\/iemarmediterrania\/wp-json\/wp\/v2\/users\/1"}],"replies":[{"embeddable":true,"href":"https:\/\/agora.xtec.cat\/iemarmediterrania\/wp-json\/wp\/v2\/comments?post=1075"}],"version-history":[{"count":3,"href":"https:\/\/agora.xtec.cat\/iemarmediterrania\/wp-json\/wp\/v2\/pages\/1075\/revisions"}],"predecessor-version":[{"id":2309,"href":"https:\/\/agora.xtec.cat\/iemarmediterrania\/wp-json\/wp\/v2\/pages\/1075\/revisions\/2309"}],"up":[{"embeddable":true,"href":"https:\/\/agora.xtec.cat\/iemarmediterrania\/wp-json\/wp\/v2\/pages\/64"}],"wp:attachment":[{"href":"https:\/\/agora.xtec.cat\/iemarmediterrania\/wp-json\/wp\/v2\/media?parent=1075"}],"curies":[{"name":"wp","href":"https:\/\/api.w.org\/{rel}","templated":true}]}}